{"id":128,"date":"2018-12-28T04:54:32","date_gmt":"2018-12-28T04:54:32","guid":{"rendered":"https:\/\/websitedemos.net\/motivational-speaker-02\/?page_id=128"},"modified":"2019-10-12T14:52:06","modified_gmt":"2019-10-12T13:52:06","slug":"blogs","status":"publish","type":"page","link":"https:\/\/reiki53.fr\/accueil-reiki\/blogs\/","title":{"rendered":"Blogs"},"content":{"rendered":"\n<section class=\"wp-block-uagb-section uagb-section__wrap uagb-section__background-image\" id=\"uagb-section-7b505f12-23a8-43d0-b123-d8dc0663ccb3\"><div class=\"uagb-section__overlay\"><\/div><div class=\"uagb-section__inner-wrap\">\n<div class=\"wp-block-uagb-advanced-heading\" id=\"uagb-adv-heading-eb597908-fcc2-496a-a218-3cad88ab017e\"><h1 class=\"uagb-heading-text\">Blog<\/h1><div class=\"uagb-separator-wrap\"><div class=\"uagb-separator\"><\/div><\/div><p class=\"uagb-desc-text\"><\/p><\/div>\n<\/div><\/section>\n\n\n\n<section class=\"wp-block-uagb-section uagb-section__wrap uagb-section__background-undefined\" id=\"uagb-section-0c609343-dba9-4706-8fc8-f727204e57f9\"><div class=\"uagb-section__overlay\"><\/div><div class=\"uagb-section__inner-wrap\">\n\t\t\t<div class=\"wp-block-uagb-post-grid uagb-post-grid  uagb-post__image-position-top uagb-post__image-enabled uagb-block-eb43449c-9e30-4dcc-aadb-ab5feb4b9d04     uagb-post__items uagb-post__columns-3 is-grid uagb-post__columns-tablet-2 uagb-post__columns-mobile-1 uagb-post__equal-height\" data-total=\"8\" style=\"\">\n\n\t\t\t\t\t\t\t\t\t\t\t\t<article class=\"uagb-post__inner-wrap\">\t\t\t\t\t\t\t\t<h4 class=\"uagb-post__title uagb-post__text\">\n\t\t\t\t<a href=\"https:\/\/reiki53.fr\/accueil-reiki\/liberation-des-memoires-de-lignees-et-karmiques\/\" target=\"_self\" rel=\"bookmark noopener noreferrer\">Lib\u00e9ration des m\u00e9moires de lign\u00e9es et karmiques<\/a>\n\t\t\t<\/h4>\n\t\t\t\t\t\t<div class='uagb-post__text uagb-post-grid-byline'>\n\t\t\t\t\t\t\t\t<time datetime=\"2025-12-07T16:01:45+01:00\" class=\"uagb-post__date\">\n\t\t\t\t<span class=\"dashicons-calendar dashicons\"><\/span>\t\t\t\t\t7 d\u00e9cembre 2025\t\t\t\t<\/time>\n\t\t\t\t\t\t<\/div>\n\t\t\t\t\t\t\t<div class='uagb-post__text uagb-post__excerpt'>\n\t\t\t\t\t<p>Lib\u00e9ration des m\u00e9moires de lign\u00e9es et karmiques Un travail \u00e9nerg\u00e9tique pour&#8230;\t\t\t\t<\/div>\n\t\t\t\t\t\t<div class=\"uagb-post__text uagb-post__cta wp-block-button\">\n\t\t\t\t<a class=\"wp-block-button__link uagb-text-link\" style=\"\" href=\"https:\/\/reiki53.fr\/accueil-reiki\/liberation-des-memoires-de-lignees-et-karmiques\/\" target=\"_self\" rel=\"bookmark noopener noreferrer\">Lire la suite<\/a>\n\t\t\t<\/div>\n\t\t\t\n\t\t\t\t\t\t\t\t\t<\/article>\n\t\t\t\t\t\t\t\t\t\t\t\t\t\t\t\t<article class=\"uagb-post__inner-wrap\">\t\t\t\t\t\t\t\t<h4 class=\"uagb-post__title uagb-post__text\">\n\t\t\t\t<a href=\"https:\/\/reiki53.fr\/accueil-reiki\/reiki-et-lachochi\/\" target=\"_self\" rel=\"bookmark noopener noreferrer\">Reiki &#038; Lahochi<\/a>\n\t\t\t<\/h4>\n\t\t\t\t\t\t<div class='uagb-post__text uagb-post-grid-byline'>\n\t\t\t\t\t\t\t\t<time datetime=\"2025-12-06T00:00:37+01:00\" class=\"uagb-post__date\">\n\t\t\t\t<span class=\"dashicons-calendar dashicons\"><\/span>\t\t\t\t\t6 d\u00e9cembre 2025\t\t\t\t<\/time>\n\t\t\t\t\t\t<\/div>\n\t\t\t\t\t\t\t<div class='uagb-post__text uagb-post__excerpt'>\n\t\t\t\t\t<p>Reiki et Lahochi \u2013 Deux approches compl\u00e9mentaires pour l\u2019harmonisation \u00e9nerg\u00e9tique Le&#8230;\t\t\t\t<\/div>\n\t\t\t\t\t\t<div class=\"uagb-post__text uagb-post__cta wp-block-button\">\n\t\t\t\t<a class=\"wp-block-button__link uagb-text-link\" style=\"\" href=\"https:\/\/reiki53.fr\/accueil-reiki\/reiki-et-lachochi\/\" target=\"_self\" rel=\"bookmark noopener noreferrer\">Lire la suite<\/a>\n\t\t\t<\/div>\n\t\t\t\n\t\t\t\t\t\t\t\t\t<\/article>\n\t\t\t\t\t\t\t\t\t\t\t\t\t\t\t\t<article class=\"uagb-post__inner-wrap\">\t\t\t\t\t\t\t\t<h4 class=\"uagb-post__title uagb-post__text\">\n\t\t\t\t<a href=\"https:\/\/reiki53.fr\/accueil-reiki\/bracelet-chemin-de-vie\/\" target=\"_self\" rel=\"bookmark noopener noreferrer\">Bracelet Chemin de Vie<\/a>\n\t\t\t<\/h4>\n\t\t\t\t\t\t<div class='uagb-post__text uagb-post-grid-byline'>\n\t\t\t\t\t\t\t\t<time datetime=\"2025-02-21T16:42:23+01:00\" class=\"uagb-post__date\">\n\t\t\t\t<span class=\"dashicons-calendar dashicons\"><\/span>\t\t\t\t\t21 f\u00e9vrier 2025\t\t\t\t<\/time>\n\t\t\t\t\t\t<\/div>\n\t\t\t\t\t\t\t<div class='uagb-post__text uagb-post__excerpt'>\n\t\t\t\t\t<p>LE CHEMIN DE VIE Les pierres du chemin de vie en&#8230;\t\t\t\t<\/div>\n\t\t\t\t\t\t<div class=\"uagb-post__text uagb-post__cta wp-block-button\">\n\t\t\t\t<a class=\"wp-block-button__link uagb-text-link\" style=\"\" href=\"https:\/\/reiki53.fr\/accueil-reiki\/bracelet-chemin-de-vie\/\" target=\"_self\" rel=\"bookmark noopener noreferrer\">Lire la suite<\/a>\n\t\t\t<\/div>\n\t\t\t\n\t\t\t\t\t\t\t\t\t<\/article>\n\t\t\t\t\t\t\t\t\t\t\t<\/div>\n\t\t\t<\/div><\/section>\n\n\n\n<section class=\"wp-block-uagb-section uagb-section__wrap uagb-section__background-color\" id=\"uagb-section-d665db60-b2b1-4bf2-9857-605c36fc6f8e\"><div class=\"uagb-section__overlay\"><\/div><div class=\"uagb-section__inner-wrap\">\n<div class=\"wp-block-uagb-advanced-heading\" id=\"uagb-adv-heading-d772d48b-226d-4f31-9f7c-08347e06000e\"><h2 class=\"uagb-heading-text\">Popular Blogs<\/h2><div class=\"uagb-separator-wrap\"><div class=\"uagb-separator\"><\/div><\/div><p class=\"uagb-desc-text\"><\/p><\/div>\n\n\n\n\t\t\t<div class=\"wp-block-uagb-post-grid uagb-post-grid  uagb-post__image-position-top uagb-post__image-enabled uagb-block-4b03cf80-8e72-4f13-ab1a-322b25a5aed6     uagb-post__items uagb-post__columns-2 is-grid uagb-post__columns-tablet-2 uagb-post__columns-mobile-1 uagb-post__equal-height\" data-total=\"12\" style=\"\">\n\n\t\t\t\t\t\t\t\t\t\t\t\t<article class=\"uagb-post__inner-wrap\">\t\t\t\t\t\t\t\t<h4 class=\"uagb-post__title uagb-post__text\">\n\t\t\t\t<a href=\"https:\/\/reiki53.fr\/accueil-reiki\/liberation-des-memoires-de-lignees-et-karmiques\/\" target=\"_self\" rel=\"bookmark noopener noreferrer\">Lib\u00e9ration des m\u00e9moires de lign\u00e9es et karmiques<\/a>\n\t\t\t<\/h4>\n\t\t\t\t\t\t<div class='uagb-post__text uagb-post-grid-byline'>\n\t\t\t\t\t\t\t\t<time datetime=\"2025-12-07T16:01:45+01:00\" class=\"uagb-post__date\">\n\t\t\t\t<span class=\"dashicons-calendar dashicons\"><\/span>\t\t\t\t\t7 d\u00e9cembre 2025\t\t\t\t<\/time>\n\t\t\t\t\t\t<\/div>\n\t\t\t\t\t\t\t<div class='uagb-post__text uagb-post__excerpt'>\n\t\t\t\t\t<p>Lib\u00e9ration des m\u00e9moires de lign\u00e9es et karmiques Un travail \u00e9nerg\u00e9tique pour apaiser les empreintes anciennes&#8230;\t\t\t\t<\/div>\n\t\t\t\t\t\t<div class=\"uagb-post__text uagb-post__cta wp-block-button\">\n\t\t\t\t<a class=\"wp-block-button__link uagb-text-link\" style=\"\" href=\"https:\/\/reiki53.fr\/accueil-reiki\/liberation-des-memoires-de-lignees-et-karmiques\/\" target=\"_self\" rel=\"bookmark noopener noreferrer\">Lire la suite<\/a>\n\t\t\t<\/div>\n\t\t\t\n\t\t\t\t\t\t\t\t\t<\/article>\n\t\t\t\t\t\t\t\t\t\t\t\t\t\t\t\t<article class=\"uagb-post__inner-wrap\">\t\t\t\t\t\t\t\t<h4 class=\"uagb-post__title uagb-post__text\">\n\t\t\t\t<a href=\"https:\/\/reiki53.fr\/accueil-reiki\/reiki-et-lachochi\/\" target=\"_self\" rel=\"bookmark noopener noreferrer\">Reiki &#038; Lahochi<\/a>\n\t\t\t<\/h4>\n\t\t\t\t\t\t<div class='uagb-post__text uagb-post-grid-byline'>\n\t\t\t\t\t\t\t\t<time datetime=\"2025-12-06T00:00:37+01:00\" class=\"uagb-post__date\">\n\t\t\t\t<span class=\"dashicons-calendar dashicons\"><\/span>\t\t\t\t\t6 d\u00e9cembre 2025\t\t\t\t<\/time>\n\t\t\t\t\t\t<\/div>\n\t\t\t\t\t\t\t<div class='uagb-post__text uagb-post__excerpt'>\n\t\t\t\t\t<p>Reiki et Lahochi \u2013 Deux approches compl\u00e9mentaires pour l\u2019harmonisation \u00e9nerg\u00e9tique Le Reiki et le Lahochi&#8230;\t\t\t\t<\/div>\n\t\t\t\t\t\t<div class=\"uagb-post__text uagb-post__cta wp-block-button\">\n\t\t\t\t<a class=\"wp-block-button__link uagb-text-link\" style=\"\" href=\"https:\/\/reiki53.fr\/accueil-reiki\/reiki-et-lachochi\/\" target=\"_self\" rel=\"bookmark noopener noreferrer\">Lire la suite<\/a>\n\t\t\t<\/div>\n\t\t\t\n\t\t\t\t\t\t\t\t\t<\/article>\n\t\t\t\t\t\t\t\t\t\t\t<\/div>\n\t\t\t<\/div><\/section>\n\n\n\n<section class=\"wp-block-uagb-section uagb-section__wrap uagb-section__background-color\" id=\"uagb-section-f83a27c2-4b11-44bf-a395-f82f923e2e53\"><div class=\"uagb-section__overlay\"><\/div><div class=\"uagb-section__inner-wrap\">\n<div class=\"uagb-infobox__outer-wrap\" id=\"uagb-infobox-3e011efa-3ad2-4586-9898-1f469b50d85e\"><div class=\"uagb-infobox__content-wrap uagb-infobox uagb-infobox-has-icon uagb-infobox-icon-above-title uagb-infobox-image-valign-top uagb-infobox-enable-border-radius \"><div class=\"uagb-ifb-left-right-wrap\"><div class=\"uagb-ifb-content\"><div class=\"uagb-ifb-title-wrap\"><span class=\"uagb-ifb-title-prefix\">Prefix<\/span><h2 class=\"uagb-ifb-title\"> <br>Let me help you overshoot your goals in <br>the right ways. <\/h2><\/div><div class=\"uagb-ifb-text-wrap\"><p class=\"uagb-ifb-desc\">Click here to change this text. Lorem ipsum dolor sit amet, consectetur adipiscing elit. Ut elit tellus, luctus nec ullamcorper mattis, pulvinar dapibus leo.<\/p><div class=\"uagb-ifb-cta uagb-infobox-cta-link-style\"><div class=\"uagb-ifb-button-wrapper\"><a href=\"#\" class=\"uagb-infobox-cta-link uagb-ifb-cta-button\" target=\"_self\" rel=\"noopener noreferrer\"><span class=\"uagb-ifb-cta-content-wrapper\"><span class=\"uagb-inline-editing \">Start Now<\/span><\/span><\/a><\/div><\/div><\/div><\/div><\/div><\/div><\/div>\n<\/div><\/section>\n","protected":false},"excerpt":{"rendered":"","protected":false},"author":1,"featured_media":0,"parent":0,"menu_order":0,"comment_status":"closed","ping_status":"closed","template":"","meta":{"_uag_custom_page_level_css":"","site-sidebar-layout":"no-sidebar","site-content-layout":"page-builder","ast-site-content-layout":"default","site-content-style":"default","site-sidebar-style":"default","ast-global-header-display":"","ast-banner-title-visibility":"","ast-main-header-display":"","ast-hfb-above-header-display":"","ast-hfb-below-header-display":"","ast-hfb-mobile-header-display":"","site-post-title":"disabled","ast-breadcrumbs-content":"","ast-featured-img":"","footer-sml-layout":"","theme-transparent-header-meta":"default","adv-header-id-meta":"","stick-header-meta":"","header-above-stick-meta":"","header-main-stick-meta":"","header-below-stick-meta":"","astra-migrate-meta-layouts":"default","ast-page-background-enabled":"default","ast-page-background-meta":{"desktop":{"background-color":"var(--ast-global-color-4)","background-image":"","background-repeat":"repeat","background-position":"center center","background-size":"auto","background-attachment":"scroll","background-type":"","background-media":"","overlay-type":"","overlay-color":"","overlay-opacity":"","overlay-gradient":""},"tablet":{"background-color":"","background-image":"","background-repeat":"repeat","background-position":"center center","background-size":"auto","background-attachment":"scroll","background-type":"","background-media":"","overlay-type":"","overlay-color":"","overlay-opacity":"","overlay-gradient":""},"mobile":{"background-color":"","background-image":"","background-repeat":"repeat","background-position":"center center","background-size":"auto","background-attachment":"scroll","background-type":"","background-media":"","overlay-type":"","overlay-color":"","overlay-opacity":"","overlay-gradient":""}},"ast-content-background-meta":{"desktop":{"background-color":"var(--ast-global-color-5)","background-image":"","background-repeat":"repeat","background-position":"center center","background-size":"auto","background-attachment":"scroll","background-type":"","background-media":"","overlay-type":"","overlay-color":"","overlay-opacity":"","overlay-gradient":""},"tablet":{"background-color":"var(--ast-global-color-5)","background-image":"","background-repeat":"repeat","background-position":"center center","background-size":"auto","background-attachment":"scroll","background-type":"","background-media":"","overlay-type":"","overlay-color":"","overlay-opacity":"","overlay-gradient":""},"mobile":{"background-color":"var(--ast-global-color-5)","background-image":"","background-repeat":"repeat","background-position":"center center","background-size":"auto","background-attachment":"scroll","background-type":"","background-media":"","overlay-type":"","overlay-color":"","overlay-opacity":"","overlay-gradient":""}},"footnotes":""},"class_list":["post-128","page","type-page","status-publish","hentry"],"yoast_head":"<!-- This site is optimized with the Yoast SEO plugin v27.4 - https:\/\/yoast.com\/product\/yoast-seo-wordpress\/ -->\n<title>Blogs - Claudine LENAIN - AGAPANTHE MIN\u00c9RAUX<\/title>\n<meta name=\"robots\" content=\"index, follow, max-snippet:-1, max-image-preview:large, max-video-preview:-1\" \/>\n<link rel=\"canonical\" href=\"https:\/\/reiki53.fr\/accueil-reiki\/blogs\/\" \/>\n<meta property=\"og:locale\" content=\"fr_FR\" \/>\n<meta property=\"og:type\" content=\"article\" \/>\n<meta property=\"og:title\" content=\"Blogs - Claudine LENAIN - AGAPANTHE MIN\u00c9RAUX\" \/>\n<meta property=\"og:url\" content=\"https:\/\/reiki53.fr\/accueil-reiki\/blogs\/\" \/>\n<meta property=\"og:site_name\" content=\"Claudine LENAIN - AGAPANTHE MIN\u00c9RAUX\" \/>\n<meta property=\"article:publisher\" content=\"https:\/\/www.facebook.com\/Reiki53\/\" \/>\n<meta property=\"article:modified_time\" content=\"2019-10-12T13:52:06+00:00\" \/>\n<meta name=\"twitter:card\" content=\"summary_large_image\" \/>\n<script type=\"application\/ld+json\" class=\"yoast-schema-graph\">{\"@context\":\"https:\\\/\\\/schema.org\",\"@graph\":[{\"@type\":\"WebPage\",\"@id\":\"https:\\\/\\\/reiki53.fr\\\/accueil-reiki\\\/blogs\\\/\",\"url\":\"https:\\\/\\\/reiki53.fr\\\/accueil-reiki\\\/blogs\\\/\",\"name\":\"Blogs - Claudine LENAIN - AGAPANTHE MIN\u00c9RAUX\",\"isPartOf\":{\"@id\":\"https:\\\/\\\/reiki53.fr\\\/accueil-reiki\\\/#website\"},\"datePublished\":\"2018-12-28T04:54:32+00:00\",\"dateModified\":\"2019-10-12T13:52:06+00:00\",\"breadcrumb\":{\"@id\":\"https:\\\/\\\/reiki53.fr\\\/accueil-reiki\\\/blogs\\\/#breadcrumb\"},\"inLanguage\":\"fr-FR\",\"potentialAction\":[{\"@type\":\"ReadAction\",\"target\":[\"https:\\\/\\\/reiki53.fr\\\/accueil-reiki\\\/blogs\\\/\"]}]},{\"@type\":\"BreadcrumbList\",\"@id\":\"https:\\\/\\\/reiki53.fr\\\/accueil-reiki\\\/blogs\\\/#breadcrumb\",\"itemListElement\":[{\"@type\":\"ListItem\",\"position\":1,\"name\":\"Accueil\",\"item\":\"https:\\\/\\\/reiki53.fr\\\/accueil-reiki\\\/\"},{\"@type\":\"ListItem\",\"position\":2,\"name\":\"Blogs\"}]},{\"@type\":\"WebSite\",\"@id\":\"https:\\\/\\\/reiki53.fr\\\/accueil-reiki\\\/#website\",\"url\":\"https:\\\/\\\/reiki53.fr\\\/accueil-reiki\\\/\",\"name\":\"Claudine LENAIN - AGAPANTHE MIN\u00c9RAUX\",\"description\":\"Min\u00e9raux - soins &amp; formations\",\"publisher\":{\"@id\":\"https:\\\/\\\/reiki53.fr\\\/accueil-reiki\\\/#organization\"},\"potentialAction\":[{\"@type\":\"SearchAction\",\"target\":{\"@type\":\"EntryPoint\",\"urlTemplate\":\"https:\\\/\\\/reiki53.fr\\\/accueil-reiki\\\/?s={search_term_string}\"},\"query-input\":{\"@type\":\"PropertyValueSpecification\",\"valueRequired\":true,\"valueName\":\"search_term_string\"}}],\"inLanguage\":\"fr-FR\"},{\"@type\":\"Organization\",\"@id\":\"https:\\\/\\\/reiki53.fr\\\/accueil-reiki\\\/#organization\",\"name\":\"Claudine LENAIN - AGAPANTHE MIN\u00c9RAUX\",\"url\":\"https:\\\/\\\/reiki53.fr\\\/accueil-reiki\\\/\",\"logo\":{\"@type\":\"ImageObject\",\"inLanguage\":\"fr-FR\",\"@id\":\"https:\\\/\\\/reiki53.fr\\\/accueil-reiki\\\/#\\\/schema\\\/logo\\\/image\\\/\",\"url\":\"\",\"contentUrl\":\"\",\"caption\":\"Claudine LENAIN   - AGAPANTHE MIN\u00c9RAUX\"},\"image\":{\"@id\":\"https:\\\/\\\/reiki53.fr\\\/accueil-reiki\\\/#\\\/schema\\\/logo\\\/image\\\/\"},\"sameAs\":[\"https:\\\/\\\/www.facebook.com\\\/Reiki53\\\/\"]}]}<\/script>\n<!-- \/ Yoast SEO plugin. -->","yoast_head_json":{"title":"Blogs - Claudine LENAIN - AGAPANTHE MIN\u00c9RAUX","robots":{"index":"index","follow":"follow","max-snippet":"max-snippet:-1","max-image-preview":"max-image-preview:large","max-video-preview":"max-video-preview:-1"},"canonical":"https:\/\/reiki53.fr\/accueil-reiki\/blogs\/","og_locale":"fr_FR","og_type":"article","og_title":"Blogs - Claudine LENAIN - AGAPANTHE MIN\u00c9RAUX","og_url":"https:\/\/reiki53.fr\/accueil-reiki\/blogs\/","og_site_name":"Claudine LENAIN - AGAPANTHE MIN\u00c9RAUX","article_publisher":"https:\/\/www.facebook.com\/Reiki53\/","article_modified_time":"2019-10-12T13:52:06+00:00","twitter_card":"summary_large_image","schema":{"@context":"https:\/\/schema.org","@graph":[{"@type":"WebPage","@id":"https:\/\/reiki53.fr\/accueil-reiki\/blogs\/","url":"https:\/\/reiki53.fr\/accueil-reiki\/blogs\/","name":"Blogs - Claudine LENAIN - AGAPANTHE MIN\u00c9RAUX","isPartOf":{"@id":"https:\/\/reiki53.fr\/accueil-reiki\/#website"},"datePublished":"2018-12-28T04:54:32+00:00","dateModified":"2019-10-12T13:52:06+00:00","breadcrumb":{"@id":"https:\/\/reiki53.fr\/accueil-reiki\/blogs\/#breadcrumb"},"inLanguage":"fr-FR","potentialAction":[{"@type":"ReadAction","target":["https:\/\/reiki53.fr\/accueil-reiki\/blogs\/"]}]},{"@type":"BreadcrumbList","@id":"https:\/\/reiki53.fr\/accueil-reiki\/blogs\/#breadcrumb","itemListElement":[{"@type":"ListItem","position":1,"name":"Accueil","item":"https:\/\/reiki53.fr\/accueil-reiki\/"},{"@type":"ListItem","position":2,"name":"Blogs"}]},{"@type":"WebSite","@id":"https:\/\/reiki53.fr\/accueil-reiki\/#website","url":"https:\/\/reiki53.fr\/accueil-reiki\/","name":"Claudine LENAIN - AGAPANTHE MIN\u00c9RAUX","description":"Min\u00e9raux - soins &amp; formations","publisher":{"@id":"https:\/\/reiki53.fr\/accueil-reiki\/#organization"},"potentialAction":[{"@type":"SearchAction","target":{"@type":"EntryPoint","urlTemplate":"https:\/\/reiki53.fr\/accueil-reiki\/?s={search_term_string}"},"query-input":{"@type":"PropertyValueSpecification","valueRequired":true,"valueName":"search_term_string"}}],"inLanguage":"fr-FR"},{"@type":"Organization","@id":"https:\/\/reiki53.fr\/accueil-reiki\/#organization","name":"Claudine LENAIN - AGAPANTHE MIN\u00c9RAUX","url":"https:\/\/reiki53.fr\/accueil-reiki\/","logo":{"@type":"ImageObject","inLanguage":"fr-FR","@id":"https:\/\/reiki53.fr\/accueil-reiki\/#\/schema\/logo\/image\/","url":"","contentUrl":"","caption":"Claudine LENAIN   - AGAPANTHE MIN\u00c9RAUX"},"image":{"@id":"https:\/\/reiki53.fr\/accueil-reiki\/#\/schema\/logo\/image\/"},"sameAs":["https:\/\/www.facebook.com\/Reiki53\/"]}]}},"uagb_featured_image_src":{"full":false,"thumbnail":false,"medium":false,"medium_large":false,"large":false,"wysija-newsletters-max":false,"1536x1536":false,"2048x2048":false},"uagb_author_info":{"display_name":"Clau","author_link":"https:\/\/reiki53.fr\/accueil-reiki\/author\/admin7863\/"},"uagb_comment_info":0,"uagb_excerpt":null,"jetpack_sharing_enabled":true,"jetpack_shortlink":"https:\/\/wp.me\/P7ztby-24","_links":{"self":[{"href":"https:\/\/reiki53.fr\/accueil-reiki\/wp-json\/wp\/v2\/pages\/128","targetHints":{"allow":["GET"]}}],"collection":[{"href":"https:\/\/reiki53.fr\/accueil-reiki\/wp-json\/wp\/v2\/pages"}],"about":[{"href":"https:\/\/reiki53.fr\/accueil-reiki\/wp-json\/wp\/v2\/types\/page"}],"author":[{"embeddable":true,"href":"https:\/\/reiki53.fr\/accueil-reiki\/wp-json\/wp\/v2\/users\/1"}],"replies":[{"embeddable":true,"href":"https:\/\/reiki53.fr\/accueil-reiki\/wp-json\/wp\/v2\/comments?post=128"}],"version-history":[{"count":1,"href":"https:\/\/reiki53.fr\/accueil-reiki\/wp-json\/wp\/v2\/pages\/128\/revisions"}],"predecessor-version":[{"id":2631,"href":"https:\/\/reiki53.fr\/accueil-reiki\/wp-json\/wp\/v2\/pages\/128\/revisions\/2631"}],"wp:attachment":[{"href":"https:\/\/reiki53.fr\/accueil-reiki\/wp-json\/wp\/v2\/media?parent=128"}],"curies":[{"name":"wp","href":"https:\/\/api.w.org\/{rel}","templated":true}]}}