{"id":4370,"date":"2022-11-18T13:59:10","date_gmt":"2022-11-18T12:59:10","guid":{"rendered":"https:\/\/reiki53.fr\/accueil-reiki\/?page_id=4370"},"modified":"2022-12-22T11:36:01","modified_gmt":"2022-12-22T10:36:01","slug":"harmonisation-energetique-r-e-s-e-t","status":"publish","type":"page","link":"https:\/\/reiki53.fr\/accueil-reiki\/harmonisation-energetique-r-e-s-e-t\/","title":{"rendered":"Harmonisation \u00e9nerg\u00e9tique R.E.S.E.T."},"content":{"rendered":"<p>L&rsquo;harmonisation \u00e9nerg\u00e9tique R.E.S.E.T. est une technique \u00e9nerg\u00e9tique de<\/p>\n<ul>\n<li>Lib\u00e9ration des m\u00e9moires par toucher cr\u00e2nien<\/li>\n<li>Et de mise \u00e0 jour du mental et des plans \u00e9nerg\u00e9tiques<\/li>\n<\/ul>\n<p>L\u2019harmonisation R.E.S.E.T. permet comme un RESET (dans un ordinateur) de<\/p>\n<ul>\n<li><strong>R<\/strong>estaurer Reprogrammer R\u00e9initialiser<\/li>\n<li><strong>E<\/strong>ffacer \u00c9changer \u00c9voluer \u00c9nergiser<\/li>\n<li><strong>S<\/strong>canner Soutenir Stopper Soulager<\/li>\n<li><strong>E<\/strong>x\u00e9cuter \u00c9panouir<\/li>\n<li><strong>T<\/strong>oucher Transmettre Transmuter Transposer<\/li>\n<\/ul>\n<p>au travers\u00a0 d&rsquo;un toucher \u00e9nerg\u00e9tique cr\u00e2nien associ\u00e9 \u00e0 une connexion mentale pour harmoniser l\u2019\u00eatre dans sa globalit\u00e9.<\/p>\n<p>C\u2019est une technique de bien-\u00eatre et d\u2019auto-gu\u00e9rison suggestive, d\u2019harmonisation \u00e9nerg\u00e9tique sur tous les plans et dans tous les corps du plus dense au plus subtil, m\u00eame si les mains restent uniquement au niveau de la t\u00eate.<\/p>\n<p style=\"text-align: center;\"><strong><span style=\"color: #0000ff;\"><em>Un gu\u00e9risseur ne gu\u00e9rit pas<\/em><\/span><\/strong><br \/>\n<strong><span style=\"color: #0000ff;\"><em>il ouvre des espaces de gu\u00e9rison en l\u2019autre personne<\/em><\/span><\/strong><br \/>\n<strong><span style=\"color: #0000ff;\"><em>La posture du th\u00e9rapeute est d\u2019ouvrir son c\u0153ur<\/em><\/span><\/strong><br \/>\n<strong><span style=\"color: #0000ff;\"><em>\u00eatre dans l\u2019amour inconditionnel<\/em><\/span><\/strong><br \/>\n<strong><span style=\"color: #0000ff;\"><em>les mains agissent d\u2019elles-m\u00eames<\/em><\/span><\/strong><br \/>\n<strong><span style=\"color: #0000ff;\"><em>trouvent les points utiles<\/em><\/span><\/strong><br \/>\n<strong><span style=\"color: #0000ff;\"><em>les commandes faites aupr\u00e8s de la Source la plus lumineuse<\/em><\/span><\/strong><br \/>\n<strong><span style=\"color: #0000ff;\"><em>dans la gratitude.<\/em><\/span><\/strong><\/p>\n<p>&nbsp;<\/p>\n<p>La s\u00e9ance d\u00e9marre par un \u00e9change verbal, permettant d&rsquo;ores et d\u00e9j\u00e0 de d\u00e9poser les premi\u00e8res \u00ab\u00a0valises\u00a0\u00bb encombrant l&rsquo;esprit, de mettre \u00e0 jour ce que vous souhaitez l\u00e2cher au cours de la s\u00e9ance.<\/p>\n<p>S&rsquo;en suit la s\u00e9ance en elle-m\u00eame, habill\u00e9 et recouvert d&rsquo;un plaid vous entrez en d\u00e9tente sur la table de soin \u00e9nerg\u00e9tique. La s\u00e9ance d\u00e9marre par une relaxation \u00e0 haute voix, avant de vous relaxer profond\u00e9ment recentr\u00e9 sur votre c\u0153ur.<\/p>\n<p>Pendant 3\/4 d&rsquo;heures environ, mes mains sont pos\u00e9s sur votre cr\u00e2ne pour acc\u00e9der \u00e0 diff\u00e9rents points \u00e9nerg\u00e9tiques, qui outre les bienfaits physiques, vont permettre de lib\u00e9rer \u00e9galement, sur le plan mental, les projections, conditionnements, croyances, sch\u00e9mas r\u00e9p\u00e9titifs, qui sont autant de blocages pour avancer pleinement dans votre vie actuelle. La plupart du temps, ils ne vous sont pas utiles puisque, appartenant au pass\u00e9, vous ne pouvez pas changer le cours de l&rsquo;histoire ; par contre, libre \u00e0 vous, de les d\u00e9sactiver, de les d\u00e9programmer, de les archiver et de les remplacer par une mise \u00e0 jour de paix, de calme, de confiance en soi, de s\u00e9r\u00e9nit\u00e9 dans votre ADN au c\u0153ur de vos cellules.<\/p>\n<p>Cette s\u00e9ance comprend toujours une harmonisation \u00e9nerg\u00e9tique (harmonie des chakras, des m\u00e9ridiens, ancrage, centrage) indissociable d&rsquo;une s\u00e9ance \u00e9nerg\u00e9tique quelle quelle soit.<\/p>\n<p><img decoding=\"async\" data-attachment-id=\"4371\" data-permalink=\"https:\/\/reiki53.fr\/accueil-reiki\/harmonisation-energetique-r-e-s-e-t\/infinity\/\" data-orig-file=\"https:\/\/reiki53.fr\/wp-content\/uploads\/2022\/11\/infinity.png\" data-orig-size=\"1280,640\" data-comments-opened=\"0\" data-image-meta=\"{&quot;aperture&quot;:&quot;0&quot;,&quot;credit&quot;:&quot;&quot;,&quot;camera&quot;:&quot;&quot;,&quot;caption&quot;:&quot;&quot;,&quot;created_timestamp&quot;:&quot;0&quot;,&quot;copyright&quot;:&quot;&quot;,&quot;focal_length&quot;:&quot;0&quot;,&quot;iso&quot;:&quot;0&quot;,&quot;shutter_speed&quot;:&quot;0&quot;,&quot;title&quot;:&quot;&quot;,&quot;orientation&quot;:&quot;0&quot;}\" data-image-title=\"infinity\" data-image-description=\"\" data-image-caption=\"\" data-large-file=\"https:\/\/reiki53.fr\/wp-content\/uploads\/2022\/11\/infinity-1024x512.png\" class=\"aligncenter size-medium wp-image-4371\" src=\"https:\/\/reiki53.fr\/wp-content\/uploads\/2022\/11\/infinity-300x150.png\" alt=\"\" width=\"300\" height=\"150\" srcset=\"https:\/\/reiki53.fr\/wp-content\/uploads\/2022\/11\/infinity-300x150.png 300w, https:\/\/reiki53.fr\/wp-content\/uploads\/2022\/11\/infinity-1024x512.png 1024w, https:\/\/reiki53.fr\/wp-content\/uploads\/2022\/11\/infinity-768x384.png 768w, https:\/\/reiki53.fr\/wp-content\/uploads\/2022\/11\/infinity-600x300.png 600w, https:\/\/reiki53.fr\/wp-content\/uploads\/2022\/11\/infinity.png 1280w\" sizes=\"(max-width: 300px) 100vw, 300px\" \/><\/p>\n","protected":false},"excerpt":{"rendered":"<p>L&rsquo;harmonisation \u00e9nerg\u00e9tique R.E.S.E.T. est une technique \u00e9nerg\u00e9tique de Lib\u00e9ration des m\u00e9moires par toucher cr\u00e2nien Et de mise \u00e0 jour du mental et des plans \u00e9nerg\u00e9tiques L\u2019harmonisation R.E.S.E.T. permet comme un RESET (dans un ordinateur) de Restaurer Reprogrammer R\u00e9initialiser Effacer \u00c9changer \u00c9voluer \u00c9nergiser Scanner Soutenir Stopper Soulager Ex\u00e9cuter \u00c9panouir Toucher Transmettre Transmuter Transposer au travers\u00a0 d&rsquo;un [&hellip;]<\/p>\n","protected":false},"author":1,"featured_media":0,"parent":0,"menu_order":0,"comment_status":"closed","ping_status":"closed","template":"","meta":{"_uag_custom_page_level_css":"","site-sidebar-layout":"default","site-content-layout":"","ast-site-content-layout":"default","site-content-style":"default","site-sidebar-style":"default","ast-global-header-display":"","ast-banner-title-visibility":"","ast-main-header-display":"","ast-hfb-above-header-display":"","ast-hfb-below-header-display":"","ast-hfb-mobile-header-display":"","site-post-title":"","ast-breadcrumbs-content":"","ast-featured-img":"","footer-sml-layout":"","theme-transparent-header-meta":"","adv-header-id-meta":"","stick-header-meta":"","header-above-stick-meta":"","header-main-stick-meta":"","header-below-stick-meta":"","astra-migrate-meta-layouts":"default","ast-page-background-enabled":"default","ast-page-background-meta":{"desktop":{"background-color":"var(--ast-global-color-4)","background-image":"","background-repeat":"repeat","background-position":"center center","background-size":"auto","background-attachment":"scroll","background-type":"","background-media":"","overlay-type":"","overlay-color":"","overlay-opacity":"","overlay-gradient":""},"tablet":{"background-color":"","background-image":"","background-repeat":"repeat","background-position":"center center","background-size":"auto","background-attachment":"scroll","background-type":"","background-media":"","overlay-type":"","overlay-color":"","overlay-opacity":"","overlay-gradient":""},"mobile":{"background-color":"","background-image":"","background-repeat":"repeat","background-position":"center center","background-size":"auto","background-attachment":"scroll","background-type":"","background-media":"","overlay-type":"","overlay-color":"","overlay-opacity":"","overlay-gradient":""}},"ast-content-background-meta":{"desktop":{"background-color":"var(--ast-global-color-5)","background-image":"","background-repeat":"repeat","background-position":"center center","background-size":"auto","background-attachment":"scroll","background-type":"","background-media":"","overlay-type":"","overlay-color":"","overlay-opacity":"","overlay-gradient":""},"tablet":{"background-color":"var(--ast-global-color-5)","background-image":"","background-repeat":"repeat","background-position":"center center","background-size":"auto","background-attachment":"scroll","background-type":"","background-media":"","overlay-type":"","overlay-color":"","overlay-opacity":"","overlay-gradient":""},"mobile":{"background-color":"var(--ast-global-color-5)","background-image":"","background-repeat":"repeat","background-position":"center center","background-size":"auto","background-attachment":"scroll","background-type":"","background-media":"","overlay-type":"","overlay-color":"","overlay-opacity":"","overlay-gradient":""}},"footnotes":""},"class_list":["post-4370","page","type-page","status-publish","hentry"],"yoast_head":"<!-- This site is optimized with the Yoast SEO plugin v27.4 - https:\/\/yoast.com\/product\/yoast-seo-wordpress\/ -->\n<title>Harmonisation \u00e9nerg\u00e9tique R.E.S.E.T. - Claudine LENAIN - AGAPANTHE MIN\u00c9RAUX<\/title>\n<meta name=\"description\" content=\"L&#039;harmonisation \u00e9nerg\u00e9tique R.E.S.E.T. est une technique \u00e9nerg\u00e9tique de lib\u00e9ration des m\u00e9moires par toucher cr\u00e2nien et mise \u00e0 jour du mental.\" \/>\n<meta name=\"robots\" content=\"index, follow, max-snippet:-1, max-image-preview:large, max-video-preview:-1\" \/>\n<link rel=\"canonical\" href=\"https:\/\/reiki53.fr\/accueil-reiki\/harmonisation-energetique-r-e-s-e-t\/\" \/>\n<meta property=\"og:locale\" content=\"fr_FR\" \/>\n<meta property=\"og:type\" content=\"article\" \/>\n<meta property=\"og:title\" content=\"Harmonisation \u00e9nerg\u00e9tique R.E.S.E.T. - Claudine LENAIN - AGAPANTHE MIN\u00c9RAUX\" \/>\n<meta property=\"og:description\" content=\"L&#039;harmonisation \u00e9nerg\u00e9tique R.E.S.E.T. est une technique \u00e9nerg\u00e9tique de lib\u00e9ration des m\u00e9moires par toucher cr\u00e2nien et mise \u00e0 jour du mental.\" \/>\n<meta property=\"og:url\" content=\"https:\/\/reiki53.fr\/accueil-reiki\/harmonisation-energetique-r-e-s-e-t\/\" \/>\n<meta property=\"og:site_name\" content=\"Claudine LENAIN - AGAPANTHE MIN\u00c9RAUX\" \/>\n<meta property=\"article:publisher\" content=\"https:\/\/www.facebook.com\/Reiki53\/\" \/>\n<meta property=\"article:modified_time\" content=\"2022-12-22T10:36:01+00:00\" \/>\n<meta property=\"og:image\" content=\"https:\/\/reiki53.fr\/wp-content\/uploads\/2022\/11\/infinity-300x150.png\" \/>\n<meta name=\"twitter:card\" content=\"summary_large_image\" \/>\n<meta name=\"twitter:label1\" content=\"Dur\u00e9e de lecture estim\u00e9e\" \/>\n\t<meta name=\"twitter:data1\" content=\"3 minutes\" \/>\n<script type=\"application\/ld+json\" class=\"yoast-schema-graph\">{\"@context\":\"https:\\\/\\\/schema.org\",\"@graph\":[{\"@type\":\"WebPage\",\"@id\":\"https:\\\/\\\/reiki53.fr\\\/accueil-reiki\\\/harmonisation-energetique-r-e-s-e-t\\\/\",\"url\":\"https:\\\/\\\/reiki53.fr\\\/accueil-reiki\\\/harmonisation-energetique-r-e-s-e-t\\\/\",\"name\":\"Harmonisation \u00e9nerg\u00e9tique R.E.S.E.T. - Claudine LENAIN - AGAPANTHE MIN\u00c9RAUX\",\"isPartOf\":{\"@id\":\"https:\\\/\\\/reiki53.fr\\\/accueil-reiki\\\/#website\"},\"primaryImageOfPage\":{\"@id\":\"https:\\\/\\\/reiki53.fr\\\/accueil-reiki\\\/harmonisation-energetique-r-e-s-e-t\\\/#primaryimage\"},\"image\":{\"@id\":\"https:\\\/\\\/reiki53.fr\\\/accueil-reiki\\\/harmonisation-energetique-r-e-s-e-t\\\/#primaryimage\"},\"thumbnailUrl\":\"https:\\\/\\\/reiki53.fr\\\/wp-content\\\/uploads\\\/2022\\\/11\\\/infinity-300x150.png\",\"datePublished\":\"2022-11-18T12:59:10+00:00\",\"dateModified\":\"2022-12-22T10:36:01+00:00\",\"description\":\"L'harmonisation \u00e9nerg\u00e9tique R.E.S.E.T. est une technique \u00e9nerg\u00e9tique de lib\u00e9ration des m\u00e9moires par toucher cr\u00e2nien et mise \u00e0 jour du mental.\",\"breadcrumb\":{\"@id\":\"https:\\\/\\\/reiki53.fr\\\/accueil-reiki\\\/harmonisation-energetique-r-e-s-e-t\\\/#breadcrumb\"},\"inLanguage\":\"fr-FR\",\"potentialAction\":[{\"@type\":\"ReadAction\",\"target\":[\"https:\\\/\\\/reiki53.fr\\\/accueil-reiki\\\/harmonisation-energetique-r-e-s-e-t\\\/\"]}]},{\"@type\":\"ImageObject\",\"inLanguage\":\"fr-FR\",\"@id\":\"https:\\\/\\\/reiki53.fr\\\/accueil-reiki\\\/harmonisation-energetique-r-e-s-e-t\\\/#primaryimage\",\"url\":\"https:\\\/\\\/reiki53.fr\\\/wp-content\\\/uploads\\\/2022\\\/11\\\/infinity-300x150.png\",\"contentUrl\":\"https:\\\/\\\/reiki53.fr\\\/wp-content\\\/uploads\\\/2022\\\/11\\\/infinity-300x150.png\"},{\"@type\":\"BreadcrumbList\",\"@id\":\"https:\\\/\\\/reiki53.fr\\\/accueil-reiki\\\/harmonisation-energetique-r-e-s-e-t\\\/#breadcrumb\",\"itemListElement\":[{\"@type\":\"ListItem\",\"position\":1,\"name\":\"Accueil\",\"item\":\"https:\\\/\\\/reiki53.fr\\\/accueil-reiki\\\/\"},{\"@type\":\"ListItem\",\"position\":2,\"name\":\"Harmonisation \u00e9nerg\u00e9tique R.E.S.E.T.\"}]},{\"@type\":\"WebSite\",\"@id\":\"https:\\\/\\\/reiki53.fr\\\/accueil-reiki\\\/#website\",\"url\":\"https:\\\/\\\/reiki53.fr\\\/accueil-reiki\\\/\",\"name\":\"Claudine LENAIN - AGAPANTHE MIN\u00c9RAUX\",\"description\":\"Min\u00e9raux - soins &amp; formations\",\"publisher\":{\"@id\":\"https:\\\/\\\/reiki53.fr\\\/accueil-reiki\\\/#organization\"},\"potentialAction\":[{\"@type\":\"SearchAction\",\"target\":{\"@type\":\"EntryPoint\",\"urlTemplate\":\"https:\\\/\\\/reiki53.fr\\\/accueil-reiki\\\/?s={search_term_string}\"},\"query-input\":{\"@type\":\"PropertyValueSpecification\",\"valueRequired\":true,\"valueName\":\"search_term_string\"}}],\"inLanguage\":\"fr-FR\"},{\"@type\":\"Organization\",\"@id\":\"https:\\\/\\\/reiki53.fr\\\/accueil-reiki\\\/#organization\",\"name\":\"Claudine LENAIN - AGAPANTHE MIN\u00c9RAUX\",\"url\":\"https:\\\/\\\/reiki53.fr\\\/accueil-reiki\\\/\",\"logo\":{\"@type\":\"ImageObject\",\"inLanguage\":\"fr-FR\",\"@id\":\"https:\\\/\\\/reiki53.fr\\\/accueil-reiki\\\/#\\\/schema\\\/logo\\\/image\\\/\",\"url\":\"\",\"contentUrl\":\"\",\"caption\":\"Claudine LENAIN   - AGAPANTHE MIN\u00c9RAUX\"},\"image\":{\"@id\":\"https:\\\/\\\/reiki53.fr\\\/accueil-reiki\\\/#\\\/schema\\\/logo\\\/image\\\/\"},\"sameAs\":[\"https:\\\/\\\/www.facebook.com\\\/Reiki53\\\/\"]}]}<\/script>\n<!-- \/ Yoast SEO plugin. -->","yoast_head_json":{"title":"Harmonisation \u00e9nerg\u00e9tique R.E.S.E.T. - Claudine LENAIN - AGAPANTHE MIN\u00c9RAUX","description":"L'harmonisation \u00e9nerg\u00e9tique R.E.S.E.T. est une technique \u00e9nerg\u00e9tique de lib\u00e9ration des m\u00e9moires par toucher cr\u00e2nien et mise \u00e0 jour du mental.","robots":{"index":"index","follow":"follow","max-snippet":"max-snippet:-1","max-image-preview":"max-image-preview:large","max-video-preview":"max-video-preview:-1"},"canonical":"https:\/\/reiki53.fr\/accueil-reiki\/harmonisation-energetique-r-e-s-e-t\/","og_locale":"fr_FR","og_type":"article","og_title":"Harmonisation \u00e9nerg\u00e9tique R.E.S.E.T. - Claudine LENAIN - AGAPANTHE MIN\u00c9RAUX","og_description":"L'harmonisation \u00e9nerg\u00e9tique R.E.S.E.T. est une technique \u00e9nerg\u00e9tique de lib\u00e9ration des m\u00e9moires par toucher cr\u00e2nien et mise \u00e0 jour du mental.","og_url":"https:\/\/reiki53.fr\/accueil-reiki\/harmonisation-energetique-r-e-s-e-t\/","og_site_name":"Claudine LENAIN - AGAPANTHE MIN\u00c9RAUX","article_publisher":"https:\/\/www.facebook.com\/Reiki53\/","article_modified_time":"2022-12-22T10:36:01+00:00","og_image":[{"url":"https:\/\/reiki53.fr\/wp-content\/uploads\/2022\/11\/infinity-300x150.png","type":"","width":"","height":""}],"twitter_card":"summary_large_image","twitter_misc":{"Dur\u00e9e de lecture estim\u00e9e":"3 minutes"},"schema":{"@context":"https:\/\/schema.org","@graph":[{"@type":"WebPage","@id":"https:\/\/reiki53.fr\/accueil-reiki\/harmonisation-energetique-r-e-s-e-t\/","url":"https:\/\/reiki53.fr\/accueil-reiki\/harmonisation-energetique-r-e-s-e-t\/","name":"Harmonisation \u00e9nerg\u00e9tique R.E.S.E.T. - Claudine LENAIN - AGAPANTHE MIN\u00c9RAUX","isPartOf":{"@id":"https:\/\/reiki53.fr\/accueil-reiki\/#website"},"primaryImageOfPage":{"@id":"https:\/\/reiki53.fr\/accueil-reiki\/harmonisation-energetique-r-e-s-e-t\/#primaryimage"},"image":{"@id":"https:\/\/reiki53.fr\/accueil-reiki\/harmonisation-energetique-r-e-s-e-t\/#primaryimage"},"thumbnailUrl":"https:\/\/reiki53.fr\/wp-content\/uploads\/2022\/11\/infinity-300x150.png","datePublished":"2022-11-18T12:59:10+00:00","dateModified":"2022-12-22T10:36:01+00:00","description":"L'harmonisation \u00e9nerg\u00e9tique R.E.S.E.T. est une technique \u00e9nerg\u00e9tique de lib\u00e9ration des m\u00e9moires par toucher cr\u00e2nien et mise \u00e0 jour du mental.","breadcrumb":{"@id":"https:\/\/reiki53.fr\/accueil-reiki\/harmonisation-energetique-r-e-s-e-t\/#breadcrumb"},"inLanguage":"fr-FR","potentialAction":[{"@type":"ReadAction","target":["https:\/\/reiki53.fr\/accueil-reiki\/harmonisation-energetique-r-e-s-e-t\/"]}]},{"@type":"ImageObject","inLanguage":"fr-FR","@id":"https:\/\/reiki53.fr\/accueil-reiki\/harmonisation-energetique-r-e-s-e-t\/#primaryimage","url":"https:\/\/reiki53.fr\/wp-content\/uploads\/2022\/11\/infinity-300x150.png","contentUrl":"https:\/\/reiki53.fr\/wp-content\/uploads\/2022\/11\/infinity-300x150.png"},{"@type":"BreadcrumbList","@id":"https:\/\/reiki53.fr\/accueil-reiki\/harmonisation-energetique-r-e-s-e-t\/#breadcrumb","itemListElement":[{"@type":"ListItem","position":1,"name":"Accueil","item":"https:\/\/reiki53.fr\/accueil-reiki\/"},{"@type":"ListItem","position":2,"name":"Harmonisation \u00e9nerg\u00e9tique R.E.S.E.T."}]},{"@type":"WebSite","@id":"https:\/\/reiki53.fr\/accueil-reiki\/#website","url":"https:\/\/reiki53.fr\/accueil-reiki\/","name":"Claudine LENAIN - AGAPANTHE MIN\u00c9RAUX","description":"Min\u00e9raux - soins &amp; formations","publisher":{"@id":"https:\/\/reiki53.fr\/accueil-reiki\/#organization"},"potentialAction":[{"@type":"SearchAction","target":{"@type":"EntryPoint","urlTemplate":"https:\/\/reiki53.fr\/accueil-reiki\/?s={search_term_string}"},"query-input":{"@type":"PropertyValueSpecification","valueRequired":true,"valueName":"search_term_string"}}],"inLanguage":"fr-FR"},{"@type":"Organization","@id":"https:\/\/reiki53.fr\/accueil-reiki\/#organization","name":"Claudine LENAIN - AGAPANTHE MIN\u00c9RAUX","url":"https:\/\/reiki53.fr\/accueil-reiki\/","logo":{"@type":"ImageObject","inLanguage":"fr-FR","@id":"https:\/\/reiki53.fr\/accueil-reiki\/#\/schema\/logo\/image\/","url":"","contentUrl":"","caption":"Claudine LENAIN   - AGAPANTHE MIN\u00c9RAUX"},"image":{"@id":"https:\/\/reiki53.fr\/accueil-reiki\/#\/schema\/logo\/image\/"},"sameAs":["https:\/\/www.facebook.com\/Reiki53\/"]}]}},"uagb_featured_image_src":{"full":false,"thumbnail":false,"medium":false,"medium_large":false,"large":false,"wysija-newsletters-max":false,"1536x1536":false,"2048x2048":false},"uagb_author_info":{"display_name":"Clau","author_link":"https:\/\/reiki53.fr\/accueil-reiki\/author\/admin7863\/"},"uagb_comment_info":0,"uagb_excerpt":"L&rsquo;harmonisation \u00e9nerg\u00e9tique R.E.S.E.T. est une technique \u00e9nerg\u00e9tique de Lib\u00e9ration des m\u00e9moires par toucher cr\u00e2nien Et de mise \u00e0 jour du mental et des plans \u00e9nerg\u00e9tiques L\u2019harmonisation R.E.S.E.T. permet comme un RESET (dans un ordinateur) de Restaurer Reprogrammer R\u00e9initialiser Effacer \u00c9changer \u00c9voluer \u00c9nergiser Scanner Soutenir Stopper Soulager Ex\u00e9cuter \u00c9panouir Toucher Transmettre Transmuter Transposer au travers\u00a0 d&rsquo;un\u2026","jetpack_sharing_enabled":true,"jetpack_shortlink":"https:\/\/wp.me\/P7ztby-18u","_links":{"self":[{"href":"https:\/\/reiki53.fr\/accueil-reiki\/wp-json\/wp\/v2\/pages\/4370","targetHints":{"allow":["GET"]}}],"collection":[{"href":"https:\/\/reiki53.fr\/accueil-reiki\/wp-json\/wp\/v2\/pages"}],"about":[{"href":"https:\/\/reiki53.fr\/accueil-reiki\/wp-json\/wp\/v2\/types\/page"}],"author":[{"embeddable":true,"href":"https:\/\/reiki53.fr\/accueil-reiki\/wp-json\/wp\/v2\/users\/1"}],"replies":[{"embeddable":true,"href":"https:\/\/reiki53.fr\/accueil-reiki\/wp-json\/wp\/v2\/comments?post=4370"}],"version-history":[{"count":1,"href":"https:\/\/reiki53.fr\/accueil-reiki\/wp-json\/wp\/v2\/pages\/4370\/revisions"}],"predecessor-version":[{"id":4373,"href":"https:\/\/reiki53.fr\/accueil-reiki\/wp-json\/wp\/v2\/pages\/4370\/revisions\/4373"}],"wp:attachment":[{"href":"https:\/\/reiki53.fr\/accueil-reiki\/wp-json\/wp\/v2\/media?parent=4370"}],"curies":[{"name":"wp","href":"https:\/\/api.w.org\/{rel}","templated":true}]}}