{"id":345,"date":"2020-04-18T10:44:08","date_gmt":"2020-04-18T08:44:08","guid":{"rendered":"https:\/\/reiki53.fr\/mineraux\/?page_id=345"},"modified":"2020-04-18T10:48:50","modified_gmt":"2020-04-18T08:48:50","slug":"formulaire-de-contact","status":"publish","type":"page","link":"https:\/\/reiki53.fr\/mineraux\/formulaire-de-contact\/","title":{"rendered":"formulaire de contact"},"content":{"rendered":"\n<p>Je suis \u00e0 votre \u00e9coute pour toute question et y r\u00e9pondrai dans les meilleurs d\u00e9lais. Laissez-moi votre message ci-dessous :<\/p>\n\n\n<div class=\"wp-block-jetpack-contact-form\"><a href=\"https:\/\/reiki53.fr\/mineraux\/formulaire-de-contact\/\" target=\"_blank\" rel=\"noopener noreferrer\">Soumettre un formulaire.<\/a><\/div>","protected":false},"excerpt":{"rendered":"<p>Je suis \u00e0 votre \u00e9coute pour toute question et y r\u00e9pondrai dans les meilleurs d\u00e9lais. Laissez-moi votre message ci-dessous :<\/p>\n","protected":false},"author":1,"featured_media":0,"parent":0,"menu_order":0,"comment_status":"closed","ping_status":"closed","template":"","meta":{"footnotes":""},"class_list":["post-345","page","type-page","status-publish","hentry"],"yoast_head":"<!-- This site is optimized with the Yoast SEO plugin v26.5 - https:\/\/yoast.com\/wordpress\/plugins\/seo\/ -->\n<title>formulaire de contact - AGAPANTHE MIN\u00c9RAUX<\/title>\n<meta name=\"description\" content=\"Agapanthe min\u00e9raux est \u00e0 votre \u00e9coute, contactez-moi \u00e0 agapanthe.laval@gmail.com, je vous r\u00e9pondrai dans les meilleurs d\u00e9lais.\" \/>\n<meta name=\"robots\" content=\"index, follow, max-snippet:-1, max-image-preview:large, max-video-preview:-1\" \/>\n<link rel=\"canonical\" href=\"https:\/\/reiki53.fr\/mineraux\/formulaire-de-contact\/\" \/>\n<meta property=\"og:locale\" content=\"fr_FR\" \/>\n<meta property=\"og:type\" content=\"article\" \/>\n<meta property=\"og:title\" content=\"formulaire de contact - AGAPANTHE MIN\u00c9RAUX\" \/>\n<meta property=\"og:description\" content=\"Agapanthe min\u00e9raux est \u00e0 votre \u00e9coute, contactez-moi \u00e0 agapanthe.laval@gmail.com, je vous r\u00e9pondrai dans les meilleurs d\u00e9lais.\" \/>\n<meta property=\"og:url\" content=\"https:\/\/reiki53.fr\/mineraux\/formulaire-de-contact\/\" \/>\n<meta property=\"og:site_name\" content=\"AGAPANTHE MIN\u00c9RAUX\" \/>\n<meta property=\"article:modified_time\" content=\"2020-04-18T08:48:50+00:00\" \/>\n<meta name=\"twitter:card\" content=\"summary_large_image\" \/>\n<script type=\"application\/ld+json\" class=\"yoast-schema-graph\">{\"@context\":\"https:\/\/schema.org\",\"@graph\":[{\"@type\":\"WebPage\",\"@id\":\"https:\/\/reiki53.fr\/mineraux\/formulaire-de-contact\/\",\"url\":\"https:\/\/reiki53.fr\/mineraux\/formulaire-de-contact\/\",\"name\":\"formulaire de contact - AGAPANTHE MIN\u00c9RAUX\",\"isPartOf\":{\"@id\":\"https:\/\/reiki53.fr\/mineraux\/#website\"},\"datePublished\":\"2020-04-18T08:44:08+00:00\",\"dateModified\":\"2020-04-18T08:48:50+00:00\",\"description\":\"Agapanthe min\u00e9raux est \u00e0 votre \u00e9coute, contactez-moi \u00e0 agapanthe.laval@gmail.com, je vous r\u00e9pondrai dans les meilleurs d\u00e9lais.\",\"breadcrumb\":{\"@id\":\"https:\/\/reiki53.fr\/mineraux\/formulaire-de-contact\/#breadcrumb\"},\"inLanguage\":\"fr-FR\",\"potentialAction\":[{\"@type\":\"ReadAction\",\"target\":[\"https:\/\/reiki53.fr\/mineraux\/formulaire-de-contact\/\"]}]},{\"@type\":\"BreadcrumbList\",\"@id\":\"https:\/\/reiki53.fr\/mineraux\/formulaire-de-contact\/#breadcrumb\",\"itemListElement\":[{\"@type\":\"ListItem\",\"position\":1,\"name\":\"Accueil\",\"item\":\"https:\/\/reiki53.fr\/mineraux\/\"},{\"@type\":\"ListItem\",\"position\":2,\"name\":\"formulaire de contact\"}]},{\"@type\":\"WebSite\",\"@id\":\"https:\/\/reiki53.fr\/mineraux\/#website\",\"url\":\"https:\/\/reiki53.fr\/mineraux\/\",\"name\":\"AGAPANTHE MIN\u00c9RAUX\",\"description\":\"Magasin physique \u00e0 Laval (53)\",\"publisher\":{\"@id\":\"https:\/\/reiki53.fr\/mineraux\/#organization\"},\"potentialAction\":[{\"@type\":\"SearchAction\",\"target\":{\"@type\":\"EntryPoint\",\"urlTemplate\":\"https:\/\/reiki53.fr\/mineraux\/?s={search_term_string}\"},\"query-input\":{\"@type\":\"PropertyValueSpecification\",\"valueRequired\":true,\"valueName\":\"search_term_string\"}}],\"inLanguage\":\"fr-FR\"},{\"@type\":\"Organization\",\"@id\":\"https:\/\/reiki53.fr\/mineraux\/#organization\",\"name\":\"OLVB SAS\",\"url\":\"https:\/\/reiki53.fr\/mineraux\/\",\"logo\":{\"@type\":\"ImageObject\",\"inLanguage\":\"fr-FR\",\"@id\":\"https:\/\/reiki53.fr\/mineraux\/#\/schema\/logo\/image\/\",\"url\":\"https:\/\/reiki53.fr\/mineraux\/wp-content\/uploads\/2020\/04\/AGAPANTHE-MINERAUX-Logo-petit.png\",\"contentUrl\":\"https:\/\/reiki53.fr\/mineraux\/wp-content\/uploads\/2020\/04\/AGAPANTHE-MINERAUX-Logo-petit.png\",\"width\":160,\"height\":160,\"caption\":\"OLVB SAS\"},\"image\":{\"@id\":\"https:\/\/reiki53.fr\/mineraux\/#\/schema\/logo\/image\/\"}}]}<\/script>\n<!-- \/ Yoast SEO plugin. -->","yoast_head_json":{"title":"formulaire de contact - AGAPANTHE MIN\u00c9RAUX","description":"Agapanthe min\u00e9raux est \u00e0 votre \u00e9coute, contactez-moi \u00e0 agapanthe.laval@gmail.com, je vous r\u00e9pondrai dans les meilleurs d\u00e9lais.","robots":{"index":"index","follow":"follow","max-snippet":"max-snippet:-1","max-image-preview":"max-image-preview:large","max-video-preview":"max-video-preview:-1"},"canonical":"https:\/\/reiki53.fr\/mineraux\/formulaire-de-contact\/","og_locale":"fr_FR","og_type":"article","og_title":"formulaire de contact - AGAPANTHE MIN\u00c9RAUX","og_description":"Agapanthe min\u00e9raux est \u00e0 votre \u00e9coute, contactez-moi \u00e0 agapanthe.laval@gmail.com, je vous r\u00e9pondrai dans les meilleurs d\u00e9lais.","og_url":"https:\/\/reiki53.fr\/mineraux\/formulaire-de-contact\/","og_site_name":"AGAPANTHE MIN\u00c9RAUX","article_modified_time":"2020-04-18T08:48:50+00:00","twitter_card":"summary_large_image","schema":{"@context":"https:\/\/schema.org","@graph":[{"@type":"WebPage","@id":"https:\/\/reiki53.fr\/mineraux\/formulaire-de-contact\/","url":"https:\/\/reiki53.fr\/mineraux\/formulaire-de-contact\/","name":"formulaire de contact - AGAPANTHE MIN\u00c9RAUX","isPartOf":{"@id":"https:\/\/reiki53.fr\/mineraux\/#website"},"datePublished":"2020-04-18T08:44:08+00:00","dateModified":"2020-04-18T08:48:50+00:00","description":"Agapanthe min\u00e9raux est \u00e0 votre \u00e9coute, contactez-moi \u00e0 agapanthe.laval@gmail.com, je vous r\u00e9pondrai dans les meilleurs d\u00e9lais.","breadcrumb":{"@id":"https:\/\/reiki53.fr\/mineraux\/formulaire-de-contact\/#breadcrumb"},"inLanguage":"fr-FR","potentialAction":[{"@type":"ReadAction","target":["https:\/\/reiki53.fr\/mineraux\/formulaire-de-contact\/"]}]},{"@type":"BreadcrumbList","@id":"https:\/\/reiki53.fr\/mineraux\/formulaire-de-contact\/#breadcrumb","itemListElement":[{"@type":"ListItem","position":1,"name":"Accueil","item":"https:\/\/reiki53.fr\/mineraux\/"},{"@type":"ListItem","position":2,"name":"formulaire de contact"}]},{"@type":"WebSite","@id":"https:\/\/reiki53.fr\/mineraux\/#website","url":"https:\/\/reiki53.fr\/mineraux\/","name":"AGAPANTHE MIN\u00c9RAUX","description":"Magasin physique \u00e0 Laval (53)","publisher":{"@id":"https:\/\/reiki53.fr\/mineraux\/#organization"},"potentialAction":[{"@type":"SearchAction","target":{"@type":"EntryPoint","urlTemplate":"https:\/\/reiki53.fr\/mineraux\/?s={search_term_string}"},"query-input":{"@type":"PropertyValueSpecification","valueRequired":true,"valueName":"search_term_string"}}],"inLanguage":"fr-FR"},{"@type":"Organization","@id":"https:\/\/reiki53.fr\/mineraux\/#organization","name":"OLVB SAS","url":"https:\/\/reiki53.fr\/mineraux\/","logo":{"@type":"ImageObject","inLanguage":"fr-FR","@id":"https:\/\/reiki53.fr\/mineraux\/#\/schema\/logo\/image\/","url":"https:\/\/reiki53.fr\/mineraux\/wp-content\/uploads\/2020\/04\/AGAPANTHE-MINERAUX-Logo-petit.png","contentUrl":"https:\/\/reiki53.fr\/mineraux\/wp-content\/uploads\/2020\/04\/AGAPANTHE-MINERAUX-Logo-petit.png","width":160,"height":160,"caption":"OLVB SAS"},"image":{"@id":"https:\/\/reiki53.fr\/mineraux\/#\/schema\/logo\/image\/"}}]}},"jetpack_sharing_enabled":true,"_links":{"self":[{"href":"https:\/\/reiki53.fr\/mineraux\/wp-json\/wp\/v2\/pages\/345","targetHints":{"allow":["GET"]}}],"collection":[{"href":"https:\/\/reiki53.fr\/mineraux\/wp-json\/wp\/v2\/pages"}],"about":[{"href":"https:\/\/reiki53.fr\/mineraux\/wp-json\/wp\/v2\/types\/page"}],"author":[{"embeddable":true,"href":"https:\/\/reiki53.fr\/mineraux\/wp-json\/wp\/v2\/users\/1"}],"replies":[{"embeddable":true,"href":"https:\/\/reiki53.fr\/mineraux\/wp-json\/wp\/v2\/comments?post=345"}],"version-history":[{"count":2,"href":"https:\/\/reiki53.fr\/mineraux\/wp-json\/wp\/v2\/pages\/345\/revisions"}],"predecessor-version":[{"id":347,"href":"https:\/\/reiki53.fr\/mineraux\/wp-json\/wp\/v2\/pages\/345\/revisions\/347"}],"wp:attachment":[{"href":"https:\/\/reiki53.fr\/mineraux\/wp-json\/wp\/v2\/media?parent=345"}],"curies":[{"name":"wp","href":"https:\/\/api.w.org\/{rel}","templated":true}]}}