{"id":48,"date":"2019-04-18T11:12:45","date_gmt":"2019-04-18T11:12:45","guid":{"rendered":"https:\/\/envothemes.com\/envo-ecommerce\/?page_id=48"},"modified":"2020-04-18T10:59:56","modified_gmt":"2020-04-18T08:59:56","slug":"contact","status":"publish","type":"page","link":"https:\/\/reiki53.fr\/mineraux\/contact\/","title":{"rendered":"Contact"},"content":{"rendered":"\t\t<div data-elementor-type=\"wp-post\" data-elementor-id=\"48\" class=\"elementor elementor-48\">\n\t\t\t\t\t\t<section class=\"elementor-section elementor-top-section elementor-element elementor-element-556e4afc elementor-section-boxed elementor-section-height-default elementor-section-height-default\" data-id=\"556e4afc\" data-element_type=\"section\" data-settings=\"{&quot;background_background&quot;:&quot;classic&quot;}\">\n\t\t\t\t\t\t\t<div class=\"elementor-background-overlay\"><\/div>\n\t\t\t\t\t\t\t<div class=\"elementor-container elementor-column-gap-default\">\n\t\t\t\t\t<div class=\"elementor-column elementor-col-100 elementor-top-column elementor-element elementor-element-ab272d4\" data-id=\"ab272d4\" data-element_type=\"column\" data-settings=\"{&quot;background_background&quot;:&quot;classic&quot;}\">\n\t\t\t<div class=\"elementor-widget-wrap\">\n\t\t\t\t\t\t\t<\/div>\n\t\t<\/div>\n\t\t\t\t\t<\/div>\n\t\t<\/section>\n\t\t\t\t<section class=\"elementor-section elementor-top-section elementor-element elementor-element-4e4c06e4 elementor-section-full_width elementor-section-height-min-height elementor-section-items-stretch elementor-section-content-middle elementor-section-height-default\" data-id=\"4e4c06e4\" data-element_type=\"section\">\n\t\t\t\t\t\t<div class=\"elementor-container elementor-column-gap-default\">\n\t\t\t\t\t<div class=\"elementor-column elementor-col-50 elementor-top-column elementor-element elementor-element-65626cdf\" data-id=\"65626cdf\" data-element_type=\"column\" data-settings=\"{&quot;background_background&quot;:&quot;none&quot;}\">\n\t\t\t<div class=\"elementor-widget-wrap elementor-element-populated\">\n\t\t\t\t\t\t<div class=\"elementor-element elementor-element-28f311ba elementor-widget elementor-widget-heading\" data-id=\"28f311ba\" data-element_type=\"widget\" data-widget_type=\"heading.default\">\n\t\t\t\t<div class=\"elementor-widget-container\">\n\t\t\t\t\t<h2 class=\"elementor-heading-title elementor-size-large\">Contact<\/h2>\t\t\t\t<\/div>\n\t\t\t\t<\/div>\n\t\t\t\t<div class=\"elementor-element elementor-element-28e8c7ce elementor-widget-divider--view-line elementor-widget elementor-widget-divider\" data-id=\"28e8c7ce\" data-element_type=\"widget\" data-widget_type=\"divider.default\">\n\t\t\t\t<div class=\"elementor-widget-container\">\n\t\t\t\t\t\t\t<div class=\"elementor-divider\">\n\t\t\t<span class=\"elementor-divider-separator\">\n\t\t\t\t\t\t<\/span>\n\t\t<\/div>\n\t\t\t\t\t\t<\/div>\n\t\t\t\t<\/div>\n\t\t\t\t<div class=\"elementor-element elementor-element-6eb0fc4b elementor-widget elementor-widget-heading\" data-id=\"6eb0fc4b\" data-element_type=\"widget\" data-widget_type=\"heading.default\">\n\t\t\t\t<div class=\"elementor-widget-container\">\n\t\t\t\t\t<p class=\"elementor-heading-title elementor-size-large\"><a href=\"https:\/\/reiki53.fr\/mineraux\/formulaire-de-contact\/\">Agapanthe est \u00e0 la fois une boutique physique et une boutique en ligne.\n\nJe suis \u00e0 votre \u00e9coute pour toute question.\n\n<\/a><\/p>\t\t\t\t<\/div>\n\t\t\t\t<\/div>\n\t\t\t\t\t<\/div>\n\t\t<\/div>\n\t\t\t\t<div class=\"elementor-column elementor-col-50 elementor-top-column elementor-element elementor-element-1cda619d\" data-id=\"1cda619d\" data-element_type=\"column\" data-settings=\"{&quot;background_background&quot;:&quot;classic&quot;}\">\n\t\t\t<div class=\"elementor-widget-wrap elementor-element-populated\">\n\t\t\t\t\t\t<div class=\"elementor-element elementor-element-65892f89 elementor-icon-list--layout-traditional elementor-list-item-link-full_width elementor-widget elementor-widget-icon-list\" data-id=\"65892f89\" data-element_type=\"widget\" data-widget_type=\"icon-list.default\">\n\t\t\t\t<div class=\"elementor-widget-container\">\n\t\t\t\t\t\t\t<ul class=\"elementor-icon-list-items\">\n\t\t\t\t\t\t\t<li class=\"elementor-icon-list-item\">\n\t\t\t\t\t\t\t\t\t\t\t<span class=\"elementor-icon-list-icon\">\n\t\t\t\t\t\t\t<i aria-hidden=\"true\" class=\"far fa-envelope\"><\/i>\t\t\t\t\t\t<\/span>\n\t\t\t\t\t\t\t\t\t\t<span class=\"elementor-icon-list-text\">agapanthe.laval@gmail.com<\/span>\n\t\t\t\t\t\t\t\t\t<\/li>\n\t\t\t\t\t\t\t\t<li class=\"elementor-icon-list-item\">\n\t\t\t\t\t\t\t\t\t\t\t<span class=\"elementor-icon-list-icon\">\n\t\t\t\t\t\t\t<i aria-hidden=\"true\" class=\"fas fa-phone\"><\/i>\t\t\t\t\t\t<\/span>\n\t\t\t\t\t\t\t\t\t\t<span class=\"elementor-icon-list-text\">06 15 95 24 61<\/span>\n\t\t\t\t\t\t\t\t\t<\/li>\n\t\t\t\t\t\t<\/ul>\n\t\t\t\t\t\t<\/div>\n\t\t\t\t<\/div>\n\t\t\t\t\t<\/div>\n\t\t<\/div>\n\t\t\t\t\t<\/div>\n\t\t<\/section>\n\t\t\t\t<section class=\"elementor-section elementor-top-section elementor-element elementor-element-ee7de16 elementor-section-boxed elementor-section-height-default elementor-section-height-default\" data-id=\"ee7de16\" data-element_type=\"section\">\n\t\t\t\t\t\t<div class=\"elementor-container elementor-column-gap-default\">\n\t\t\t\t\t<div class=\"elementor-column elementor-col-100 elementor-top-column elementor-element elementor-element-168d063\" data-id=\"168d063\" data-element_type=\"column\">\n\t\t\t<div class=\"elementor-widget-wrap elementor-element-populated\">\n\t\t\t\t\t\t<div class=\"elementor-element elementor-element-362e021 elementor-widget elementor-widget-text-editor\" data-id=\"362e021\" data-element_type=\"widget\" data-widget_type=\"text-editor.default\">\n\t\t\t\t<div class=\"elementor-widget-container\">\n\t\t\t\t\t\t\t\t\t<h3 style=\"text-align: center;\">Utilisez l&rsquo;adresse mail ci-dessus ou le formulaire de contact <a href=\"https:\/\/reiki53.fr\/mineraux\/formulaire-de-contact\/\">ICI<\/a><\/h3>\t\t\t\t\t\t\t\t<\/div>\n\t\t\t\t<\/div>\n\t\t\t\t\t<\/div>\n\t\t<\/div>\n\t\t\t\t\t<\/div>\n\t\t<\/section>\n\t\t\t\t<section class=\"elementor-section elementor-top-section elementor-element elementor-element-2479edec elementor-section-full_width elementor-section-content-middle elementor-section-height-default elementor-section-height-default\" data-id=\"2479edec\" data-element_type=\"section\">\n\t\t\t\t\t\t<div class=\"elementor-container elementor-column-gap-no\">\n\t\t\t\t\t<div class=\"elementor-column elementor-col-50 elementor-top-column elementor-element elementor-element-72cf0f64\" data-id=\"72cf0f64\" data-element_type=\"column\">\n\t\t\t<div class=\"elementor-widget-wrap elementor-element-populated\">\n\t\t\t\t\t\t<div class=\"elementor-element elementor-element-c55c8a4 elementor-widget elementor-widget-google_maps\" data-id=\"c55c8a4\" data-element_type=\"widget\" data-widget_type=\"google_maps.default\">\n\t\t\t\t<div class=\"elementor-widget-container\">\n\t\t\t\t\t\t\t<div class=\"elementor-custom-embed\">\n\t\t\t<iframe loading=\"lazy\"\n\t\t\t\t\tsrc=\"https:\/\/maps.google.com\/maps?q=18%20rue%20du%20Pin%20Dor%C3%A9%2053000%20LAVAL&#038;t=m&#038;z=14&#038;output=embed&#038;iwloc=near\"\n\t\t\t\t\ttitle=\"18 rue du Pin Dor\u00e9 53000 LAVAL\"\n\t\t\t\t\taria-label=\"18 rue du Pin Dor\u00e9 53000 LAVAL\"\n\t\t\t><\/iframe>\n\t\t<\/div>\n\t\t\t\t\t\t<\/div>\n\t\t\t\t<\/div>\n\t\t\t\t\t<\/div>\n\t\t<\/div>\n\t\t\t\t<div class=\"elementor-column elementor-col-50 elementor-top-column elementor-element elementor-element-7324b409\" data-id=\"7324b409\" data-element_type=\"column\">\n\t\t\t<div class=\"elementor-widget-wrap elementor-element-populated\">\n\t\t\t\t\t\t<div class=\"elementor-element elementor-element-7acb4f6 elementor-widget elementor-widget-heading\" data-id=\"7acb4f6\" data-element_type=\"widget\" data-widget_type=\"heading.default\">\n\t\t\t\t<div class=\"elementor-widget-container\">\n\t\t\t\t\t<h2 class=\"elementor-heading-title elementor-size-large\">FRANCE<\/h2>\t\t\t\t<\/div>\n\t\t\t\t<\/div>\n\t\t\t\t<div class=\"elementor-element elementor-element-36584420 elementor-widget-divider--view-line elementor-widget elementor-widget-divider\" data-id=\"36584420\" data-element_type=\"widget\" data-widget_type=\"divider.default\">\n\t\t\t\t<div class=\"elementor-widget-container\">\n\t\t\t\t\t\t\t<div class=\"elementor-divider\">\n\t\t\t<span class=\"elementor-divider-separator\">\n\t\t\t\t\t\t<\/span>\n\t\t<\/div>\n\t\t\t\t\t\t<\/div>\n\t\t\t\t<\/div>\n\t\t\t\t<div class=\"elementor-element elementor-element-2cebb61 elementor-widget elementor-widget-heading\" data-id=\"2cebb61\" data-element_type=\"widget\" data-widget_type=\"heading.default\">\n\t\t\t\t<div class=\"elementor-widget-container\">\n\t\t\t\t\t<p class=\"elementor-heading-title elementor-size-large\">18 RUE DU PIN DOR\u00c9<br>53000 LAVAL<br>06 15 95 24 61<\/p>\t\t\t\t<\/div>\n\t\t\t\t<\/div>\n\t\t\t\t\t<\/div>\n\t\t<\/div>\n\t\t\t\t\t<\/div>\n\t\t<\/section>\n\t\t\t\t<section class=\"elementor-section elementor-top-section elementor-element elementor-element-5a57dacf elementor-section-full_width elementor-section-height-min-height elementor-section-items-stretch elementor-section-content-middle elementor-section-height-default\" data-id=\"5a57dacf\" data-element_type=\"section\">\n\t\t\t\t\t\t<div class=\"elementor-container elementor-column-gap-default\">\n\t\t\t\t\t<div class=\"elementor-column elementor-col-50 elementor-top-column elementor-element elementor-element-63595cf9\" data-id=\"63595cf9\" data-element_type=\"column\">\n\t\t\t<div class=\"elementor-widget-wrap elementor-element-populated\">\n\t\t\t\t\t\t<div class=\"elementor-element elementor-element-5e7e0abf elementor-widget elementor-widget-heading\" data-id=\"5e7e0abf\" data-element_type=\"widget\" data-widget_type=\"heading.default\">\n\t\t\t\t<div class=\"elementor-widget-container\">\n\t\t\t\t\t<h2 class=\"elementor-heading-title elementor-size-large\">R\u00e9seaux sociaux<\/h2>\t\t\t\t<\/div>\n\t\t\t\t<\/div>\n\t\t\t\t<div class=\"elementor-element elementor-element-7e6bc7b6 elementor-widget-divider--view-line elementor-widget elementor-widget-divider\" data-id=\"7e6bc7b6\" data-element_type=\"widget\" data-widget_type=\"divider.default\">\n\t\t\t\t<div class=\"elementor-widget-container\">\n\t\t\t\t\t\t\t<div class=\"elementor-divider\">\n\t\t\t<span class=\"elementor-divider-separator\">\n\t\t\t\t\t\t<\/span>\n\t\t<\/div>\n\t\t\t\t\t\t<\/div>\n\t\t\t\t<\/div>\n\t\t\t\t<div class=\"elementor-element elementor-element-34372567 elementor-widget elementor-widget-heading\" data-id=\"34372567\" data-element_type=\"widget\" data-widget_type=\"heading.default\">\n\t\t\t\t<div class=\"elementor-widget-container\">\n\t\t\t\t\t<p class=\"elementor-heading-title elementor-size-large\">Suivez-moi !<br>Et partagez avec vos amis !<\/p>\t\t\t\t<\/div>\n\t\t\t\t<\/div>\n\t\t\t\t\t<\/div>\n\t\t<\/div>\n\t\t\t\t<div class=\"elementor-column elementor-col-50 elementor-top-column elementor-element elementor-element-39b0188a\" data-id=\"39b0188a\" data-element_type=\"column\" data-settings=\"{&quot;background_background&quot;:&quot;classic&quot;}\">\n\t\t\t<div class=\"elementor-widget-wrap elementor-element-populated\">\n\t\t\t\t\t\t<section class=\"elementor-section elementor-inner-section elementor-element elementor-element-7eeda6e4 elementor-section-height-default elementor-section-boxed elementor-section-height-default\" data-id=\"7eeda6e4\" data-element_type=\"section\">\n\t\t\t\t\t\t<div class=\"elementor-container elementor-column-gap-default\">\n\t\t\t\t\t<div class=\"elementor-column elementor-col-33 elementor-inner-column elementor-element elementor-element-67848825 elementor-sm-33\" data-id=\"67848825\" data-element_type=\"column\">\n\t\t\t<div class=\"elementor-widget-wrap elementor-element-populated\">\n\t\t\t\t\t\t<div class=\"elementor-element elementor-element-12005262 elementor-view-default elementor-widget elementor-widget-icon\" data-id=\"12005262\" data-element_type=\"widget\" data-widget_type=\"icon.default\">\n\t\t\t\t<div class=\"elementor-widget-container\">\n\t\t\t\t\t\t\t<div class=\"elementor-icon-wrapper\">\n\t\t\t<div class=\"elementor-icon\">\n\t\t\t<i aria-hidden=\"true\" class=\"fab fa-facebook-f\"><\/i>\t\t\t<\/div>\n\t\t<\/div>\n\t\t\t\t\t\t<\/div>\n\t\t\t\t<\/div>\n\t\t\t\t<div class=\"elementor-element elementor-element-7faa733f elementor-widget elementor-widget-heading\" data-id=\"7faa733f\" data-element_type=\"widget\" data-widget_type=\"heading.default\">\n\t\t\t\t<div class=\"elementor-widget-container\">\n\t\t\t\t\t<h5 class=\"elementor-heading-title elementor-size-large\">Facebook<\/h5>\t\t\t\t<\/div>\n\t\t\t\t<\/div>\n\t\t\t\t\t<\/div>\n\t\t<\/div>\n\t\t\t\t<div class=\"elementor-column elementor-col-33 elementor-inner-column elementor-element elementor-element-5b05b994 elementor-sm-33\" data-id=\"5b05b994\" data-element_type=\"column\">\n\t\t\t<div class=\"elementor-widget-wrap elementor-element-populated\">\n\t\t\t\t\t\t<div class=\"elementor-element elementor-element-62e791e8 elementor-view-default elementor-widget elementor-widget-icon\" data-id=\"62e791e8\" data-element_type=\"widget\" data-widget_type=\"icon.default\">\n\t\t\t\t<div class=\"elementor-widget-container\">\n\t\t\t\t\t\t\t<div class=\"elementor-icon-wrapper\">\n\t\t\t<div class=\"elementor-icon\">\n\t\t\t<i aria-hidden=\"true\" class=\"fab fa-instagram\"><\/i>\t\t\t<\/div>\n\t\t<\/div>\n\t\t\t\t\t\t<\/div>\n\t\t\t\t<\/div>\n\t\t\t\t<div class=\"elementor-element elementor-element-70727267 elementor-widget elementor-widget-heading\" data-id=\"70727267\" data-element_type=\"widget\" data-widget_type=\"heading.default\">\n\t\t\t\t<div class=\"elementor-widget-container\">\n\t\t\t\t\t<h5 class=\"elementor-heading-title elementor-size-large\">Instagram<\/h5>\t\t\t\t<\/div>\n\t\t\t\t<\/div>\n\t\t\t\t\t<\/div>\n\t\t<\/div>\n\t\t\t\t<div class=\"elementor-column elementor-col-33 elementor-inner-column elementor-element elementor-element-4c59f844 elementor-sm-33\" data-id=\"4c59f844\" data-element_type=\"column\">\n\t\t\t<div class=\"elementor-widget-wrap elementor-element-populated\">\n\t\t\t\t\t\t<div class=\"elementor-element elementor-element-904a7d5 elementor-view-default elementor-widget elementor-widget-icon\" data-id=\"904a7d5\" data-element_type=\"widget\" data-widget_type=\"icon.default\">\n\t\t\t\t<div class=\"elementor-widget-container\">\n\t\t\t\t\t\t\t<div class=\"elementor-icon-wrapper\">\n\t\t\t<div class=\"elementor-icon\">\n\t\t\t<i aria-hidden=\"true\" class=\"fab fa-google\"><\/i>\t\t\t<\/div>\n\t\t<\/div>\n\t\t\t\t\t\t<\/div>\n\t\t\t\t<\/div>\n\t\t\t\t<div class=\"elementor-element elementor-element-6aa1e860 elementor-widget elementor-widget-heading\" data-id=\"6aa1e860\" data-element_type=\"widget\" data-widget_type=\"heading.default\">\n\t\t\t\t<div class=\"elementor-widget-container\">\n\t\t\t\t\t<h5 class=\"elementor-heading-title elementor-size-large\">Google Business<\/h5>\t\t\t\t<\/div>\n\t\t\t\t<\/div>\n\t\t\t\t\t<\/div>\n\t\t<\/div>\n\t\t\t\t\t<\/div>\n\t\t<\/section>\n\t\t\t\t\t<\/div>\n\t\t<\/div>\n\t\t\t\t\t<\/div>\n\t\t<\/section>\n\t\t\t\t<\/div>\n\t\t","protected":false},"excerpt":{"rendered":"<p>Contact Agapanthe est \u00e0 la fois une boutique physique et une boutique en ligne. Je suis \u00e0 votre \u00e9coute pour&hellip;<\/p>\n","protected":false},"author":1,"featured_media":0,"parent":0,"menu_order":0,"comment_status":"closed","ping_status":"closed","template":"template-parts\/template-page-builders.php","meta":{"footnotes":""},"class_list":["post-48","page","type-page","status-publish","hentry"],"yoast_head":"<!-- This site is optimized with the Yoast SEO plugin v26.5 - https:\/\/yoast.com\/wordpress\/plugins\/seo\/ -->\n<title>Contact - AGAPANTHE MIN\u00c9RAUX<\/title>\n<meta name=\"robots\" content=\"index, follow, max-snippet:-1, max-image-preview:large, max-video-preview:-1\" \/>\n<link rel=\"canonical\" href=\"https:\/\/reiki53.fr\/mineraux\/contact\/\" \/>\n<meta property=\"og:locale\" content=\"fr_FR\" \/>\n<meta property=\"og:type\" content=\"article\" \/>\n<meta property=\"og:title\" content=\"Contact - AGAPANTHE MIN\u00c9RAUX\" \/>\n<meta property=\"og:description\" content=\"Contact Agapanthe est \u00e0 la fois une boutique physique et une boutique en ligne. Je suis \u00e0 votre \u00e9coute pour&hellip;\" \/>\n<meta property=\"og:url\" content=\"https:\/\/reiki53.fr\/mineraux\/contact\/\" \/>\n<meta property=\"og:site_name\" content=\"AGAPANTHE MIN\u00c9RAUX\" \/>\n<meta property=\"article:modified_time\" content=\"2020-04-18T08:59:56+00:00\" \/>\n<meta name=\"twitter:card\" content=\"summary_large_image\" \/>\n<script type=\"application\/ld+json\" class=\"yoast-schema-graph\">{\"@context\":\"https:\/\/schema.org\",\"@graph\":[{\"@type\":\"WebPage\",\"@id\":\"https:\/\/reiki53.fr\/mineraux\/contact\/\",\"url\":\"https:\/\/reiki53.fr\/mineraux\/contact\/\",\"name\":\"Contact - AGAPANTHE MIN\u00c9RAUX\",\"isPartOf\":{\"@id\":\"https:\/\/reiki53.fr\/mineraux\/#website\"},\"datePublished\":\"2019-04-18T11:12:45+00:00\",\"dateModified\":\"2020-04-18T08:59:56+00:00\",\"breadcrumb\":{\"@id\":\"https:\/\/reiki53.fr\/mineraux\/contact\/#breadcrumb\"},\"inLanguage\":\"fr-FR\",\"potentialAction\":[{\"@type\":\"ReadAction\",\"target\":[\"https:\/\/reiki53.fr\/mineraux\/contact\/\"]}]},{\"@type\":\"BreadcrumbList\",\"@id\":\"https:\/\/reiki53.fr\/mineraux\/contact\/#breadcrumb\",\"itemListElement\":[{\"@type\":\"ListItem\",\"position\":1,\"name\":\"Accueil\",\"item\":\"https:\/\/reiki53.fr\/mineraux\/\"},{\"@type\":\"ListItem\",\"position\":2,\"name\":\"Contact\"}]},{\"@type\":\"WebSite\",\"@id\":\"https:\/\/reiki53.fr\/mineraux\/#website\",\"url\":\"https:\/\/reiki53.fr\/mineraux\/\",\"name\":\"AGAPANTHE MIN\u00c9RAUX\",\"description\":\"Magasin physique \u00e0 Laval (53)\",\"publisher\":{\"@id\":\"https:\/\/reiki53.fr\/mineraux\/#organization\"},\"potentialAction\":[{\"@type\":\"SearchAction\",\"target\":{\"@type\":\"EntryPoint\",\"urlTemplate\":\"https:\/\/reiki53.fr\/mineraux\/?s={search_term_string}\"},\"query-input\":{\"@type\":\"PropertyValueSpecification\",\"valueRequired\":true,\"valueName\":\"search_term_string\"}}],\"inLanguage\":\"fr-FR\"},{\"@type\":\"Organization\",\"@id\":\"https:\/\/reiki53.fr\/mineraux\/#organization\",\"name\":\"OLVB SAS\",\"url\":\"https:\/\/reiki53.fr\/mineraux\/\",\"logo\":{\"@type\":\"ImageObject\",\"inLanguage\":\"fr-FR\",\"@id\":\"https:\/\/reiki53.fr\/mineraux\/#\/schema\/logo\/image\/\",\"url\":\"https:\/\/reiki53.fr\/mineraux\/wp-content\/uploads\/2020\/04\/AGAPANTHE-MINERAUX-Logo-petit.png\",\"contentUrl\":\"https:\/\/reiki53.fr\/mineraux\/wp-content\/uploads\/2020\/04\/AGAPANTHE-MINERAUX-Logo-petit.png\",\"width\":160,\"height\":160,\"caption\":\"OLVB SAS\"},\"image\":{\"@id\":\"https:\/\/reiki53.fr\/mineraux\/#\/schema\/logo\/image\/\"}}]}<\/script>\n<!-- \/ Yoast SEO plugin. -->","yoast_head_json":{"title":"Contact - AGAPANTHE MIN\u00c9RAUX","robots":{"index":"index","follow":"follow","max-snippet":"max-snippet:-1","max-image-preview":"max-image-preview:large","max-video-preview":"max-video-preview:-1"},"canonical":"https:\/\/reiki53.fr\/mineraux\/contact\/","og_locale":"fr_FR","og_type":"article","og_title":"Contact - AGAPANTHE MIN\u00c9RAUX","og_description":"Contact Agapanthe est \u00e0 la fois une boutique physique et une boutique en ligne. Je suis \u00e0 votre \u00e9coute pour&hellip;","og_url":"https:\/\/reiki53.fr\/mineraux\/contact\/","og_site_name":"AGAPANTHE MIN\u00c9RAUX","article_modified_time":"2020-04-18T08:59:56+00:00","twitter_card":"summary_large_image","schema":{"@context":"https:\/\/schema.org","@graph":[{"@type":"WebPage","@id":"https:\/\/reiki53.fr\/mineraux\/contact\/","url":"https:\/\/reiki53.fr\/mineraux\/contact\/","name":"Contact - AGAPANTHE MIN\u00c9RAUX","isPartOf":{"@id":"https:\/\/reiki53.fr\/mineraux\/#website"},"datePublished":"2019-04-18T11:12:45+00:00","dateModified":"2020-04-18T08:59:56+00:00","breadcrumb":{"@id":"https:\/\/reiki53.fr\/mineraux\/contact\/#breadcrumb"},"inLanguage":"fr-FR","potentialAction":[{"@type":"ReadAction","target":["https:\/\/reiki53.fr\/mineraux\/contact\/"]}]},{"@type":"BreadcrumbList","@id":"https:\/\/reiki53.fr\/mineraux\/contact\/#breadcrumb","itemListElement":[{"@type":"ListItem","position":1,"name":"Accueil","item":"https:\/\/reiki53.fr\/mineraux\/"},{"@type":"ListItem","position":2,"name":"Contact"}]},{"@type":"WebSite","@id":"https:\/\/reiki53.fr\/mineraux\/#website","url":"https:\/\/reiki53.fr\/mineraux\/","name":"AGAPANTHE MIN\u00c9RAUX","description":"Magasin physique \u00e0 Laval (53)","publisher":{"@id":"https:\/\/reiki53.fr\/mineraux\/#organization"},"potentialAction":[{"@type":"SearchAction","target":{"@type":"EntryPoint","urlTemplate":"https:\/\/reiki53.fr\/mineraux\/?s={search_term_string}"},"query-input":{"@type":"PropertyValueSpecification","valueRequired":true,"valueName":"search_term_string"}}],"inLanguage":"fr-FR"},{"@type":"Organization","@id":"https:\/\/reiki53.fr\/mineraux\/#organization","name":"OLVB SAS","url":"https:\/\/reiki53.fr\/mineraux\/","logo":{"@type":"ImageObject","inLanguage":"fr-FR","@id":"https:\/\/reiki53.fr\/mineraux\/#\/schema\/logo\/image\/","url":"https:\/\/reiki53.fr\/mineraux\/wp-content\/uploads\/2020\/04\/AGAPANTHE-MINERAUX-Logo-petit.png","contentUrl":"https:\/\/reiki53.fr\/mineraux\/wp-content\/uploads\/2020\/04\/AGAPANTHE-MINERAUX-Logo-petit.png","width":160,"height":160,"caption":"OLVB SAS"},"image":{"@id":"https:\/\/reiki53.fr\/mineraux\/#\/schema\/logo\/image\/"}}]}},"jetpack_sharing_enabled":true,"_links":{"self":[{"href":"https:\/\/reiki53.fr\/mineraux\/wp-json\/wp\/v2\/pages\/48","targetHints":{"allow":["GET"]}}],"collection":[{"href":"https:\/\/reiki53.fr\/mineraux\/wp-json\/wp\/v2\/pages"}],"about":[{"href":"https:\/\/reiki53.fr\/mineraux\/wp-json\/wp\/v2\/types\/page"}],"author":[{"embeddable":true,"href":"https:\/\/reiki53.fr\/mineraux\/wp-json\/wp\/v2\/users\/1"}],"replies":[{"embeddable":true,"href":"https:\/\/reiki53.fr\/mineraux\/wp-json\/wp\/v2\/comments?post=48"}],"version-history":[{"count":10,"href":"https:\/\/reiki53.fr\/mineraux\/wp-json\/wp\/v2\/pages\/48\/revisions"}],"predecessor-version":[{"id":353,"href":"https:\/\/reiki53.fr\/mineraux\/wp-json\/wp\/v2\/pages\/48\/revisions\/353"}],"wp:attachment":[{"href":"https:\/\/reiki53.fr\/mineraux\/wp-json\/wp\/v2\/media?parent=48"}],"curies":[{"name":"wp","href":"https:\/\/api.w.org\/{rel}","templated":true}]}}