{"id":1077,"date":"2020-04-26T10:50:04","date_gmt":"2020-04-26T08:50:04","guid":{"rendered":"https:\/\/reiki53.fr\/mineraux\/?post_type=product&#038;p=1077"},"modified":"2024-05-15T11:24:51","modified_gmt":"2024-05-15T09:24:51","slug":"ambre","status":"publish","type":"product","link":"https:\/\/reiki53.fr\/mineraux\/produit\/ambre\/","title":{"rendered":"Ambre"},"content":{"rendered":"<p><span id=\"texte_description_fiche_produit\"><strong>L&rsquo;ambre,<\/strong> ici de l&rsquo;ambre baltique roul\u00e9e est bien un min\u00e9ral, m\u00eame si c&rsquo;est de la r\u00e9sine fossile de plantes pr\u00e9historiques (40 millions d\u2019ann\u00e9es). <\/span><\/p>\n<p><span id=\"texte_description_fiche_produit\">Cette r\u00e9sine avait, sur l\u2019arbre pr\u00e9historique, une fonction bact\u00e9ricide, antidouleur et cicatrisante,<strong><br \/>\n<\/strong><\/span><\/p>\n<p>On lui rapporte les m\u00eames qualit\u00e9s<\/p>\n<p>Sa symbolique est l&rsquo;attraction solaire, spirituelle et divine.<\/p>\n<p>Ainsi que puret\u00e9 et immortalit\u00e9<\/p>\n<p>.<\/p>\n<p>&nbsp;<\/p>\n","protected":false},"excerpt":{"rendered":"<p>Les vertus sommaires de l&rsquo;ambre :<\/p>\n<ul>\n<li>Soulage les douleurs dentaires (b\u00e9b\u00e9s)<\/li>\n<li>Prot\u00e8ge les voies respiratoires<\/li>\n<li>Donne de la joie de l&rsquo;\u00e9nergie<\/li>\n<li>Combat la fatigue<\/li>\n<li>Calme les migraines<\/li>\n<\/ul>\n<p>Purification : inutile, l&rsquo;ambre ne retient pas les \u00e9nergies n\u00e9gatives de part sa structure mol\u00e9culaire.<\/p>\n<p>Rechargement : amas de quartz (druse) avec beaucoup de soleil<\/p>\n","protected":false},"featured_media":1063,"comment_status":"open","ping_status":"closed","template":"","meta":[],"product_brand":[],"product_cat":[23,24],"product_tag":[531,43,44,490,491,527,530,41,42,528,40,525,524,46,523,45,529],"class_list":{"0":"post-1077","1":"product","2":"type-product","3":"status-publish","4":"has-post-thumbnail","6":"product_cat-mineraux","7":"product_cat-pierres-roulees","8":"product_tag-achat-de-mineraux","9":"product_tag-agapanthe-53","10":"product_tag-agapanthe-mineraux","11":"product_tag-ambre","12":"product_tag-ambre-baltique","13":"product_tag-boutique-de-mineraux","14":"product_tag-boutique-de-pierres-semi-precieuses","15":"product_tag-lithotherapie","16":"product_tag-lithotherapie-53","17":"product_tag-magasin-de-mineraux","18":"product_tag-mineraux","19":"product_tag-mineraux-53","20":"product_tag-mineraux-en-mayenne","21":"product_tag-mineraux-laval","22":"product_tag-pierre-semi-precieuse","23":"product_tag-pierres-naturelles","24":"product_tag-pierres-precieuses","26":"first","27":"instock","28":"taxable","29":"shipping-taxable","30":"purchasable","31":"product-type-simple"},"yoast_head":"<!-- This site is optimized with the Yoast SEO plugin v26.5 - https:\/\/yoast.com\/wordpress\/plugins\/seo\/ -->\n<title>Ambre - AGAPANTHE MIN\u00c9RAUX<\/title>\n<meta name=\"description\" content=\"L&#039;ambr baltique roul\u00e9e est bien un min\u00e9ral, cette r\u00e9sine avait sur l\u2019arbre pr\u00e9historique, une fonction bact\u00e9ricide, antidouleur, cicatrisante.\" \/>\n<meta name=\"robots\" content=\"index, follow, max-snippet:-1, max-image-preview:large, max-video-preview:-1\" \/>\n<link rel=\"canonical\" href=\"https:\/\/reiki53.fr\/mineraux\/produit\/ambre\/\" \/>\n<meta property=\"og:locale\" content=\"fr_FR\" \/>\n<meta property=\"og:type\" content=\"article\" \/>\n<meta property=\"og:title\" content=\"Ambre - AGAPANTHE MIN\u00c9RAUX\" \/>\n<meta property=\"og:description\" content=\"L&#039;ambr baltique roul\u00e9e est bien un min\u00e9ral, cette r\u00e9sine avait sur l\u2019arbre pr\u00e9historique, une fonction bact\u00e9ricide, antidouleur, cicatrisante.\" \/>\n<meta property=\"og:url\" content=\"https:\/\/reiki53.fr\/mineraux\/produit\/ambre\/\" \/>\n<meta property=\"og:site_name\" content=\"AGAPANTHE MIN\u00c9RAUX\" \/>\n<meta property=\"article:modified_time\" content=\"2024-05-15T09:24:51+00:00\" \/>\n<meta property=\"og:image\" content=\"https:\/\/reiki53.fr\/mineraux\/wp-content\/uploads\/2020\/04\/morceau-ambre-agapanthe.jpg\" \/>\n\t<meta property=\"og:image:width\" content=\"838\" \/>\n\t<meta property=\"og:image:height\" content=\"838\" \/>\n\t<meta property=\"og:image:type\" content=\"image\/jpeg\" \/>\n<meta name=\"twitter:card\" content=\"summary_large_image\" \/>\n<script type=\"application\/ld+json\" class=\"yoast-schema-graph\">{\"@context\":\"https:\/\/schema.org\",\"@graph\":[{\"@type\":\"WebPage\",\"@id\":\"https:\/\/reiki53.fr\/mineraux\/produit\/ambre\/\",\"url\":\"https:\/\/reiki53.fr\/mineraux\/produit\/ambre\/\",\"name\":\"Ambre - AGAPANTHE MIN\u00c9RAUX\",\"isPartOf\":{\"@id\":\"https:\/\/reiki53.fr\/mineraux\/#website\"},\"primaryImageOfPage\":{\"@id\":\"https:\/\/reiki53.fr\/mineraux\/produit\/ambre\/#primaryimage\"},\"image\":{\"@id\":\"https:\/\/reiki53.fr\/mineraux\/produit\/ambre\/#primaryimage\"},\"thumbnailUrl\":\"https:\/\/reiki53.fr\/mineraux\/wp-content\/uploads\/2020\/04\/morceau-ambre-agapanthe.jpg\",\"datePublished\":\"2020-04-26T08:50:04+00:00\",\"dateModified\":\"2024-05-15T09:24:51+00:00\",\"description\":\"L'ambr baltique roul\u00e9e est bien un min\u00e9ral, cette r\u00e9sine avait sur l\u2019arbre pr\u00e9historique, une fonction bact\u00e9ricide, antidouleur, cicatrisante.\",\"breadcrumb\":{\"@id\":\"https:\/\/reiki53.fr\/mineraux\/produit\/ambre\/#breadcrumb\"},\"inLanguage\":\"fr-FR\",\"potentialAction\":[{\"@type\":\"ReadAction\",\"target\":[\"https:\/\/reiki53.fr\/mineraux\/produit\/ambre\/\"]}]},{\"@type\":\"ImageObject\",\"inLanguage\":\"fr-FR\",\"@id\":\"https:\/\/reiki53.fr\/mineraux\/produit\/ambre\/#primaryimage\",\"url\":\"https:\/\/reiki53.fr\/mineraux\/wp-content\/uploads\/2020\/04\/morceau-ambre-agapanthe.jpg\",\"contentUrl\":\"https:\/\/reiki53.fr\/mineraux\/wp-content\/uploads\/2020\/04\/morceau-ambre-agapanthe.jpg\",\"width\":838,\"height\":838,\"caption\":\"morceau ambre\"},{\"@type\":\"BreadcrumbList\",\"@id\":\"https:\/\/reiki53.fr\/mineraux\/produit\/ambre\/#breadcrumb\",\"itemListElement\":[{\"@type\":\"ListItem\",\"position\":1,\"name\":\"Accueil\",\"item\":\"https:\/\/reiki53.fr\/mineraux\/\"},{\"@type\":\"ListItem\",\"position\":2,\"name\":\"Boutique\",\"item\":\"https:\/\/reiki53.fr\/mineraux\/boutique\/\"},{\"@type\":\"ListItem\",\"position\":3,\"name\":\"Ambre\"}]},{\"@type\":\"WebSite\",\"@id\":\"https:\/\/reiki53.fr\/mineraux\/#website\",\"url\":\"https:\/\/reiki53.fr\/mineraux\/\",\"name\":\"AGAPANTHE MIN\u00c9RAUX\",\"description\":\"Magasin physique \u00e0 Laval (53)\",\"publisher\":{\"@id\":\"https:\/\/reiki53.fr\/mineraux\/#organization\"},\"potentialAction\":[{\"@type\":\"SearchAction\",\"target\":{\"@type\":\"EntryPoint\",\"urlTemplate\":\"https:\/\/reiki53.fr\/mineraux\/?s={search_term_string}\"},\"query-input\":{\"@type\":\"PropertyValueSpecification\",\"valueRequired\":true,\"valueName\":\"search_term_string\"}}],\"inLanguage\":\"fr-FR\"},{\"@type\":\"Organization\",\"@id\":\"https:\/\/reiki53.fr\/mineraux\/#organization\",\"name\":\"OLVB SAS\",\"url\":\"https:\/\/reiki53.fr\/mineraux\/\",\"logo\":{\"@type\":\"ImageObject\",\"inLanguage\":\"fr-FR\",\"@id\":\"https:\/\/reiki53.fr\/mineraux\/#\/schema\/logo\/image\/\",\"url\":\"https:\/\/reiki53.fr\/mineraux\/wp-content\/uploads\/2020\/04\/AGAPANTHE-MINERAUX-Logo-petit.png\",\"contentUrl\":\"https:\/\/reiki53.fr\/mineraux\/wp-content\/uploads\/2020\/04\/AGAPANTHE-MINERAUX-Logo-petit.png\",\"width\":160,\"height\":160,\"caption\":\"OLVB SAS\"},\"image\":{\"@id\":\"https:\/\/reiki53.fr\/mineraux\/#\/schema\/logo\/image\/\"}}]}<\/script>\n<!-- \/ Yoast SEO plugin. -->","yoast_head_json":{"title":"Ambre - AGAPANTHE MIN\u00c9RAUX","description":"L'ambr baltique roul\u00e9e est bien un min\u00e9ral, cette r\u00e9sine avait sur l\u2019arbre pr\u00e9historique, une fonction bact\u00e9ricide, antidouleur, cicatrisante.","robots":{"index":"index","follow":"follow","max-snippet":"max-snippet:-1","max-image-preview":"max-image-preview:large","max-video-preview":"max-video-preview:-1"},"canonical":"https:\/\/reiki53.fr\/mineraux\/produit\/ambre\/","og_locale":"fr_FR","og_type":"article","og_title":"Ambre - AGAPANTHE MIN\u00c9RAUX","og_description":"L'ambr baltique roul\u00e9e est bien un min\u00e9ral, cette r\u00e9sine avait sur l\u2019arbre pr\u00e9historique, une fonction bact\u00e9ricide, antidouleur, cicatrisante.","og_url":"https:\/\/reiki53.fr\/mineraux\/produit\/ambre\/","og_site_name":"AGAPANTHE MIN\u00c9RAUX","article_modified_time":"2024-05-15T09:24:51+00:00","og_image":[{"width":838,"height":838,"url":"https:\/\/reiki53.fr\/mineraux\/wp-content\/uploads\/2020\/04\/morceau-ambre-agapanthe.jpg","type":"image\/jpeg"}],"twitter_card":"summary_large_image","schema":{"@context":"https:\/\/schema.org","@graph":[{"@type":"WebPage","@id":"https:\/\/reiki53.fr\/mineraux\/produit\/ambre\/","url":"https:\/\/reiki53.fr\/mineraux\/produit\/ambre\/","name":"Ambre - AGAPANTHE MIN\u00c9RAUX","isPartOf":{"@id":"https:\/\/reiki53.fr\/mineraux\/#website"},"primaryImageOfPage":{"@id":"https:\/\/reiki53.fr\/mineraux\/produit\/ambre\/#primaryimage"},"image":{"@id":"https:\/\/reiki53.fr\/mineraux\/produit\/ambre\/#primaryimage"},"thumbnailUrl":"https:\/\/reiki53.fr\/mineraux\/wp-content\/uploads\/2020\/04\/morceau-ambre-agapanthe.jpg","datePublished":"2020-04-26T08:50:04+00:00","dateModified":"2024-05-15T09:24:51+00:00","description":"L'ambr baltique roul\u00e9e est bien un min\u00e9ral, cette r\u00e9sine avait sur l\u2019arbre pr\u00e9historique, une fonction bact\u00e9ricide, antidouleur, cicatrisante.","breadcrumb":{"@id":"https:\/\/reiki53.fr\/mineraux\/produit\/ambre\/#breadcrumb"},"inLanguage":"fr-FR","potentialAction":[{"@type":"ReadAction","target":["https:\/\/reiki53.fr\/mineraux\/produit\/ambre\/"]}]},{"@type":"ImageObject","inLanguage":"fr-FR","@id":"https:\/\/reiki53.fr\/mineraux\/produit\/ambre\/#primaryimage","url":"https:\/\/reiki53.fr\/mineraux\/wp-content\/uploads\/2020\/04\/morceau-ambre-agapanthe.jpg","contentUrl":"https:\/\/reiki53.fr\/mineraux\/wp-content\/uploads\/2020\/04\/morceau-ambre-agapanthe.jpg","width":838,"height":838,"caption":"morceau ambre"},{"@type":"BreadcrumbList","@id":"https:\/\/reiki53.fr\/mineraux\/produit\/ambre\/#breadcrumb","itemListElement":[{"@type":"ListItem","position":1,"name":"Accueil","item":"https:\/\/reiki53.fr\/mineraux\/"},{"@type":"ListItem","position":2,"name":"Boutique","item":"https:\/\/reiki53.fr\/mineraux\/boutique\/"},{"@type":"ListItem","position":3,"name":"Ambre"}]},{"@type":"WebSite","@id":"https:\/\/reiki53.fr\/mineraux\/#website","url":"https:\/\/reiki53.fr\/mineraux\/","name":"AGAPANTHE MIN\u00c9RAUX","description":"Magasin physique \u00e0 Laval (53)","publisher":{"@id":"https:\/\/reiki53.fr\/mineraux\/#organization"},"potentialAction":[{"@type":"SearchAction","target":{"@type":"EntryPoint","urlTemplate":"https:\/\/reiki53.fr\/mineraux\/?s={search_term_string}"},"query-input":{"@type":"PropertyValueSpecification","valueRequired":true,"valueName":"search_term_string"}}],"inLanguage":"fr-FR"},{"@type":"Organization","@id":"https:\/\/reiki53.fr\/mineraux\/#organization","name":"OLVB SAS","url":"https:\/\/reiki53.fr\/mineraux\/","logo":{"@type":"ImageObject","inLanguage":"fr-FR","@id":"https:\/\/reiki53.fr\/mineraux\/#\/schema\/logo\/image\/","url":"https:\/\/reiki53.fr\/mineraux\/wp-content\/uploads\/2020\/04\/AGAPANTHE-MINERAUX-Logo-petit.png","contentUrl":"https:\/\/reiki53.fr\/mineraux\/wp-content\/uploads\/2020\/04\/AGAPANTHE-MINERAUX-Logo-petit.png","width":160,"height":160,"caption":"OLVB SAS"},"image":{"@id":"https:\/\/reiki53.fr\/mineraux\/#\/schema\/logo\/image\/"}}]}},"jetpack_sharing_enabled":true,"_links":{"self":[{"href":"https:\/\/reiki53.fr\/mineraux\/wp-json\/wp\/v2\/product\/1077","targetHints":{"allow":["GET"]}}],"collection":[{"href":"https:\/\/reiki53.fr\/mineraux\/wp-json\/wp\/v2\/product"}],"about":[{"href":"https:\/\/reiki53.fr\/mineraux\/wp-json\/wp\/v2\/types\/product"}],"replies":[{"embeddable":true,"href":"https:\/\/reiki53.fr\/mineraux\/wp-json\/wp\/v2\/comments?post=1077"}],"wp:featuredmedia":[{"embeddable":true,"href":"https:\/\/reiki53.fr\/mineraux\/wp-json\/wp\/v2\/media\/1063"}],"wp:attachment":[{"href":"https:\/\/reiki53.fr\/mineraux\/wp-json\/wp\/v2\/media?parent=1077"}],"wp:term":[{"taxonomy":"product_brand","embeddable":true,"href":"https:\/\/reiki53.fr\/mineraux\/wp-json\/wp\/v2\/product_brand?post=1077"},{"taxonomy":"product_cat","embeddable":true,"href":"https:\/\/reiki53.fr\/mineraux\/wp-json\/wp\/v2\/product_cat?post=1077"},{"taxonomy":"product_tag","embeddable":true,"href":"https:\/\/reiki53.fr\/mineraux\/wp-json\/wp\/v2\/product_tag?post=1077"}],"curies":[{"name":"wp","href":"https:\/\/api.w.org\/{rel}","templated":true}]}}