{"id":1559,"date":"2020-05-26T15:03:36","date_gmt":"2020-05-26T13:03:36","guid":{"rendered":"https:\/\/reiki53.fr\/mineraux\/?post_type=product&#038;p=1559"},"modified":"2023-07-31T13:55:30","modified_gmt":"2023-07-31T11:55:30","slug":"bracelet-jaspe-dalmatien-8mm","status":"publish","type":"product","link":"https:\/\/reiki53.fr\/mineraux\/produit\/bracelet-jaspe-dalmatien-8mm\/","title":{"rendered":"Bracelet Jaspe Dalmatien &#8211; 8mm"},"content":{"rendered":"<p><span id=\"texte_description_fiche_produit\"><strong> Le jaspe dalmatien<\/strong>, est une pierre d&rsquo;\u00e9quilibre : de yin &amp; de yang.<\/span><\/p>\n<p><span id=\"texte_description_fiche_produit\">C&rsquo;est son m\u00e9lange de couleurs beige et noir qui lui apporte cette particularit\u00e9. ; <\/span><\/p>\n<p>Pierre \u00e0 la fois tonique et apaisante.<\/p>\n<p>Elle agit du bas de notre corps vers le haut<\/p>\n<p>Et de l&rsquo;int\u00e9rieur de notre corps jusqu&rsquo;\u00e0 l&rsquo;ext\u00e9rieur notre \u00e9piderme<\/p>\n<p>&nbsp;<\/p>\n<p>&nbsp;<\/p>\n<p>&nbsp;<\/p>\n","protected":false},"excerpt":{"rendered":"<p><strong>Bracelet boules Jaspe Dalmatien \u00d8 8mm<\/strong><\/p>\n<p>Les vertus sommaires du jaspe dalmatien :<\/p>\n<ul>\n<li>\u00c9quilibre g\u00e9n\u00e9ral<\/li>\n<li>Yin &amp; Yang<\/li>\n<li>Tonique &amp; apaisante<\/li>\n<li>\u00c9nergisante du bas vers le haut<\/li>\n<li>Acn\u00e9 juv\u00e9nile<\/li>\n<\/ul>\n<p>Rechargement : amas de quartz (druse), soleil<\/p>\n","protected":false},"featured_media":598,"comment_status":"open","ping_status":"closed","template":"","meta":[],"product_brand":[],"product_cat":[212,211],"product_tag":[531,43,44,527,530,230,231,127,257,258,129,229,41,42,528,40,525,524,46,523,45,529],"class_list":{"0":"post-1559","1":"product","2":"type-product","3":"status-publish","4":"has-post-thumbnail","6":"product_cat-bijoux","7":"product_cat-bracelets-boules","8":"product_tag-achat-de-mineraux","9":"product_tag-agapanthe-53","10":"product_tag-agapanthe-mineraux","11":"product_tag-boutique-de-mineraux","12":"product_tag-boutique-de-pierres-semi-precieuses","13":"product_tag-bracelet-jaspe","14":"product_tag-bracelet-jaspe-mokaite","15":"product_tag-jaspe","16":"product_tag-jaspe-dalmatien","17":"product_tag-jaspe-damlmatien-mineraux","18":"product_tag-jaspe-mineraux","19":"product_tag-jaspe-mokaite","20":"product_tag-lithotherapie","21":"product_tag-lithotherapie-53","22":"product_tag-magasin-de-mineraux","23":"product_tag-mineraux","24":"product_tag-mineraux-53","25":"product_tag-mineraux-en-mayenne","26":"product_tag-mineraux-laval","27":"product_tag-pierre-semi-precieuse","28":"product_tag-pierres-naturelles","29":"product_tag-pierres-precieuses","31":"first","32":"instock","33":"taxable","34":"shipping-taxable","35":"purchasable","36":"product-type-simple"},"yoast_head":"<!-- This site is optimized with the Yoast SEO plugin v26.5 - https:\/\/yoast.com\/wordpress\/plugins\/seo\/ -->\n<title>Bracelet Jaspe Dalmatien - 8mm - AGAPANTHE MIN\u00c9RAUX<\/title>\n<meta name=\"description\" content=\"Le jaspe dalmatien, est une pierre d&#039;\u00e9quilibre : de yin &amp; de yang. Pierre \u00e0 la fois tonique et apaisante, de l&#039;int\u00e9rieur vers l&#039;ext\u00e9rieur.\" \/>\n<meta name=\"robots\" content=\"index, follow, max-snippet:-1, max-image-preview:large, max-video-preview:-1\" \/>\n<link rel=\"canonical\" href=\"https:\/\/reiki53.fr\/mineraux\/produit\/bracelet-jaspe-dalmatien-8mm\/\" \/>\n<meta property=\"og:locale\" content=\"fr_FR\" \/>\n<meta property=\"og:type\" content=\"article\" \/>\n<meta property=\"og:title\" content=\"Bracelet Jaspe Dalmatien - 8mm - AGAPANTHE MIN\u00c9RAUX\" \/>\n<meta property=\"og:description\" content=\"Le jaspe dalmatien, est une pierre d&#039;\u00e9quilibre : de yin &amp; de yang. Pierre \u00e0 la fois tonique et apaisante, de l&#039;int\u00e9rieur vers l&#039;ext\u00e9rieur.\" \/>\n<meta property=\"og:url\" content=\"https:\/\/reiki53.fr\/mineraux\/produit\/bracelet-jaspe-dalmatien-8mm\/\" \/>\n<meta property=\"og:site_name\" content=\"AGAPANTHE MIN\u00c9RAUX\" \/>\n<meta property=\"article:modified_time\" content=\"2023-07-31T11:55:30+00:00\" \/>\n<meta property=\"og:image\" content=\"https:\/\/reiki53.fr\/mineraux\/wp-content\/uploads\/2020\/04\/bracelet-jaspe-dalmatien.jpg\" \/>\n\t<meta property=\"og:image:width\" content=\"838\" \/>\n\t<meta property=\"og:image:height\" content=\"838\" \/>\n\t<meta property=\"og:image:type\" content=\"image\/jpeg\" \/>\n<meta name=\"twitter:card\" content=\"summary_large_image\" \/>\n<script type=\"application\/ld+json\" class=\"yoast-schema-graph\">{\"@context\":\"https:\/\/schema.org\",\"@graph\":[{\"@type\":\"WebPage\",\"@id\":\"https:\/\/reiki53.fr\/mineraux\/produit\/bracelet-jaspe-dalmatien-8mm\/\",\"url\":\"https:\/\/reiki53.fr\/mineraux\/produit\/bracelet-jaspe-dalmatien-8mm\/\",\"name\":\"Bracelet Jaspe Dalmatien - 8mm - AGAPANTHE MIN\u00c9RAUX\",\"isPartOf\":{\"@id\":\"https:\/\/reiki53.fr\/mineraux\/#website\"},\"primaryImageOfPage\":{\"@id\":\"https:\/\/reiki53.fr\/mineraux\/produit\/bracelet-jaspe-dalmatien-8mm\/#primaryimage\"},\"image\":{\"@id\":\"https:\/\/reiki53.fr\/mineraux\/produit\/bracelet-jaspe-dalmatien-8mm\/#primaryimage\"},\"thumbnailUrl\":\"https:\/\/reiki53.fr\/mineraux\/wp-content\/uploads\/2020\/04\/bracelet-jaspe-dalmatien.jpg\",\"datePublished\":\"2020-05-26T13:03:36+00:00\",\"dateModified\":\"2023-07-31T11:55:30+00:00\",\"description\":\"Le jaspe dalmatien, est une pierre d'\u00e9quilibre : de yin & de yang. Pierre \u00e0 la fois tonique et apaisante, de l'int\u00e9rieur vers l'ext\u00e9rieur.\",\"breadcrumb\":{\"@id\":\"https:\/\/reiki53.fr\/mineraux\/produit\/bracelet-jaspe-dalmatien-8mm\/#breadcrumb\"},\"inLanguage\":\"fr-FR\",\"potentialAction\":[{\"@type\":\"ReadAction\",\"target\":[\"https:\/\/reiki53.fr\/mineraux\/produit\/bracelet-jaspe-dalmatien-8mm\/\"]}]},{\"@type\":\"ImageObject\",\"inLanguage\":\"fr-FR\",\"@id\":\"https:\/\/reiki53.fr\/mineraux\/produit\/bracelet-jaspe-dalmatien-8mm\/#primaryimage\",\"url\":\"https:\/\/reiki53.fr\/mineraux\/wp-content\/uploads\/2020\/04\/bracelet-jaspe-dalmatien.jpg\",\"contentUrl\":\"https:\/\/reiki53.fr\/mineraux\/wp-content\/uploads\/2020\/04\/bracelet-jaspe-dalmatien.jpg\",\"width\":838,\"height\":838,\"caption\":\"Bracelet Jaspe Dalmatien - 6mm\"},{\"@type\":\"BreadcrumbList\",\"@id\":\"https:\/\/reiki53.fr\/mineraux\/produit\/bracelet-jaspe-dalmatien-8mm\/#breadcrumb\",\"itemListElement\":[{\"@type\":\"ListItem\",\"position\":1,\"name\":\"Accueil\",\"item\":\"https:\/\/reiki53.fr\/mineraux\/\"},{\"@type\":\"ListItem\",\"position\":2,\"name\":\"Boutique\",\"item\":\"https:\/\/reiki53.fr\/mineraux\/boutique\/\"},{\"@type\":\"ListItem\",\"position\":3,\"name\":\"Bracelet Jaspe Dalmatien &#8211; 8mm\"}]},{\"@type\":\"WebSite\",\"@id\":\"https:\/\/reiki53.fr\/mineraux\/#website\",\"url\":\"https:\/\/reiki53.fr\/mineraux\/\",\"name\":\"AGAPANTHE MIN\u00c9RAUX\",\"description\":\"Magasin physique \u00e0 Laval (53)\",\"publisher\":{\"@id\":\"https:\/\/reiki53.fr\/mineraux\/#organization\"},\"potentialAction\":[{\"@type\":\"SearchAction\",\"target\":{\"@type\":\"EntryPoint\",\"urlTemplate\":\"https:\/\/reiki53.fr\/mineraux\/?s={search_term_string}\"},\"query-input\":{\"@type\":\"PropertyValueSpecification\",\"valueRequired\":true,\"valueName\":\"search_term_string\"}}],\"inLanguage\":\"fr-FR\"},{\"@type\":\"Organization\",\"@id\":\"https:\/\/reiki53.fr\/mineraux\/#organization\",\"name\":\"OLVB SAS\",\"url\":\"https:\/\/reiki53.fr\/mineraux\/\",\"logo\":{\"@type\":\"ImageObject\",\"inLanguage\":\"fr-FR\",\"@id\":\"https:\/\/reiki53.fr\/mineraux\/#\/schema\/logo\/image\/\",\"url\":\"https:\/\/reiki53.fr\/mineraux\/wp-content\/uploads\/2020\/04\/AGAPANTHE-MINERAUX-Logo-petit.png\",\"contentUrl\":\"https:\/\/reiki53.fr\/mineraux\/wp-content\/uploads\/2020\/04\/AGAPANTHE-MINERAUX-Logo-petit.png\",\"width\":160,\"height\":160,\"caption\":\"OLVB SAS\"},\"image\":{\"@id\":\"https:\/\/reiki53.fr\/mineraux\/#\/schema\/logo\/image\/\"}}]}<\/script>\n<!-- \/ Yoast SEO plugin. -->","yoast_head_json":{"title":"Bracelet Jaspe Dalmatien - 8mm - AGAPANTHE MIN\u00c9RAUX","description":"Le jaspe dalmatien, est une pierre d'\u00e9quilibre : de yin & de yang. Pierre \u00e0 la fois tonique et apaisante, de l'int\u00e9rieur vers l'ext\u00e9rieur.","robots":{"index":"index","follow":"follow","max-snippet":"max-snippet:-1","max-image-preview":"max-image-preview:large","max-video-preview":"max-video-preview:-1"},"canonical":"https:\/\/reiki53.fr\/mineraux\/produit\/bracelet-jaspe-dalmatien-8mm\/","og_locale":"fr_FR","og_type":"article","og_title":"Bracelet Jaspe Dalmatien - 8mm - AGAPANTHE MIN\u00c9RAUX","og_description":"Le jaspe dalmatien, est une pierre d'\u00e9quilibre : de yin & de yang. Pierre \u00e0 la fois tonique et apaisante, de l'int\u00e9rieur vers l'ext\u00e9rieur.","og_url":"https:\/\/reiki53.fr\/mineraux\/produit\/bracelet-jaspe-dalmatien-8mm\/","og_site_name":"AGAPANTHE MIN\u00c9RAUX","article_modified_time":"2023-07-31T11:55:30+00:00","og_image":[{"width":838,"height":838,"url":"https:\/\/reiki53.fr\/mineraux\/wp-content\/uploads\/2020\/04\/bracelet-jaspe-dalmatien.jpg","type":"image\/jpeg"}],"twitter_card":"summary_large_image","schema":{"@context":"https:\/\/schema.org","@graph":[{"@type":"WebPage","@id":"https:\/\/reiki53.fr\/mineraux\/produit\/bracelet-jaspe-dalmatien-8mm\/","url":"https:\/\/reiki53.fr\/mineraux\/produit\/bracelet-jaspe-dalmatien-8mm\/","name":"Bracelet Jaspe Dalmatien - 8mm - AGAPANTHE MIN\u00c9RAUX","isPartOf":{"@id":"https:\/\/reiki53.fr\/mineraux\/#website"},"primaryImageOfPage":{"@id":"https:\/\/reiki53.fr\/mineraux\/produit\/bracelet-jaspe-dalmatien-8mm\/#primaryimage"},"image":{"@id":"https:\/\/reiki53.fr\/mineraux\/produit\/bracelet-jaspe-dalmatien-8mm\/#primaryimage"},"thumbnailUrl":"https:\/\/reiki53.fr\/mineraux\/wp-content\/uploads\/2020\/04\/bracelet-jaspe-dalmatien.jpg","datePublished":"2020-05-26T13:03:36+00:00","dateModified":"2023-07-31T11:55:30+00:00","description":"Le jaspe dalmatien, est une pierre d'\u00e9quilibre : de yin & de yang. Pierre \u00e0 la fois tonique et apaisante, de l'int\u00e9rieur vers l'ext\u00e9rieur.","breadcrumb":{"@id":"https:\/\/reiki53.fr\/mineraux\/produit\/bracelet-jaspe-dalmatien-8mm\/#breadcrumb"},"inLanguage":"fr-FR","potentialAction":[{"@type":"ReadAction","target":["https:\/\/reiki53.fr\/mineraux\/produit\/bracelet-jaspe-dalmatien-8mm\/"]}]},{"@type":"ImageObject","inLanguage":"fr-FR","@id":"https:\/\/reiki53.fr\/mineraux\/produit\/bracelet-jaspe-dalmatien-8mm\/#primaryimage","url":"https:\/\/reiki53.fr\/mineraux\/wp-content\/uploads\/2020\/04\/bracelet-jaspe-dalmatien.jpg","contentUrl":"https:\/\/reiki53.fr\/mineraux\/wp-content\/uploads\/2020\/04\/bracelet-jaspe-dalmatien.jpg","width":838,"height":838,"caption":"Bracelet Jaspe Dalmatien - 6mm"},{"@type":"BreadcrumbList","@id":"https:\/\/reiki53.fr\/mineraux\/produit\/bracelet-jaspe-dalmatien-8mm\/#breadcrumb","itemListElement":[{"@type":"ListItem","position":1,"name":"Accueil","item":"https:\/\/reiki53.fr\/mineraux\/"},{"@type":"ListItem","position":2,"name":"Boutique","item":"https:\/\/reiki53.fr\/mineraux\/boutique\/"},{"@type":"ListItem","position":3,"name":"Bracelet Jaspe Dalmatien &#8211; 8mm"}]},{"@type":"WebSite","@id":"https:\/\/reiki53.fr\/mineraux\/#website","url":"https:\/\/reiki53.fr\/mineraux\/","name":"AGAPANTHE MIN\u00c9RAUX","description":"Magasin physique \u00e0 Laval (53)","publisher":{"@id":"https:\/\/reiki53.fr\/mineraux\/#organization"},"potentialAction":[{"@type":"SearchAction","target":{"@type":"EntryPoint","urlTemplate":"https:\/\/reiki53.fr\/mineraux\/?s={search_term_string}"},"query-input":{"@type":"PropertyValueSpecification","valueRequired":true,"valueName":"search_term_string"}}],"inLanguage":"fr-FR"},{"@type":"Organization","@id":"https:\/\/reiki53.fr\/mineraux\/#organization","name":"OLVB SAS","url":"https:\/\/reiki53.fr\/mineraux\/","logo":{"@type":"ImageObject","inLanguage":"fr-FR","@id":"https:\/\/reiki53.fr\/mineraux\/#\/schema\/logo\/image\/","url":"https:\/\/reiki53.fr\/mineraux\/wp-content\/uploads\/2020\/04\/AGAPANTHE-MINERAUX-Logo-petit.png","contentUrl":"https:\/\/reiki53.fr\/mineraux\/wp-content\/uploads\/2020\/04\/AGAPANTHE-MINERAUX-Logo-petit.png","width":160,"height":160,"caption":"OLVB SAS"},"image":{"@id":"https:\/\/reiki53.fr\/mineraux\/#\/schema\/logo\/image\/"}}]}},"jetpack_sharing_enabled":true,"_links":{"self":[{"href":"https:\/\/reiki53.fr\/mineraux\/wp-json\/wp\/v2\/product\/1559","targetHints":{"allow":["GET"]}}],"collection":[{"href":"https:\/\/reiki53.fr\/mineraux\/wp-json\/wp\/v2\/product"}],"about":[{"href":"https:\/\/reiki53.fr\/mineraux\/wp-json\/wp\/v2\/types\/product"}],"replies":[{"embeddable":true,"href":"https:\/\/reiki53.fr\/mineraux\/wp-json\/wp\/v2\/comments?post=1559"}],"wp:featuredmedia":[{"embeddable":true,"href":"https:\/\/reiki53.fr\/mineraux\/wp-json\/wp\/v2\/media\/598"}],"wp:attachment":[{"href":"https:\/\/reiki53.fr\/mineraux\/wp-json\/wp\/v2\/media?parent=1559"}],"wp:term":[{"taxonomy":"product_brand","embeddable":true,"href":"https:\/\/reiki53.fr\/mineraux\/wp-json\/wp\/v2\/product_brand?post=1559"},{"taxonomy":"product_cat","embeddable":true,"href":"https:\/\/reiki53.fr\/mineraux\/wp-json\/wp\/v2\/product_cat?post=1559"},{"taxonomy":"product_tag","embeddable":true,"href":"https:\/\/reiki53.fr\/mineraux\/wp-json\/wp\/v2\/product_tag?post=1559"}],"curies":[{"name":"wp","href":"https:\/\/api.w.org\/{rel}","templated":true}]}}