{"id":1657,"date":"2020-10-31T16:04:12","date_gmt":"2020-10-31T15:04:12","guid":{"rendered":"https:\/\/reiki53.fr\/mineraux\/?post_type=product&#038;p=1657"},"modified":"2025-01-02T15:57:36","modified_gmt":"2025-01-02T14:57:36","slug":"chrysoprase-citron","status":"publish","type":"product","link":"https:\/\/reiki53.fr\/mineraux\/produit\/chrysoprase-citron\/","title":{"rendered":"Chrysoprase citron"},"content":{"rendered":"<p>Galet plat d&rsquo;environ 3 cm<\/p>\n<p>Le Chrysoprase citron est de la famille de la magn\u00e9site<span id=\"texte_description_fiche_produit\"><br \/>\n<\/span><\/p>\n<p>Comme l<span id=\"texte_description_fiche_produit\">a magn\u00e9site elle dynamise les chakras drainant spirituellement les graisses. <\/span><\/p>\n<p><span id=\"texte_description_fiche_produit\">La tonalit\u00e9 verte-jaune p\u00e2le de cette vari\u00e9t\u00e9 apporte douceur, bienveillance et estime de soi.<\/span><\/p>\n<p>C&rsquo;est la pierre du printemps, du renouveau, d&rsquo;un nouveau cycle de vie.<\/p>\n","protected":false},"excerpt":{"rendered":"<p>Les vertus sommaires de la Chrysoprase citron (chakras plexus solaire, c\u0153ur, gorge)<\/p>\n<ul>\n<li>Excellente pour les b\u00e9b\u00e9s<\/li>\n<li>Calme les peurs<\/li>\n<li>Stoppe les pens\u00e9es critiques<\/li>\n<li>Apporte bienveillance et estime de soi<\/li>\n<li><\/li>\n<\/ul>\n<p>Symbolique : maturation, m\u00e9tamorphose<\/p>\n<p>Signe astrologique de pr\u00e9dilection : Cancer, Balance<\/p>\n<p>Rechargement : amas de quartz (druse), soleil<\/p>\n","protected":false},"featured_media":1623,"comment_status":"open","ping_status":"closed","template":"","meta":[],"product_brand":[],"product_cat":[23,24],"product_tag":[531,43,44,527,530,549,41,42,528,40,525,524,46,523,45,529],"class_list":{"0":"post-1657","1":"product","2":"type-product","3":"status-publish","4":"has-post-thumbnail","6":"product_cat-mineraux","7":"product_cat-pierres-roulees","8":"product_tag-achat-de-mineraux","9":"product_tag-agapanthe-53","10":"product_tag-agapanthe-mineraux","11":"product_tag-boutique-de-mineraux","12":"product_tag-boutique-de-pierres-semi-precieuses","13":"product_tag-chrysoprase-citron","14":"product_tag-lithotherapie","15":"product_tag-lithotherapie-53","16":"product_tag-magasin-de-mineraux","17":"product_tag-mineraux","18":"product_tag-mineraux-53","19":"product_tag-mineraux-en-mayenne","20":"product_tag-mineraux-laval","21":"product_tag-pierre-semi-precieuse","22":"product_tag-pierres-naturelles","23":"product_tag-pierres-precieuses","25":"first","26":"instock","27":"taxable","28":"shipping-taxable","29":"purchasable","30":"product-type-simple"},"yoast_head":"<!-- This site is optimized with the Yoast SEO plugin v26.5 - https:\/\/yoast.com\/wordpress\/plugins\/seo\/ -->\n<title>Chrysoprase citron - AGAPANTHE MIN\u00c9RAUX<\/title>\n<meta name=\"description\" content=\"Le Chrysoprase citron est de la famille de la magn\u00e9site. La tonalit\u00e9 verte-jaune p\u00e2le de cette vari\u00e9t\u00e9 apporte douceur et estime de soi.\" \/>\n<meta name=\"robots\" content=\"index, follow, max-snippet:-1, max-image-preview:large, max-video-preview:-1\" \/>\n<link rel=\"canonical\" href=\"https:\/\/reiki53.fr\/mineraux\/produit\/chrysoprase-citron\/\" \/>\n<meta property=\"og:locale\" content=\"fr_FR\" \/>\n<meta property=\"og:type\" content=\"article\" \/>\n<meta property=\"og:title\" content=\"Chrysoprase citron - AGAPANTHE MIN\u00c9RAUX\" \/>\n<meta property=\"og:description\" content=\"Le Chrysoprase citron est de la famille de la magn\u00e9site. La tonalit\u00e9 verte-jaune p\u00e2le de cette vari\u00e9t\u00e9 apporte douceur et estime de soi.\" \/>\n<meta property=\"og:url\" content=\"https:\/\/reiki53.fr\/mineraux\/produit\/chrysoprase-citron\/\" \/>\n<meta property=\"og:site_name\" content=\"AGAPANTHE MIN\u00c9RAUX\" \/>\n<meta property=\"article:modified_time\" content=\"2025-01-02T14:57:36+00:00\" \/>\n<meta property=\"og:image\" content=\"https:\/\/reiki53.fr\/mineraux\/wp-content\/uploads\/2020\/10\/chysoprase-citron-agapanthe.jpg\" \/>\n\t<meta property=\"og:image:width\" content=\"780\" \/>\n\t<meta property=\"og:image:height\" content=\"780\" \/>\n\t<meta property=\"og:image:type\" content=\"image\/jpeg\" \/>\n<meta name=\"twitter:card\" content=\"summary_large_image\" \/>\n<script type=\"application\/ld+json\" class=\"yoast-schema-graph\">{\"@context\":\"https:\/\/schema.org\",\"@graph\":[{\"@type\":\"WebPage\",\"@id\":\"https:\/\/reiki53.fr\/mineraux\/produit\/chrysoprase-citron\/\",\"url\":\"https:\/\/reiki53.fr\/mineraux\/produit\/chrysoprase-citron\/\",\"name\":\"Chrysoprase citron - AGAPANTHE MIN\u00c9RAUX\",\"isPartOf\":{\"@id\":\"https:\/\/reiki53.fr\/mineraux\/#website\"},\"primaryImageOfPage\":{\"@id\":\"https:\/\/reiki53.fr\/mineraux\/produit\/chrysoprase-citron\/#primaryimage\"},\"image\":{\"@id\":\"https:\/\/reiki53.fr\/mineraux\/produit\/chrysoprase-citron\/#primaryimage\"},\"thumbnailUrl\":\"https:\/\/reiki53.fr\/mineraux\/wp-content\/uploads\/2020\/10\/chysoprase-citron-agapanthe.jpg\",\"datePublished\":\"2020-10-31T15:04:12+00:00\",\"dateModified\":\"2025-01-02T14:57:36+00:00\",\"description\":\"Le Chrysoprase citron est de la famille de la magn\u00e9site. La tonalit\u00e9 verte-jaune p\u00e2le de cette vari\u00e9t\u00e9 apporte douceur et estime de soi.\",\"breadcrumb\":{\"@id\":\"https:\/\/reiki53.fr\/mineraux\/produit\/chrysoprase-citron\/#breadcrumb\"},\"inLanguage\":\"fr-FR\",\"potentialAction\":[{\"@type\":\"ReadAction\",\"target\":[\"https:\/\/reiki53.fr\/mineraux\/produit\/chrysoprase-citron\/\"]}]},{\"@type\":\"ImageObject\",\"inLanguage\":\"fr-FR\",\"@id\":\"https:\/\/reiki53.fr\/mineraux\/produit\/chrysoprase-citron\/#primaryimage\",\"url\":\"https:\/\/reiki53.fr\/mineraux\/wp-content\/uploads\/2020\/10\/chysoprase-citron-agapanthe.jpg\",\"contentUrl\":\"https:\/\/reiki53.fr\/mineraux\/wp-content\/uploads\/2020\/10\/chysoprase-citron-agapanthe.jpg\",\"width\":780,\"height\":780,\"caption\":\"chysoprase citron agapanthe\"},{\"@type\":\"BreadcrumbList\",\"@id\":\"https:\/\/reiki53.fr\/mineraux\/produit\/chrysoprase-citron\/#breadcrumb\",\"itemListElement\":[{\"@type\":\"ListItem\",\"position\":1,\"name\":\"Accueil\",\"item\":\"https:\/\/reiki53.fr\/mineraux\/\"},{\"@type\":\"ListItem\",\"position\":2,\"name\":\"Boutique\",\"item\":\"https:\/\/reiki53.fr\/mineraux\/boutique\/\"},{\"@type\":\"ListItem\",\"position\":3,\"name\":\"Chrysoprase citron\"}]},{\"@type\":\"WebSite\",\"@id\":\"https:\/\/reiki53.fr\/mineraux\/#website\",\"url\":\"https:\/\/reiki53.fr\/mineraux\/\",\"name\":\"AGAPANTHE MIN\u00c9RAUX\",\"description\":\"Magasin physique \u00e0 Laval (53)\",\"publisher\":{\"@id\":\"https:\/\/reiki53.fr\/mineraux\/#organization\"},\"potentialAction\":[{\"@type\":\"SearchAction\",\"target\":{\"@type\":\"EntryPoint\",\"urlTemplate\":\"https:\/\/reiki53.fr\/mineraux\/?s={search_term_string}\"},\"query-input\":{\"@type\":\"PropertyValueSpecification\",\"valueRequired\":true,\"valueName\":\"search_term_string\"}}],\"inLanguage\":\"fr-FR\"},{\"@type\":\"Organization\",\"@id\":\"https:\/\/reiki53.fr\/mineraux\/#organization\",\"name\":\"OLVB SAS\",\"url\":\"https:\/\/reiki53.fr\/mineraux\/\",\"logo\":{\"@type\":\"ImageObject\",\"inLanguage\":\"fr-FR\",\"@id\":\"https:\/\/reiki53.fr\/mineraux\/#\/schema\/logo\/image\/\",\"url\":\"https:\/\/reiki53.fr\/mineraux\/wp-content\/uploads\/2020\/04\/AGAPANTHE-MINERAUX-Logo-petit.png\",\"contentUrl\":\"https:\/\/reiki53.fr\/mineraux\/wp-content\/uploads\/2020\/04\/AGAPANTHE-MINERAUX-Logo-petit.png\",\"width\":160,\"height\":160,\"caption\":\"OLVB SAS\"},\"image\":{\"@id\":\"https:\/\/reiki53.fr\/mineraux\/#\/schema\/logo\/image\/\"}}]}<\/script>\n<!-- \/ Yoast SEO plugin. -->","yoast_head_json":{"title":"Chrysoprase citron - AGAPANTHE MIN\u00c9RAUX","description":"Le Chrysoprase citron est de la famille de la magn\u00e9site. La tonalit\u00e9 verte-jaune p\u00e2le de cette vari\u00e9t\u00e9 apporte douceur et estime de soi.","robots":{"index":"index","follow":"follow","max-snippet":"max-snippet:-1","max-image-preview":"max-image-preview:large","max-video-preview":"max-video-preview:-1"},"canonical":"https:\/\/reiki53.fr\/mineraux\/produit\/chrysoprase-citron\/","og_locale":"fr_FR","og_type":"article","og_title":"Chrysoprase citron - AGAPANTHE MIN\u00c9RAUX","og_description":"Le Chrysoprase citron est de la famille de la magn\u00e9site. La tonalit\u00e9 verte-jaune p\u00e2le de cette vari\u00e9t\u00e9 apporte douceur et estime de soi.","og_url":"https:\/\/reiki53.fr\/mineraux\/produit\/chrysoprase-citron\/","og_site_name":"AGAPANTHE MIN\u00c9RAUX","article_modified_time":"2025-01-02T14:57:36+00:00","og_image":[{"width":780,"height":780,"url":"https:\/\/reiki53.fr\/mineraux\/wp-content\/uploads\/2020\/10\/chysoprase-citron-agapanthe.jpg","type":"image\/jpeg"}],"twitter_card":"summary_large_image","schema":{"@context":"https:\/\/schema.org","@graph":[{"@type":"WebPage","@id":"https:\/\/reiki53.fr\/mineraux\/produit\/chrysoprase-citron\/","url":"https:\/\/reiki53.fr\/mineraux\/produit\/chrysoprase-citron\/","name":"Chrysoprase citron - AGAPANTHE MIN\u00c9RAUX","isPartOf":{"@id":"https:\/\/reiki53.fr\/mineraux\/#website"},"primaryImageOfPage":{"@id":"https:\/\/reiki53.fr\/mineraux\/produit\/chrysoprase-citron\/#primaryimage"},"image":{"@id":"https:\/\/reiki53.fr\/mineraux\/produit\/chrysoprase-citron\/#primaryimage"},"thumbnailUrl":"https:\/\/reiki53.fr\/mineraux\/wp-content\/uploads\/2020\/10\/chysoprase-citron-agapanthe.jpg","datePublished":"2020-10-31T15:04:12+00:00","dateModified":"2025-01-02T14:57:36+00:00","description":"Le Chrysoprase citron est de la famille de la magn\u00e9site. La tonalit\u00e9 verte-jaune p\u00e2le de cette vari\u00e9t\u00e9 apporte douceur et estime de soi.","breadcrumb":{"@id":"https:\/\/reiki53.fr\/mineraux\/produit\/chrysoprase-citron\/#breadcrumb"},"inLanguage":"fr-FR","potentialAction":[{"@type":"ReadAction","target":["https:\/\/reiki53.fr\/mineraux\/produit\/chrysoprase-citron\/"]}]},{"@type":"ImageObject","inLanguage":"fr-FR","@id":"https:\/\/reiki53.fr\/mineraux\/produit\/chrysoprase-citron\/#primaryimage","url":"https:\/\/reiki53.fr\/mineraux\/wp-content\/uploads\/2020\/10\/chysoprase-citron-agapanthe.jpg","contentUrl":"https:\/\/reiki53.fr\/mineraux\/wp-content\/uploads\/2020\/10\/chysoprase-citron-agapanthe.jpg","width":780,"height":780,"caption":"chysoprase citron agapanthe"},{"@type":"BreadcrumbList","@id":"https:\/\/reiki53.fr\/mineraux\/produit\/chrysoprase-citron\/#breadcrumb","itemListElement":[{"@type":"ListItem","position":1,"name":"Accueil","item":"https:\/\/reiki53.fr\/mineraux\/"},{"@type":"ListItem","position":2,"name":"Boutique","item":"https:\/\/reiki53.fr\/mineraux\/boutique\/"},{"@type":"ListItem","position":3,"name":"Chrysoprase citron"}]},{"@type":"WebSite","@id":"https:\/\/reiki53.fr\/mineraux\/#website","url":"https:\/\/reiki53.fr\/mineraux\/","name":"AGAPANTHE MIN\u00c9RAUX","description":"Magasin physique \u00e0 Laval (53)","publisher":{"@id":"https:\/\/reiki53.fr\/mineraux\/#organization"},"potentialAction":[{"@type":"SearchAction","target":{"@type":"EntryPoint","urlTemplate":"https:\/\/reiki53.fr\/mineraux\/?s={search_term_string}"},"query-input":{"@type":"PropertyValueSpecification","valueRequired":true,"valueName":"search_term_string"}}],"inLanguage":"fr-FR"},{"@type":"Organization","@id":"https:\/\/reiki53.fr\/mineraux\/#organization","name":"OLVB SAS","url":"https:\/\/reiki53.fr\/mineraux\/","logo":{"@type":"ImageObject","inLanguage":"fr-FR","@id":"https:\/\/reiki53.fr\/mineraux\/#\/schema\/logo\/image\/","url":"https:\/\/reiki53.fr\/mineraux\/wp-content\/uploads\/2020\/04\/AGAPANTHE-MINERAUX-Logo-petit.png","contentUrl":"https:\/\/reiki53.fr\/mineraux\/wp-content\/uploads\/2020\/04\/AGAPANTHE-MINERAUX-Logo-petit.png","width":160,"height":160,"caption":"OLVB SAS"},"image":{"@id":"https:\/\/reiki53.fr\/mineraux\/#\/schema\/logo\/image\/"}}]}},"jetpack_sharing_enabled":true,"_links":{"self":[{"href":"https:\/\/reiki53.fr\/mineraux\/wp-json\/wp\/v2\/product\/1657","targetHints":{"allow":["GET"]}}],"collection":[{"href":"https:\/\/reiki53.fr\/mineraux\/wp-json\/wp\/v2\/product"}],"about":[{"href":"https:\/\/reiki53.fr\/mineraux\/wp-json\/wp\/v2\/types\/product"}],"replies":[{"embeddable":true,"href":"https:\/\/reiki53.fr\/mineraux\/wp-json\/wp\/v2\/comments?post=1657"}],"wp:featuredmedia":[{"embeddable":true,"href":"https:\/\/reiki53.fr\/mineraux\/wp-json\/wp\/v2\/media\/1623"}],"wp:attachment":[{"href":"https:\/\/reiki53.fr\/mineraux\/wp-json\/wp\/v2\/media?parent=1657"}],"wp:term":[{"taxonomy":"product_brand","embeddable":true,"href":"https:\/\/reiki53.fr\/mineraux\/wp-json\/wp\/v2\/product_brand?post=1657"},{"taxonomy":"product_cat","embeddable":true,"href":"https:\/\/reiki53.fr\/mineraux\/wp-json\/wp\/v2\/product_cat?post=1657"},{"taxonomy":"product_tag","embeddable":true,"href":"https:\/\/reiki53.fr\/mineraux\/wp-json\/wp\/v2\/product_tag?post=1657"}],"curies":[{"name":"wp","href":"https:\/\/api.w.org\/{rel}","templated":true}]}}