{"id":1679,"date":"2020-11-01T14:29:01","date_gmt":"2020-11-01T13:29:01","guid":{"rendered":"https:\/\/reiki53.fr\/mineraux\/?post_type=product&#038;p=1679"},"modified":"2024-04-18T13:26:53","modified_gmt":"2024-04-18T11:26:53","slug":"pendule-cristal-de-roche","status":"publish","type":"product","link":"https:\/\/reiki53.fr\/mineraux\/produit\/pendule-cristal-de-roche\/","title":{"rendered":"Pendule Cristal de roche"},"content":{"rendered":"<p>Pendule en cristal de roche sephoroton<span id=\"texte_description_fiche_produit\"><\/span><\/p>\n<p>Le Cristal de roche est la pierre indispensable, elle fait partie des pierres de base essentielles.<\/p>\n<p>Pour les chamans am\u00e9rindiens c&rsquo;est une pierre sacr\u00e9e de sagesse et clairvoyance.<\/p>\n<p>Il active les chakras, fluidifie la circulation des \u00e9nergies, recentre et aligne nos corps subtils.<\/p>\n<p>C&rsquo;est un r\u00e9cepteur, \u00e9metteur, transformateur et amplificateur.<\/p>\n<p><span id=\"texte_description_fiche_produit\">Le cristal de roche incarne la perfection du monde mat\u00e9riel, align\u00e9 et connect\u00e9 sur la forme cosmique.<\/span><\/p>\n<p>&nbsp;<\/p>\n<p>\u2665Le cristal de roche est facile \u00e0 programmer et un amplificateur<\/p>\n<p>&nbsp;<\/p>\n","protected":false},"excerpt":{"rendered":"<p><strong>Pendule en Cristal de Roche pointe<\/strong><\/p>\n<p>Ce type de pendule est r\u00e9put\u00e9 pour sa pr\u00e9cision et l&rsquo;exactitude de ses r\u00e9ponses.<\/p>\n<p>Il convient aussi bien aux d\u00e9butants qu&rsquo;aux initi\u00e9s, il est suffisamment lourd pour quelqu&rsquo;un qui d\u00e9bute en radiesth\u00e9sie.<\/p>\n<p>Les pendules sont des outils divinatoires et de radiesth\u00e9sie soit la facult\u00e9 ou l&rsquo;art de percevoir \u00e0 travers cet instrument qui est un prolongement du bras, l&rsquo;intuition inconsciente que nous avons tous en nous ;<br \/>\net lui permettre de refaire surface de plus en plus<br \/>\nLes pendules sont des outils incontournables en \u00e9sot\u00e9risme et en sciences occultes.<\/p>\n<p>Ave ce pendule vous pourrez obtenir :<\/p>\n<ul>\n<li>Des r\u00e9ponses \u00e0 vos questions<\/li>\n<li>Emettre un champs vibratoire afin de r\u00e9aliser une action proche ou \u00e0 distance<\/li>\n<li>Faire un travail g\u00e9obiologique (trouver un champ magn\u00e9tique ou une source d&rsquo;eau)<\/li>\n<\/ul>\n<p>&nbsp;<\/p>\n","protected":false},"featured_media":1671,"comment_status":"open","ping_status":"closed","template":"","meta":[],"product_brand":[],"product_cat":[554,553],"product_tag":[531,43,44,527,530,105,106,41,42,528,40,525,524,46,558,559,560,523,45,529],"class_list":{"0":"post-1679","1":"product","2":"type-product","3":"status-publish","4":"has-post-thumbnail","6":"product_cat-esoterisme","7":"product_cat-pendules","8":"product_tag-achat-de-mineraux","9":"product_tag-agapanthe-53","10":"product_tag-agapanthe-mineraux","11":"product_tag-boutique-de-mineraux","12":"product_tag-boutique-de-pierres-semi-precieuses","13":"product_tag-cristal-de-roche","14":"product_tag-cristal-de-roche-mineraux","15":"product_tag-lithotherapie","16":"product_tag-lithotherapie-53","17":"product_tag-magasin-de-mineraux","18":"product_tag-mineraux","19":"product_tag-mineraux-53","20":"product_tag-mineraux-en-mayenne","21":"product_tag-mineraux-laval","22":"product_tag-pendule-cristal-de-roche","23":"product_tag-pendule-sephoroton","24":"product_tag-pendule-sephoroton-cristal-de-roche","25":"product_tag-pierre-semi-precieuse","26":"product_tag-pierres-naturelles","27":"product_tag-pierres-precieuses","29":"first","30":"instock","31":"taxable","32":"shipping-taxable","33":"purchasable","34":"product-type-simple"},"yoast_head":"<!-- This site is optimized with the Yoast SEO plugin v26.5 - https:\/\/yoast.com\/wordpress\/plugins\/seo\/ -->\n<title>Pendule Cristal de roche - AGAPANTHE MIN\u00c9RAUX<\/title>\n<meta name=\"description\" content=\"Le Cristal de roche est la pierre indispensable, pierres de base essentielles. Il active les chakras, fluidifie la circulation des \u00e9nergies.\" \/>\n<meta name=\"robots\" content=\"index, follow, max-snippet:-1, max-image-preview:large, max-video-preview:-1\" \/>\n<link rel=\"canonical\" href=\"https:\/\/reiki53.fr\/mineraux\/produit\/pendule-cristal-de-roche\/\" \/>\n<meta property=\"og:locale\" content=\"fr_FR\" \/>\n<meta property=\"og:type\" content=\"article\" \/>\n<meta property=\"og:title\" content=\"Pendule Cristal de roche - AGAPANTHE MIN\u00c9RAUX\" \/>\n<meta property=\"og:description\" content=\"Le Cristal de roche est la pierre indispensable, pierres de base essentielles. Il active les chakras, fluidifie la circulation des \u00e9nergies.\" \/>\n<meta property=\"og:url\" content=\"https:\/\/reiki53.fr\/mineraux\/produit\/pendule-cristal-de-roche\/\" \/>\n<meta property=\"og:site_name\" content=\"AGAPANTHE MIN\u00c9RAUX\" \/>\n<meta property=\"article:modified_time\" content=\"2024-04-18T11:26:53+00:00\" \/>\n<meta property=\"og:image\" content=\"https:\/\/reiki53.fr\/mineraux\/wp-content\/uploads\/2020\/11\/pendule-cristal-de-roche.jpg\" \/>\n\t<meta property=\"og:image:width\" content=\"780\" \/>\n\t<meta property=\"og:image:height\" content=\"780\" \/>\n\t<meta property=\"og:image:type\" content=\"image\/jpeg\" \/>\n<meta name=\"twitter:card\" content=\"summary_large_image\" \/>\n<meta name=\"twitter:label1\" content=\"Dur\u00e9e de lecture estim\u00e9e\" \/>\n\t<meta name=\"twitter:data1\" content=\"1 minute\" \/>\n<script type=\"application\/ld+json\" class=\"yoast-schema-graph\">{\"@context\":\"https:\/\/schema.org\",\"@graph\":[{\"@type\":\"WebPage\",\"@id\":\"https:\/\/reiki53.fr\/mineraux\/produit\/pendule-cristal-de-roche\/\",\"url\":\"https:\/\/reiki53.fr\/mineraux\/produit\/pendule-cristal-de-roche\/\",\"name\":\"Pendule Cristal de roche - AGAPANTHE MIN\u00c9RAUX\",\"isPartOf\":{\"@id\":\"https:\/\/reiki53.fr\/mineraux\/#website\"},\"primaryImageOfPage\":{\"@id\":\"https:\/\/reiki53.fr\/mineraux\/produit\/pendule-cristal-de-roche\/#primaryimage\"},\"image\":{\"@id\":\"https:\/\/reiki53.fr\/mineraux\/produit\/pendule-cristal-de-roche\/#primaryimage\"},\"thumbnailUrl\":\"https:\/\/reiki53.fr\/mineraux\/wp-content\/uploads\/2020\/11\/pendule-cristal-de-roche.jpg\",\"datePublished\":\"2020-11-01T13:29:01+00:00\",\"dateModified\":\"2024-04-18T11:26:53+00:00\",\"description\":\"Le Cristal de roche est la pierre indispensable, pierres de base essentielles. Il active les chakras, fluidifie la circulation des \u00e9nergies.\",\"breadcrumb\":{\"@id\":\"https:\/\/reiki53.fr\/mineraux\/produit\/pendule-cristal-de-roche\/#breadcrumb\"},\"inLanguage\":\"fr-FR\",\"potentialAction\":[{\"@type\":\"ReadAction\",\"target\":[\"https:\/\/reiki53.fr\/mineraux\/produit\/pendule-cristal-de-roche\/\"]}]},{\"@type\":\"ImageObject\",\"inLanguage\":\"fr-FR\",\"@id\":\"https:\/\/reiki53.fr\/mineraux\/produit\/pendule-cristal-de-roche\/#primaryimage\",\"url\":\"https:\/\/reiki53.fr\/mineraux\/wp-content\/uploads\/2020\/11\/pendule-cristal-de-roche.jpg\",\"contentUrl\":\"https:\/\/reiki53.fr\/mineraux\/wp-content\/uploads\/2020\/11\/pendule-cristal-de-roche.jpg\",\"width\":780,\"height\":780,\"caption\":\"pendule cristal de roche\"},{\"@type\":\"BreadcrumbList\",\"@id\":\"https:\/\/reiki53.fr\/mineraux\/produit\/pendule-cristal-de-roche\/#breadcrumb\",\"itemListElement\":[{\"@type\":\"ListItem\",\"position\":1,\"name\":\"Accueil\",\"item\":\"https:\/\/reiki53.fr\/mineraux\/\"},{\"@type\":\"ListItem\",\"position\":2,\"name\":\"Boutique\",\"item\":\"https:\/\/reiki53.fr\/mineraux\/boutique\/\"},{\"@type\":\"ListItem\",\"position\":3,\"name\":\"Pendule Cristal de roche\"}]},{\"@type\":\"WebSite\",\"@id\":\"https:\/\/reiki53.fr\/mineraux\/#website\",\"url\":\"https:\/\/reiki53.fr\/mineraux\/\",\"name\":\"AGAPANTHE MIN\u00c9RAUX\",\"description\":\"Magasin physique \u00e0 Laval (53)\",\"publisher\":{\"@id\":\"https:\/\/reiki53.fr\/mineraux\/#organization\"},\"potentialAction\":[{\"@type\":\"SearchAction\",\"target\":{\"@type\":\"EntryPoint\",\"urlTemplate\":\"https:\/\/reiki53.fr\/mineraux\/?s={search_term_string}\"},\"query-input\":{\"@type\":\"PropertyValueSpecification\",\"valueRequired\":true,\"valueName\":\"search_term_string\"}}],\"inLanguage\":\"fr-FR\"},{\"@type\":\"Organization\",\"@id\":\"https:\/\/reiki53.fr\/mineraux\/#organization\",\"name\":\"OLVB SAS\",\"url\":\"https:\/\/reiki53.fr\/mineraux\/\",\"logo\":{\"@type\":\"ImageObject\",\"inLanguage\":\"fr-FR\",\"@id\":\"https:\/\/reiki53.fr\/mineraux\/#\/schema\/logo\/image\/\",\"url\":\"https:\/\/reiki53.fr\/mineraux\/wp-content\/uploads\/2020\/04\/AGAPANTHE-MINERAUX-Logo-petit.png\",\"contentUrl\":\"https:\/\/reiki53.fr\/mineraux\/wp-content\/uploads\/2020\/04\/AGAPANTHE-MINERAUX-Logo-petit.png\",\"width\":160,\"height\":160,\"caption\":\"OLVB SAS\"},\"image\":{\"@id\":\"https:\/\/reiki53.fr\/mineraux\/#\/schema\/logo\/image\/\"}}]}<\/script>\n<!-- \/ Yoast SEO plugin. -->","yoast_head_json":{"title":"Pendule Cristal de roche - AGAPANTHE MIN\u00c9RAUX","description":"Le Cristal de roche est la pierre indispensable, pierres de base essentielles. Il active les chakras, fluidifie la circulation des \u00e9nergies.","robots":{"index":"index","follow":"follow","max-snippet":"max-snippet:-1","max-image-preview":"max-image-preview:large","max-video-preview":"max-video-preview:-1"},"canonical":"https:\/\/reiki53.fr\/mineraux\/produit\/pendule-cristal-de-roche\/","og_locale":"fr_FR","og_type":"article","og_title":"Pendule Cristal de roche - AGAPANTHE MIN\u00c9RAUX","og_description":"Le Cristal de roche est la pierre indispensable, pierres de base essentielles. Il active les chakras, fluidifie la circulation des \u00e9nergies.","og_url":"https:\/\/reiki53.fr\/mineraux\/produit\/pendule-cristal-de-roche\/","og_site_name":"AGAPANTHE MIN\u00c9RAUX","article_modified_time":"2024-04-18T11:26:53+00:00","og_image":[{"width":780,"height":780,"url":"https:\/\/reiki53.fr\/mineraux\/wp-content\/uploads\/2020\/11\/pendule-cristal-de-roche.jpg","type":"image\/jpeg"}],"twitter_card":"summary_large_image","twitter_misc":{"Dur\u00e9e de lecture estim\u00e9e":"1 minute"},"schema":{"@context":"https:\/\/schema.org","@graph":[{"@type":"WebPage","@id":"https:\/\/reiki53.fr\/mineraux\/produit\/pendule-cristal-de-roche\/","url":"https:\/\/reiki53.fr\/mineraux\/produit\/pendule-cristal-de-roche\/","name":"Pendule Cristal de roche - AGAPANTHE MIN\u00c9RAUX","isPartOf":{"@id":"https:\/\/reiki53.fr\/mineraux\/#website"},"primaryImageOfPage":{"@id":"https:\/\/reiki53.fr\/mineraux\/produit\/pendule-cristal-de-roche\/#primaryimage"},"image":{"@id":"https:\/\/reiki53.fr\/mineraux\/produit\/pendule-cristal-de-roche\/#primaryimage"},"thumbnailUrl":"https:\/\/reiki53.fr\/mineraux\/wp-content\/uploads\/2020\/11\/pendule-cristal-de-roche.jpg","datePublished":"2020-11-01T13:29:01+00:00","dateModified":"2024-04-18T11:26:53+00:00","description":"Le Cristal de roche est la pierre indispensable, pierres de base essentielles. Il active les chakras, fluidifie la circulation des \u00e9nergies.","breadcrumb":{"@id":"https:\/\/reiki53.fr\/mineraux\/produit\/pendule-cristal-de-roche\/#breadcrumb"},"inLanguage":"fr-FR","potentialAction":[{"@type":"ReadAction","target":["https:\/\/reiki53.fr\/mineraux\/produit\/pendule-cristal-de-roche\/"]}]},{"@type":"ImageObject","inLanguage":"fr-FR","@id":"https:\/\/reiki53.fr\/mineraux\/produit\/pendule-cristal-de-roche\/#primaryimage","url":"https:\/\/reiki53.fr\/mineraux\/wp-content\/uploads\/2020\/11\/pendule-cristal-de-roche.jpg","contentUrl":"https:\/\/reiki53.fr\/mineraux\/wp-content\/uploads\/2020\/11\/pendule-cristal-de-roche.jpg","width":780,"height":780,"caption":"pendule cristal de roche"},{"@type":"BreadcrumbList","@id":"https:\/\/reiki53.fr\/mineraux\/produit\/pendule-cristal-de-roche\/#breadcrumb","itemListElement":[{"@type":"ListItem","position":1,"name":"Accueil","item":"https:\/\/reiki53.fr\/mineraux\/"},{"@type":"ListItem","position":2,"name":"Boutique","item":"https:\/\/reiki53.fr\/mineraux\/boutique\/"},{"@type":"ListItem","position":3,"name":"Pendule Cristal de roche"}]},{"@type":"WebSite","@id":"https:\/\/reiki53.fr\/mineraux\/#website","url":"https:\/\/reiki53.fr\/mineraux\/","name":"AGAPANTHE MIN\u00c9RAUX","description":"Magasin physique \u00e0 Laval (53)","publisher":{"@id":"https:\/\/reiki53.fr\/mineraux\/#organization"},"potentialAction":[{"@type":"SearchAction","target":{"@type":"EntryPoint","urlTemplate":"https:\/\/reiki53.fr\/mineraux\/?s={search_term_string}"},"query-input":{"@type":"PropertyValueSpecification","valueRequired":true,"valueName":"search_term_string"}}],"inLanguage":"fr-FR"},{"@type":"Organization","@id":"https:\/\/reiki53.fr\/mineraux\/#organization","name":"OLVB SAS","url":"https:\/\/reiki53.fr\/mineraux\/","logo":{"@type":"ImageObject","inLanguage":"fr-FR","@id":"https:\/\/reiki53.fr\/mineraux\/#\/schema\/logo\/image\/","url":"https:\/\/reiki53.fr\/mineraux\/wp-content\/uploads\/2020\/04\/AGAPANTHE-MINERAUX-Logo-petit.png","contentUrl":"https:\/\/reiki53.fr\/mineraux\/wp-content\/uploads\/2020\/04\/AGAPANTHE-MINERAUX-Logo-petit.png","width":160,"height":160,"caption":"OLVB SAS"},"image":{"@id":"https:\/\/reiki53.fr\/mineraux\/#\/schema\/logo\/image\/"}}]}},"jetpack_sharing_enabled":true,"_links":{"self":[{"href":"https:\/\/reiki53.fr\/mineraux\/wp-json\/wp\/v2\/product\/1679","targetHints":{"allow":["GET"]}}],"collection":[{"href":"https:\/\/reiki53.fr\/mineraux\/wp-json\/wp\/v2\/product"}],"about":[{"href":"https:\/\/reiki53.fr\/mineraux\/wp-json\/wp\/v2\/types\/product"}],"replies":[{"embeddable":true,"href":"https:\/\/reiki53.fr\/mineraux\/wp-json\/wp\/v2\/comments?post=1679"}],"wp:featuredmedia":[{"embeddable":true,"href":"https:\/\/reiki53.fr\/mineraux\/wp-json\/wp\/v2\/media\/1671"}],"wp:attachment":[{"href":"https:\/\/reiki53.fr\/mineraux\/wp-json\/wp\/v2\/media?parent=1679"}],"wp:term":[{"taxonomy":"product_brand","embeddable":true,"href":"https:\/\/reiki53.fr\/mineraux\/wp-json\/wp\/v2\/product_brand?post=1679"},{"taxonomy":"product_cat","embeddable":true,"href":"https:\/\/reiki53.fr\/mineraux\/wp-json\/wp\/v2\/product_cat?post=1679"},{"taxonomy":"product_tag","embeddable":true,"href":"https:\/\/reiki53.fr\/mineraux\/wp-json\/wp\/v2\/product_tag?post=1679"}],"curies":[{"name":"wp","href":"https:\/\/api.w.org\/{rel}","templated":true}]}}