{"id":1683,"date":"2020-11-01T14:52:56","date_gmt":"2020-11-01T13:52:56","guid":{"rendered":"https:\/\/reiki53.fr\/mineraux\/?post_type=product&#038;p=1683"},"modified":"2022-03-08T14:51:42","modified_gmt":"2022-03-08T13:51:42","slug":"pendule-jaspe-rouge","status":"publish","type":"product","link":"https:\/\/reiki53.fr\/mineraux\/produit\/pendule-jaspe-rouge\/","title":{"rendered":"Pendule Jaspe rouge"},"content":{"rendered":"<p><span id=\"texte_description_fiche_produit\"><span class=\"texte_catalogue\">Pendule en Jaspe rouge<br \/>\n<\/span><\/span><\/p>\n<p><span id=\"texte_description_fiche_produit\"><strong> Le jaspe rouge<\/strong>, symbole de la renaissance, est une pierre d\u2019action et d\u2019initiative, id\u00e9ale pour ceux qui concr\u00e9tisent un projet. <\/span><\/p>\n<p><span id=\"texte_description_fiche_produit\">Il dynamise en douceur le chakra racine et sacr\u00e9 en leur apportant une nouvelle jeunesse.\u00a0 <\/span><\/p>\n<p><span id=\"texte_description_fiche_produit\">Sur le plan psychique, il nous r\u00e9conforte dans les situations difficiles. <\/span><\/p>\n<p><span id=\"texte_description_fiche_produit\">Pierre d\u2019ancrage.<\/span><\/p>\n<p>&nbsp;<\/p>\n<p>&nbsp;<\/p>\n","protected":false},"excerpt":{"rendered":"<p><strong>Pendule en Jaspe Rouge sephoroton<\/strong><\/p>\n<p>Ce type de pendule est r\u00e9put\u00e9 pour sa pr\u00e9cision et l&rsquo;exactitude de ses r\u00e9ponses.<\/p>\n<p>Il convient aussi bien aux d\u00e9butants qu&rsquo;aux initi\u00e9s, il est suffisamment lourd pour quelqu&rsquo;un qui d\u00e9bute en radiesth\u00e9sie.<\/p>\n<p>Les pendules sont des outils divinatoires et de radiesth\u00e9sie soit la facult\u00e9 ou l&rsquo;art de percevoir \u00e0 travers cet instrument qui est un prolongement du bras, l&rsquo;intuition inconsciente que nous avons tous en nous ;<br \/>\net lui permettre de refaire surface de plus en plus<br \/>\nLes pendules sont des outils incontournables en \u00e9sot\u00e9risme et en sciences occultes.<\/p>\n<p>Ave ce pendule vous pourrez obtenir :<\/p>\n<ul>\n<li>Des r\u00e9ponses \u00e0 vos questions<\/li>\n<li>\u00c9mettre un champ vibratoire afin de r\u00e9aliser une action proche ou \u00e0 distance<\/li>\n<li>Faire un travail g\u00e9obiologique (trouver un champ magn\u00e9tique ou une source d&rsquo;eau)<\/li>\n<\/ul>\n","protected":false},"featured_media":1675,"comment_status":"open","ping_status":"closed","template":"","meta":[],"product_brand":[],"product_cat":[554,553],"product_tag":[531,43,44,527,530,127,129,128,41,42,528,40,525,524,46,562,523,45,529],"class_list":{"0":"post-1683","1":"product","2":"type-product","3":"status-publish","4":"has-post-thumbnail","6":"product_cat-esoterisme","7":"product_cat-pendules","8":"product_tag-achat-de-mineraux","9":"product_tag-agapanthe-53","10":"product_tag-agapanthe-mineraux","11":"product_tag-boutique-de-mineraux","12":"product_tag-boutique-de-pierres-semi-precieuses","13":"product_tag-jaspe","14":"product_tag-jaspe-mineraux","15":"product_tag-jaspe-rouge","16":"product_tag-lithotherapie","17":"product_tag-lithotherapie-53","18":"product_tag-magasin-de-mineraux","19":"product_tag-mineraux","20":"product_tag-mineraux-53","21":"product_tag-mineraux-en-mayenne","22":"product_tag-mineraux-laval","23":"product_tag-pendule-jaspe-rouge","24":"product_tag-pierre-semi-precieuse","25":"product_tag-pierres-naturelles","26":"product_tag-pierres-precieuses","28":"first","29":"instock","30":"taxable","31":"shipping-taxable","32":"purchasable","33":"product-type-simple"},"yoast_head":"<!-- This site is optimized with the Yoast SEO plugin v26.5 - https:\/\/yoast.com\/wordpress\/plugins\/seo\/ -->\n<title>Pendule Jaspe rouge - AGAPANTHE MIN\u00c9RAUX<\/title>\n<meta name=\"description\" content=\"Le jaspe rouge, symbole de la renaissance, est une pierre d\u2019action et d\u2019initiative, id\u00e9alepour ceux qui concr\u00e9tisent un projet.\" \/>\n<meta name=\"robots\" content=\"index, follow, max-snippet:-1, max-image-preview:large, max-video-preview:-1\" \/>\n<link rel=\"canonical\" href=\"https:\/\/reiki53.fr\/mineraux\/produit\/pendule-jaspe-rouge\/\" \/>\n<meta property=\"og:locale\" content=\"fr_FR\" \/>\n<meta property=\"og:type\" content=\"article\" \/>\n<meta property=\"og:title\" content=\"Pendule Jaspe rouge - AGAPANTHE MIN\u00c9RAUX\" \/>\n<meta property=\"og:description\" content=\"Le jaspe rouge, symbole de la renaissance, est une pierre d\u2019action et d\u2019initiative, id\u00e9alepour ceux qui concr\u00e9tisent un projet.\" \/>\n<meta property=\"og:url\" content=\"https:\/\/reiki53.fr\/mineraux\/produit\/pendule-jaspe-rouge\/\" \/>\n<meta property=\"og:site_name\" content=\"AGAPANTHE MIN\u00c9RAUX\" \/>\n<meta property=\"article:modified_time\" content=\"2022-03-08T13:51:42+00:00\" \/>\n<meta property=\"og:image\" content=\"https:\/\/reiki53.fr\/mineraux\/wp-content\/uploads\/2020\/11\/pendule-jaspe-rouge.jpg\" \/>\n\t<meta property=\"og:image:width\" content=\"558\" \/>\n\t<meta property=\"og:image:height\" content=\"522\" \/>\n\t<meta property=\"og:image:type\" content=\"image\/jpeg\" \/>\n<meta name=\"twitter:card\" content=\"summary_large_image\" \/>\n<script type=\"application\/ld+json\" class=\"yoast-schema-graph\">{\"@context\":\"https:\/\/schema.org\",\"@graph\":[{\"@type\":\"WebPage\",\"@id\":\"https:\/\/reiki53.fr\/mineraux\/produit\/pendule-jaspe-rouge\/\",\"url\":\"https:\/\/reiki53.fr\/mineraux\/produit\/pendule-jaspe-rouge\/\",\"name\":\"Pendule Jaspe rouge - AGAPANTHE MIN\u00c9RAUX\",\"isPartOf\":{\"@id\":\"https:\/\/reiki53.fr\/mineraux\/#website\"},\"primaryImageOfPage\":{\"@id\":\"https:\/\/reiki53.fr\/mineraux\/produit\/pendule-jaspe-rouge\/#primaryimage\"},\"image\":{\"@id\":\"https:\/\/reiki53.fr\/mineraux\/produit\/pendule-jaspe-rouge\/#primaryimage\"},\"thumbnailUrl\":\"https:\/\/reiki53.fr\/mineraux\/wp-content\/uploads\/2020\/11\/pendule-jaspe-rouge.jpg\",\"datePublished\":\"2020-11-01T13:52:56+00:00\",\"dateModified\":\"2022-03-08T13:51:42+00:00\",\"description\":\"Le jaspe rouge, symbole de la renaissance, est une pierre d\u2019action et d\u2019initiative, id\u00e9alepour ceux qui concr\u00e9tisent un projet.\",\"breadcrumb\":{\"@id\":\"https:\/\/reiki53.fr\/mineraux\/produit\/pendule-jaspe-rouge\/#breadcrumb\"},\"inLanguage\":\"fr-FR\",\"potentialAction\":[{\"@type\":\"ReadAction\",\"target\":[\"https:\/\/reiki53.fr\/mineraux\/produit\/pendule-jaspe-rouge\/\"]}]},{\"@type\":\"ImageObject\",\"inLanguage\":\"fr-FR\",\"@id\":\"https:\/\/reiki53.fr\/mineraux\/produit\/pendule-jaspe-rouge\/#primaryimage\",\"url\":\"https:\/\/reiki53.fr\/mineraux\/wp-content\/uploads\/2020\/11\/pendule-jaspe-rouge.jpg\",\"contentUrl\":\"https:\/\/reiki53.fr\/mineraux\/wp-content\/uploads\/2020\/11\/pendule-jaspe-rouge.jpg\",\"width\":558,\"height\":522,\"caption\":\"pendule jaspe rouge\"},{\"@type\":\"BreadcrumbList\",\"@id\":\"https:\/\/reiki53.fr\/mineraux\/produit\/pendule-jaspe-rouge\/#breadcrumb\",\"itemListElement\":[{\"@type\":\"ListItem\",\"position\":1,\"name\":\"Accueil\",\"item\":\"https:\/\/reiki53.fr\/mineraux\/\"},{\"@type\":\"ListItem\",\"position\":2,\"name\":\"Boutique\",\"item\":\"https:\/\/reiki53.fr\/mineraux\/boutique\/\"},{\"@type\":\"ListItem\",\"position\":3,\"name\":\"Pendule Jaspe rouge\"}]},{\"@type\":\"WebSite\",\"@id\":\"https:\/\/reiki53.fr\/mineraux\/#website\",\"url\":\"https:\/\/reiki53.fr\/mineraux\/\",\"name\":\"AGAPANTHE MIN\u00c9RAUX\",\"description\":\"Magasin physique \u00e0 Laval (53)\",\"publisher\":{\"@id\":\"https:\/\/reiki53.fr\/mineraux\/#organization\"},\"potentialAction\":[{\"@type\":\"SearchAction\",\"target\":{\"@type\":\"EntryPoint\",\"urlTemplate\":\"https:\/\/reiki53.fr\/mineraux\/?s={search_term_string}\"},\"query-input\":{\"@type\":\"PropertyValueSpecification\",\"valueRequired\":true,\"valueName\":\"search_term_string\"}}],\"inLanguage\":\"fr-FR\"},{\"@type\":\"Organization\",\"@id\":\"https:\/\/reiki53.fr\/mineraux\/#organization\",\"name\":\"OLVB SAS\",\"url\":\"https:\/\/reiki53.fr\/mineraux\/\",\"logo\":{\"@type\":\"ImageObject\",\"inLanguage\":\"fr-FR\",\"@id\":\"https:\/\/reiki53.fr\/mineraux\/#\/schema\/logo\/image\/\",\"url\":\"https:\/\/reiki53.fr\/mineraux\/wp-content\/uploads\/2020\/04\/AGAPANTHE-MINERAUX-Logo-petit.png\",\"contentUrl\":\"https:\/\/reiki53.fr\/mineraux\/wp-content\/uploads\/2020\/04\/AGAPANTHE-MINERAUX-Logo-petit.png\",\"width\":160,\"height\":160,\"caption\":\"OLVB SAS\"},\"image\":{\"@id\":\"https:\/\/reiki53.fr\/mineraux\/#\/schema\/logo\/image\/\"}}]}<\/script>\n<!-- \/ Yoast SEO plugin. -->","yoast_head_json":{"title":"Pendule Jaspe rouge - AGAPANTHE MIN\u00c9RAUX","description":"Le jaspe rouge, symbole de la renaissance, est une pierre d\u2019action et d\u2019initiative, id\u00e9alepour ceux qui concr\u00e9tisent un projet.","robots":{"index":"index","follow":"follow","max-snippet":"max-snippet:-1","max-image-preview":"max-image-preview:large","max-video-preview":"max-video-preview:-1"},"canonical":"https:\/\/reiki53.fr\/mineraux\/produit\/pendule-jaspe-rouge\/","og_locale":"fr_FR","og_type":"article","og_title":"Pendule Jaspe rouge - AGAPANTHE MIN\u00c9RAUX","og_description":"Le jaspe rouge, symbole de la renaissance, est une pierre d\u2019action et d\u2019initiative, id\u00e9alepour ceux qui concr\u00e9tisent un projet.","og_url":"https:\/\/reiki53.fr\/mineraux\/produit\/pendule-jaspe-rouge\/","og_site_name":"AGAPANTHE MIN\u00c9RAUX","article_modified_time":"2022-03-08T13:51:42+00:00","og_image":[{"width":558,"height":522,"url":"https:\/\/reiki53.fr\/mineraux\/wp-content\/uploads\/2020\/11\/pendule-jaspe-rouge.jpg","type":"image\/jpeg"}],"twitter_card":"summary_large_image","schema":{"@context":"https:\/\/schema.org","@graph":[{"@type":"WebPage","@id":"https:\/\/reiki53.fr\/mineraux\/produit\/pendule-jaspe-rouge\/","url":"https:\/\/reiki53.fr\/mineraux\/produit\/pendule-jaspe-rouge\/","name":"Pendule Jaspe rouge - AGAPANTHE MIN\u00c9RAUX","isPartOf":{"@id":"https:\/\/reiki53.fr\/mineraux\/#website"},"primaryImageOfPage":{"@id":"https:\/\/reiki53.fr\/mineraux\/produit\/pendule-jaspe-rouge\/#primaryimage"},"image":{"@id":"https:\/\/reiki53.fr\/mineraux\/produit\/pendule-jaspe-rouge\/#primaryimage"},"thumbnailUrl":"https:\/\/reiki53.fr\/mineraux\/wp-content\/uploads\/2020\/11\/pendule-jaspe-rouge.jpg","datePublished":"2020-11-01T13:52:56+00:00","dateModified":"2022-03-08T13:51:42+00:00","description":"Le jaspe rouge, symbole de la renaissance, est une pierre d\u2019action et d\u2019initiative, id\u00e9alepour ceux qui concr\u00e9tisent un projet.","breadcrumb":{"@id":"https:\/\/reiki53.fr\/mineraux\/produit\/pendule-jaspe-rouge\/#breadcrumb"},"inLanguage":"fr-FR","potentialAction":[{"@type":"ReadAction","target":["https:\/\/reiki53.fr\/mineraux\/produit\/pendule-jaspe-rouge\/"]}]},{"@type":"ImageObject","inLanguage":"fr-FR","@id":"https:\/\/reiki53.fr\/mineraux\/produit\/pendule-jaspe-rouge\/#primaryimage","url":"https:\/\/reiki53.fr\/mineraux\/wp-content\/uploads\/2020\/11\/pendule-jaspe-rouge.jpg","contentUrl":"https:\/\/reiki53.fr\/mineraux\/wp-content\/uploads\/2020\/11\/pendule-jaspe-rouge.jpg","width":558,"height":522,"caption":"pendule jaspe rouge"},{"@type":"BreadcrumbList","@id":"https:\/\/reiki53.fr\/mineraux\/produit\/pendule-jaspe-rouge\/#breadcrumb","itemListElement":[{"@type":"ListItem","position":1,"name":"Accueil","item":"https:\/\/reiki53.fr\/mineraux\/"},{"@type":"ListItem","position":2,"name":"Boutique","item":"https:\/\/reiki53.fr\/mineraux\/boutique\/"},{"@type":"ListItem","position":3,"name":"Pendule Jaspe rouge"}]},{"@type":"WebSite","@id":"https:\/\/reiki53.fr\/mineraux\/#website","url":"https:\/\/reiki53.fr\/mineraux\/","name":"AGAPANTHE MIN\u00c9RAUX","description":"Magasin physique \u00e0 Laval (53)","publisher":{"@id":"https:\/\/reiki53.fr\/mineraux\/#organization"},"potentialAction":[{"@type":"SearchAction","target":{"@type":"EntryPoint","urlTemplate":"https:\/\/reiki53.fr\/mineraux\/?s={search_term_string}"},"query-input":{"@type":"PropertyValueSpecification","valueRequired":true,"valueName":"search_term_string"}}],"inLanguage":"fr-FR"},{"@type":"Organization","@id":"https:\/\/reiki53.fr\/mineraux\/#organization","name":"OLVB SAS","url":"https:\/\/reiki53.fr\/mineraux\/","logo":{"@type":"ImageObject","inLanguage":"fr-FR","@id":"https:\/\/reiki53.fr\/mineraux\/#\/schema\/logo\/image\/","url":"https:\/\/reiki53.fr\/mineraux\/wp-content\/uploads\/2020\/04\/AGAPANTHE-MINERAUX-Logo-petit.png","contentUrl":"https:\/\/reiki53.fr\/mineraux\/wp-content\/uploads\/2020\/04\/AGAPANTHE-MINERAUX-Logo-petit.png","width":160,"height":160,"caption":"OLVB SAS"},"image":{"@id":"https:\/\/reiki53.fr\/mineraux\/#\/schema\/logo\/image\/"}}]}},"jetpack_sharing_enabled":true,"_links":{"self":[{"href":"https:\/\/reiki53.fr\/mineraux\/wp-json\/wp\/v2\/product\/1683","targetHints":{"allow":["GET"]}}],"collection":[{"href":"https:\/\/reiki53.fr\/mineraux\/wp-json\/wp\/v2\/product"}],"about":[{"href":"https:\/\/reiki53.fr\/mineraux\/wp-json\/wp\/v2\/types\/product"}],"replies":[{"embeddable":true,"href":"https:\/\/reiki53.fr\/mineraux\/wp-json\/wp\/v2\/comments?post=1683"}],"wp:featuredmedia":[{"embeddable":true,"href":"https:\/\/reiki53.fr\/mineraux\/wp-json\/wp\/v2\/media\/1675"}],"wp:attachment":[{"href":"https:\/\/reiki53.fr\/mineraux\/wp-json\/wp\/v2\/media?parent=1683"}],"wp:term":[{"taxonomy":"product_brand","embeddable":true,"href":"https:\/\/reiki53.fr\/mineraux\/wp-json\/wp\/v2\/product_brand?post=1683"},{"taxonomy":"product_cat","embeddable":true,"href":"https:\/\/reiki53.fr\/mineraux\/wp-json\/wp\/v2\/product_cat?post=1683"},{"taxonomy":"product_tag","embeddable":true,"href":"https:\/\/reiki53.fr\/mineraux\/wp-json\/wp\/v2\/product_tag?post=1683"}],"curies":[{"name":"wp","href":"https:\/\/api.w.org\/{rel}","templated":true}]}}