{"id":1702,"date":"2020-12-16T11:48:26","date_gmt":"2020-12-16T10:48:26","guid":{"rendered":"https:\/\/reiki53.fr\/mineraux\/?post_type=product&#038;p=1702"},"modified":"2022-02-01T21:19:12","modified_gmt":"2022-02-01T20:19:12","slug":"bon-cadeau","status":"publish","type":"product","link":"https:\/\/reiki53.fr\/mineraux\/produit\/bon-cadeau\/","title":{"rendered":"BON CADEAU"},"content":{"rendered":"<p>Bon cadeau d\u2019une valeur de 45.00 \u20ac pour une s\u00e9ance de soin \u00e9nerg\u00e9tique :<\/p>\n<ul>\n<li><a href=\"https:\/\/reiki53.fr\/accueil-reiki\/accueil-reiki\/\" target=\"_blank\" rel=\"noopener noreferrer\">Reiki<\/a><\/li>\n<li><a href=\"https:\/\/reiki53.fr\/accueil-reiki\/lahochi\/\" target=\"_blank\" rel=\"noopener noreferrer\">Lahochi<\/a><\/li>\n<li><a href=\"https:\/\/reiki53.fr\/accueil-reiki\/les-bars-daccess-consciousness\/\" target=\"_blank\" rel=\"noopener noreferrer\">Access bars<\/a><\/li>\n<\/ul>\n<p><strong><em>(la personne pourra choisir le soin qu&rsquo;elle souhaite au moment de la s\u00e9ance,<br \/>\nil sera n\u00e9cessaire de prendre rendez-vous au pr\u00e9alable)<\/em><\/strong><\/p>\n<p>Je vous envoie le bon cadeau directement ou l\u2019adresse au destinataire accompagn\u00e9 d\u2019un petit mot si vous le souhaitez.<\/p>\n","protected":false},"excerpt":{"rendered":"<h4>Les principaux effets b\u00e9n\u00e9fiques des <strong>soins \u00e9nerg\u00e9tiques<\/strong> les plus souvent cit\u00e9s sont les suivants :<\/h4>\n<ul>\n<li>\n<h6>offre une grande d\u00e9tente et bien-\u00eatre<\/h6>\n<\/li>\n<li>\n<h6>apporte un surcro\u00eet d\u2019\u00e9nergie \u00e0 l\u2019organisme <img fetchpriority=\"high\" decoding=\"async\" class=\"alignright wp-image-107 size-medium\" src=\"https:\/\/reiki53.fr\/wp-content\/uploads\/2016\/05\/reiki-distance-200x300.jpg\" sizes=\"(max-width: 200px) 100vw, 200px\" srcset=\"https:\/\/reiki53.fr\/wp-content\/uploads\/2016\/05\/reiki-distance-200x300.jpg 200w, https:\/\/reiki53.fr\/wp-content\/uploads\/2016\/05\/reiki-distance.jpg 333w\" alt=\"reiki-distance\" width=\"200\" height=\"300\" data-attachment-id=\"107\" data-permalink=\"https:\/\/reiki53.fr\/accueil-reiki\/le-reiki-soulagera-quoi\/reiki-distance\/\" data-orig-file=\"https:\/\/reiki53.fr\/wp-content\/uploads\/2016\/05\/reiki-distance.jpg\" data-orig-size=\"333,500\" data-comments-opened=\"1\" data-image-meta=\"{&quot;aperture&quot;:&quot;0&quot;,&quot;credit&quot;:&quot;&quot;,&quot;camera&quot;:&quot;&quot;,&quot;caption&quot;:&quot;&quot;,&quot;created_timestamp&quot;:&quot;0&quot;,&quot;copyright&quot;:&quot;&quot;,&quot;focal_length&quot;:&quot;0&quot;,&quot;iso&quot;:&quot;0&quot;,&quot;shutter_speed&quot;:&quot;0&quot;,&quot;title&quot;:&quot;&quot;,&quot;orientation&quot;:&quot;0&quot;}\" data-image-title=\"reiki-distance\" data-image-description=\"\" data-medium-file=\"https:\/\/reiki53.fr\/wp-content\/uploads\/2016\/05\/reiki-distance-200x300.jpg\" data-large-file=\"https:\/\/reiki53.fr\/wp-content\/uploads\/2016\/05\/reiki-distance.jpg\" \/><\/h6>\n<\/li>\n<li>\n<h6>favorise le sommeil<\/h6>\n<\/li>\n<li>\n<h6>diminue ou supprime le stress<\/h6>\n<\/li>\n<li>\n<h6>lib\u00e8re des blocages<\/h6>\n<\/li>\n<li>\n<h6>permet un mieux-\u00eatre et un l\u00e2cher prise<\/h6>\n<\/li>\n<li>\n<h6>harmonise les \u00e9nergies et r\u00e9\u00e9quilibre l\u2019organisme<\/h6>\n<\/li>\n<li>\n<h6>active et soutient le processus d\u2019auto-gu\u00e9rison<\/h6>\n<\/li>\n<li>\n<h6>soulage les tensions<\/h6>\n<\/li>\n<li>\n<h6>calme le mental<\/h6>\n<\/li>\n<\/ul>\n<h6>Par ailleurs, les probl\u00e8mes physiques sont \u00e9galement soulag\u00e9s, de m\u00eame que certains probl\u00e8mes chroniques\u00a0 s\u2019am\u00e9liorent souvent, gr\u00e2ce au l\u00e2cher prise entre autre, la prise de recul sur sa situation globale, identifier le mal \u00e0 dit (qu\u2019est ce que la maladie a dit) permet une prise de conscience et une ouverture vers d\u2019autres choix possibles.<\/h6>\n<h6><strong>Vous aimeriez en finir avec le stress, l\u2019angoisse ?<\/strong><br \/>\n<strong>Comment r\u00e9duire les effets secondaires de chimioth\u00e9rapie ?<\/strong><br \/>\n<strong>En finir avec votre insomnie chronique ?<\/strong><\/h6>\n<h6>La simple action, ou l\u2019extraordinaire action de chercher votre bien-\u00eatre \u00e0 travers l&rsquo;\u00e9nergie est d\u00e9j\u00e0 une formidable r\u00e9ponse et avanc\u00e9e vers la r\u00e9solution de votre ou de vos probl\u00e8mes. Se permettre de prendre du recul, de voir ce qui vous tracasse avec un \u0153il nouveau, une orientation diff\u00e9rente est un premier pas vers un mieux-\u00eatre, et souvent le soin \u00e9nerg\u00e9tique agit comme un d\u00e9clic qui vous permet d\u2019enclencher une auto-gu\u00e9rison.<\/h6>\n<h6><strong>Besoin de bien-\u00eatre ? de d\u00e9tente ?<\/strong><\/h6>\n<h6>M\u00eame sans probl\u00e8me particulier, une <strong>s\u00e9ance de soin \u00e9nerg\u00e9tique <\/strong>au printemps et \u00e0 l\u2019automne permet de rester en harmonie \u00e9nerg\u00e9tiquement et d\u2019affronter les changements de saison avec douceur.<\/h6>\n<h6><a href=\"https:\/\/reiki53.fr\/accueil-reiki\/contact\/\"><strong>Contactez-moi pour prendrez rendez-vous<\/strong><\/a><\/h6>\n<hr \/>\n<h6><strong><em>A<\/em><em>ucun diagnostic m\u00e9dical ne vous sera donn\u00e9 lors d\u2019une s\u00e9ance de reiki.<br \/>\n<\/em><\/strong><strong><em>Il ne faut jamais interrompre un traitement prescrit par un m\u00e9decin sans son autorisation.<\/em><\/strong><\/h6>\n<h6><strong><em>Le reiki ne se substitue pas \u00e0 un traitement m\u00e9dical, il en est une b\u00e9quille salvatrice pour rendre le traitement plus efficace et plus doux pour votre organisme.<\/em><\/strong><\/h6>\n","protected":false},"featured_media":1703,"comment_status":"open","ping_status":"closed","template":"","meta":[],"product_brand":[],"product_cat":[568],"product_tag":[573,569,572,571,574,570,575],"class_list":{"0":"post-1702","1":"product","2":"type-product","3":"status-publish","4":"has-post-thumbnail","6":"product_cat-formation","7":"product_tag-access-bars","8":"product_tag-bon-cadeau","9":"product_tag-lahochi","10":"product_tag-reiki","11":"product_tag-reiki-laval","12":"product_tag-soin-energetique","13":"product_tag-soin-energetique-laval","15":"first","16":"instock","17":"taxable","18":"shipping-taxable","19":"purchasable","20":"product-type-simple"},"yoast_head":"<!-- This site is optimized with the Yoast SEO plugin v26.5 - https:\/\/yoast.com\/wordpress\/plugins\/seo\/ -->\n<title>BON CADEAU - AGAPANTHE MIN\u00c9RAUX<\/title>\n<meta name=\"description\" content=\"Bon cadeau d\u2019une valeur de 45.00 \u20ac pour une s\u00e9ance de soin \u00e9nerg\u00e9tique : pour une s\u00e9ance de Reiki, Lahochi ou Access bars.\" \/>\n<meta name=\"robots\" content=\"index, follow, max-snippet:-1, max-image-preview:large, max-video-preview:-1\" \/>\n<link rel=\"canonical\" href=\"https:\/\/reiki53.fr\/mineraux\/produit\/bon-cadeau\/\" \/>\n<meta property=\"og:locale\" content=\"fr_FR\" \/>\n<meta property=\"og:type\" content=\"article\" \/>\n<meta property=\"og:title\" content=\"BON CADEAU - AGAPANTHE MIN\u00c9RAUX\" \/>\n<meta property=\"og:description\" content=\"Bon cadeau d\u2019une valeur de 45.00 \u20ac pour une s\u00e9ance de soin \u00e9nerg\u00e9tique : pour une s\u00e9ance de Reiki, Lahochi ou Access bars.\" \/>\n<meta property=\"og:url\" content=\"https:\/\/reiki53.fr\/mineraux\/produit\/bon-cadeau\/\" \/>\n<meta property=\"og:site_name\" content=\"AGAPANTHE MIN\u00c9RAUX\" \/>\n<meta property=\"article:modified_time\" content=\"2022-02-01T20:19:12+00:00\" \/>\n<meta property=\"og:image\" content=\"https:\/\/reiki53.fr\/mineraux\/wp-content\/uploads\/2020\/12\/bon-cadeau-reiki.jpg\" \/>\n\t<meta property=\"og:image:width\" content=\"420\" \/>\n\t<meta property=\"og:image:height\" content=\"236\" \/>\n\t<meta property=\"og:image:type\" content=\"image\/jpeg\" \/>\n<meta name=\"twitter:card\" content=\"summary_large_image\" \/>\n<script type=\"application\/ld+json\" class=\"yoast-schema-graph\">{\"@context\":\"https:\/\/schema.org\",\"@graph\":[{\"@type\":\"WebPage\",\"@id\":\"https:\/\/reiki53.fr\/mineraux\/produit\/bon-cadeau\/\",\"url\":\"https:\/\/reiki53.fr\/mineraux\/produit\/bon-cadeau\/\",\"name\":\"BON CADEAU - AGAPANTHE MIN\u00c9RAUX\",\"isPartOf\":{\"@id\":\"https:\/\/reiki53.fr\/mineraux\/#website\"},\"primaryImageOfPage\":{\"@id\":\"https:\/\/reiki53.fr\/mineraux\/produit\/bon-cadeau\/#primaryimage\"},\"image\":{\"@id\":\"https:\/\/reiki53.fr\/mineraux\/produit\/bon-cadeau\/#primaryimage\"},\"thumbnailUrl\":\"https:\/\/reiki53.fr\/mineraux\/wp-content\/uploads\/2020\/12\/bon-cadeau-reiki.jpg\",\"datePublished\":\"2020-12-16T10:48:26+00:00\",\"dateModified\":\"2022-02-01T20:19:12+00:00\",\"description\":\"Bon cadeau d\u2019une valeur de 45.00 \u20ac pour une s\u00e9ance de soin \u00e9nerg\u00e9tique : pour une s\u00e9ance de Reiki, Lahochi ou Access bars.\",\"breadcrumb\":{\"@id\":\"https:\/\/reiki53.fr\/mineraux\/produit\/bon-cadeau\/#breadcrumb\"},\"inLanguage\":\"fr-FR\",\"potentialAction\":[{\"@type\":\"ReadAction\",\"target\":[\"https:\/\/reiki53.fr\/mineraux\/produit\/bon-cadeau\/\"]}]},{\"@type\":\"ImageObject\",\"inLanguage\":\"fr-FR\",\"@id\":\"https:\/\/reiki53.fr\/mineraux\/produit\/bon-cadeau\/#primaryimage\",\"url\":\"https:\/\/reiki53.fr\/mineraux\/wp-content\/uploads\/2020\/12\/bon-cadeau-reiki.jpg\",\"contentUrl\":\"https:\/\/reiki53.fr\/mineraux\/wp-content\/uploads\/2020\/12\/bon-cadeau-reiki.jpg\",\"width\":420,\"height\":236,\"caption\":\"bon cadeau reiki\"},{\"@type\":\"BreadcrumbList\",\"@id\":\"https:\/\/reiki53.fr\/mineraux\/produit\/bon-cadeau\/#breadcrumb\",\"itemListElement\":[{\"@type\":\"ListItem\",\"position\":1,\"name\":\"Accueil\",\"item\":\"https:\/\/reiki53.fr\/mineraux\/\"},{\"@type\":\"ListItem\",\"position\":2,\"name\":\"Boutique\",\"item\":\"https:\/\/reiki53.fr\/mineraux\/boutique\/\"},{\"@type\":\"ListItem\",\"position\":3,\"name\":\"BON CADEAU\"}]},{\"@type\":\"WebSite\",\"@id\":\"https:\/\/reiki53.fr\/mineraux\/#website\",\"url\":\"https:\/\/reiki53.fr\/mineraux\/\",\"name\":\"AGAPANTHE MIN\u00c9RAUX\",\"description\":\"Magasin physique \u00e0 Laval (53)\",\"publisher\":{\"@id\":\"https:\/\/reiki53.fr\/mineraux\/#organization\"},\"potentialAction\":[{\"@type\":\"SearchAction\",\"target\":{\"@type\":\"EntryPoint\",\"urlTemplate\":\"https:\/\/reiki53.fr\/mineraux\/?s={search_term_string}\"},\"query-input\":{\"@type\":\"PropertyValueSpecification\",\"valueRequired\":true,\"valueName\":\"search_term_string\"}}],\"inLanguage\":\"fr-FR\"},{\"@type\":\"Organization\",\"@id\":\"https:\/\/reiki53.fr\/mineraux\/#organization\",\"name\":\"OLVB SAS\",\"url\":\"https:\/\/reiki53.fr\/mineraux\/\",\"logo\":{\"@type\":\"ImageObject\",\"inLanguage\":\"fr-FR\",\"@id\":\"https:\/\/reiki53.fr\/mineraux\/#\/schema\/logo\/image\/\",\"url\":\"https:\/\/reiki53.fr\/mineraux\/wp-content\/uploads\/2020\/04\/AGAPANTHE-MINERAUX-Logo-petit.png\",\"contentUrl\":\"https:\/\/reiki53.fr\/mineraux\/wp-content\/uploads\/2020\/04\/AGAPANTHE-MINERAUX-Logo-petit.png\",\"width\":160,\"height\":160,\"caption\":\"OLVB SAS\"},\"image\":{\"@id\":\"https:\/\/reiki53.fr\/mineraux\/#\/schema\/logo\/image\/\"}}]}<\/script>\n<!-- \/ Yoast SEO plugin. -->","yoast_head_json":{"title":"BON CADEAU - AGAPANTHE MIN\u00c9RAUX","description":"Bon cadeau d\u2019une valeur de 45.00 \u20ac pour une s\u00e9ance de soin \u00e9nerg\u00e9tique : pour une s\u00e9ance de Reiki, Lahochi ou Access bars.","robots":{"index":"index","follow":"follow","max-snippet":"max-snippet:-1","max-image-preview":"max-image-preview:large","max-video-preview":"max-video-preview:-1"},"canonical":"https:\/\/reiki53.fr\/mineraux\/produit\/bon-cadeau\/","og_locale":"fr_FR","og_type":"article","og_title":"BON CADEAU - AGAPANTHE MIN\u00c9RAUX","og_description":"Bon cadeau d\u2019une valeur de 45.00 \u20ac pour une s\u00e9ance de soin \u00e9nerg\u00e9tique : pour une s\u00e9ance de Reiki, Lahochi ou Access bars.","og_url":"https:\/\/reiki53.fr\/mineraux\/produit\/bon-cadeau\/","og_site_name":"AGAPANTHE MIN\u00c9RAUX","article_modified_time":"2022-02-01T20:19:12+00:00","og_image":[{"width":420,"height":236,"url":"https:\/\/reiki53.fr\/mineraux\/wp-content\/uploads\/2020\/12\/bon-cadeau-reiki.jpg","type":"image\/jpeg"}],"twitter_card":"summary_large_image","schema":{"@context":"https:\/\/schema.org","@graph":[{"@type":"WebPage","@id":"https:\/\/reiki53.fr\/mineraux\/produit\/bon-cadeau\/","url":"https:\/\/reiki53.fr\/mineraux\/produit\/bon-cadeau\/","name":"BON CADEAU - AGAPANTHE MIN\u00c9RAUX","isPartOf":{"@id":"https:\/\/reiki53.fr\/mineraux\/#website"},"primaryImageOfPage":{"@id":"https:\/\/reiki53.fr\/mineraux\/produit\/bon-cadeau\/#primaryimage"},"image":{"@id":"https:\/\/reiki53.fr\/mineraux\/produit\/bon-cadeau\/#primaryimage"},"thumbnailUrl":"https:\/\/reiki53.fr\/mineraux\/wp-content\/uploads\/2020\/12\/bon-cadeau-reiki.jpg","datePublished":"2020-12-16T10:48:26+00:00","dateModified":"2022-02-01T20:19:12+00:00","description":"Bon cadeau d\u2019une valeur de 45.00 \u20ac pour une s\u00e9ance de soin \u00e9nerg\u00e9tique : pour une s\u00e9ance de Reiki, Lahochi ou Access bars.","breadcrumb":{"@id":"https:\/\/reiki53.fr\/mineraux\/produit\/bon-cadeau\/#breadcrumb"},"inLanguage":"fr-FR","potentialAction":[{"@type":"ReadAction","target":["https:\/\/reiki53.fr\/mineraux\/produit\/bon-cadeau\/"]}]},{"@type":"ImageObject","inLanguage":"fr-FR","@id":"https:\/\/reiki53.fr\/mineraux\/produit\/bon-cadeau\/#primaryimage","url":"https:\/\/reiki53.fr\/mineraux\/wp-content\/uploads\/2020\/12\/bon-cadeau-reiki.jpg","contentUrl":"https:\/\/reiki53.fr\/mineraux\/wp-content\/uploads\/2020\/12\/bon-cadeau-reiki.jpg","width":420,"height":236,"caption":"bon cadeau reiki"},{"@type":"BreadcrumbList","@id":"https:\/\/reiki53.fr\/mineraux\/produit\/bon-cadeau\/#breadcrumb","itemListElement":[{"@type":"ListItem","position":1,"name":"Accueil","item":"https:\/\/reiki53.fr\/mineraux\/"},{"@type":"ListItem","position":2,"name":"Boutique","item":"https:\/\/reiki53.fr\/mineraux\/boutique\/"},{"@type":"ListItem","position":3,"name":"BON CADEAU"}]},{"@type":"WebSite","@id":"https:\/\/reiki53.fr\/mineraux\/#website","url":"https:\/\/reiki53.fr\/mineraux\/","name":"AGAPANTHE MIN\u00c9RAUX","description":"Magasin physique \u00e0 Laval (53)","publisher":{"@id":"https:\/\/reiki53.fr\/mineraux\/#organization"},"potentialAction":[{"@type":"SearchAction","target":{"@type":"EntryPoint","urlTemplate":"https:\/\/reiki53.fr\/mineraux\/?s={search_term_string}"},"query-input":{"@type":"PropertyValueSpecification","valueRequired":true,"valueName":"search_term_string"}}],"inLanguage":"fr-FR"},{"@type":"Organization","@id":"https:\/\/reiki53.fr\/mineraux\/#organization","name":"OLVB SAS","url":"https:\/\/reiki53.fr\/mineraux\/","logo":{"@type":"ImageObject","inLanguage":"fr-FR","@id":"https:\/\/reiki53.fr\/mineraux\/#\/schema\/logo\/image\/","url":"https:\/\/reiki53.fr\/mineraux\/wp-content\/uploads\/2020\/04\/AGAPANTHE-MINERAUX-Logo-petit.png","contentUrl":"https:\/\/reiki53.fr\/mineraux\/wp-content\/uploads\/2020\/04\/AGAPANTHE-MINERAUX-Logo-petit.png","width":160,"height":160,"caption":"OLVB SAS"},"image":{"@id":"https:\/\/reiki53.fr\/mineraux\/#\/schema\/logo\/image\/"}}]}},"jetpack_sharing_enabled":true,"_links":{"self":[{"href":"https:\/\/reiki53.fr\/mineraux\/wp-json\/wp\/v2\/product\/1702","targetHints":{"allow":["GET"]}}],"collection":[{"href":"https:\/\/reiki53.fr\/mineraux\/wp-json\/wp\/v2\/product"}],"about":[{"href":"https:\/\/reiki53.fr\/mineraux\/wp-json\/wp\/v2\/types\/product"}],"replies":[{"embeddable":true,"href":"https:\/\/reiki53.fr\/mineraux\/wp-json\/wp\/v2\/comments?post=1702"}],"wp:featuredmedia":[{"embeddable":true,"href":"https:\/\/reiki53.fr\/mineraux\/wp-json\/wp\/v2\/media\/1703"}],"wp:attachment":[{"href":"https:\/\/reiki53.fr\/mineraux\/wp-json\/wp\/v2\/media?parent=1702"}],"wp:term":[{"taxonomy":"product_brand","embeddable":true,"href":"https:\/\/reiki53.fr\/mineraux\/wp-json\/wp\/v2\/product_brand?post=1702"},{"taxonomy":"product_cat","embeddable":true,"href":"https:\/\/reiki53.fr\/mineraux\/wp-json\/wp\/v2\/product_cat?post=1702"},{"taxonomy":"product_tag","embeddable":true,"href":"https:\/\/reiki53.fr\/mineraux\/wp-json\/wp\/v2\/product_tag?post=1702"}],"curies":[{"name":"wp","href":"https:\/\/api.w.org\/{rel}","templated":true}]}}