{"id":1815,"date":"2022-03-08T16:29:13","date_gmt":"2022-03-08T15:29:13","guid":{"rendered":"https:\/\/reiki53.fr\/mineraux\/?post_type=product&#038;p=1815"},"modified":"2022-03-08T16:32:02","modified_gmt":"2022-03-08T15:32:02","slug":"pendule-oeil-de-tigre-sephroton","status":"publish","type":"product","link":"https:\/\/reiki53.fr\/mineraux\/produit\/pendule-oeil-de-tigre-sephroton\/","title":{"rendered":"Pendule \u0152il de Tigre Sephroton"},"content":{"rendered":"<p><span id=\"texte_description_fiche_produit\"><strong>L&rsquo;\u0152il de Tigre<\/strong><span class=\"texte_catalogue\"> en \u00e9nerg\u00e9tique a les propri\u00e9t\u00e9s d\u2019un miroir : il renvoie les \u00e9nergies n\u00e9gatives vers son \u00e9metteur. <\/span><\/span><\/p>\n<p><span id=\"texte_description_fiche_produit\"><span class=\"texte_catalogue\">C&rsquo;est une pierre de protection incontournable dans la panoplie du lithoth\u00e9rapeute,<\/span><\/span><span id=\"texte_description_fiche_produit\"><span class=\"texte_catalogue\"> il convient de la porter sur soi.<\/span><\/span><\/p>\n<p><span id=\"texte_description_fiche_produit\"><span class=\"texte_catalogue\"> Chasser les ondes n\u00e9gatives de chez soi en\u00a0 mettant un \u0153il de tigre \u00e0 l\u2019entr\u00e9e de la maison.<\/span><\/span><span id=\"texte_description_fiche_produit\"><\/span><\/p>\n","protected":false},"excerpt":{"rendered":"<p><strong>Pendule \u0152il de tigre pointe<br \/>\n<\/strong><\/p>\n<p>Ce type de pendule est r\u00e9put\u00e9 pour sa pr\u00e9cision et l&rsquo;exactitude de ses r\u00e9ponses.<\/p>\n<p>Il convient aussi bien aux d\u00e9butants qu&rsquo;aux initi\u00e9s, il est suffisamment lourd pour quelqu&rsquo;un qui d\u00e9bute en radiesth\u00e9sie.<\/p>\n<p><span class=\"texte_catalogue\">Les pendules sont des outils divinatoires et de radiesth\u00e9sie soit la facult\u00e9 ou l&rsquo;art de percevoir \u00e0 travers cet instrument qui est un prolongement du bras, l&rsquo;intuition inconsciente que nous avons tous en nous ;<br \/>\net lui permettre de refaire surface de plus en plus<br \/>\nLes pendules sont des outils incontournables en \u00e9sot\u00e9risme et en sciences occultes.<\/span><\/p>\n<p>Ave ce pendule vous pourrez obtenir :<\/p>\n<ul>\n<li><span class=\"texte_catalogue\">Des r\u00e9ponses \u00e0 vos questions<\/span><\/li>\n<li><span class=\"texte_catalogue\">Emettre un champs vibratoire afin de r\u00e9aliser une action proche ou \u00e0 distance<\/span><\/li>\n<li><span class=\"texte_catalogue\">Faire un travail g\u00e9obiologique (trouver un champ magn\u00e9tique ou une source d&rsquo;eau)<br \/>\n<\/span><\/li>\n<\/ul>\n","protected":false},"featured_media":1816,"comment_status":"open","ping_status":"closed","template":"","meta":[],"product_brand":[],"product_cat":[554,553],"product_tag":[531,43,44,527,530,216,504,41,42,528,40,525,524,46,168,169,511,555,556,557,523,45,529],"class_list":{"0":"post-1815","1":"product","2":"type-product","3":"status-publish","4":"has-post-thumbnail","6":"product_cat-esoterisme","7":"product_cat-pendules","8":"product_tag-achat-de-mineraux","9":"product_tag-agapanthe-53","10":"product_tag-agapanthe-mineraux","11":"product_tag-boutique-de-mineraux","12":"product_tag-boutique-de-pierres-semi-precieuses","13":"product_tag-bracelet-oeil-de-tigre","14":"product_tag-collier-oeil-de-tigre","15":"product_tag-lithotherapie","16":"product_tag-lithotherapie-53","17":"product_tag-magasin-de-mineraux","18":"product_tag-mineraux","19":"product_tag-mineraux-53","20":"product_tag-mineraux-en-mayenne","21":"product_tag-mineraux-laval","22":"product_tag-oeil-de-tigre","23":"product_tag-oeil-de-tigre-mineraux","24":"product_tag-pendentif-oeil-de-tigre","25":"product_tag-pendule-oeil-de-tigre","26":"product_tag-pendule-sephroton","27":"product_tag-pendule-sephroton-oeil-de-tigre","28":"product_tag-pierre-semi-precieuse","29":"product_tag-pierres-naturelles","30":"product_tag-pierres-precieuses","32":"first","33":"instock","34":"taxable","35":"shipping-taxable","36":"purchasable","37":"product-type-simple"},"yoast_head":"<!-- This site is optimized with the Yoast SEO plugin v26.5 - https:\/\/yoast.com\/wordpress\/plugins\/seo\/ -->\n<title>Pendule \u0152il de Tigre Sephroton - AGAPANTHE MIN\u00c9RAUX<\/title>\n<meta name=\"description\" content=\"L&#039;\u0152il de Tigre a les propri\u00e9t\u00e9s d\u2019un miroir : il renvoie les \u00e9nergies n\u00e9gatives vers son \u00e9metteur. C&#039;est une pierre de protection.\" \/>\n<meta name=\"robots\" content=\"index, follow, max-snippet:-1, max-image-preview:large, max-video-preview:-1\" \/>\n<link rel=\"canonical\" href=\"https:\/\/reiki53.fr\/mineraux\/produit\/pendule-oeil-de-tigre-sephroton\/\" \/>\n<meta property=\"og:locale\" content=\"fr_FR\" \/>\n<meta property=\"og:type\" content=\"article\" \/>\n<meta property=\"og:title\" content=\"Pendule \u0152il de Tigre Sephroton - AGAPANTHE MIN\u00c9RAUX\" \/>\n<meta property=\"og:description\" content=\"L&#039;\u0152il de Tigre a les propri\u00e9t\u00e9s d\u2019un miroir : il renvoie les \u00e9nergies n\u00e9gatives vers son \u00e9metteur. C&#039;est une pierre de protection.\" \/>\n<meta property=\"og:url\" content=\"https:\/\/reiki53.fr\/mineraux\/produit\/pendule-oeil-de-tigre-sephroton\/\" \/>\n<meta property=\"og:site_name\" content=\"AGAPANTHE MIN\u00c9RAUX\" \/>\n<meta property=\"article:modified_time\" content=\"2022-03-08T15:32:02+00:00\" \/>\n<meta property=\"og:image\" content=\"https:\/\/reiki53.fr\/mineraux\/wp-content\/uploads\/2022\/03\/sephroton-oeil-de-tigre.png\" \/>\n\t<meta property=\"og:image:width\" content=\"808\" \/>\n\t<meta property=\"og:image:height\" content=\"808\" \/>\n\t<meta property=\"og:image:type\" content=\"image\/png\" \/>\n<meta name=\"twitter:card\" content=\"summary_large_image\" \/>\n<script type=\"application\/ld+json\" class=\"yoast-schema-graph\">{\"@context\":\"https:\/\/schema.org\",\"@graph\":[{\"@type\":\"WebPage\",\"@id\":\"https:\/\/reiki53.fr\/mineraux\/produit\/pendule-oeil-de-tigre-sephroton\/\",\"url\":\"https:\/\/reiki53.fr\/mineraux\/produit\/pendule-oeil-de-tigre-sephroton\/\",\"name\":\"Pendule \u0152il de Tigre Sephroton - AGAPANTHE MIN\u00c9RAUX\",\"isPartOf\":{\"@id\":\"https:\/\/reiki53.fr\/mineraux\/#website\"},\"primaryImageOfPage\":{\"@id\":\"https:\/\/reiki53.fr\/mineraux\/produit\/pendule-oeil-de-tigre-sephroton\/#primaryimage\"},\"image\":{\"@id\":\"https:\/\/reiki53.fr\/mineraux\/produit\/pendule-oeil-de-tigre-sephroton\/#primaryimage\"},\"thumbnailUrl\":\"https:\/\/reiki53.fr\/mineraux\/wp-content\/uploads\/2022\/03\/sephroton-oeil-de-tigre.png\",\"datePublished\":\"2022-03-08T15:29:13+00:00\",\"dateModified\":\"2022-03-08T15:32:02+00:00\",\"description\":\"L'\u0152il de Tigre a les propri\u00e9t\u00e9s d\u2019un miroir : il renvoie les \u00e9nergies n\u00e9gatives vers son \u00e9metteur. C'est une pierre de protection.\",\"breadcrumb\":{\"@id\":\"https:\/\/reiki53.fr\/mineraux\/produit\/pendule-oeil-de-tigre-sephroton\/#breadcrumb\"},\"inLanguage\":\"fr-FR\",\"potentialAction\":[{\"@type\":\"ReadAction\",\"target\":[\"https:\/\/reiki53.fr\/mineraux\/produit\/pendule-oeil-de-tigre-sephroton\/\"]}]},{\"@type\":\"ImageObject\",\"inLanguage\":\"fr-FR\",\"@id\":\"https:\/\/reiki53.fr\/mineraux\/produit\/pendule-oeil-de-tigre-sephroton\/#primaryimage\",\"url\":\"https:\/\/reiki53.fr\/mineraux\/wp-content\/uploads\/2022\/03\/sephroton-oeil-de-tigre.png\",\"contentUrl\":\"https:\/\/reiki53.fr\/mineraux\/wp-content\/uploads\/2022\/03\/sephroton-oeil-de-tigre.png\",\"width\":808,\"height\":808,\"caption\":\"pendule oeil de tigre sephroton\"},{\"@type\":\"BreadcrumbList\",\"@id\":\"https:\/\/reiki53.fr\/mineraux\/produit\/pendule-oeil-de-tigre-sephroton\/#breadcrumb\",\"itemListElement\":[{\"@type\":\"ListItem\",\"position\":1,\"name\":\"Accueil\",\"item\":\"https:\/\/reiki53.fr\/mineraux\/\"},{\"@type\":\"ListItem\",\"position\":2,\"name\":\"Boutique\",\"item\":\"https:\/\/reiki53.fr\/mineraux\/boutique\/\"},{\"@type\":\"ListItem\",\"position\":3,\"name\":\"Pendule \u0152il de Tigre Sephroton\"}]},{\"@type\":\"WebSite\",\"@id\":\"https:\/\/reiki53.fr\/mineraux\/#website\",\"url\":\"https:\/\/reiki53.fr\/mineraux\/\",\"name\":\"AGAPANTHE MIN\u00c9RAUX\",\"description\":\"Magasin physique \u00e0 Laval (53)\",\"publisher\":{\"@id\":\"https:\/\/reiki53.fr\/mineraux\/#organization\"},\"potentialAction\":[{\"@type\":\"SearchAction\",\"target\":{\"@type\":\"EntryPoint\",\"urlTemplate\":\"https:\/\/reiki53.fr\/mineraux\/?s={search_term_string}\"},\"query-input\":{\"@type\":\"PropertyValueSpecification\",\"valueRequired\":true,\"valueName\":\"search_term_string\"}}],\"inLanguage\":\"fr-FR\"},{\"@type\":\"Organization\",\"@id\":\"https:\/\/reiki53.fr\/mineraux\/#organization\",\"name\":\"OLVB SAS\",\"url\":\"https:\/\/reiki53.fr\/mineraux\/\",\"logo\":{\"@type\":\"ImageObject\",\"inLanguage\":\"fr-FR\",\"@id\":\"https:\/\/reiki53.fr\/mineraux\/#\/schema\/logo\/image\/\",\"url\":\"https:\/\/reiki53.fr\/mineraux\/wp-content\/uploads\/2020\/04\/AGAPANTHE-MINERAUX-Logo-petit.png\",\"contentUrl\":\"https:\/\/reiki53.fr\/mineraux\/wp-content\/uploads\/2020\/04\/AGAPANTHE-MINERAUX-Logo-petit.png\",\"width\":160,\"height\":160,\"caption\":\"OLVB SAS\"},\"image\":{\"@id\":\"https:\/\/reiki53.fr\/mineraux\/#\/schema\/logo\/image\/\"}}]}<\/script>\n<!-- \/ Yoast SEO plugin. -->","yoast_head_json":{"title":"Pendule \u0152il de Tigre Sephroton - AGAPANTHE MIN\u00c9RAUX","description":"L'\u0152il de Tigre a les propri\u00e9t\u00e9s d\u2019un miroir : il renvoie les \u00e9nergies n\u00e9gatives vers son \u00e9metteur. C'est une pierre de protection.","robots":{"index":"index","follow":"follow","max-snippet":"max-snippet:-1","max-image-preview":"max-image-preview:large","max-video-preview":"max-video-preview:-1"},"canonical":"https:\/\/reiki53.fr\/mineraux\/produit\/pendule-oeil-de-tigre-sephroton\/","og_locale":"fr_FR","og_type":"article","og_title":"Pendule \u0152il de Tigre Sephroton - AGAPANTHE MIN\u00c9RAUX","og_description":"L'\u0152il de Tigre a les propri\u00e9t\u00e9s d\u2019un miroir : il renvoie les \u00e9nergies n\u00e9gatives vers son \u00e9metteur. C'est une pierre de protection.","og_url":"https:\/\/reiki53.fr\/mineraux\/produit\/pendule-oeil-de-tigre-sephroton\/","og_site_name":"AGAPANTHE MIN\u00c9RAUX","article_modified_time":"2022-03-08T15:32:02+00:00","og_image":[{"width":808,"height":808,"url":"https:\/\/reiki53.fr\/mineraux\/wp-content\/uploads\/2022\/03\/sephroton-oeil-de-tigre.png","type":"image\/png"}],"twitter_card":"summary_large_image","schema":{"@context":"https:\/\/schema.org","@graph":[{"@type":"WebPage","@id":"https:\/\/reiki53.fr\/mineraux\/produit\/pendule-oeil-de-tigre-sephroton\/","url":"https:\/\/reiki53.fr\/mineraux\/produit\/pendule-oeil-de-tigre-sephroton\/","name":"Pendule \u0152il de Tigre Sephroton - AGAPANTHE MIN\u00c9RAUX","isPartOf":{"@id":"https:\/\/reiki53.fr\/mineraux\/#website"},"primaryImageOfPage":{"@id":"https:\/\/reiki53.fr\/mineraux\/produit\/pendule-oeil-de-tigre-sephroton\/#primaryimage"},"image":{"@id":"https:\/\/reiki53.fr\/mineraux\/produit\/pendule-oeil-de-tigre-sephroton\/#primaryimage"},"thumbnailUrl":"https:\/\/reiki53.fr\/mineraux\/wp-content\/uploads\/2022\/03\/sephroton-oeil-de-tigre.png","datePublished":"2022-03-08T15:29:13+00:00","dateModified":"2022-03-08T15:32:02+00:00","description":"L'\u0152il de Tigre a les propri\u00e9t\u00e9s d\u2019un miroir : il renvoie les \u00e9nergies n\u00e9gatives vers son \u00e9metteur. C'est une pierre de protection.","breadcrumb":{"@id":"https:\/\/reiki53.fr\/mineraux\/produit\/pendule-oeil-de-tigre-sephroton\/#breadcrumb"},"inLanguage":"fr-FR","potentialAction":[{"@type":"ReadAction","target":["https:\/\/reiki53.fr\/mineraux\/produit\/pendule-oeil-de-tigre-sephroton\/"]}]},{"@type":"ImageObject","inLanguage":"fr-FR","@id":"https:\/\/reiki53.fr\/mineraux\/produit\/pendule-oeil-de-tigre-sephroton\/#primaryimage","url":"https:\/\/reiki53.fr\/mineraux\/wp-content\/uploads\/2022\/03\/sephroton-oeil-de-tigre.png","contentUrl":"https:\/\/reiki53.fr\/mineraux\/wp-content\/uploads\/2022\/03\/sephroton-oeil-de-tigre.png","width":808,"height":808,"caption":"pendule oeil de tigre sephroton"},{"@type":"BreadcrumbList","@id":"https:\/\/reiki53.fr\/mineraux\/produit\/pendule-oeil-de-tigre-sephroton\/#breadcrumb","itemListElement":[{"@type":"ListItem","position":1,"name":"Accueil","item":"https:\/\/reiki53.fr\/mineraux\/"},{"@type":"ListItem","position":2,"name":"Boutique","item":"https:\/\/reiki53.fr\/mineraux\/boutique\/"},{"@type":"ListItem","position":3,"name":"Pendule \u0152il de Tigre Sephroton"}]},{"@type":"WebSite","@id":"https:\/\/reiki53.fr\/mineraux\/#website","url":"https:\/\/reiki53.fr\/mineraux\/","name":"AGAPANTHE MIN\u00c9RAUX","description":"Magasin physique \u00e0 Laval (53)","publisher":{"@id":"https:\/\/reiki53.fr\/mineraux\/#organization"},"potentialAction":[{"@type":"SearchAction","target":{"@type":"EntryPoint","urlTemplate":"https:\/\/reiki53.fr\/mineraux\/?s={search_term_string}"},"query-input":{"@type":"PropertyValueSpecification","valueRequired":true,"valueName":"search_term_string"}}],"inLanguage":"fr-FR"},{"@type":"Organization","@id":"https:\/\/reiki53.fr\/mineraux\/#organization","name":"OLVB SAS","url":"https:\/\/reiki53.fr\/mineraux\/","logo":{"@type":"ImageObject","inLanguage":"fr-FR","@id":"https:\/\/reiki53.fr\/mineraux\/#\/schema\/logo\/image\/","url":"https:\/\/reiki53.fr\/mineraux\/wp-content\/uploads\/2020\/04\/AGAPANTHE-MINERAUX-Logo-petit.png","contentUrl":"https:\/\/reiki53.fr\/mineraux\/wp-content\/uploads\/2020\/04\/AGAPANTHE-MINERAUX-Logo-petit.png","width":160,"height":160,"caption":"OLVB SAS"},"image":{"@id":"https:\/\/reiki53.fr\/mineraux\/#\/schema\/logo\/image\/"}}]}},"jetpack_sharing_enabled":true,"_links":{"self":[{"href":"https:\/\/reiki53.fr\/mineraux\/wp-json\/wp\/v2\/product\/1815","targetHints":{"allow":["GET"]}}],"collection":[{"href":"https:\/\/reiki53.fr\/mineraux\/wp-json\/wp\/v2\/product"}],"about":[{"href":"https:\/\/reiki53.fr\/mineraux\/wp-json\/wp\/v2\/types\/product"}],"replies":[{"embeddable":true,"href":"https:\/\/reiki53.fr\/mineraux\/wp-json\/wp\/v2\/comments?post=1815"}],"wp:featuredmedia":[{"embeddable":true,"href":"https:\/\/reiki53.fr\/mineraux\/wp-json\/wp\/v2\/media\/1816"}],"wp:attachment":[{"href":"https:\/\/reiki53.fr\/mineraux\/wp-json\/wp\/v2\/media?parent=1815"}],"wp:term":[{"taxonomy":"product_brand","embeddable":true,"href":"https:\/\/reiki53.fr\/mineraux\/wp-json\/wp\/v2\/product_brand?post=1815"},{"taxonomy":"product_cat","embeddable":true,"href":"https:\/\/reiki53.fr\/mineraux\/wp-json\/wp\/v2\/product_cat?post=1815"},{"taxonomy":"product_tag","embeddable":true,"href":"https:\/\/reiki53.fr\/mineraux\/wp-json\/wp\/v2\/product_tag?post=1815"}],"curies":[{"name":"wp","href":"https:\/\/api.w.org\/{rel}","templated":true}]}}