{"id":2009,"date":"2024-11-01T19:35:47","date_gmt":"2024-11-01T18:35:47","guid":{"rendered":"https:\/\/reiki53.fr\/mineraux\/?post_type=product&#038;p=2009"},"modified":"2025-01-02T14:06:08","modified_gmt":"2025-01-02T13:06:08","slug":"calendrier-de-lavent-des-mineraux","status":"publish","type":"product","link":"https:\/\/reiki53.fr\/mineraux\/produit\/calendrier-de-lavent-des-mineraux\/","title":{"rendered":"Calendrier de l&rsquo;Avent des min\u00e9raux"},"content":{"rendered":"<p>Calendrier de l&rsquo;Avent des min\u00e9raux pour les adultes comme pour les enfants<\/p>\n<p>faits enti\u00e8rement par nos soins pour plus de diversit\u00e9.<\/p>\n<p>24 cases avec des min\u00e9raux sous toutes les formes<\/p>\n<p>&#8211; pierres roul\u00e9es<\/p>\n<p>&#8211; pierres brutes<\/p>\n<p>&#8211; bijoux<\/p>\n<p>Est joint au calendrier de l&rsquo;Avent un sachet avec 24 papiers dans l&rsquo;ordre<\/p>\n<p>des jours, et qui est une notice explicative de chaque min\u00e9ral.<\/p>\n<p>Le tout avec une dizaine de min\u00e9raux qui n&rsquo;ont jamais \u00e9t\u00e9 en vente en magasin,<\/p>\n<p>et les autres, sous des formes que nous n&rsquo;avons pas encore pu avoir.<\/p>\n<p>Et bien entendu, avec des min\u00e9raux diff\u00e9rents des ann\u00e9es pr\u00e9c\u00e9dentes<\/p>\n<p>Le tout pour satisfaire les plus passionn\u00e9s !<\/p>\n<p>Nous esp\u00e9rons qu&rsquo;il vous donnera pleine satisfaction,<\/p>\n<p>et vous aidera \u00e0 attendre No\u00ebl patiemment \ud83d\ude42<\/p>\n","protected":false},"excerpt":{"rendered":"<p>Calendrier de l&rsquo;avent des min\u00e9raux 2024<\/p>\n<p>pour petits et grands<\/p>\n<p>24 cases \u00e0 ouvrir jusqu&rsquo;\u00e0 No\u00ebl sur le th\u00e8me des min\u00e9raux<\/p>\n","protected":false},"featured_media":2013,"comment_status":"open","ping_status":"closed","template":"","meta":[],"product_brand":[],"product_cat":[23],"product_tag":[],"class_list":{"0":"post-2009","1":"product","2":"type-product","3":"status-publish","4":"has-post-thumbnail","6":"product_cat-mineraux","8":"first","9":"outofstock","10":"taxable","11":"shipping-taxable","12":"purchasable","13":"product-type-simple"},"yoast_head":"<!-- This site is optimized with the Yoast SEO plugin v26.5 - https:\/\/yoast.com\/wordpress\/plugins\/seo\/ -->\n<title>Calendrier de l&#039;Avent des min\u00e9raux - AGAPANTHE MIN\u00c9RAUX<\/title>\n<meta name=\"robots\" content=\"index, follow, max-snippet:-1, max-image-preview:large, max-video-preview:-1\" \/>\n<link rel=\"canonical\" href=\"https:\/\/reiki53.fr\/mineraux\/produit\/calendrier-de-lavent-des-mineraux\/\" \/>\n<meta property=\"og:locale\" content=\"fr_FR\" \/>\n<meta property=\"og:type\" content=\"article\" \/>\n<meta property=\"og:title\" content=\"Calendrier de l&#039;Avent des min\u00e9raux - AGAPANTHE MIN\u00c9RAUX\" \/>\n<meta property=\"og:description\" content=\"Calendrier de l&#039;avent des min\u00e9raux 2024  pour petits et grands  24 cases \u00e0 ouvrir jusqu&#039;\u00e0 No\u00ebl sur le th\u00e8me des min\u00e9raux\" \/>\n<meta property=\"og:url\" content=\"https:\/\/reiki53.fr\/mineraux\/produit\/calendrier-de-lavent-des-mineraux\/\" \/>\n<meta property=\"og:site_name\" content=\"AGAPANTHE MIN\u00c9RAUX\" \/>\n<meta property=\"article:modified_time\" content=\"2025-01-02T13:06:08+00:00\" \/>\n<meta property=\"og:image\" content=\"https:\/\/reiki53.fr\/mineraux\/wp-content\/uploads\/2024\/11\/calendrier-avent-rotated-e1730486278974.jpg\" \/>\n\t<meta property=\"og:image:width\" content=\"600\" \/>\n\t<meta property=\"og:image:height\" content=\"600\" \/>\n\t<meta property=\"og:image:type\" content=\"image\/jpeg\" \/>\n<meta name=\"twitter:card\" content=\"summary_large_image\" \/>\n<meta name=\"twitter:label1\" content=\"Dur\u00e9e de lecture estim\u00e9e\" \/>\n\t<meta name=\"twitter:data1\" content=\"1 minute\" \/>\n<script type=\"application\/ld+json\" class=\"yoast-schema-graph\">{\"@context\":\"https:\/\/schema.org\",\"@graph\":[{\"@type\":\"WebPage\",\"@id\":\"https:\/\/reiki53.fr\/mineraux\/produit\/calendrier-de-lavent-des-mineraux\/\",\"url\":\"https:\/\/reiki53.fr\/mineraux\/produit\/calendrier-de-lavent-des-mineraux\/\",\"name\":\"Calendrier de l'Avent des min\u00e9raux - AGAPANTHE MIN\u00c9RAUX\",\"isPartOf\":{\"@id\":\"https:\/\/reiki53.fr\/mineraux\/#website\"},\"primaryImageOfPage\":{\"@id\":\"https:\/\/reiki53.fr\/mineraux\/produit\/calendrier-de-lavent-des-mineraux\/#primaryimage\"},\"image\":{\"@id\":\"https:\/\/reiki53.fr\/mineraux\/produit\/calendrier-de-lavent-des-mineraux\/#primaryimage\"},\"thumbnailUrl\":\"https:\/\/reiki53.fr\/mineraux\/wp-content\/uploads\/2024\/11\/calendrier-avent-rotated-e1730486278974.jpg\",\"datePublished\":\"2024-11-01T18:35:47+00:00\",\"dateModified\":\"2025-01-02T13:06:08+00:00\",\"breadcrumb\":{\"@id\":\"https:\/\/reiki53.fr\/mineraux\/produit\/calendrier-de-lavent-des-mineraux\/#breadcrumb\"},\"inLanguage\":\"fr-FR\",\"potentialAction\":[{\"@type\":\"ReadAction\",\"target\":[\"https:\/\/reiki53.fr\/mineraux\/produit\/calendrier-de-lavent-des-mineraux\/\"]}]},{\"@type\":\"ImageObject\",\"inLanguage\":\"fr-FR\",\"@id\":\"https:\/\/reiki53.fr\/mineraux\/produit\/calendrier-de-lavent-des-mineraux\/#primaryimage\",\"url\":\"https:\/\/reiki53.fr\/mineraux\/wp-content\/uploads\/2024\/11\/calendrier-avent-rotated-e1730486278974.jpg\",\"contentUrl\":\"https:\/\/reiki53.fr\/mineraux\/wp-content\/uploads\/2024\/11\/calendrier-avent-rotated-e1730486278974.jpg\",\"width\":600,\"height\":600},{\"@type\":\"BreadcrumbList\",\"@id\":\"https:\/\/reiki53.fr\/mineraux\/produit\/calendrier-de-lavent-des-mineraux\/#breadcrumb\",\"itemListElement\":[{\"@type\":\"ListItem\",\"position\":1,\"name\":\"Accueil\",\"item\":\"https:\/\/reiki53.fr\/mineraux\/\"},{\"@type\":\"ListItem\",\"position\":2,\"name\":\"Boutique\",\"item\":\"https:\/\/reiki53.fr\/mineraux\/boutique\/\"},{\"@type\":\"ListItem\",\"position\":3,\"name\":\"Calendrier de l&rsquo;Avent des min\u00e9raux\"}]},{\"@type\":\"WebSite\",\"@id\":\"https:\/\/reiki53.fr\/mineraux\/#website\",\"url\":\"https:\/\/reiki53.fr\/mineraux\/\",\"name\":\"AGAPANTHE MIN\u00c9RAUX\",\"description\":\"Magasin physique \u00e0 Laval (53)\",\"publisher\":{\"@id\":\"https:\/\/reiki53.fr\/mineraux\/#organization\"},\"potentialAction\":[{\"@type\":\"SearchAction\",\"target\":{\"@type\":\"EntryPoint\",\"urlTemplate\":\"https:\/\/reiki53.fr\/mineraux\/?s={search_term_string}\"},\"query-input\":{\"@type\":\"PropertyValueSpecification\",\"valueRequired\":true,\"valueName\":\"search_term_string\"}}],\"inLanguage\":\"fr-FR\"},{\"@type\":\"Organization\",\"@id\":\"https:\/\/reiki53.fr\/mineraux\/#organization\",\"name\":\"OLVB SAS\",\"url\":\"https:\/\/reiki53.fr\/mineraux\/\",\"logo\":{\"@type\":\"ImageObject\",\"inLanguage\":\"fr-FR\",\"@id\":\"https:\/\/reiki53.fr\/mineraux\/#\/schema\/logo\/image\/\",\"url\":\"https:\/\/reiki53.fr\/mineraux\/wp-content\/uploads\/2020\/04\/AGAPANTHE-MINERAUX-Logo-petit.png\",\"contentUrl\":\"https:\/\/reiki53.fr\/mineraux\/wp-content\/uploads\/2020\/04\/AGAPANTHE-MINERAUX-Logo-petit.png\",\"width\":160,\"height\":160,\"caption\":\"OLVB SAS\"},\"image\":{\"@id\":\"https:\/\/reiki53.fr\/mineraux\/#\/schema\/logo\/image\/\"}}]}<\/script>\n<!-- \/ Yoast SEO plugin. -->","yoast_head_json":{"title":"Calendrier de l'Avent des min\u00e9raux - AGAPANTHE MIN\u00c9RAUX","robots":{"index":"index","follow":"follow","max-snippet":"max-snippet:-1","max-image-preview":"max-image-preview:large","max-video-preview":"max-video-preview:-1"},"canonical":"https:\/\/reiki53.fr\/mineraux\/produit\/calendrier-de-lavent-des-mineraux\/","og_locale":"fr_FR","og_type":"article","og_title":"Calendrier de l'Avent des min\u00e9raux - AGAPANTHE MIN\u00c9RAUX","og_description":"Calendrier de l'avent des min\u00e9raux 2024  pour petits et grands  24 cases \u00e0 ouvrir jusqu'\u00e0 No\u00ebl sur le th\u00e8me des min\u00e9raux","og_url":"https:\/\/reiki53.fr\/mineraux\/produit\/calendrier-de-lavent-des-mineraux\/","og_site_name":"AGAPANTHE MIN\u00c9RAUX","article_modified_time":"2025-01-02T13:06:08+00:00","og_image":[{"width":600,"height":600,"url":"https:\/\/reiki53.fr\/mineraux\/wp-content\/uploads\/2024\/11\/calendrier-avent-rotated-e1730486278974.jpg","type":"image\/jpeg"}],"twitter_card":"summary_large_image","twitter_misc":{"Dur\u00e9e de lecture estim\u00e9e":"1 minute"},"schema":{"@context":"https:\/\/schema.org","@graph":[{"@type":"WebPage","@id":"https:\/\/reiki53.fr\/mineraux\/produit\/calendrier-de-lavent-des-mineraux\/","url":"https:\/\/reiki53.fr\/mineraux\/produit\/calendrier-de-lavent-des-mineraux\/","name":"Calendrier de l'Avent des min\u00e9raux - AGAPANTHE MIN\u00c9RAUX","isPartOf":{"@id":"https:\/\/reiki53.fr\/mineraux\/#website"},"primaryImageOfPage":{"@id":"https:\/\/reiki53.fr\/mineraux\/produit\/calendrier-de-lavent-des-mineraux\/#primaryimage"},"image":{"@id":"https:\/\/reiki53.fr\/mineraux\/produit\/calendrier-de-lavent-des-mineraux\/#primaryimage"},"thumbnailUrl":"https:\/\/reiki53.fr\/mineraux\/wp-content\/uploads\/2024\/11\/calendrier-avent-rotated-e1730486278974.jpg","datePublished":"2024-11-01T18:35:47+00:00","dateModified":"2025-01-02T13:06:08+00:00","breadcrumb":{"@id":"https:\/\/reiki53.fr\/mineraux\/produit\/calendrier-de-lavent-des-mineraux\/#breadcrumb"},"inLanguage":"fr-FR","potentialAction":[{"@type":"ReadAction","target":["https:\/\/reiki53.fr\/mineraux\/produit\/calendrier-de-lavent-des-mineraux\/"]}]},{"@type":"ImageObject","inLanguage":"fr-FR","@id":"https:\/\/reiki53.fr\/mineraux\/produit\/calendrier-de-lavent-des-mineraux\/#primaryimage","url":"https:\/\/reiki53.fr\/mineraux\/wp-content\/uploads\/2024\/11\/calendrier-avent-rotated-e1730486278974.jpg","contentUrl":"https:\/\/reiki53.fr\/mineraux\/wp-content\/uploads\/2024\/11\/calendrier-avent-rotated-e1730486278974.jpg","width":600,"height":600},{"@type":"BreadcrumbList","@id":"https:\/\/reiki53.fr\/mineraux\/produit\/calendrier-de-lavent-des-mineraux\/#breadcrumb","itemListElement":[{"@type":"ListItem","position":1,"name":"Accueil","item":"https:\/\/reiki53.fr\/mineraux\/"},{"@type":"ListItem","position":2,"name":"Boutique","item":"https:\/\/reiki53.fr\/mineraux\/boutique\/"},{"@type":"ListItem","position":3,"name":"Calendrier de l&rsquo;Avent des min\u00e9raux"}]},{"@type":"WebSite","@id":"https:\/\/reiki53.fr\/mineraux\/#website","url":"https:\/\/reiki53.fr\/mineraux\/","name":"AGAPANTHE MIN\u00c9RAUX","description":"Magasin physique \u00e0 Laval (53)","publisher":{"@id":"https:\/\/reiki53.fr\/mineraux\/#organization"},"potentialAction":[{"@type":"SearchAction","target":{"@type":"EntryPoint","urlTemplate":"https:\/\/reiki53.fr\/mineraux\/?s={search_term_string}"},"query-input":{"@type":"PropertyValueSpecification","valueRequired":true,"valueName":"search_term_string"}}],"inLanguage":"fr-FR"},{"@type":"Organization","@id":"https:\/\/reiki53.fr\/mineraux\/#organization","name":"OLVB SAS","url":"https:\/\/reiki53.fr\/mineraux\/","logo":{"@type":"ImageObject","inLanguage":"fr-FR","@id":"https:\/\/reiki53.fr\/mineraux\/#\/schema\/logo\/image\/","url":"https:\/\/reiki53.fr\/mineraux\/wp-content\/uploads\/2020\/04\/AGAPANTHE-MINERAUX-Logo-petit.png","contentUrl":"https:\/\/reiki53.fr\/mineraux\/wp-content\/uploads\/2020\/04\/AGAPANTHE-MINERAUX-Logo-petit.png","width":160,"height":160,"caption":"OLVB SAS"},"image":{"@id":"https:\/\/reiki53.fr\/mineraux\/#\/schema\/logo\/image\/"}}]}},"jetpack_sharing_enabled":true,"_links":{"self":[{"href":"https:\/\/reiki53.fr\/mineraux\/wp-json\/wp\/v2\/product\/2009","targetHints":{"allow":["GET"]}}],"collection":[{"href":"https:\/\/reiki53.fr\/mineraux\/wp-json\/wp\/v2\/product"}],"about":[{"href":"https:\/\/reiki53.fr\/mineraux\/wp-json\/wp\/v2\/types\/product"}],"replies":[{"embeddable":true,"href":"https:\/\/reiki53.fr\/mineraux\/wp-json\/wp\/v2\/comments?post=2009"}],"wp:featuredmedia":[{"embeddable":true,"href":"https:\/\/reiki53.fr\/mineraux\/wp-json\/wp\/v2\/media\/2013"}],"wp:attachment":[{"href":"https:\/\/reiki53.fr\/mineraux\/wp-json\/wp\/v2\/media?parent=2009"}],"wp:term":[{"taxonomy":"product_brand","embeddable":true,"href":"https:\/\/reiki53.fr\/mineraux\/wp-json\/wp\/v2\/product_brand?post=2009"},{"taxonomy":"product_cat","embeddable":true,"href":"https:\/\/reiki53.fr\/mineraux\/wp-json\/wp\/v2\/product_cat?post=2009"},{"taxonomy":"product_tag","embeddable":true,"href":"https:\/\/reiki53.fr\/mineraux\/wp-json\/wp\/v2\/product_tag?post=2009"}],"curies":[{"name":"wp","href":"https:\/\/api.w.org\/{rel}","templated":true}]}}