{"id":2031,"date":"2025-01-02T15:15:26","date_gmt":"2025-01-02T14:15:26","guid":{"rendered":"https:\/\/reiki53.fr\/mineraux\/?post_type=product&#038;p=2031"},"modified":"2025-01-02T15:15:27","modified_gmt":"2025-01-02T14:15:27","slug":"chemin-de-vie","status":"publish","type":"product","link":"https:\/\/reiki53.fr\/mineraux\/produit\/chemin-de-vie\/","title":{"rendered":"Chemin de vie"},"content":{"rendered":"<p><strong><img fetchpriority=\"high\" decoding=\"async\" class=\"alignleft size-medium wp-image-2033\" src=\"https:\/\/reiki53.fr\/mineraux\/wp-content\/uploads\/2025\/01\/chemin-de-vie-300x300.jpeg\" alt=\"\u00e9tude de votre chemin de vie\" width=\"300\" height=\"300\" srcset=\"https:\/\/reiki53.fr\/mineraux\/wp-content\/uploads\/2025\/01\/chemin-de-vie-300x300.jpeg 300w, https:\/\/reiki53.fr\/mineraux\/wp-content\/uploads\/2025\/01\/chemin-de-vie-150x150.jpeg 150w, https:\/\/reiki53.fr\/mineraux\/wp-content\/uploads\/2025\/01\/chemin-de-vie-768x768.jpeg 768w, https:\/\/reiki53.fr\/mineraux\/wp-content\/uploads\/2025\/01\/chemin-de-vie-600x600.jpeg 600w, https:\/\/reiki53.fr\/mineraux\/wp-content\/uploads\/2025\/01\/chemin-de-vie-160x160.jpeg 160w, https:\/\/reiki53.fr\/mineraux\/wp-content\/uploads\/2025\/01\/chemin-de-vie-100x100.jpeg 100w, https:\/\/reiki53.fr\/mineraux\/wp-content\/uploads\/2025\/01\/chemin-de-vie.jpeg 1024w\" sizes=\"(max-width: 300px) 100vw, 300px\" \/>NOUS CALCULONS VOTRE CHEMIN DE VIE ET R\u00c9ALISONS VOTRE BRACELET SUR MESURE<\/strong><\/p>\n<p>En combinant vos noms pr\u00e9noms, date de naissance et la num\u00e9rologie, votre chemin de vie en lithoth\u00e9rapie appara\u00eet <em>(Il existe plus de 1400 milliards de combinaisons)<\/em>.<br \/>\nC\u2019est comme un ADN de pierres, totalement unique et personnel, tout comme vous !<br \/>\nCe soutien \u00e9nerg\u00e9tique vient comme un guide vous orienter sur les chemins sinueux de votre vie<br \/>\nInfluen\u00e7ant positivement les points essentiels de votre personnalit\u00e9 et de votre destin\u00e9e,<br \/>\nLes min\u00e9raux de votre chemin de vie sont des compagnons id\u00e9aux pour d\u00e9passer les blocages pour votre \u00e9volution permanente.<br \/>\nLes vertus des pierres entrent en r\u00e9sonnance avec votre nature profonde,<br \/>\nVotre chemin de vie, personnel, est comme un tatouage \u00e9nerg\u00e9tique, qui vous ac-compagne jour apr\u00e8s jour.<br \/>\nTrouvez le sens de votre vie,<br \/>\nComprenez et lib\u00e9rez vos blocages \u00e9motionnels, prenez votre place, r\u00e9alisez-vous pleinement<br \/>\nProfitez d\u2019un profond sentiment de s\u00e9r\u00e9nit\u00e9 avec ce Talisman qu\u2019est votre chemin de vie.<\/p>\n<p><strong>Votre chemin de vie est compos\u00e9 de 8 pierres<br \/>\nCorrespondant \u00e0 vos donn\u00e9es personnelles calcul\u00e9es en num\u00e9rologie<br \/>\nUn document explicatif accompagne votre chemin de vie<\/strong><\/p>\n<p>Commandez le v\u00f4tre !!!<br \/>\n38 \u20ac<\/p>\n","protected":false},"excerpt":{"rendered":"<p>Pour r\u00e9aliser votre bracelet chemin de vie nous avons besoin des \u00e9l\u00e9ments suivants :<\/p>\n<p>\u00e0 nous laisser par mail \u00e0 agapanthe.laval@gmail.com ou dans les observations au moment du paiement\u00a0 vos :<\/p>\n<p>Pr\u00e9noms dans l&rsquo;ordre de l&rsquo;\u00e9tat-civil<\/p>\n<p>Nom du p\u00e8re<\/p>\n<p>Nom de la m\u00e8re<\/p>\n<p>Date de naissance<\/p>\n","protected":false},"featured_media":2032,"comment_status":"open","ping_status":"closed","template":"","meta":[],"product_brand":[],"product_cat":[212,211],"product_tag":[591,593,592],"class_list":{"0":"post-2031","1":"product","2":"type-product","3":"status-publish","4":"has-post-thumbnail","6":"product_cat-bijoux","7":"product_cat-bracelets-boules","8":"product_tag-bijoux-2","9":"product_tag-bracelet","10":"product_tag-chemin-de-vie","12":"first","13":"instock","14":"taxable","15":"shipping-taxable","16":"purchasable","17":"product-type-simple"},"yoast_head":"<!-- This site is optimized with the Yoast SEO plugin v26.5 - https:\/\/yoast.com\/wordpress\/plugins\/seo\/ -->\n<title>Chemin de vie - AGAPANTHE MIN\u00c9RAUX<\/title>\n<meta name=\"robots\" content=\"index, follow, max-snippet:-1, max-image-preview:large, max-video-preview:-1\" \/>\n<link rel=\"canonical\" href=\"https:\/\/reiki53.fr\/mineraux\/produit\/chemin-de-vie\/\" \/>\n<meta property=\"og:locale\" content=\"fr_FR\" \/>\n<meta property=\"og:type\" content=\"article\" \/>\n<meta property=\"og:title\" content=\"Chemin de vie - AGAPANTHE MIN\u00c9RAUX\" \/>\n<meta property=\"og:description\" content=\"Pour r\u00e9aliser votre bracelet chemin de vie nous avons besoin des \u00e9l\u00e9ments suivants :  \u00e0 nous laisser par mail \u00e0 agapanthe.laval@gmail.com ou dans les observations au moment du paiement\u00a0 vos :  Pr\u00e9noms dans l&#039;ordre de l&#039;\u00e9tat-civil  Nom du p\u00e8re  Nom de la m\u00e8re  Date de naissance\" \/>\n<meta property=\"og:url\" content=\"https:\/\/reiki53.fr\/mineraux\/produit\/chemin-de-vie\/\" \/>\n<meta property=\"og:site_name\" content=\"AGAPANTHE MIN\u00c9RAUX\" \/>\n<meta property=\"article:modified_time\" content=\"2025-01-02T14:15:27+00:00\" \/>\n<meta property=\"og:image\" content=\"https:\/\/reiki53.fr\/mineraux\/wp-content\/uploads\/2025\/01\/bracelet-chemin-de-vie-1.jpeg\" \/>\n\t<meta property=\"og:image:width\" content=\"1024\" \/>\n\t<meta property=\"og:image:height\" content=\"1024\" \/>\n\t<meta property=\"og:image:type\" content=\"image\/jpeg\" \/>\n<meta name=\"twitter:card\" content=\"summary_large_image\" \/>\n<meta name=\"twitter:label1\" content=\"Dur\u00e9e de lecture estim\u00e9e\" \/>\n\t<meta name=\"twitter:data1\" content=\"2 minutes\" \/>\n<script type=\"application\/ld+json\" class=\"yoast-schema-graph\">{\"@context\":\"https:\/\/schema.org\",\"@graph\":[{\"@type\":\"WebPage\",\"@id\":\"https:\/\/reiki53.fr\/mineraux\/produit\/chemin-de-vie\/\",\"url\":\"https:\/\/reiki53.fr\/mineraux\/produit\/chemin-de-vie\/\",\"name\":\"Chemin de vie - AGAPANTHE MIN\u00c9RAUX\",\"isPartOf\":{\"@id\":\"https:\/\/reiki53.fr\/mineraux\/#website\"},\"primaryImageOfPage\":{\"@id\":\"https:\/\/reiki53.fr\/mineraux\/produit\/chemin-de-vie\/#primaryimage\"},\"image\":{\"@id\":\"https:\/\/reiki53.fr\/mineraux\/produit\/chemin-de-vie\/#primaryimage\"},\"thumbnailUrl\":\"https:\/\/reiki53.fr\/mineraux\/wp-content\/uploads\/2025\/01\/bracelet-chemin-de-vie-1.jpeg\",\"datePublished\":\"2025-01-02T14:15:26+00:00\",\"dateModified\":\"2025-01-02T14:15:27+00:00\",\"breadcrumb\":{\"@id\":\"https:\/\/reiki53.fr\/mineraux\/produit\/chemin-de-vie\/#breadcrumb\"},\"inLanguage\":\"fr-FR\",\"potentialAction\":[{\"@type\":\"ReadAction\",\"target\":[\"https:\/\/reiki53.fr\/mineraux\/produit\/chemin-de-vie\/\"]}]},{\"@type\":\"ImageObject\",\"inLanguage\":\"fr-FR\",\"@id\":\"https:\/\/reiki53.fr\/mineraux\/produit\/chemin-de-vie\/#primaryimage\",\"url\":\"https:\/\/reiki53.fr\/mineraux\/wp-content\/uploads\/2025\/01\/bracelet-chemin-de-vie-1.jpeg\",\"contentUrl\":\"https:\/\/reiki53.fr\/mineraux\/wp-content\/uploads\/2025\/01\/bracelet-chemin-de-vie-1.jpeg\",\"width\":1024,\"height\":1024,\"caption\":\"chemin de vie en bracelet\"},{\"@type\":\"BreadcrumbList\",\"@id\":\"https:\/\/reiki53.fr\/mineraux\/produit\/chemin-de-vie\/#breadcrumb\",\"itemListElement\":[{\"@type\":\"ListItem\",\"position\":1,\"name\":\"Accueil\",\"item\":\"https:\/\/reiki53.fr\/mineraux\/\"},{\"@type\":\"ListItem\",\"position\":2,\"name\":\"Boutique\",\"item\":\"https:\/\/reiki53.fr\/mineraux\/boutique\/\"},{\"@type\":\"ListItem\",\"position\":3,\"name\":\"Chemin de vie\"}]},{\"@type\":\"WebSite\",\"@id\":\"https:\/\/reiki53.fr\/mineraux\/#website\",\"url\":\"https:\/\/reiki53.fr\/mineraux\/\",\"name\":\"AGAPANTHE MIN\u00c9RAUX\",\"description\":\"Magasin physique \u00e0 Laval (53)\",\"publisher\":{\"@id\":\"https:\/\/reiki53.fr\/mineraux\/#organization\"},\"potentialAction\":[{\"@type\":\"SearchAction\",\"target\":{\"@type\":\"EntryPoint\",\"urlTemplate\":\"https:\/\/reiki53.fr\/mineraux\/?s={search_term_string}\"},\"query-input\":{\"@type\":\"PropertyValueSpecification\",\"valueRequired\":true,\"valueName\":\"search_term_string\"}}],\"inLanguage\":\"fr-FR\"},{\"@type\":\"Organization\",\"@id\":\"https:\/\/reiki53.fr\/mineraux\/#organization\",\"name\":\"OLVB SAS\",\"url\":\"https:\/\/reiki53.fr\/mineraux\/\",\"logo\":{\"@type\":\"ImageObject\",\"inLanguage\":\"fr-FR\",\"@id\":\"https:\/\/reiki53.fr\/mineraux\/#\/schema\/logo\/image\/\",\"url\":\"https:\/\/reiki53.fr\/mineraux\/wp-content\/uploads\/2020\/04\/AGAPANTHE-MINERAUX-Logo-petit.png\",\"contentUrl\":\"https:\/\/reiki53.fr\/mineraux\/wp-content\/uploads\/2020\/04\/AGAPANTHE-MINERAUX-Logo-petit.png\",\"width\":160,\"height\":160,\"caption\":\"OLVB SAS\"},\"image\":{\"@id\":\"https:\/\/reiki53.fr\/mineraux\/#\/schema\/logo\/image\/\"}}]}<\/script>\n<!-- \/ Yoast SEO plugin. -->","yoast_head_json":{"title":"Chemin de vie - AGAPANTHE MIN\u00c9RAUX","robots":{"index":"index","follow":"follow","max-snippet":"max-snippet:-1","max-image-preview":"max-image-preview:large","max-video-preview":"max-video-preview:-1"},"canonical":"https:\/\/reiki53.fr\/mineraux\/produit\/chemin-de-vie\/","og_locale":"fr_FR","og_type":"article","og_title":"Chemin de vie - AGAPANTHE MIN\u00c9RAUX","og_description":"Pour r\u00e9aliser votre bracelet chemin de vie nous avons besoin des \u00e9l\u00e9ments suivants :  \u00e0 nous laisser par mail \u00e0 agapanthe.laval@gmail.com ou dans les observations au moment du paiement\u00a0 vos :  Pr\u00e9noms dans l'ordre de l'\u00e9tat-civil  Nom du p\u00e8re  Nom de la m\u00e8re  Date de naissance","og_url":"https:\/\/reiki53.fr\/mineraux\/produit\/chemin-de-vie\/","og_site_name":"AGAPANTHE MIN\u00c9RAUX","article_modified_time":"2025-01-02T14:15:27+00:00","og_image":[{"width":1024,"height":1024,"url":"https:\/\/reiki53.fr\/mineraux\/wp-content\/uploads\/2025\/01\/bracelet-chemin-de-vie-1.jpeg","type":"image\/jpeg"}],"twitter_card":"summary_large_image","twitter_misc":{"Dur\u00e9e de lecture estim\u00e9e":"2 minutes"},"schema":{"@context":"https:\/\/schema.org","@graph":[{"@type":"WebPage","@id":"https:\/\/reiki53.fr\/mineraux\/produit\/chemin-de-vie\/","url":"https:\/\/reiki53.fr\/mineraux\/produit\/chemin-de-vie\/","name":"Chemin de vie - AGAPANTHE MIN\u00c9RAUX","isPartOf":{"@id":"https:\/\/reiki53.fr\/mineraux\/#website"},"primaryImageOfPage":{"@id":"https:\/\/reiki53.fr\/mineraux\/produit\/chemin-de-vie\/#primaryimage"},"image":{"@id":"https:\/\/reiki53.fr\/mineraux\/produit\/chemin-de-vie\/#primaryimage"},"thumbnailUrl":"https:\/\/reiki53.fr\/mineraux\/wp-content\/uploads\/2025\/01\/bracelet-chemin-de-vie-1.jpeg","datePublished":"2025-01-02T14:15:26+00:00","dateModified":"2025-01-02T14:15:27+00:00","breadcrumb":{"@id":"https:\/\/reiki53.fr\/mineraux\/produit\/chemin-de-vie\/#breadcrumb"},"inLanguage":"fr-FR","potentialAction":[{"@type":"ReadAction","target":["https:\/\/reiki53.fr\/mineraux\/produit\/chemin-de-vie\/"]}]},{"@type":"ImageObject","inLanguage":"fr-FR","@id":"https:\/\/reiki53.fr\/mineraux\/produit\/chemin-de-vie\/#primaryimage","url":"https:\/\/reiki53.fr\/mineraux\/wp-content\/uploads\/2025\/01\/bracelet-chemin-de-vie-1.jpeg","contentUrl":"https:\/\/reiki53.fr\/mineraux\/wp-content\/uploads\/2025\/01\/bracelet-chemin-de-vie-1.jpeg","width":1024,"height":1024,"caption":"chemin de vie en bracelet"},{"@type":"BreadcrumbList","@id":"https:\/\/reiki53.fr\/mineraux\/produit\/chemin-de-vie\/#breadcrumb","itemListElement":[{"@type":"ListItem","position":1,"name":"Accueil","item":"https:\/\/reiki53.fr\/mineraux\/"},{"@type":"ListItem","position":2,"name":"Boutique","item":"https:\/\/reiki53.fr\/mineraux\/boutique\/"},{"@type":"ListItem","position":3,"name":"Chemin de vie"}]},{"@type":"WebSite","@id":"https:\/\/reiki53.fr\/mineraux\/#website","url":"https:\/\/reiki53.fr\/mineraux\/","name":"AGAPANTHE MIN\u00c9RAUX","description":"Magasin physique \u00e0 Laval (53)","publisher":{"@id":"https:\/\/reiki53.fr\/mineraux\/#organization"},"potentialAction":[{"@type":"SearchAction","target":{"@type":"EntryPoint","urlTemplate":"https:\/\/reiki53.fr\/mineraux\/?s={search_term_string}"},"query-input":{"@type":"PropertyValueSpecification","valueRequired":true,"valueName":"search_term_string"}}],"inLanguage":"fr-FR"},{"@type":"Organization","@id":"https:\/\/reiki53.fr\/mineraux\/#organization","name":"OLVB SAS","url":"https:\/\/reiki53.fr\/mineraux\/","logo":{"@type":"ImageObject","inLanguage":"fr-FR","@id":"https:\/\/reiki53.fr\/mineraux\/#\/schema\/logo\/image\/","url":"https:\/\/reiki53.fr\/mineraux\/wp-content\/uploads\/2020\/04\/AGAPANTHE-MINERAUX-Logo-petit.png","contentUrl":"https:\/\/reiki53.fr\/mineraux\/wp-content\/uploads\/2020\/04\/AGAPANTHE-MINERAUX-Logo-petit.png","width":160,"height":160,"caption":"OLVB SAS"},"image":{"@id":"https:\/\/reiki53.fr\/mineraux\/#\/schema\/logo\/image\/"}}]}},"jetpack_sharing_enabled":true,"_links":{"self":[{"href":"https:\/\/reiki53.fr\/mineraux\/wp-json\/wp\/v2\/product\/2031","targetHints":{"allow":["GET"]}}],"collection":[{"href":"https:\/\/reiki53.fr\/mineraux\/wp-json\/wp\/v2\/product"}],"about":[{"href":"https:\/\/reiki53.fr\/mineraux\/wp-json\/wp\/v2\/types\/product"}],"replies":[{"embeddable":true,"href":"https:\/\/reiki53.fr\/mineraux\/wp-json\/wp\/v2\/comments?post=2031"}],"wp:featuredmedia":[{"embeddable":true,"href":"https:\/\/reiki53.fr\/mineraux\/wp-json\/wp\/v2\/media\/2032"}],"wp:attachment":[{"href":"https:\/\/reiki53.fr\/mineraux\/wp-json\/wp\/v2\/media?parent=2031"}],"wp:term":[{"taxonomy":"product_brand","embeddable":true,"href":"https:\/\/reiki53.fr\/mineraux\/wp-json\/wp\/v2\/product_brand?post=2031"},{"taxonomy":"product_cat","embeddable":true,"href":"https:\/\/reiki53.fr\/mineraux\/wp-json\/wp\/v2\/product_cat?post=2031"},{"taxonomy":"product_tag","embeddable":true,"href":"https:\/\/reiki53.fr\/mineraux\/wp-json\/wp\/v2\/product_tag?post=2031"}],"curies":[{"name":"wp","href":"https:\/\/api.w.org\/{rel}","templated":true}]}}