{"id":274,"date":"2020-04-16T16:07:11","date_gmt":"2020-04-16T14:07:11","guid":{"rendered":"http:\/\/reiki53.fr\/mineraux\/?post_type=product&#038;p=274"},"modified":"2023-10-06T19:27:15","modified_gmt":"2023-10-06T17:27:15","slug":"chrysocolle","status":"publish","type":"product","link":"https:\/\/reiki53.fr\/mineraux\/produit\/chrysocolle\/","title":{"rendered":"Chrysocolle"},"content":{"rendered":"<p>Pierre roul\u00e9e d&rsquo;environ 3 \u00e0 4 cm<span id=\"texte_description_fiche_produit\"><span class=\"texte_catalogue\">.<\/span><\/span><\/p>\n<p><span id=\"texte_description_fiche_produit\">L&rsquo;\u00e9nergie de la chrysocolle est f\u00e9minine, principe YIN aux propri\u00e9t\u00e9s calmantes.<\/span><\/p>\n<p><span id=\"texte_description_fiche_produit\">Elle chasse les ressentiments, permet une attitude tol\u00e9rante et incite au pardon.<br \/>\n\u00c9quilibre et apaise tous les centres \u00e9nerg\u00e9tiques.<br \/>\n<\/span><\/p>\n","protected":false},"excerpt":{"rendered":"<p>Les vertus sommaires de la chrysocolle\u00a0 :<\/p>\n<ul>\n<li>Transforme n\u00e9gatif en positif<\/li>\n<li>Purifie les chakras et les charge<\/li>\n<li>Pierre de communication et m\u00e9ditation<\/li>\n<li>Utile dans les moments difficile\/changement<\/li>\n<li>R\u00e9tablir l&rsquo;harmonie<\/li>\n<\/ul>\n<p>Signe astrologique de pr\u00e9dilection : G\u00e9meaux, Balance et Sagittaire<\/p>\n<p>Rechargement : amas de quartz (druse) au soleil<br \/>\nPurification rarement n\u00e9cessaire<\/p>\n<p>&nbsp;<\/p>\n","protected":false},"featured_media":191,"comment_status":"open","ping_status":"closed","template":"","meta":[],"product_brand":[],"product_cat":[23,24],"product_tag":[531,43,44,527,530,97,98,41,42,528,40,525,524,46,523,45,529],"class_list":{"0":"post-274","1":"product","2":"type-product","3":"status-publish","4":"has-post-thumbnail","6":"product_cat-mineraux","7":"product_cat-pierres-roulees","8":"product_tag-achat-de-mineraux","9":"product_tag-agapanthe-53","10":"product_tag-agapanthe-mineraux","11":"product_tag-boutique-de-mineraux","12":"product_tag-boutique-de-pierres-semi-precieuses","13":"product_tag-chrysocolle","14":"product_tag-chrysocolle-mineraux","15":"product_tag-lithotherapie","16":"product_tag-lithotherapie-53","17":"product_tag-magasin-de-mineraux","18":"product_tag-mineraux","19":"product_tag-mineraux-53","20":"product_tag-mineraux-en-mayenne","21":"product_tag-mineraux-laval","22":"product_tag-pierre-semi-precieuse","23":"product_tag-pierres-naturelles","24":"product_tag-pierres-precieuses","26":"first","27":"instock","28":"taxable","29":"shipping-taxable","30":"purchasable","31":"product-type-simple"},"yoast_head":"<!-- This site is optimized with the Yoast SEO plugin v26.5 - https:\/\/yoast.com\/wordpress\/plugins\/seo\/ -->\n<title>Chrysocolle - AGAPANTHE MIN\u00c9RAUX<\/title>\n<meta name=\"description\" content=\"L&#039;\u00e9nergie de la chrysocolle est f\u00e9minine, principe YIN aux propri\u00e9t\u00e9s calmantes.Elle chasse les ressentiments, permet une attitude tol\u00e9rante\" \/>\n<meta name=\"robots\" content=\"index, follow, max-snippet:-1, max-image-preview:large, max-video-preview:-1\" \/>\n<link rel=\"canonical\" href=\"https:\/\/reiki53.fr\/mineraux\/produit\/chrysocolle\/\" \/>\n<meta property=\"og:locale\" content=\"fr_FR\" \/>\n<meta property=\"og:type\" content=\"article\" \/>\n<meta property=\"og:title\" content=\"Chrysocolle - AGAPANTHE MIN\u00c9RAUX\" \/>\n<meta property=\"og:description\" content=\"L&#039;\u00e9nergie de la chrysocolle est f\u00e9minine, principe YIN aux propri\u00e9t\u00e9s calmantes.Elle chasse les ressentiments, permet une attitude tol\u00e9rante\" \/>\n<meta property=\"og:url\" content=\"https:\/\/reiki53.fr\/mineraux\/produit\/chrysocolle\/\" \/>\n<meta property=\"og:site_name\" content=\"AGAPANTHE MIN\u00c9RAUX\" \/>\n<meta property=\"article:modified_time\" content=\"2023-10-06T17:27:15+00:00\" \/>\n<meta property=\"og:image\" content=\"https:\/\/reiki53.fr\/mineraux\/wp-content\/uploads\/2020\/04\/chrysocolle-ou-jade-africain-agapanthe.jpg\" \/>\n\t<meta property=\"og:image:width\" content=\"1441\" \/>\n\t<meta property=\"og:image:height\" content=\"1441\" \/>\n\t<meta property=\"og:image:type\" content=\"image\/jpeg\" \/>\n<meta name=\"twitter:card\" content=\"summary_large_image\" \/>\n<script type=\"application\/ld+json\" class=\"yoast-schema-graph\">{\"@context\":\"https:\/\/schema.org\",\"@graph\":[{\"@type\":\"WebPage\",\"@id\":\"https:\/\/reiki53.fr\/mineraux\/produit\/chrysocolle\/\",\"url\":\"https:\/\/reiki53.fr\/mineraux\/produit\/chrysocolle\/\",\"name\":\"Chrysocolle - AGAPANTHE MIN\u00c9RAUX\",\"isPartOf\":{\"@id\":\"https:\/\/reiki53.fr\/mineraux\/#website\"},\"primaryImageOfPage\":{\"@id\":\"https:\/\/reiki53.fr\/mineraux\/produit\/chrysocolle\/#primaryimage\"},\"image\":{\"@id\":\"https:\/\/reiki53.fr\/mineraux\/produit\/chrysocolle\/#primaryimage\"},\"thumbnailUrl\":\"https:\/\/reiki53.fr\/mineraux\/wp-content\/uploads\/2020\/04\/chrysocolle-ou-jade-africain-agapanthe.jpg\",\"datePublished\":\"2020-04-16T14:07:11+00:00\",\"dateModified\":\"2023-10-06T17:27:15+00:00\",\"description\":\"L'\u00e9nergie de la chrysocolle est f\u00e9minine, principe YIN aux propri\u00e9t\u00e9s calmantes.Elle chasse les ressentiments, permet une attitude tol\u00e9rante\",\"breadcrumb\":{\"@id\":\"https:\/\/reiki53.fr\/mineraux\/produit\/chrysocolle\/#breadcrumb\"},\"inLanguage\":\"fr-FR\",\"potentialAction\":[{\"@type\":\"ReadAction\",\"target\":[\"https:\/\/reiki53.fr\/mineraux\/produit\/chrysocolle\/\"]}]},{\"@type\":\"ImageObject\",\"inLanguage\":\"fr-FR\",\"@id\":\"https:\/\/reiki53.fr\/mineraux\/produit\/chrysocolle\/#primaryimage\",\"url\":\"https:\/\/reiki53.fr\/mineraux\/wp-content\/uploads\/2020\/04\/chrysocolle-ou-jade-africain-agapanthe.jpg\",\"contentUrl\":\"https:\/\/reiki53.fr\/mineraux\/wp-content\/uploads\/2020\/04\/chrysocolle-ou-jade-africain-agapanthe.jpg\",\"width\":1441,\"height\":1441,\"caption\":\"chrysocolle\"},{\"@type\":\"BreadcrumbList\",\"@id\":\"https:\/\/reiki53.fr\/mineraux\/produit\/chrysocolle\/#breadcrumb\",\"itemListElement\":[{\"@type\":\"ListItem\",\"position\":1,\"name\":\"Accueil\",\"item\":\"https:\/\/reiki53.fr\/mineraux\/\"},{\"@type\":\"ListItem\",\"position\":2,\"name\":\"Boutique\",\"item\":\"https:\/\/reiki53.fr\/mineraux\/boutique\/\"},{\"@type\":\"ListItem\",\"position\":3,\"name\":\"Chrysocolle\"}]},{\"@type\":\"WebSite\",\"@id\":\"https:\/\/reiki53.fr\/mineraux\/#website\",\"url\":\"https:\/\/reiki53.fr\/mineraux\/\",\"name\":\"AGAPANTHE MIN\u00c9RAUX\",\"description\":\"Magasin physique \u00e0 Laval (53)\",\"publisher\":{\"@id\":\"https:\/\/reiki53.fr\/mineraux\/#organization\"},\"potentialAction\":[{\"@type\":\"SearchAction\",\"target\":{\"@type\":\"EntryPoint\",\"urlTemplate\":\"https:\/\/reiki53.fr\/mineraux\/?s={search_term_string}\"},\"query-input\":{\"@type\":\"PropertyValueSpecification\",\"valueRequired\":true,\"valueName\":\"search_term_string\"}}],\"inLanguage\":\"fr-FR\"},{\"@type\":\"Organization\",\"@id\":\"https:\/\/reiki53.fr\/mineraux\/#organization\",\"name\":\"OLVB SAS\",\"url\":\"https:\/\/reiki53.fr\/mineraux\/\",\"logo\":{\"@type\":\"ImageObject\",\"inLanguage\":\"fr-FR\",\"@id\":\"https:\/\/reiki53.fr\/mineraux\/#\/schema\/logo\/image\/\",\"url\":\"https:\/\/reiki53.fr\/mineraux\/wp-content\/uploads\/2020\/04\/AGAPANTHE-MINERAUX-Logo-petit.png\",\"contentUrl\":\"https:\/\/reiki53.fr\/mineraux\/wp-content\/uploads\/2020\/04\/AGAPANTHE-MINERAUX-Logo-petit.png\",\"width\":160,\"height\":160,\"caption\":\"OLVB SAS\"},\"image\":{\"@id\":\"https:\/\/reiki53.fr\/mineraux\/#\/schema\/logo\/image\/\"}}]}<\/script>\n<!-- \/ Yoast SEO plugin. -->","yoast_head_json":{"title":"Chrysocolle - AGAPANTHE MIN\u00c9RAUX","description":"L'\u00e9nergie de la chrysocolle est f\u00e9minine, principe YIN aux propri\u00e9t\u00e9s calmantes.Elle chasse les ressentiments, permet une attitude tol\u00e9rante","robots":{"index":"index","follow":"follow","max-snippet":"max-snippet:-1","max-image-preview":"max-image-preview:large","max-video-preview":"max-video-preview:-1"},"canonical":"https:\/\/reiki53.fr\/mineraux\/produit\/chrysocolle\/","og_locale":"fr_FR","og_type":"article","og_title":"Chrysocolle - AGAPANTHE MIN\u00c9RAUX","og_description":"L'\u00e9nergie de la chrysocolle est f\u00e9minine, principe YIN aux propri\u00e9t\u00e9s calmantes.Elle chasse les ressentiments, permet une attitude tol\u00e9rante","og_url":"https:\/\/reiki53.fr\/mineraux\/produit\/chrysocolle\/","og_site_name":"AGAPANTHE MIN\u00c9RAUX","article_modified_time":"2023-10-06T17:27:15+00:00","og_image":[{"width":1441,"height":1441,"url":"https:\/\/reiki53.fr\/mineraux\/wp-content\/uploads\/2020\/04\/chrysocolle-ou-jade-africain-agapanthe.jpg","type":"image\/jpeg"}],"twitter_card":"summary_large_image","schema":{"@context":"https:\/\/schema.org","@graph":[{"@type":"WebPage","@id":"https:\/\/reiki53.fr\/mineraux\/produit\/chrysocolle\/","url":"https:\/\/reiki53.fr\/mineraux\/produit\/chrysocolle\/","name":"Chrysocolle - AGAPANTHE MIN\u00c9RAUX","isPartOf":{"@id":"https:\/\/reiki53.fr\/mineraux\/#website"},"primaryImageOfPage":{"@id":"https:\/\/reiki53.fr\/mineraux\/produit\/chrysocolle\/#primaryimage"},"image":{"@id":"https:\/\/reiki53.fr\/mineraux\/produit\/chrysocolle\/#primaryimage"},"thumbnailUrl":"https:\/\/reiki53.fr\/mineraux\/wp-content\/uploads\/2020\/04\/chrysocolle-ou-jade-africain-agapanthe.jpg","datePublished":"2020-04-16T14:07:11+00:00","dateModified":"2023-10-06T17:27:15+00:00","description":"L'\u00e9nergie de la chrysocolle est f\u00e9minine, principe YIN aux propri\u00e9t\u00e9s calmantes.Elle chasse les ressentiments, permet une attitude tol\u00e9rante","breadcrumb":{"@id":"https:\/\/reiki53.fr\/mineraux\/produit\/chrysocolle\/#breadcrumb"},"inLanguage":"fr-FR","potentialAction":[{"@type":"ReadAction","target":["https:\/\/reiki53.fr\/mineraux\/produit\/chrysocolle\/"]}]},{"@type":"ImageObject","inLanguage":"fr-FR","@id":"https:\/\/reiki53.fr\/mineraux\/produit\/chrysocolle\/#primaryimage","url":"https:\/\/reiki53.fr\/mineraux\/wp-content\/uploads\/2020\/04\/chrysocolle-ou-jade-africain-agapanthe.jpg","contentUrl":"https:\/\/reiki53.fr\/mineraux\/wp-content\/uploads\/2020\/04\/chrysocolle-ou-jade-africain-agapanthe.jpg","width":1441,"height":1441,"caption":"chrysocolle"},{"@type":"BreadcrumbList","@id":"https:\/\/reiki53.fr\/mineraux\/produit\/chrysocolle\/#breadcrumb","itemListElement":[{"@type":"ListItem","position":1,"name":"Accueil","item":"https:\/\/reiki53.fr\/mineraux\/"},{"@type":"ListItem","position":2,"name":"Boutique","item":"https:\/\/reiki53.fr\/mineraux\/boutique\/"},{"@type":"ListItem","position":3,"name":"Chrysocolle"}]},{"@type":"WebSite","@id":"https:\/\/reiki53.fr\/mineraux\/#website","url":"https:\/\/reiki53.fr\/mineraux\/","name":"AGAPANTHE MIN\u00c9RAUX","description":"Magasin physique \u00e0 Laval (53)","publisher":{"@id":"https:\/\/reiki53.fr\/mineraux\/#organization"},"potentialAction":[{"@type":"SearchAction","target":{"@type":"EntryPoint","urlTemplate":"https:\/\/reiki53.fr\/mineraux\/?s={search_term_string}"},"query-input":{"@type":"PropertyValueSpecification","valueRequired":true,"valueName":"search_term_string"}}],"inLanguage":"fr-FR"},{"@type":"Organization","@id":"https:\/\/reiki53.fr\/mineraux\/#organization","name":"OLVB SAS","url":"https:\/\/reiki53.fr\/mineraux\/","logo":{"@type":"ImageObject","inLanguage":"fr-FR","@id":"https:\/\/reiki53.fr\/mineraux\/#\/schema\/logo\/image\/","url":"https:\/\/reiki53.fr\/mineraux\/wp-content\/uploads\/2020\/04\/AGAPANTHE-MINERAUX-Logo-petit.png","contentUrl":"https:\/\/reiki53.fr\/mineraux\/wp-content\/uploads\/2020\/04\/AGAPANTHE-MINERAUX-Logo-petit.png","width":160,"height":160,"caption":"OLVB SAS"},"image":{"@id":"https:\/\/reiki53.fr\/mineraux\/#\/schema\/logo\/image\/"}}]}},"jetpack_sharing_enabled":true,"_links":{"self":[{"href":"https:\/\/reiki53.fr\/mineraux\/wp-json\/wp\/v2\/product\/274","targetHints":{"allow":["GET"]}}],"collection":[{"href":"https:\/\/reiki53.fr\/mineraux\/wp-json\/wp\/v2\/product"}],"about":[{"href":"https:\/\/reiki53.fr\/mineraux\/wp-json\/wp\/v2\/types\/product"}],"replies":[{"embeddable":true,"href":"https:\/\/reiki53.fr\/mineraux\/wp-json\/wp\/v2\/comments?post=274"}],"wp:featuredmedia":[{"embeddable":true,"href":"https:\/\/reiki53.fr\/mineraux\/wp-json\/wp\/v2\/media\/191"}],"wp:attachment":[{"href":"https:\/\/reiki53.fr\/mineraux\/wp-json\/wp\/v2\/media?parent=274"}],"wp:term":[{"taxonomy":"product_brand","embeddable":true,"href":"https:\/\/reiki53.fr\/mineraux\/wp-json\/wp\/v2\/product_brand?post=274"},{"taxonomy":"product_cat","embeddable":true,"href":"https:\/\/reiki53.fr\/mineraux\/wp-json\/wp\/v2\/product_cat?post=274"},{"taxonomy":"product_tag","embeddable":true,"href":"https:\/\/reiki53.fr\/mineraux\/wp-json\/wp\/v2\/product_tag?post=274"}],"curies":[{"name":"wp","href":"https:\/\/api.w.org\/{rel}","templated":true}]}}