{"id":312,"date":"2020-04-17T14:58:44","date_gmt":"2020-04-17T12:58:44","guid":{"rendered":"https:\/\/reiki53.fr\/mineraux\/?post_type=product&#038;p=312"},"modified":"2025-01-02T15:57:37","modified_gmt":"2025-01-02T14:57:37","slug":"cristal-rutile","status":"publish","type":"product","link":"https:\/\/reiki53.fr\/mineraux\/produit\/cristal-rutile\/","title":{"rendered":"Cristal de rutile"},"content":{"rendered":"<p>Pierre roul\u00e9e d&rsquo;environ 3 \u00e0 4 cm.<span id=\"texte_description_fiche_produit\"><\/span><\/p>\n<p>Le cristal rutile est aussi appel\u00e9 cheveux de v\u00e9nus par ses faisceaux ou filaments de rutile.<\/p>\n<p><span id=\"texte_description_fiche_produit\">Sur le plan physique, le rutile est un min\u00e9ral tonique qui donne force, stabilit\u00e9 et r\u00e9sistance \u00e0 l&rsquo;organisme<\/span><\/p>\n<p>Le quartz rutil\u00e9 amplifie les effets du rutile qui donne ses propri\u00e9t\u00e9s au cristal : force, puissance, volont\u00e9, r\u00e9sistance, gaiet\u00e9.<\/p>\n<p>&nbsp;<\/p>\n<p>\u2666 certains peuvent aussi contenir de l&rsquo;h\u00e9matite, ils contiennent donc aussi toutes les propri\u00e9t\u00e9s de l&rsquo;h\u00e9matite.<\/p>\n<p>&nbsp;<\/p>\n","protected":false},"excerpt":{"rendered":"<p>Les vertus sommaires du Cristal rutile :<\/p>\n<ul>\n<li>Bronches\/ asthme \/ d\u00e9fatiguant<\/li>\n<li>Convalescence tendons\/muscles<\/li>\n<li>Utile aux timides<\/li>\n<li>D\u00e9velopper notre volont\u00e9<\/li>\n<li>Gaiet\u00e9 \/ moral \/\u00a0 force vitale \/ harmonie<\/li>\n<\/ul>\n<p>Signe astrologique de pr\u00e9dilection : Vierge, Lion, Capricorne<\/p>\n<p>Rechargement : amas de quartz (druse) au soleil<\/p>\n","protected":false},"featured_media":197,"comment_status":"open","ping_status":"closed","template":"","meta":[],"product_brand":[],"product_cat":[23,24],"product_tag":[531,43,44,527,530,111,112,41,42,528,40,525,524,46,523,45,529,113],"class_list":{"0":"post-312","1":"product","2":"type-product","3":"status-publish","4":"has-post-thumbnail","6":"product_cat-mineraux","7":"product_cat-pierres-roulees","8":"product_tag-achat-de-mineraux","9":"product_tag-agapanthe-53","10":"product_tag-agapanthe-mineraux","11":"product_tag-boutique-de-mineraux","12":"product_tag-boutique-de-pierres-semi-precieuses","13":"product_tag-cristal-rutile","14":"product_tag-cristal-rutile-mineraux","15":"product_tag-lithotherapie","16":"product_tag-lithotherapie-53","17":"product_tag-magasin-de-mineraux","18":"product_tag-mineraux","19":"product_tag-mineraux-53","20":"product_tag-mineraux-en-mayenne","21":"product_tag-mineraux-laval","22":"product_tag-pierre-semi-precieuse","23":"product_tag-pierres-naturelles","24":"product_tag-pierres-precieuses","25":"product_tag-quartz-rutile","27":"first","28":"instock","29":"taxable","30":"shipping-taxable","31":"purchasable","32":"product-type-simple"},"yoast_head":"<!-- This site is optimized with the Yoast SEO plugin v26.5 - https:\/\/yoast.com\/wordpress\/plugins\/seo\/ -->\n<title>Cristal de rutile - AGAPANTHE MIN\u00c9RAUX<\/title>\n<meta name=\"description\" content=\"Le cristal rutile sur le plan physique, le rutile est un min\u00e9ral tonique qui donne force, stabilit\u00e9 et r\u00e9sistance \u00e0 l&#039;organisme.\" \/>\n<meta name=\"robots\" content=\"index, follow, max-snippet:-1, max-image-preview:large, max-video-preview:-1\" \/>\n<link rel=\"canonical\" href=\"https:\/\/reiki53.fr\/mineraux\/produit\/cristal-rutile\/\" \/>\n<meta property=\"og:locale\" content=\"fr_FR\" \/>\n<meta property=\"og:type\" content=\"article\" \/>\n<meta property=\"og:title\" content=\"Cristal de rutile - AGAPANTHE MIN\u00c9RAUX\" \/>\n<meta property=\"og:description\" content=\"Le cristal rutile sur le plan physique, le rutile est un min\u00e9ral tonique qui donne force, stabilit\u00e9 et r\u00e9sistance \u00e0 l&#039;organisme.\" \/>\n<meta property=\"og:url\" content=\"https:\/\/reiki53.fr\/mineraux\/produit\/cristal-rutile\/\" \/>\n<meta property=\"og:site_name\" content=\"AGAPANTHE MIN\u00c9RAUX\" \/>\n<meta property=\"article:modified_time\" content=\"2025-01-02T14:57:37+00:00\" \/>\n<meta property=\"og:image\" content=\"https:\/\/reiki53.fr\/mineraux\/wp-content\/uploads\/2020\/04\/cristal-rutile-agapanthe.jpg\" \/>\n\t<meta property=\"og:image:width\" content=\"1488\" \/>\n\t<meta property=\"og:image:height\" content=\"1487\" \/>\n\t<meta property=\"og:image:type\" content=\"image\/jpeg\" \/>\n<meta name=\"twitter:card\" content=\"summary_large_image\" \/>\n<script type=\"application\/ld+json\" class=\"yoast-schema-graph\">{\"@context\":\"https:\/\/schema.org\",\"@graph\":[{\"@type\":\"WebPage\",\"@id\":\"https:\/\/reiki53.fr\/mineraux\/produit\/cristal-rutile\/\",\"url\":\"https:\/\/reiki53.fr\/mineraux\/produit\/cristal-rutile\/\",\"name\":\"Cristal de rutile - AGAPANTHE MIN\u00c9RAUX\",\"isPartOf\":{\"@id\":\"https:\/\/reiki53.fr\/mineraux\/#website\"},\"primaryImageOfPage\":{\"@id\":\"https:\/\/reiki53.fr\/mineraux\/produit\/cristal-rutile\/#primaryimage\"},\"image\":{\"@id\":\"https:\/\/reiki53.fr\/mineraux\/produit\/cristal-rutile\/#primaryimage\"},\"thumbnailUrl\":\"https:\/\/reiki53.fr\/mineraux\/wp-content\/uploads\/2020\/04\/cristal-rutile-agapanthe.jpg\",\"datePublished\":\"2020-04-17T12:58:44+00:00\",\"dateModified\":\"2025-01-02T14:57:37+00:00\",\"description\":\"Le cristal rutile sur le plan physique, le rutile est un min\u00e9ral tonique qui donne force, stabilit\u00e9 et r\u00e9sistance \u00e0 l'organisme.\",\"breadcrumb\":{\"@id\":\"https:\/\/reiki53.fr\/mineraux\/produit\/cristal-rutile\/#breadcrumb\"},\"inLanguage\":\"fr-FR\",\"potentialAction\":[{\"@type\":\"ReadAction\",\"target\":[\"https:\/\/reiki53.fr\/mineraux\/produit\/cristal-rutile\/\"]}]},{\"@type\":\"ImageObject\",\"inLanguage\":\"fr-FR\",\"@id\":\"https:\/\/reiki53.fr\/mineraux\/produit\/cristal-rutile\/#primaryimage\",\"url\":\"https:\/\/reiki53.fr\/mineraux\/wp-content\/uploads\/2020\/04\/cristal-rutile-agapanthe.jpg\",\"contentUrl\":\"https:\/\/reiki53.fr\/mineraux\/wp-content\/uploads\/2020\/04\/cristal-rutile-agapanthe.jpg\",\"width\":1488,\"height\":1487,\"caption\":\"cristal rutile\"},{\"@type\":\"BreadcrumbList\",\"@id\":\"https:\/\/reiki53.fr\/mineraux\/produit\/cristal-rutile\/#breadcrumb\",\"itemListElement\":[{\"@type\":\"ListItem\",\"position\":1,\"name\":\"Accueil\",\"item\":\"https:\/\/reiki53.fr\/mineraux\/\"},{\"@type\":\"ListItem\",\"position\":2,\"name\":\"Boutique\",\"item\":\"https:\/\/reiki53.fr\/mineraux\/boutique\/\"},{\"@type\":\"ListItem\",\"position\":3,\"name\":\"Cristal de rutile\"}]},{\"@type\":\"WebSite\",\"@id\":\"https:\/\/reiki53.fr\/mineraux\/#website\",\"url\":\"https:\/\/reiki53.fr\/mineraux\/\",\"name\":\"AGAPANTHE MIN\u00c9RAUX\",\"description\":\"Magasin physique \u00e0 Laval (53)\",\"publisher\":{\"@id\":\"https:\/\/reiki53.fr\/mineraux\/#organization\"},\"potentialAction\":[{\"@type\":\"SearchAction\",\"target\":{\"@type\":\"EntryPoint\",\"urlTemplate\":\"https:\/\/reiki53.fr\/mineraux\/?s={search_term_string}\"},\"query-input\":{\"@type\":\"PropertyValueSpecification\",\"valueRequired\":true,\"valueName\":\"search_term_string\"}}],\"inLanguage\":\"fr-FR\"},{\"@type\":\"Organization\",\"@id\":\"https:\/\/reiki53.fr\/mineraux\/#organization\",\"name\":\"OLVB SAS\",\"url\":\"https:\/\/reiki53.fr\/mineraux\/\",\"logo\":{\"@type\":\"ImageObject\",\"inLanguage\":\"fr-FR\",\"@id\":\"https:\/\/reiki53.fr\/mineraux\/#\/schema\/logo\/image\/\",\"url\":\"https:\/\/reiki53.fr\/mineraux\/wp-content\/uploads\/2020\/04\/AGAPANTHE-MINERAUX-Logo-petit.png\",\"contentUrl\":\"https:\/\/reiki53.fr\/mineraux\/wp-content\/uploads\/2020\/04\/AGAPANTHE-MINERAUX-Logo-petit.png\",\"width\":160,\"height\":160,\"caption\":\"OLVB SAS\"},\"image\":{\"@id\":\"https:\/\/reiki53.fr\/mineraux\/#\/schema\/logo\/image\/\"}}]}<\/script>\n<!-- \/ Yoast SEO plugin. -->","yoast_head_json":{"title":"Cristal de rutile - AGAPANTHE MIN\u00c9RAUX","description":"Le cristal rutile sur le plan physique, le rutile est un min\u00e9ral tonique qui donne force, stabilit\u00e9 et r\u00e9sistance \u00e0 l'organisme.","robots":{"index":"index","follow":"follow","max-snippet":"max-snippet:-1","max-image-preview":"max-image-preview:large","max-video-preview":"max-video-preview:-1"},"canonical":"https:\/\/reiki53.fr\/mineraux\/produit\/cristal-rutile\/","og_locale":"fr_FR","og_type":"article","og_title":"Cristal de rutile - AGAPANTHE MIN\u00c9RAUX","og_description":"Le cristal rutile sur le plan physique, le rutile est un min\u00e9ral tonique qui donne force, stabilit\u00e9 et r\u00e9sistance \u00e0 l'organisme.","og_url":"https:\/\/reiki53.fr\/mineraux\/produit\/cristal-rutile\/","og_site_name":"AGAPANTHE MIN\u00c9RAUX","article_modified_time":"2025-01-02T14:57:37+00:00","og_image":[{"width":1488,"height":1487,"url":"https:\/\/reiki53.fr\/mineraux\/wp-content\/uploads\/2020\/04\/cristal-rutile-agapanthe.jpg","type":"image\/jpeg"}],"twitter_card":"summary_large_image","schema":{"@context":"https:\/\/schema.org","@graph":[{"@type":"WebPage","@id":"https:\/\/reiki53.fr\/mineraux\/produit\/cristal-rutile\/","url":"https:\/\/reiki53.fr\/mineraux\/produit\/cristal-rutile\/","name":"Cristal de rutile - AGAPANTHE MIN\u00c9RAUX","isPartOf":{"@id":"https:\/\/reiki53.fr\/mineraux\/#website"},"primaryImageOfPage":{"@id":"https:\/\/reiki53.fr\/mineraux\/produit\/cristal-rutile\/#primaryimage"},"image":{"@id":"https:\/\/reiki53.fr\/mineraux\/produit\/cristal-rutile\/#primaryimage"},"thumbnailUrl":"https:\/\/reiki53.fr\/mineraux\/wp-content\/uploads\/2020\/04\/cristal-rutile-agapanthe.jpg","datePublished":"2020-04-17T12:58:44+00:00","dateModified":"2025-01-02T14:57:37+00:00","description":"Le cristal rutile sur le plan physique, le rutile est un min\u00e9ral tonique qui donne force, stabilit\u00e9 et r\u00e9sistance \u00e0 l'organisme.","breadcrumb":{"@id":"https:\/\/reiki53.fr\/mineraux\/produit\/cristal-rutile\/#breadcrumb"},"inLanguage":"fr-FR","potentialAction":[{"@type":"ReadAction","target":["https:\/\/reiki53.fr\/mineraux\/produit\/cristal-rutile\/"]}]},{"@type":"ImageObject","inLanguage":"fr-FR","@id":"https:\/\/reiki53.fr\/mineraux\/produit\/cristal-rutile\/#primaryimage","url":"https:\/\/reiki53.fr\/mineraux\/wp-content\/uploads\/2020\/04\/cristal-rutile-agapanthe.jpg","contentUrl":"https:\/\/reiki53.fr\/mineraux\/wp-content\/uploads\/2020\/04\/cristal-rutile-agapanthe.jpg","width":1488,"height":1487,"caption":"cristal rutile"},{"@type":"BreadcrumbList","@id":"https:\/\/reiki53.fr\/mineraux\/produit\/cristal-rutile\/#breadcrumb","itemListElement":[{"@type":"ListItem","position":1,"name":"Accueil","item":"https:\/\/reiki53.fr\/mineraux\/"},{"@type":"ListItem","position":2,"name":"Boutique","item":"https:\/\/reiki53.fr\/mineraux\/boutique\/"},{"@type":"ListItem","position":3,"name":"Cristal de rutile"}]},{"@type":"WebSite","@id":"https:\/\/reiki53.fr\/mineraux\/#website","url":"https:\/\/reiki53.fr\/mineraux\/","name":"AGAPANTHE MIN\u00c9RAUX","description":"Magasin physique \u00e0 Laval (53)","publisher":{"@id":"https:\/\/reiki53.fr\/mineraux\/#organization"},"potentialAction":[{"@type":"SearchAction","target":{"@type":"EntryPoint","urlTemplate":"https:\/\/reiki53.fr\/mineraux\/?s={search_term_string}"},"query-input":{"@type":"PropertyValueSpecification","valueRequired":true,"valueName":"search_term_string"}}],"inLanguage":"fr-FR"},{"@type":"Organization","@id":"https:\/\/reiki53.fr\/mineraux\/#organization","name":"OLVB SAS","url":"https:\/\/reiki53.fr\/mineraux\/","logo":{"@type":"ImageObject","inLanguage":"fr-FR","@id":"https:\/\/reiki53.fr\/mineraux\/#\/schema\/logo\/image\/","url":"https:\/\/reiki53.fr\/mineraux\/wp-content\/uploads\/2020\/04\/AGAPANTHE-MINERAUX-Logo-petit.png","contentUrl":"https:\/\/reiki53.fr\/mineraux\/wp-content\/uploads\/2020\/04\/AGAPANTHE-MINERAUX-Logo-petit.png","width":160,"height":160,"caption":"OLVB SAS"},"image":{"@id":"https:\/\/reiki53.fr\/mineraux\/#\/schema\/logo\/image\/"}}]}},"jetpack_sharing_enabled":true,"_links":{"self":[{"href":"https:\/\/reiki53.fr\/mineraux\/wp-json\/wp\/v2\/product\/312","targetHints":{"allow":["GET"]}}],"collection":[{"href":"https:\/\/reiki53.fr\/mineraux\/wp-json\/wp\/v2\/product"}],"about":[{"href":"https:\/\/reiki53.fr\/mineraux\/wp-json\/wp\/v2\/types\/product"}],"replies":[{"embeddable":true,"href":"https:\/\/reiki53.fr\/mineraux\/wp-json\/wp\/v2\/comments?post=312"}],"wp:featuredmedia":[{"embeddable":true,"href":"https:\/\/reiki53.fr\/mineraux\/wp-json\/wp\/v2\/media\/197"}],"wp:attachment":[{"href":"https:\/\/reiki53.fr\/mineraux\/wp-json\/wp\/v2\/media?parent=312"}],"wp:term":[{"taxonomy":"product_brand","embeddable":true,"href":"https:\/\/reiki53.fr\/mineraux\/wp-json\/wp\/v2\/product_brand?post=312"},{"taxonomy":"product_cat","embeddable":true,"href":"https:\/\/reiki53.fr\/mineraux\/wp-json\/wp\/v2\/product_cat?post=312"},{"taxonomy":"product_tag","embeddable":true,"href":"https:\/\/reiki53.fr\/mineraux\/wp-json\/wp\/v2\/product_tag?post=312"}],"curies":[{"name":"wp","href":"https:\/\/api.w.org\/{rel}","templated":true}]}}