{"id":318,"date":"2020-04-17T16:17:16","date_gmt":"2020-04-17T14:17:16","guid":{"rendered":"https:\/\/reiki53.fr\/mineraux\/?post_type=product&#038;p=318"},"modified":"2025-03-19T10:43:59","modified_gmt":"2025-03-19T09:43:59","slug":"hematite-xs","status":"publish","type":"product","link":"https:\/\/reiki53.fr\/mineraux\/produit\/hematite-xs\/","title":{"rendered":"H\u00e9matite"},"content":{"rendered":"<p>Pierre roul\u00e9e<\/p>\n<p>L&rsquo;h\u00e9matite est aussi appel\u00e9e la pierre de sang.<\/p>\n<p>Bien que noire en apparence<\/p>\n<p>Elle symbolise la duret\u00e9, la rigueur, la robustesse et l&rsquo;inflexibilit\u00e9.<\/p>\n<p>Elle a des effets d\u00e9fatiguants et destressants.<\/p>\n<p>L&rsquo;h\u00e9matite est un principe m\u00e2le, tr\u00e8s yang.<\/p>\n<p>C&rsquo;est la pierre des avocats, m\u00e9decins, de toutes professions exigeant de bonne capacit\u00e9s d&rsquo;\u00e9coute d&rsquo;autrui<\/p>\n<p>&nbsp;<\/p>\n<p>&nbsp;<\/p>\n","protected":false},"excerpt":{"rendered":"<p>Les vertus sommaires de l&rsquo;h\u00e9matite :<\/p>\n<ul>\n<li>Douleurs menstruelles<\/li>\n<li>Tensions \/ spasmes<\/li>\n<li>Varices \/ jambes lourdes \/ circulation<\/li>\n<li>Sang \/ fer (carence)<\/li>\n<\/ul>\n<p>Signe astrologique de pr\u00e9dilection : B\u00e9lier, Scorpion, Capricorne<\/p>\n<p>Rechargement : amas de quartz (druse), soleil<\/p>\n","protected":false},"featured_media":208,"comment_status":"open","ping_status":"closed","template":"","meta":[],"product_brand":[],"product_cat":[23,24],"product_tag":[531,43,44,527,530,123,124,41,42,528,40,525,524,46,523,45,529],"class_list":{"0":"post-318","1":"product","2":"type-product","3":"status-publish","4":"has-post-thumbnail","6":"product_cat-mineraux","7":"product_cat-pierres-roulees","8":"product_tag-achat-de-mineraux","9":"product_tag-agapanthe-53","10":"product_tag-agapanthe-mineraux","11":"product_tag-boutique-de-mineraux","12":"product_tag-boutique-de-pierres-semi-precieuses","13":"product_tag-hematite","14":"product_tag-hematite-mineraux","15":"product_tag-lithotherapie","16":"product_tag-lithotherapie-53","17":"product_tag-magasin-de-mineraux","18":"product_tag-mineraux","19":"product_tag-mineraux-53","20":"product_tag-mineraux-en-mayenne","21":"product_tag-mineraux-laval","22":"product_tag-pierre-semi-precieuse","23":"product_tag-pierres-naturelles","24":"product_tag-pierres-precieuses","26":"first","27":"instock","28":"taxable","29":"shipping-taxable","30":"purchasable","31":"product-type-simple"},"yoast_head":"<!-- This site is optimized with the Yoast SEO plugin v26.5 - https:\/\/yoast.com\/wordpress\/plugins\/seo\/ -->\n<title>H\u00e9matite - AGAPANTHE MIN\u00c9RAUX<\/title>\n<meta name=\"description\" content=\"L&#039;h\u00e9matite est aussi appel\u00e9e la pierre de sang. Elle symbolise duret\u00e9, rigueur, robustesse et inflexibilit\u00e9, effets d\u00e9fatiguants et destressants.\" \/>\n<meta name=\"robots\" content=\"index, follow, max-snippet:-1, max-image-preview:large, max-video-preview:-1\" \/>\n<link rel=\"canonical\" href=\"https:\/\/reiki53.fr\/mineraux\/produit\/hematite-xs\/\" \/>\n<meta property=\"og:locale\" content=\"fr_FR\" \/>\n<meta property=\"og:type\" content=\"article\" \/>\n<meta property=\"og:title\" content=\"H\u00e9matite - AGAPANTHE MIN\u00c9RAUX\" \/>\n<meta property=\"og:description\" content=\"L&#039;h\u00e9matite est aussi appel\u00e9e la pierre de sang. Elle symbolise duret\u00e9, rigueur, robustesse et inflexibilit\u00e9, effets d\u00e9fatiguants et destressants.\" \/>\n<meta property=\"og:url\" content=\"https:\/\/reiki53.fr\/mineraux\/produit\/hematite-xs\/\" \/>\n<meta property=\"og:site_name\" content=\"AGAPANTHE MIN\u00c9RAUX\" \/>\n<meta property=\"article:modified_time\" content=\"2025-03-19T09:43:59+00:00\" \/>\n<meta property=\"og:image\" content=\"https:\/\/reiki53.fr\/mineraux\/wp-content\/uploads\/2020\/04\/h\u00e9matite-agapanthe.jpg\" \/>\n\t<meta property=\"og:image:width\" content=\"1488\" \/>\n\t<meta property=\"og:image:height\" content=\"1487\" \/>\n\t<meta property=\"og:image:type\" content=\"image\/jpeg\" \/>\n<meta name=\"twitter:card\" content=\"summary_large_image\" \/>\n<meta name=\"twitter:label1\" content=\"Dur\u00e9e de lecture estim\u00e9e\" \/>\n\t<meta name=\"twitter:data1\" content=\"1 minute\" \/>\n<script type=\"application\/ld+json\" class=\"yoast-schema-graph\">{\"@context\":\"https:\/\/schema.org\",\"@graph\":[{\"@type\":\"WebPage\",\"@id\":\"https:\/\/reiki53.fr\/mineraux\/produit\/hematite-xs\/\",\"url\":\"https:\/\/reiki53.fr\/mineraux\/produit\/hematite-xs\/\",\"name\":\"H\u00e9matite - AGAPANTHE MIN\u00c9RAUX\",\"isPartOf\":{\"@id\":\"https:\/\/reiki53.fr\/mineraux\/#website\"},\"primaryImageOfPage\":{\"@id\":\"https:\/\/reiki53.fr\/mineraux\/produit\/hematite-xs\/#primaryimage\"},\"image\":{\"@id\":\"https:\/\/reiki53.fr\/mineraux\/produit\/hematite-xs\/#primaryimage\"},\"thumbnailUrl\":\"https:\/\/reiki53.fr\/mineraux\/wp-content\/uploads\/2020\/04\/h\u00e9matite-agapanthe.jpg\",\"datePublished\":\"2020-04-17T14:17:16+00:00\",\"dateModified\":\"2025-03-19T09:43:59+00:00\",\"description\":\"L'h\u00e9matite est aussi appel\u00e9e la pierre de sang. Elle symbolise duret\u00e9, rigueur, robustesse et inflexibilit\u00e9, effets d\u00e9fatiguants et destressants.\",\"breadcrumb\":{\"@id\":\"https:\/\/reiki53.fr\/mineraux\/produit\/hematite-xs\/#breadcrumb\"},\"inLanguage\":\"fr-FR\",\"potentialAction\":[{\"@type\":\"ReadAction\",\"target\":[\"https:\/\/reiki53.fr\/mineraux\/produit\/hematite-xs\/\"]}]},{\"@type\":\"ImageObject\",\"inLanguage\":\"fr-FR\",\"@id\":\"https:\/\/reiki53.fr\/mineraux\/produit\/hematite-xs\/#primaryimage\",\"url\":\"https:\/\/reiki53.fr\/mineraux\/wp-content\/uploads\/2020\/04\/h\u00e9matite-agapanthe.jpg\",\"contentUrl\":\"https:\/\/reiki53.fr\/mineraux\/wp-content\/uploads\/2020\/04\/h\u00e9matite-agapanthe.jpg\",\"width\":1488,\"height\":1487,\"caption\":\"h\u00e9matite\"},{\"@type\":\"BreadcrumbList\",\"@id\":\"https:\/\/reiki53.fr\/mineraux\/produit\/hematite-xs\/#breadcrumb\",\"itemListElement\":[{\"@type\":\"ListItem\",\"position\":1,\"name\":\"Accueil\",\"item\":\"https:\/\/reiki53.fr\/mineraux\/\"},{\"@type\":\"ListItem\",\"position\":2,\"name\":\"Boutique\",\"item\":\"https:\/\/reiki53.fr\/mineraux\/boutique\/\"},{\"@type\":\"ListItem\",\"position\":3,\"name\":\"H\u00e9matite\"}]},{\"@type\":\"WebSite\",\"@id\":\"https:\/\/reiki53.fr\/mineraux\/#website\",\"url\":\"https:\/\/reiki53.fr\/mineraux\/\",\"name\":\"AGAPANTHE MIN\u00c9RAUX\",\"description\":\"Magasin physique \u00e0 Laval (53)\",\"publisher\":{\"@id\":\"https:\/\/reiki53.fr\/mineraux\/#organization\"},\"potentialAction\":[{\"@type\":\"SearchAction\",\"target\":{\"@type\":\"EntryPoint\",\"urlTemplate\":\"https:\/\/reiki53.fr\/mineraux\/?s={search_term_string}\"},\"query-input\":{\"@type\":\"PropertyValueSpecification\",\"valueRequired\":true,\"valueName\":\"search_term_string\"}}],\"inLanguage\":\"fr-FR\"},{\"@type\":\"Organization\",\"@id\":\"https:\/\/reiki53.fr\/mineraux\/#organization\",\"name\":\"OLVB SAS\",\"url\":\"https:\/\/reiki53.fr\/mineraux\/\",\"logo\":{\"@type\":\"ImageObject\",\"inLanguage\":\"fr-FR\",\"@id\":\"https:\/\/reiki53.fr\/mineraux\/#\/schema\/logo\/image\/\",\"url\":\"https:\/\/reiki53.fr\/mineraux\/wp-content\/uploads\/2020\/04\/AGAPANTHE-MINERAUX-Logo-petit.png\",\"contentUrl\":\"https:\/\/reiki53.fr\/mineraux\/wp-content\/uploads\/2020\/04\/AGAPANTHE-MINERAUX-Logo-petit.png\",\"width\":160,\"height\":160,\"caption\":\"OLVB SAS\"},\"image\":{\"@id\":\"https:\/\/reiki53.fr\/mineraux\/#\/schema\/logo\/image\/\"}}]}<\/script>\n<!-- \/ Yoast SEO plugin. -->","yoast_head_json":{"title":"H\u00e9matite - AGAPANTHE MIN\u00c9RAUX","description":"L'h\u00e9matite est aussi appel\u00e9e la pierre de sang. Elle symbolise duret\u00e9, rigueur, robustesse et inflexibilit\u00e9, effets d\u00e9fatiguants et destressants.","robots":{"index":"index","follow":"follow","max-snippet":"max-snippet:-1","max-image-preview":"max-image-preview:large","max-video-preview":"max-video-preview:-1"},"canonical":"https:\/\/reiki53.fr\/mineraux\/produit\/hematite-xs\/","og_locale":"fr_FR","og_type":"article","og_title":"H\u00e9matite - AGAPANTHE MIN\u00c9RAUX","og_description":"L'h\u00e9matite est aussi appel\u00e9e la pierre de sang. Elle symbolise duret\u00e9, rigueur, robustesse et inflexibilit\u00e9, effets d\u00e9fatiguants et destressants.","og_url":"https:\/\/reiki53.fr\/mineraux\/produit\/hematite-xs\/","og_site_name":"AGAPANTHE MIN\u00c9RAUX","article_modified_time":"2025-03-19T09:43:59+00:00","og_image":[{"width":1488,"height":1487,"url":"https:\/\/reiki53.fr\/mineraux\/wp-content\/uploads\/2020\/04\/h\u00e9matite-agapanthe.jpg","type":"image\/jpeg"}],"twitter_card":"summary_large_image","twitter_misc":{"Dur\u00e9e de lecture estim\u00e9e":"1 minute"},"schema":{"@context":"https:\/\/schema.org","@graph":[{"@type":"WebPage","@id":"https:\/\/reiki53.fr\/mineraux\/produit\/hematite-xs\/","url":"https:\/\/reiki53.fr\/mineraux\/produit\/hematite-xs\/","name":"H\u00e9matite - AGAPANTHE MIN\u00c9RAUX","isPartOf":{"@id":"https:\/\/reiki53.fr\/mineraux\/#website"},"primaryImageOfPage":{"@id":"https:\/\/reiki53.fr\/mineraux\/produit\/hematite-xs\/#primaryimage"},"image":{"@id":"https:\/\/reiki53.fr\/mineraux\/produit\/hematite-xs\/#primaryimage"},"thumbnailUrl":"https:\/\/reiki53.fr\/mineraux\/wp-content\/uploads\/2020\/04\/h\u00e9matite-agapanthe.jpg","datePublished":"2020-04-17T14:17:16+00:00","dateModified":"2025-03-19T09:43:59+00:00","description":"L'h\u00e9matite est aussi appel\u00e9e la pierre de sang. Elle symbolise duret\u00e9, rigueur, robustesse et inflexibilit\u00e9, effets d\u00e9fatiguants et destressants.","breadcrumb":{"@id":"https:\/\/reiki53.fr\/mineraux\/produit\/hematite-xs\/#breadcrumb"},"inLanguage":"fr-FR","potentialAction":[{"@type":"ReadAction","target":["https:\/\/reiki53.fr\/mineraux\/produit\/hematite-xs\/"]}]},{"@type":"ImageObject","inLanguage":"fr-FR","@id":"https:\/\/reiki53.fr\/mineraux\/produit\/hematite-xs\/#primaryimage","url":"https:\/\/reiki53.fr\/mineraux\/wp-content\/uploads\/2020\/04\/h\u00e9matite-agapanthe.jpg","contentUrl":"https:\/\/reiki53.fr\/mineraux\/wp-content\/uploads\/2020\/04\/h\u00e9matite-agapanthe.jpg","width":1488,"height":1487,"caption":"h\u00e9matite"},{"@type":"BreadcrumbList","@id":"https:\/\/reiki53.fr\/mineraux\/produit\/hematite-xs\/#breadcrumb","itemListElement":[{"@type":"ListItem","position":1,"name":"Accueil","item":"https:\/\/reiki53.fr\/mineraux\/"},{"@type":"ListItem","position":2,"name":"Boutique","item":"https:\/\/reiki53.fr\/mineraux\/boutique\/"},{"@type":"ListItem","position":3,"name":"H\u00e9matite"}]},{"@type":"WebSite","@id":"https:\/\/reiki53.fr\/mineraux\/#website","url":"https:\/\/reiki53.fr\/mineraux\/","name":"AGAPANTHE MIN\u00c9RAUX","description":"Magasin physique \u00e0 Laval (53)","publisher":{"@id":"https:\/\/reiki53.fr\/mineraux\/#organization"},"potentialAction":[{"@type":"SearchAction","target":{"@type":"EntryPoint","urlTemplate":"https:\/\/reiki53.fr\/mineraux\/?s={search_term_string}"},"query-input":{"@type":"PropertyValueSpecification","valueRequired":true,"valueName":"search_term_string"}}],"inLanguage":"fr-FR"},{"@type":"Organization","@id":"https:\/\/reiki53.fr\/mineraux\/#organization","name":"OLVB SAS","url":"https:\/\/reiki53.fr\/mineraux\/","logo":{"@type":"ImageObject","inLanguage":"fr-FR","@id":"https:\/\/reiki53.fr\/mineraux\/#\/schema\/logo\/image\/","url":"https:\/\/reiki53.fr\/mineraux\/wp-content\/uploads\/2020\/04\/AGAPANTHE-MINERAUX-Logo-petit.png","contentUrl":"https:\/\/reiki53.fr\/mineraux\/wp-content\/uploads\/2020\/04\/AGAPANTHE-MINERAUX-Logo-petit.png","width":160,"height":160,"caption":"OLVB SAS"},"image":{"@id":"https:\/\/reiki53.fr\/mineraux\/#\/schema\/logo\/image\/"}}]}},"jetpack_sharing_enabled":true,"_links":{"self":[{"href":"https:\/\/reiki53.fr\/mineraux\/wp-json\/wp\/v2\/product\/318","targetHints":{"allow":["GET"]}}],"collection":[{"href":"https:\/\/reiki53.fr\/mineraux\/wp-json\/wp\/v2\/product"}],"about":[{"href":"https:\/\/reiki53.fr\/mineraux\/wp-json\/wp\/v2\/types\/product"}],"replies":[{"embeddable":true,"href":"https:\/\/reiki53.fr\/mineraux\/wp-json\/wp\/v2\/comments?post=318"}],"wp:featuredmedia":[{"embeddable":true,"href":"https:\/\/reiki53.fr\/mineraux\/wp-json\/wp\/v2\/media\/208"}],"wp:attachment":[{"href":"https:\/\/reiki53.fr\/mineraux\/wp-json\/wp\/v2\/media?parent=318"}],"wp:term":[{"taxonomy":"product_brand","embeddable":true,"href":"https:\/\/reiki53.fr\/mineraux\/wp-json\/wp\/v2\/product_brand?post=318"},{"taxonomy":"product_cat","embeddable":true,"href":"https:\/\/reiki53.fr\/mineraux\/wp-json\/wp\/v2\/product_cat?post=318"},{"taxonomy":"product_tag","embeddable":true,"href":"https:\/\/reiki53.fr\/mineraux\/wp-json\/wp\/v2\/product_tag?post=318"}],"curies":[{"name":"wp","href":"https:\/\/api.w.org\/{rel}","templated":true}]}}