{"id":358,"date":"2020-04-18T21:25:19","date_gmt":"2020-04-18T19:25:19","guid":{"rendered":"https:\/\/reiki53.fr\/mineraux\/?post_type=product&#038;p=358"},"modified":"2025-01-02T15:58:03","modified_gmt":"2025-01-02T14:58:03","slug":"jaspe-leopard","status":"publish","type":"product","link":"https:\/\/reiki53.fr\/mineraux\/produit\/jaspe-leopard\/","title":{"rendered":"Jaspe L\u00e9opard"},"content":{"rendered":"<p>Pierre roul\u00e9e d&rsquo;environ 3 \u00e0 4 cm<span id=\"texte_description_fiche_produit\"><span class=\"texte_catalogue\">.<\/span><\/span><\/p>\n<p><span id=\"texte_description_fiche_produit\"><strong>Le jaspe l\u00e9opard, <\/strong>encore appel\u00e9 orbiculaire, avec ses couleurs bigarr\u00e9es et ses dessins en font une pierre aux multiples \u00e9nergies, tonique, instinctive, elle apporte une sorte de vitalit\u00e9 animale<\/span><\/p>\n<p><span id=\"texte_description_fiche_produit\">Elle est active sur les 2\u00e8me chakra, \u00e0 n\u2019importe quel endroit du ventre et sur le 3\u00e8me chakra.<\/span><\/p>\n<p>Cette vari\u00e9t\u00e9 r\u00e9gule les fonctions purificatrices du foie<\/p>\n<p>&nbsp;<\/p>\n<p>&nbsp;<\/p>\n","protected":false},"excerpt":{"rendered":"<p>Les vertus sommaires de la jaspe l\u00e9opard (ou orbiculaire) :<\/p>\n<ul>\n<li>Revitalise le corps<\/li>\n<li>Aide a surmonter une grande fatigue<\/li>\n<li>\u00c9quilibrer les \u00e9nergies du corps<\/li>\n<li>Canalise l\u2019\u00e9nergie positive<\/li>\n<li>Harmoniser le yin\/yang<\/li>\n<li>Stimule la r\u00e9flexion<\/li>\n<\/ul>\n<p>Rechargement : amas de quartz (druse), soleil<\/p>\n","protected":false},"featured_media":215,"comment_status":"open","ping_status":"closed","template":"","meta":[],"product_brand":[],"product_cat":[23,24],"product_tag":[531,43,44,527,530,127,140,141,41,42,528,40,525,524,46,523,45,529],"class_list":{"0":"post-358","1":"product","2":"type-product","3":"status-publish","4":"has-post-thumbnail","6":"product_cat-mineraux","7":"product_cat-pierres-roulees","8":"product_tag-achat-de-mineraux","9":"product_tag-agapanthe-53","10":"product_tag-agapanthe-mineraux","11":"product_tag-boutique-de-mineraux","12":"product_tag-boutique-de-pierres-semi-precieuses","13":"product_tag-jaspe","14":"product_tag-jaspe-leopard","15":"product_tag-jaspe-orbiculaire","16":"product_tag-lithotherapie","17":"product_tag-lithotherapie-53","18":"product_tag-magasin-de-mineraux","19":"product_tag-mineraux","20":"product_tag-mineraux-53","21":"product_tag-mineraux-en-mayenne","22":"product_tag-mineraux-laval","23":"product_tag-pierre-semi-precieuse","24":"product_tag-pierres-naturelles","25":"product_tag-pierres-precieuses","27":"first","28":"instock","29":"taxable","30":"shipping-taxable","31":"purchasable","32":"product-type-simple"},"yoast_head":"<!-- This site is optimized with the Yoast SEO plugin v26.5 - https:\/\/yoast.com\/wordpress\/plugins\/seo\/ -->\n<title>Jaspe L\u00e9opard - AGAPANTHE MIN\u00c9RAUX<\/title>\n<meta name=\"description\" content=\"Le jaspe l\u00e9opard, encore appel\u00e9 orbiculaire, avec ses couleurs bigarr\u00e9es et ses dessins en font une pierre aux multiples \u00e9nergies, tonique, instinctive.\" \/>\n<meta name=\"robots\" content=\"index, follow, max-snippet:-1, max-image-preview:large, max-video-preview:-1\" \/>\n<link rel=\"canonical\" href=\"https:\/\/reiki53.fr\/mineraux\/produit\/jaspe-leopard\/\" \/>\n<meta property=\"og:locale\" content=\"fr_FR\" \/>\n<meta property=\"og:type\" content=\"article\" \/>\n<meta property=\"og:title\" content=\"Jaspe L\u00e9opard - AGAPANTHE MIN\u00c9RAUX\" \/>\n<meta property=\"og:description\" content=\"Le jaspe l\u00e9opard, encore appel\u00e9 orbiculaire, avec ses couleurs bigarr\u00e9es et ses dessins en font une pierre aux multiples \u00e9nergies, tonique, instinctive.\" \/>\n<meta property=\"og:url\" content=\"https:\/\/reiki53.fr\/mineraux\/produit\/jaspe-leopard\/\" \/>\n<meta property=\"og:site_name\" content=\"AGAPANTHE MIN\u00c9RAUX\" \/>\n<meta property=\"article:modified_time\" content=\"2025-01-02T14:58:03+00:00\" \/>\n<meta property=\"og:image\" content=\"https:\/\/reiki53.fr\/mineraux\/wp-content\/uploads\/2020\/04\/jaspe-zebre-agapanthe.jpg\" \/>\n\t<meta property=\"og:image:width\" content=\"1488\" \/>\n\t<meta property=\"og:image:height\" content=\"1488\" \/>\n\t<meta property=\"og:image:type\" content=\"image\/jpeg\" \/>\n<meta name=\"twitter:card\" content=\"summary_large_image\" \/>\n<script type=\"application\/ld+json\" class=\"yoast-schema-graph\">{\"@context\":\"https:\/\/schema.org\",\"@graph\":[{\"@type\":\"WebPage\",\"@id\":\"https:\/\/reiki53.fr\/mineraux\/produit\/jaspe-leopard\/\",\"url\":\"https:\/\/reiki53.fr\/mineraux\/produit\/jaspe-leopard\/\",\"name\":\"Jaspe L\u00e9opard - AGAPANTHE MIN\u00c9RAUX\",\"isPartOf\":{\"@id\":\"https:\/\/reiki53.fr\/mineraux\/#website\"},\"primaryImageOfPage\":{\"@id\":\"https:\/\/reiki53.fr\/mineraux\/produit\/jaspe-leopard\/#primaryimage\"},\"image\":{\"@id\":\"https:\/\/reiki53.fr\/mineraux\/produit\/jaspe-leopard\/#primaryimage\"},\"thumbnailUrl\":\"https:\/\/reiki53.fr\/mineraux\/wp-content\/uploads\/2020\/04\/jaspe-zebre-agapanthe.jpg\",\"datePublished\":\"2020-04-18T19:25:19+00:00\",\"dateModified\":\"2025-01-02T14:58:03+00:00\",\"description\":\"Le jaspe l\u00e9opard, encore appel\u00e9 orbiculaire, avec ses couleurs bigarr\u00e9es et ses dessins en font une pierre aux multiples \u00e9nergies, tonique, instinctive.\",\"breadcrumb\":{\"@id\":\"https:\/\/reiki53.fr\/mineraux\/produit\/jaspe-leopard\/#breadcrumb\"},\"inLanguage\":\"fr-FR\",\"potentialAction\":[{\"@type\":\"ReadAction\",\"target\":[\"https:\/\/reiki53.fr\/mineraux\/produit\/jaspe-leopard\/\"]}]},{\"@type\":\"ImageObject\",\"inLanguage\":\"fr-FR\",\"@id\":\"https:\/\/reiki53.fr\/mineraux\/produit\/jaspe-leopard\/#primaryimage\",\"url\":\"https:\/\/reiki53.fr\/mineraux\/wp-content\/uploads\/2020\/04\/jaspe-zebre-agapanthe.jpg\",\"contentUrl\":\"https:\/\/reiki53.fr\/mineraux\/wp-content\/uploads\/2020\/04\/jaspe-zebre-agapanthe.jpg\",\"width\":1488,\"height\":1488,\"caption\":\"jaspe l\u00e9opard\"},{\"@type\":\"BreadcrumbList\",\"@id\":\"https:\/\/reiki53.fr\/mineraux\/produit\/jaspe-leopard\/#breadcrumb\",\"itemListElement\":[{\"@type\":\"ListItem\",\"position\":1,\"name\":\"Accueil\",\"item\":\"https:\/\/reiki53.fr\/mineraux\/\"},{\"@type\":\"ListItem\",\"position\":2,\"name\":\"Boutique\",\"item\":\"https:\/\/reiki53.fr\/mineraux\/boutique\/\"},{\"@type\":\"ListItem\",\"position\":3,\"name\":\"Jaspe L\u00e9opard\"}]},{\"@type\":\"WebSite\",\"@id\":\"https:\/\/reiki53.fr\/mineraux\/#website\",\"url\":\"https:\/\/reiki53.fr\/mineraux\/\",\"name\":\"AGAPANTHE MIN\u00c9RAUX\",\"description\":\"Magasin physique \u00e0 Laval (53)\",\"publisher\":{\"@id\":\"https:\/\/reiki53.fr\/mineraux\/#organization\"},\"potentialAction\":[{\"@type\":\"SearchAction\",\"target\":{\"@type\":\"EntryPoint\",\"urlTemplate\":\"https:\/\/reiki53.fr\/mineraux\/?s={search_term_string}\"},\"query-input\":{\"@type\":\"PropertyValueSpecification\",\"valueRequired\":true,\"valueName\":\"search_term_string\"}}],\"inLanguage\":\"fr-FR\"},{\"@type\":\"Organization\",\"@id\":\"https:\/\/reiki53.fr\/mineraux\/#organization\",\"name\":\"OLVB SAS\",\"url\":\"https:\/\/reiki53.fr\/mineraux\/\",\"logo\":{\"@type\":\"ImageObject\",\"inLanguage\":\"fr-FR\",\"@id\":\"https:\/\/reiki53.fr\/mineraux\/#\/schema\/logo\/image\/\",\"url\":\"https:\/\/reiki53.fr\/mineraux\/wp-content\/uploads\/2020\/04\/AGAPANTHE-MINERAUX-Logo-petit.png\",\"contentUrl\":\"https:\/\/reiki53.fr\/mineraux\/wp-content\/uploads\/2020\/04\/AGAPANTHE-MINERAUX-Logo-petit.png\",\"width\":160,\"height\":160,\"caption\":\"OLVB SAS\"},\"image\":{\"@id\":\"https:\/\/reiki53.fr\/mineraux\/#\/schema\/logo\/image\/\"}}]}<\/script>\n<!-- \/ Yoast SEO plugin. -->","yoast_head_json":{"title":"Jaspe L\u00e9opard - AGAPANTHE MIN\u00c9RAUX","description":"Le jaspe l\u00e9opard, encore appel\u00e9 orbiculaire, avec ses couleurs bigarr\u00e9es et ses dessins en font une pierre aux multiples \u00e9nergies, tonique, instinctive.","robots":{"index":"index","follow":"follow","max-snippet":"max-snippet:-1","max-image-preview":"max-image-preview:large","max-video-preview":"max-video-preview:-1"},"canonical":"https:\/\/reiki53.fr\/mineraux\/produit\/jaspe-leopard\/","og_locale":"fr_FR","og_type":"article","og_title":"Jaspe L\u00e9opard - AGAPANTHE MIN\u00c9RAUX","og_description":"Le jaspe l\u00e9opard, encore appel\u00e9 orbiculaire, avec ses couleurs bigarr\u00e9es et ses dessins en font une pierre aux multiples \u00e9nergies, tonique, instinctive.","og_url":"https:\/\/reiki53.fr\/mineraux\/produit\/jaspe-leopard\/","og_site_name":"AGAPANTHE MIN\u00c9RAUX","article_modified_time":"2025-01-02T14:58:03+00:00","og_image":[{"width":1488,"height":1488,"url":"https:\/\/reiki53.fr\/mineraux\/wp-content\/uploads\/2020\/04\/jaspe-zebre-agapanthe.jpg","type":"image\/jpeg"}],"twitter_card":"summary_large_image","schema":{"@context":"https:\/\/schema.org","@graph":[{"@type":"WebPage","@id":"https:\/\/reiki53.fr\/mineraux\/produit\/jaspe-leopard\/","url":"https:\/\/reiki53.fr\/mineraux\/produit\/jaspe-leopard\/","name":"Jaspe L\u00e9opard - AGAPANTHE MIN\u00c9RAUX","isPartOf":{"@id":"https:\/\/reiki53.fr\/mineraux\/#website"},"primaryImageOfPage":{"@id":"https:\/\/reiki53.fr\/mineraux\/produit\/jaspe-leopard\/#primaryimage"},"image":{"@id":"https:\/\/reiki53.fr\/mineraux\/produit\/jaspe-leopard\/#primaryimage"},"thumbnailUrl":"https:\/\/reiki53.fr\/mineraux\/wp-content\/uploads\/2020\/04\/jaspe-zebre-agapanthe.jpg","datePublished":"2020-04-18T19:25:19+00:00","dateModified":"2025-01-02T14:58:03+00:00","description":"Le jaspe l\u00e9opard, encore appel\u00e9 orbiculaire, avec ses couleurs bigarr\u00e9es et ses dessins en font une pierre aux multiples \u00e9nergies, tonique, instinctive.","breadcrumb":{"@id":"https:\/\/reiki53.fr\/mineraux\/produit\/jaspe-leopard\/#breadcrumb"},"inLanguage":"fr-FR","potentialAction":[{"@type":"ReadAction","target":["https:\/\/reiki53.fr\/mineraux\/produit\/jaspe-leopard\/"]}]},{"@type":"ImageObject","inLanguage":"fr-FR","@id":"https:\/\/reiki53.fr\/mineraux\/produit\/jaspe-leopard\/#primaryimage","url":"https:\/\/reiki53.fr\/mineraux\/wp-content\/uploads\/2020\/04\/jaspe-zebre-agapanthe.jpg","contentUrl":"https:\/\/reiki53.fr\/mineraux\/wp-content\/uploads\/2020\/04\/jaspe-zebre-agapanthe.jpg","width":1488,"height":1488,"caption":"jaspe l\u00e9opard"},{"@type":"BreadcrumbList","@id":"https:\/\/reiki53.fr\/mineraux\/produit\/jaspe-leopard\/#breadcrumb","itemListElement":[{"@type":"ListItem","position":1,"name":"Accueil","item":"https:\/\/reiki53.fr\/mineraux\/"},{"@type":"ListItem","position":2,"name":"Boutique","item":"https:\/\/reiki53.fr\/mineraux\/boutique\/"},{"@type":"ListItem","position":3,"name":"Jaspe L\u00e9opard"}]},{"@type":"WebSite","@id":"https:\/\/reiki53.fr\/mineraux\/#website","url":"https:\/\/reiki53.fr\/mineraux\/","name":"AGAPANTHE MIN\u00c9RAUX","description":"Magasin physique \u00e0 Laval (53)","publisher":{"@id":"https:\/\/reiki53.fr\/mineraux\/#organization"},"potentialAction":[{"@type":"SearchAction","target":{"@type":"EntryPoint","urlTemplate":"https:\/\/reiki53.fr\/mineraux\/?s={search_term_string}"},"query-input":{"@type":"PropertyValueSpecification","valueRequired":true,"valueName":"search_term_string"}}],"inLanguage":"fr-FR"},{"@type":"Organization","@id":"https:\/\/reiki53.fr\/mineraux\/#organization","name":"OLVB SAS","url":"https:\/\/reiki53.fr\/mineraux\/","logo":{"@type":"ImageObject","inLanguage":"fr-FR","@id":"https:\/\/reiki53.fr\/mineraux\/#\/schema\/logo\/image\/","url":"https:\/\/reiki53.fr\/mineraux\/wp-content\/uploads\/2020\/04\/AGAPANTHE-MINERAUX-Logo-petit.png","contentUrl":"https:\/\/reiki53.fr\/mineraux\/wp-content\/uploads\/2020\/04\/AGAPANTHE-MINERAUX-Logo-petit.png","width":160,"height":160,"caption":"OLVB SAS"},"image":{"@id":"https:\/\/reiki53.fr\/mineraux\/#\/schema\/logo\/image\/"}}]}},"jetpack_sharing_enabled":true,"_links":{"self":[{"href":"https:\/\/reiki53.fr\/mineraux\/wp-json\/wp\/v2\/product\/358","targetHints":{"allow":["GET"]}}],"collection":[{"href":"https:\/\/reiki53.fr\/mineraux\/wp-json\/wp\/v2\/product"}],"about":[{"href":"https:\/\/reiki53.fr\/mineraux\/wp-json\/wp\/v2\/types\/product"}],"replies":[{"embeddable":true,"href":"https:\/\/reiki53.fr\/mineraux\/wp-json\/wp\/v2\/comments?post=358"}],"wp:featuredmedia":[{"embeddable":true,"href":"https:\/\/reiki53.fr\/mineraux\/wp-json\/wp\/v2\/media\/215"}],"wp:attachment":[{"href":"https:\/\/reiki53.fr\/mineraux\/wp-json\/wp\/v2\/media?parent=358"}],"wp:term":[{"taxonomy":"product_brand","embeddable":true,"href":"https:\/\/reiki53.fr\/mineraux\/wp-json\/wp\/v2\/product_brand?post=358"},{"taxonomy":"product_cat","embeddable":true,"href":"https:\/\/reiki53.fr\/mineraux\/wp-json\/wp\/v2\/product_cat?post=358"},{"taxonomy":"product_tag","embeddable":true,"href":"https:\/\/reiki53.fr\/mineraux\/wp-json\/wp\/v2\/product_tag?post=358"}],"curies":[{"name":"wp","href":"https:\/\/api.w.org\/{rel}","templated":true}]}}