{"id":359,"date":"2020-04-18T21:36:00","date_gmt":"2020-04-18T19:36:00","guid":{"rendered":"https:\/\/reiki53.fr\/mineraux\/?post_type=product&#038;p=359"},"modified":"2025-03-19T10:46:12","modified_gmt":"2025-03-19T09:46:12","slug":"kunzite","status":"publish","type":"product","link":"https:\/\/reiki53.fr\/mineraux\/produit\/kunzite\/","title":{"rendered":"Kunzite"},"content":{"rendered":"<p>Pierre roul\u00e9e d&rsquo;environ 3 \u00e0 4 cm<span id=\"texte_description_fiche_produit\"><span class=\"texte_catalogue\">.<\/span><\/span><\/p>\n<p><span id=\"texte_description_fiche_produit\"><strong>La kunzite <\/strong>pour les celtes est la science sacr\u00e9e, la fontaine de jouvence. <\/span><\/p>\n<p><span id=\"texte_description_fiche_produit\">Elle dynamise le c\u0153ur en douceur et sur tous les plans. <\/span><\/p>\n<p><span id=\"texte_description_fiche_produit\">Pierre du pardon et des \u00e9motions refoul\u00e9es, elle agit sur tous les troubles d\u2019origine affective. <\/span><\/p>\n<p>Au niveau physique, elle poss\u00e8de des effets b\u00e9n\u00e9fiques sur l&rsquo;estomac, facilite la digestion<\/p>\n<p>&nbsp;<\/p>\n<p>&nbsp;<\/p>\n","protected":false},"excerpt":{"rendered":"<p>Les vertus sommaires de la kunzite :<\/p>\n<ul>\n<li>Pierre zen id\u00e9ale \/\u00a0 burn out \/ sommeil<\/li>\n<li>Calmer les douleurs \/ migraines \/ menstrues<\/li>\n<li>R\u00e9gule pression sanguine<\/li>\n<li>\u00c9limine blocage d&rsquo;\u00e9nergie<\/li>\n<li>Concentration\/relaxation\/confiance soi<\/li>\n<\/ul>\n<p>Signe astrologique de pr\u00e9dilection :Balance, Taureau, Scorpion<\/p>\n<p>Purification : rarement n\u00e9cessaire car la<strong> kunzite<\/strong> est une pierre tr\u00e8s sereine qui n&rsquo;accumule que tr\u00e8s peu d&rsquo;\u00e9nergies n\u00e9gatives.<\/p>\n<p>Rechargement : amas de quartz (druse), pas de soleil<\/p>\n","protected":false},"featured_media":216,"comment_status":"open","ping_status":"closed","template":"","meta":[],"product_brand":[],"product_cat":[23,24],"product_tag":[531,43,44,527,530,142,143,41,42,528,40,525,524,46,523,45,529],"class_list":{"0":"post-359","1":"product","2":"type-product","3":"status-publish","4":"has-post-thumbnail","6":"product_cat-mineraux","7":"product_cat-pierres-roulees","8":"product_tag-achat-de-mineraux","9":"product_tag-agapanthe-53","10":"product_tag-agapanthe-mineraux","11":"product_tag-boutique-de-mineraux","12":"product_tag-boutique-de-pierres-semi-precieuses","13":"product_tag-kunzite","14":"product_tag-kunzite-mineraux","15":"product_tag-lithotherapie","16":"product_tag-lithotherapie-53","17":"product_tag-magasin-de-mineraux","18":"product_tag-mineraux","19":"product_tag-mineraux-53","20":"product_tag-mineraux-en-mayenne","21":"product_tag-mineraux-laval","22":"product_tag-pierre-semi-precieuse","23":"product_tag-pierres-naturelles","24":"product_tag-pierres-precieuses","26":"first","27":"instock","28":"taxable","29":"shipping-taxable","30":"purchasable","31":"product-type-simple"},"yoast_head":"<!-- This site is optimized with the Yoast SEO plugin v26.5 - https:\/\/yoast.com\/wordpress\/plugins\/seo\/ -->\n<title>Kunzite - AGAPANTHE MIN\u00c9RAUX<\/title>\n<meta name=\"description\" content=\"La kunzite dynamise le c\u0153ur en douceur et sur tous les plans. Pierre du pardon et des \u00e9motions refoul\u00e9es, elle agit sur tous les troubles affectifs.\" \/>\n<meta name=\"robots\" content=\"index, follow, max-snippet:-1, max-image-preview:large, max-video-preview:-1\" \/>\n<link rel=\"canonical\" href=\"https:\/\/reiki53.fr\/mineraux\/produit\/kunzite\/\" \/>\n<meta property=\"og:locale\" content=\"fr_FR\" \/>\n<meta property=\"og:type\" content=\"article\" \/>\n<meta property=\"og:title\" content=\"Kunzite - AGAPANTHE MIN\u00c9RAUX\" \/>\n<meta property=\"og:description\" content=\"La kunzite dynamise le c\u0153ur en douceur et sur tous les plans. Pierre du pardon et des \u00e9motions refoul\u00e9es, elle agit sur tous les troubles affectifs.\" \/>\n<meta property=\"og:url\" content=\"https:\/\/reiki53.fr\/mineraux\/produit\/kunzite\/\" \/>\n<meta property=\"og:site_name\" content=\"AGAPANTHE MIN\u00c9RAUX\" \/>\n<meta property=\"article:modified_time\" content=\"2025-03-19T09:46:12+00:00\" \/>\n<meta property=\"og:image\" content=\"https:\/\/reiki53.fr\/mineraux\/wp-content\/uploads\/2020\/04\/kunzite-agapanthe.jpg\" \/>\n\t<meta property=\"og:image:width\" content=\"1364\" \/>\n\t<meta property=\"og:image:height\" content=\"1364\" \/>\n\t<meta property=\"og:image:type\" content=\"image\/jpeg\" \/>\n<meta name=\"twitter:card\" content=\"summary_large_image\" \/>\n<script type=\"application\/ld+json\" class=\"yoast-schema-graph\">{\"@context\":\"https:\/\/schema.org\",\"@graph\":[{\"@type\":\"WebPage\",\"@id\":\"https:\/\/reiki53.fr\/mineraux\/produit\/kunzite\/\",\"url\":\"https:\/\/reiki53.fr\/mineraux\/produit\/kunzite\/\",\"name\":\"Kunzite - AGAPANTHE MIN\u00c9RAUX\",\"isPartOf\":{\"@id\":\"https:\/\/reiki53.fr\/mineraux\/#website\"},\"primaryImageOfPage\":{\"@id\":\"https:\/\/reiki53.fr\/mineraux\/produit\/kunzite\/#primaryimage\"},\"image\":{\"@id\":\"https:\/\/reiki53.fr\/mineraux\/produit\/kunzite\/#primaryimage\"},\"thumbnailUrl\":\"https:\/\/reiki53.fr\/mineraux\/wp-content\/uploads\/2020\/04\/kunzite-agapanthe.jpg\",\"datePublished\":\"2020-04-18T19:36:00+00:00\",\"dateModified\":\"2025-03-19T09:46:12+00:00\",\"description\":\"La kunzite dynamise le c\u0153ur en douceur et sur tous les plans. Pierre du pardon et des \u00e9motions refoul\u00e9es, elle agit sur tous les troubles affectifs.\",\"breadcrumb\":{\"@id\":\"https:\/\/reiki53.fr\/mineraux\/produit\/kunzite\/#breadcrumb\"},\"inLanguage\":\"fr-FR\",\"potentialAction\":[{\"@type\":\"ReadAction\",\"target\":[\"https:\/\/reiki53.fr\/mineraux\/produit\/kunzite\/\"]}]},{\"@type\":\"ImageObject\",\"inLanguage\":\"fr-FR\",\"@id\":\"https:\/\/reiki53.fr\/mineraux\/produit\/kunzite\/#primaryimage\",\"url\":\"https:\/\/reiki53.fr\/mineraux\/wp-content\/uploads\/2020\/04\/kunzite-agapanthe.jpg\",\"contentUrl\":\"https:\/\/reiki53.fr\/mineraux\/wp-content\/uploads\/2020\/04\/kunzite-agapanthe.jpg\",\"width\":1364,\"height\":1364,\"caption\":\"kunzite\"},{\"@type\":\"BreadcrumbList\",\"@id\":\"https:\/\/reiki53.fr\/mineraux\/produit\/kunzite\/#breadcrumb\",\"itemListElement\":[{\"@type\":\"ListItem\",\"position\":1,\"name\":\"Accueil\",\"item\":\"https:\/\/reiki53.fr\/mineraux\/\"},{\"@type\":\"ListItem\",\"position\":2,\"name\":\"Boutique\",\"item\":\"https:\/\/reiki53.fr\/mineraux\/boutique\/\"},{\"@type\":\"ListItem\",\"position\":3,\"name\":\"Kunzite\"}]},{\"@type\":\"WebSite\",\"@id\":\"https:\/\/reiki53.fr\/mineraux\/#website\",\"url\":\"https:\/\/reiki53.fr\/mineraux\/\",\"name\":\"AGAPANTHE MIN\u00c9RAUX\",\"description\":\"Magasin physique \u00e0 Laval (53)\",\"publisher\":{\"@id\":\"https:\/\/reiki53.fr\/mineraux\/#organization\"},\"potentialAction\":[{\"@type\":\"SearchAction\",\"target\":{\"@type\":\"EntryPoint\",\"urlTemplate\":\"https:\/\/reiki53.fr\/mineraux\/?s={search_term_string}\"},\"query-input\":{\"@type\":\"PropertyValueSpecification\",\"valueRequired\":true,\"valueName\":\"search_term_string\"}}],\"inLanguage\":\"fr-FR\"},{\"@type\":\"Organization\",\"@id\":\"https:\/\/reiki53.fr\/mineraux\/#organization\",\"name\":\"OLVB SAS\",\"url\":\"https:\/\/reiki53.fr\/mineraux\/\",\"logo\":{\"@type\":\"ImageObject\",\"inLanguage\":\"fr-FR\",\"@id\":\"https:\/\/reiki53.fr\/mineraux\/#\/schema\/logo\/image\/\",\"url\":\"https:\/\/reiki53.fr\/mineraux\/wp-content\/uploads\/2020\/04\/AGAPANTHE-MINERAUX-Logo-petit.png\",\"contentUrl\":\"https:\/\/reiki53.fr\/mineraux\/wp-content\/uploads\/2020\/04\/AGAPANTHE-MINERAUX-Logo-petit.png\",\"width\":160,\"height\":160,\"caption\":\"OLVB SAS\"},\"image\":{\"@id\":\"https:\/\/reiki53.fr\/mineraux\/#\/schema\/logo\/image\/\"}}]}<\/script>\n<!-- \/ Yoast SEO plugin. -->","yoast_head_json":{"title":"Kunzite - AGAPANTHE MIN\u00c9RAUX","description":"La kunzite dynamise le c\u0153ur en douceur et sur tous les plans. Pierre du pardon et des \u00e9motions refoul\u00e9es, elle agit sur tous les troubles affectifs.","robots":{"index":"index","follow":"follow","max-snippet":"max-snippet:-1","max-image-preview":"max-image-preview:large","max-video-preview":"max-video-preview:-1"},"canonical":"https:\/\/reiki53.fr\/mineraux\/produit\/kunzite\/","og_locale":"fr_FR","og_type":"article","og_title":"Kunzite - AGAPANTHE MIN\u00c9RAUX","og_description":"La kunzite dynamise le c\u0153ur en douceur et sur tous les plans. Pierre du pardon et des \u00e9motions refoul\u00e9es, elle agit sur tous les troubles affectifs.","og_url":"https:\/\/reiki53.fr\/mineraux\/produit\/kunzite\/","og_site_name":"AGAPANTHE MIN\u00c9RAUX","article_modified_time":"2025-03-19T09:46:12+00:00","og_image":[{"width":1364,"height":1364,"url":"https:\/\/reiki53.fr\/mineraux\/wp-content\/uploads\/2020\/04\/kunzite-agapanthe.jpg","type":"image\/jpeg"}],"twitter_card":"summary_large_image","schema":{"@context":"https:\/\/schema.org","@graph":[{"@type":"WebPage","@id":"https:\/\/reiki53.fr\/mineraux\/produit\/kunzite\/","url":"https:\/\/reiki53.fr\/mineraux\/produit\/kunzite\/","name":"Kunzite - AGAPANTHE MIN\u00c9RAUX","isPartOf":{"@id":"https:\/\/reiki53.fr\/mineraux\/#website"},"primaryImageOfPage":{"@id":"https:\/\/reiki53.fr\/mineraux\/produit\/kunzite\/#primaryimage"},"image":{"@id":"https:\/\/reiki53.fr\/mineraux\/produit\/kunzite\/#primaryimage"},"thumbnailUrl":"https:\/\/reiki53.fr\/mineraux\/wp-content\/uploads\/2020\/04\/kunzite-agapanthe.jpg","datePublished":"2020-04-18T19:36:00+00:00","dateModified":"2025-03-19T09:46:12+00:00","description":"La kunzite dynamise le c\u0153ur en douceur et sur tous les plans. Pierre du pardon et des \u00e9motions refoul\u00e9es, elle agit sur tous les troubles affectifs.","breadcrumb":{"@id":"https:\/\/reiki53.fr\/mineraux\/produit\/kunzite\/#breadcrumb"},"inLanguage":"fr-FR","potentialAction":[{"@type":"ReadAction","target":["https:\/\/reiki53.fr\/mineraux\/produit\/kunzite\/"]}]},{"@type":"ImageObject","inLanguage":"fr-FR","@id":"https:\/\/reiki53.fr\/mineraux\/produit\/kunzite\/#primaryimage","url":"https:\/\/reiki53.fr\/mineraux\/wp-content\/uploads\/2020\/04\/kunzite-agapanthe.jpg","contentUrl":"https:\/\/reiki53.fr\/mineraux\/wp-content\/uploads\/2020\/04\/kunzite-agapanthe.jpg","width":1364,"height":1364,"caption":"kunzite"},{"@type":"BreadcrumbList","@id":"https:\/\/reiki53.fr\/mineraux\/produit\/kunzite\/#breadcrumb","itemListElement":[{"@type":"ListItem","position":1,"name":"Accueil","item":"https:\/\/reiki53.fr\/mineraux\/"},{"@type":"ListItem","position":2,"name":"Boutique","item":"https:\/\/reiki53.fr\/mineraux\/boutique\/"},{"@type":"ListItem","position":3,"name":"Kunzite"}]},{"@type":"WebSite","@id":"https:\/\/reiki53.fr\/mineraux\/#website","url":"https:\/\/reiki53.fr\/mineraux\/","name":"AGAPANTHE MIN\u00c9RAUX","description":"Magasin physique \u00e0 Laval (53)","publisher":{"@id":"https:\/\/reiki53.fr\/mineraux\/#organization"},"potentialAction":[{"@type":"SearchAction","target":{"@type":"EntryPoint","urlTemplate":"https:\/\/reiki53.fr\/mineraux\/?s={search_term_string}"},"query-input":{"@type":"PropertyValueSpecification","valueRequired":true,"valueName":"search_term_string"}}],"inLanguage":"fr-FR"},{"@type":"Organization","@id":"https:\/\/reiki53.fr\/mineraux\/#organization","name":"OLVB SAS","url":"https:\/\/reiki53.fr\/mineraux\/","logo":{"@type":"ImageObject","inLanguage":"fr-FR","@id":"https:\/\/reiki53.fr\/mineraux\/#\/schema\/logo\/image\/","url":"https:\/\/reiki53.fr\/mineraux\/wp-content\/uploads\/2020\/04\/AGAPANTHE-MINERAUX-Logo-petit.png","contentUrl":"https:\/\/reiki53.fr\/mineraux\/wp-content\/uploads\/2020\/04\/AGAPANTHE-MINERAUX-Logo-petit.png","width":160,"height":160,"caption":"OLVB SAS"},"image":{"@id":"https:\/\/reiki53.fr\/mineraux\/#\/schema\/logo\/image\/"}}]}},"jetpack_sharing_enabled":true,"_links":{"self":[{"href":"https:\/\/reiki53.fr\/mineraux\/wp-json\/wp\/v2\/product\/359","targetHints":{"allow":["GET"]}}],"collection":[{"href":"https:\/\/reiki53.fr\/mineraux\/wp-json\/wp\/v2\/product"}],"about":[{"href":"https:\/\/reiki53.fr\/mineraux\/wp-json\/wp\/v2\/types\/product"}],"replies":[{"embeddable":true,"href":"https:\/\/reiki53.fr\/mineraux\/wp-json\/wp\/v2\/comments?post=359"}],"wp:featuredmedia":[{"embeddable":true,"href":"https:\/\/reiki53.fr\/mineraux\/wp-json\/wp\/v2\/media\/216"}],"wp:attachment":[{"href":"https:\/\/reiki53.fr\/mineraux\/wp-json\/wp\/v2\/media?parent=359"}],"wp:term":[{"taxonomy":"product_brand","embeddable":true,"href":"https:\/\/reiki53.fr\/mineraux\/wp-json\/wp\/v2\/product_brand?post=359"},{"taxonomy":"product_cat","embeddable":true,"href":"https:\/\/reiki53.fr\/mineraux\/wp-json\/wp\/v2\/product_cat?post=359"},{"taxonomy":"product_tag","embeddable":true,"href":"https:\/\/reiki53.fr\/mineraux\/wp-json\/wp\/v2\/product_tag?post=359"}],"curies":[{"name":"wp","href":"https:\/\/api.w.org\/{rel}","templated":true}]}}