{"id":362,"date":"2020-04-18T22:00:56","date_gmt":"2020-04-18T20:00:56","guid":{"rendered":"https:\/\/reiki53.fr\/mineraux\/?post_type=product&#038;p=362"},"modified":"2025-01-02T15:58:03","modified_gmt":"2025-01-02T14:58:03","slug":"lapis-lazuli","status":"publish","type":"product","link":"https:\/\/reiki53.fr\/mineraux\/produit\/lapis-lazuli\/","title":{"rendered":"Lapis-lazuli"},"content":{"rendered":"<p>Pierre roul\u00e9e d&rsquo;environ 3 \u00e0 4 cm<span id=\"texte_description_fiche_produit\"><span class=\"texte_catalogue\">.<\/span><\/span><\/p>\n<p><span id=\"texte_description_fiche_produit\"><strong>Le lapis-lazuli <\/strong>est une combinaison de min\u00e9raux o\u00f9 la LAZURITE est majoritaire. <\/span><\/p>\n<p><span id=\"texte_description_fiche_produit\">Pierre sacr\u00e9e des Sum\u00e9riens et des \u00c9gyptiens, son nom signifie Pierre Bleue. <\/span><\/p>\n<p><span id=\"texte_description_fiche_produit\">Pulv\u00e9ris\u00e9e jadis pour obtenir le pr\u00e9cieux \u00ab\u00a0bleu outremer\u00a0\u00bb, elle a servi \u00e0 peindre les portraits de la Vierge Marie, \u00e0 qui le Lapis-lazuli est symboliquement associ\u00e9. <\/span><\/p>\n<p><span id=\"texte_description_fiche_produit\">C\u2019est la pierre du Sacr\u00e9 par excellence, v\u00e9n\u00e9r\u00e9e par toutes les civilisations anciennes comme \u00e9tant la \u00ab messag\u00e8re \u00ab des dieux (elle serait une cl\u00e9 pour acc\u00e9der aux connaissances du Royaume C\u00e9leste)<br \/>\n<\/span><\/p>\n<p>\u2665 <a href=\"https:\/\/fr.wikipedia.org\/wiki\/Lapis-lazuli\" target=\"_blank\" rel=\"noopener noreferrer\">Toute l&rsquo;histoire du Lapis-Lazuli<\/a><\/p>\n<p>&nbsp;<\/p>\n<p>&nbsp;<\/p>\n<p>&nbsp;<\/p>\n","protected":false},"excerpt":{"rendered":"<p>Les vertus sommaires du Lapis-lazuli :<\/p>\n<ul>\n<li>Arthrite\u00a0 \/ rhumatisme<\/li>\n<li>Crampes\u00a0\u00a0 \/ goutte<\/li>\n<li>\u00c9nergie\u00a0 \/ d\u00e9pression<\/li>\n<li>Intuition<\/li>\n<li>Vue<\/li>\n<\/ul>\n<p>Signe astrologique de pr\u00e9dilection : Sagittaire, Poissons, Verseau<\/p>\n<p>Rechargement : amas de quartz (druse), \u00e0 la pleine lune<\/p>\n","protected":false},"featured_media":363,"comment_status":"open","ping_status":"closed","template":"","meta":[],"product_brand":[],"product_cat":[23,24],"product_tag":[531,43,44,527,530,144,145,146,41,42,528,40,525,524,46,523,45,529],"class_list":{"0":"post-362","1":"product","2":"type-product","3":"status-publish","4":"has-post-thumbnail","6":"product_cat-mineraux","7":"product_cat-pierres-roulees","8":"product_tag-achat-de-mineraux","9":"product_tag-agapanthe-53","10":"product_tag-agapanthe-mineraux","11":"product_tag-boutique-de-mineraux","12":"product_tag-boutique-de-pierres-semi-precieuses","13":"product_tag-labradorite","14":"product_tag-labradorite-mineraux","15":"product_tag-labradorite-protection","16":"product_tag-lithotherapie","17":"product_tag-lithotherapie-53","18":"product_tag-magasin-de-mineraux","19":"product_tag-mineraux","20":"product_tag-mineraux-53","21":"product_tag-mineraux-en-mayenne","22":"product_tag-mineraux-laval","23":"product_tag-pierre-semi-precieuse","24":"product_tag-pierres-naturelles","25":"product_tag-pierres-precieuses","27":"first","28":"instock","29":"taxable","30":"shipping-taxable","31":"purchasable","32":"product-type-simple"},"yoast_head":"<!-- This site is optimized with the Yoast SEO plugin v26.5 - https:\/\/yoast.com\/wordpress\/plugins\/seo\/ -->\n<title>Lapis-lazuli - AGAPANTHE MIN\u00c9RAUX<\/title>\n<meta name=\"description\" content=\"Le lapis-lazuli est une combinaison de min\u00e9raux o\u00f9 la LAZURITE est majoritaire. Pierre sacr\u00e9e des Sum\u00e9riens et des \u00c9gyptiens, son nom signifie Pierre Bleue.\" \/>\n<meta name=\"robots\" content=\"index, follow, max-snippet:-1, max-image-preview:large, max-video-preview:-1\" \/>\n<link rel=\"canonical\" href=\"https:\/\/reiki53.fr\/mineraux\/produit\/lapis-lazuli\/\" \/>\n<meta property=\"og:locale\" content=\"fr_FR\" \/>\n<meta property=\"og:type\" content=\"article\" \/>\n<meta property=\"og:title\" content=\"Lapis-lazuli - AGAPANTHE MIN\u00c9RAUX\" \/>\n<meta property=\"og:description\" content=\"Le lapis-lazuli est une combinaison de min\u00e9raux o\u00f9 la LAZURITE est majoritaire. Pierre sacr\u00e9e des Sum\u00e9riens et des \u00c9gyptiens, son nom signifie Pierre Bleue.\" \/>\n<meta property=\"og:url\" content=\"https:\/\/reiki53.fr\/mineraux\/produit\/lapis-lazuli\/\" \/>\n<meta property=\"og:site_name\" content=\"AGAPANTHE MIN\u00c9RAUX\" \/>\n<meta property=\"article:modified_time\" content=\"2025-01-02T14:58:03+00:00\" \/>\n<meta property=\"og:image\" content=\"https:\/\/reiki53.fr\/mineraux\/wp-content\/uploads\/2020\/04\/lapis-lazuli.jpg\" \/>\n\t<meta property=\"og:image:width\" content=\"807\" \/>\n\t<meta property=\"og:image:height\" content=\"810\" \/>\n\t<meta property=\"og:image:type\" content=\"image\/jpeg\" \/>\n<meta name=\"twitter:card\" content=\"summary_large_image\" \/>\n<meta name=\"twitter:label1\" content=\"Dur\u00e9e de lecture estim\u00e9e\" \/>\n\t<meta name=\"twitter:data1\" content=\"1 minute\" \/>\n<script type=\"application\/ld+json\" class=\"yoast-schema-graph\">{\"@context\":\"https:\/\/schema.org\",\"@graph\":[{\"@type\":\"WebPage\",\"@id\":\"https:\/\/reiki53.fr\/mineraux\/produit\/lapis-lazuli\/\",\"url\":\"https:\/\/reiki53.fr\/mineraux\/produit\/lapis-lazuli\/\",\"name\":\"Lapis-lazuli - AGAPANTHE MIN\u00c9RAUX\",\"isPartOf\":{\"@id\":\"https:\/\/reiki53.fr\/mineraux\/#website\"},\"primaryImageOfPage\":{\"@id\":\"https:\/\/reiki53.fr\/mineraux\/produit\/lapis-lazuli\/#primaryimage\"},\"image\":{\"@id\":\"https:\/\/reiki53.fr\/mineraux\/produit\/lapis-lazuli\/#primaryimage\"},\"thumbnailUrl\":\"https:\/\/reiki53.fr\/mineraux\/wp-content\/uploads\/2020\/04\/lapis-lazuli.jpg\",\"datePublished\":\"2020-04-18T20:00:56+00:00\",\"dateModified\":\"2025-01-02T14:58:03+00:00\",\"description\":\"Le lapis-lazuli est une combinaison de min\u00e9raux o\u00f9 la LAZURITE est majoritaire. Pierre sacr\u00e9e des Sum\u00e9riens et des \u00c9gyptiens, son nom signifie Pierre Bleue.\",\"breadcrumb\":{\"@id\":\"https:\/\/reiki53.fr\/mineraux\/produit\/lapis-lazuli\/#breadcrumb\"},\"inLanguage\":\"fr-FR\",\"potentialAction\":[{\"@type\":\"ReadAction\",\"target\":[\"https:\/\/reiki53.fr\/mineraux\/produit\/lapis-lazuli\/\"]}]},{\"@type\":\"ImageObject\",\"inLanguage\":\"fr-FR\",\"@id\":\"https:\/\/reiki53.fr\/mineraux\/produit\/lapis-lazuli\/#primaryimage\",\"url\":\"https:\/\/reiki53.fr\/mineraux\/wp-content\/uploads\/2020\/04\/lapis-lazuli.jpg\",\"contentUrl\":\"https:\/\/reiki53.fr\/mineraux\/wp-content\/uploads\/2020\/04\/lapis-lazuli.jpg\",\"width\":807,\"height\":810,\"caption\":\"lapis-lazuli\"},{\"@type\":\"BreadcrumbList\",\"@id\":\"https:\/\/reiki53.fr\/mineraux\/produit\/lapis-lazuli\/#breadcrumb\",\"itemListElement\":[{\"@type\":\"ListItem\",\"position\":1,\"name\":\"Accueil\",\"item\":\"https:\/\/reiki53.fr\/mineraux\/\"},{\"@type\":\"ListItem\",\"position\":2,\"name\":\"Boutique\",\"item\":\"https:\/\/reiki53.fr\/mineraux\/boutique\/\"},{\"@type\":\"ListItem\",\"position\":3,\"name\":\"Lapis-lazuli\"}]},{\"@type\":\"WebSite\",\"@id\":\"https:\/\/reiki53.fr\/mineraux\/#website\",\"url\":\"https:\/\/reiki53.fr\/mineraux\/\",\"name\":\"AGAPANTHE MIN\u00c9RAUX\",\"description\":\"Magasin physique \u00e0 Laval (53)\",\"publisher\":{\"@id\":\"https:\/\/reiki53.fr\/mineraux\/#organization\"},\"potentialAction\":[{\"@type\":\"SearchAction\",\"target\":{\"@type\":\"EntryPoint\",\"urlTemplate\":\"https:\/\/reiki53.fr\/mineraux\/?s={search_term_string}\"},\"query-input\":{\"@type\":\"PropertyValueSpecification\",\"valueRequired\":true,\"valueName\":\"search_term_string\"}}],\"inLanguage\":\"fr-FR\"},{\"@type\":\"Organization\",\"@id\":\"https:\/\/reiki53.fr\/mineraux\/#organization\",\"name\":\"OLVB SAS\",\"url\":\"https:\/\/reiki53.fr\/mineraux\/\",\"logo\":{\"@type\":\"ImageObject\",\"inLanguage\":\"fr-FR\",\"@id\":\"https:\/\/reiki53.fr\/mineraux\/#\/schema\/logo\/image\/\",\"url\":\"https:\/\/reiki53.fr\/mineraux\/wp-content\/uploads\/2020\/04\/AGAPANTHE-MINERAUX-Logo-petit.png\",\"contentUrl\":\"https:\/\/reiki53.fr\/mineraux\/wp-content\/uploads\/2020\/04\/AGAPANTHE-MINERAUX-Logo-petit.png\",\"width\":160,\"height\":160,\"caption\":\"OLVB SAS\"},\"image\":{\"@id\":\"https:\/\/reiki53.fr\/mineraux\/#\/schema\/logo\/image\/\"}}]}<\/script>\n<!-- \/ Yoast SEO plugin. -->","yoast_head_json":{"title":"Lapis-lazuli - AGAPANTHE MIN\u00c9RAUX","description":"Le lapis-lazuli est une combinaison de min\u00e9raux o\u00f9 la LAZURITE est majoritaire. Pierre sacr\u00e9e des Sum\u00e9riens et des \u00c9gyptiens, son nom signifie Pierre Bleue.","robots":{"index":"index","follow":"follow","max-snippet":"max-snippet:-1","max-image-preview":"max-image-preview:large","max-video-preview":"max-video-preview:-1"},"canonical":"https:\/\/reiki53.fr\/mineraux\/produit\/lapis-lazuli\/","og_locale":"fr_FR","og_type":"article","og_title":"Lapis-lazuli - AGAPANTHE MIN\u00c9RAUX","og_description":"Le lapis-lazuli est une combinaison de min\u00e9raux o\u00f9 la LAZURITE est majoritaire. Pierre sacr\u00e9e des Sum\u00e9riens et des \u00c9gyptiens, son nom signifie Pierre Bleue.","og_url":"https:\/\/reiki53.fr\/mineraux\/produit\/lapis-lazuli\/","og_site_name":"AGAPANTHE MIN\u00c9RAUX","article_modified_time":"2025-01-02T14:58:03+00:00","og_image":[{"width":807,"height":810,"url":"https:\/\/reiki53.fr\/mineraux\/wp-content\/uploads\/2020\/04\/lapis-lazuli.jpg","type":"image\/jpeg"}],"twitter_card":"summary_large_image","twitter_misc":{"Dur\u00e9e de lecture estim\u00e9e":"1 minute"},"schema":{"@context":"https:\/\/schema.org","@graph":[{"@type":"WebPage","@id":"https:\/\/reiki53.fr\/mineraux\/produit\/lapis-lazuli\/","url":"https:\/\/reiki53.fr\/mineraux\/produit\/lapis-lazuli\/","name":"Lapis-lazuli - AGAPANTHE MIN\u00c9RAUX","isPartOf":{"@id":"https:\/\/reiki53.fr\/mineraux\/#website"},"primaryImageOfPage":{"@id":"https:\/\/reiki53.fr\/mineraux\/produit\/lapis-lazuli\/#primaryimage"},"image":{"@id":"https:\/\/reiki53.fr\/mineraux\/produit\/lapis-lazuli\/#primaryimage"},"thumbnailUrl":"https:\/\/reiki53.fr\/mineraux\/wp-content\/uploads\/2020\/04\/lapis-lazuli.jpg","datePublished":"2020-04-18T20:00:56+00:00","dateModified":"2025-01-02T14:58:03+00:00","description":"Le lapis-lazuli est une combinaison de min\u00e9raux o\u00f9 la LAZURITE est majoritaire. Pierre sacr\u00e9e des Sum\u00e9riens et des \u00c9gyptiens, son nom signifie Pierre Bleue.","breadcrumb":{"@id":"https:\/\/reiki53.fr\/mineraux\/produit\/lapis-lazuli\/#breadcrumb"},"inLanguage":"fr-FR","potentialAction":[{"@type":"ReadAction","target":["https:\/\/reiki53.fr\/mineraux\/produit\/lapis-lazuli\/"]}]},{"@type":"ImageObject","inLanguage":"fr-FR","@id":"https:\/\/reiki53.fr\/mineraux\/produit\/lapis-lazuli\/#primaryimage","url":"https:\/\/reiki53.fr\/mineraux\/wp-content\/uploads\/2020\/04\/lapis-lazuli.jpg","contentUrl":"https:\/\/reiki53.fr\/mineraux\/wp-content\/uploads\/2020\/04\/lapis-lazuli.jpg","width":807,"height":810,"caption":"lapis-lazuli"},{"@type":"BreadcrumbList","@id":"https:\/\/reiki53.fr\/mineraux\/produit\/lapis-lazuli\/#breadcrumb","itemListElement":[{"@type":"ListItem","position":1,"name":"Accueil","item":"https:\/\/reiki53.fr\/mineraux\/"},{"@type":"ListItem","position":2,"name":"Boutique","item":"https:\/\/reiki53.fr\/mineraux\/boutique\/"},{"@type":"ListItem","position":3,"name":"Lapis-lazuli"}]},{"@type":"WebSite","@id":"https:\/\/reiki53.fr\/mineraux\/#website","url":"https:\/\/reiki53.fr\/mineraux\/","name":"AGAPANTHE MIN\u00c9RAUX","description":"Magasin physique \u00e0 Laval (53)","publisher":{"@id":"https:\/\/reiki53.fr\/mineraux\/#organization"},"potentialAction":[{"@type":"SearchAction","target":{"@type":"EntryPoint","urlTemplate":"https:\/\/reiki53.fr\/mineraux\/?s={search_term_string}"},"query-input":{"@type":"PropertyValueSpecification","valueRequired":true,"valueName":"search_term_string"}}],"inLanguage":"fr-FR"},{"@type":"Organization","@id":"https:\/\/reiki53.fr\/mineraux\/#organization","name":"OLVB SAS","url":"https:\/\/reiki53.fr\/mineraux\/","logo":{"@type":"ImageObject","inLanguage":"fr-FR","@id":"https:\/\/reiki53.fr\/mineraux\/#\/schema\/logo\/image\/","url":"https:\/\/reiki53.fr\/mineraux\/wp-content\/uploads\/2020\/04\/AGAPANTHE-MINERAUX-Logo-petit.png","contentUrl":"https:\/\/reiki53.fr\/mineraux\/wp-content\/uploads\/2020\/04\/AGAPANTHE-MINERAUX-Logo-petit.png","width":160,"height":160,"caption":"OLVB SAS"},"image":{"@id":"https:\/\/reiki53.fr\/mineraux\/#\/schema\/logo\/image\/"}}]}},"jetpack_sharing_enabled":true,"_links":{"self":[{"href":"https:\/\/reiki53.fr\/mineraux\/wp-json\/wp\/v2\/product\/362","targetHints":{"allow":["GET"]}}],"collection":[{"href":"https:\/\/reiki53.fr\/mineraux\/wp-json\/wp\/v2\/product"}],"about":[{"href":"https:\/\/reiki53.fr\/mineraux\/wp-json\/wp\/v2\/types\/product"}],"replies":[{"embeddable":true,"href":"https:\/\/reiki53.fr\/mineraux\/wp-json\/wp\/v2\/comments?post=362"}],"wp:featuredmedia":[{"embeddable":true,"href":"https:\/\/reiki53.fr\/mineraux\/wp-json\/wp\/v2\/media\/363"}],"wp:attachment":[{"href":"https:\/\/reiki53.fr\/mineraux\/wp-json\/wp\/v2\/media?parent=362"}],"wp:term":[{"taxonomy":"product_brand","embeddable":true,"href":"https:\/\/reiki53.fr\/mineraux\/wp-json\/wp\/v2\/product_brand?post=362"},{"taxonomy":"product_cat","embeddable":true,"href":"https:\/\/reiki53.fr\/mineraux\/wp-json\/wp\/v2\/product_cat?post=362"},{"taxonomy":"product_tag","embeddable":true,"href":"https:\/\/reiki53.fr\/mineraux\/wp-json\/wp\/v2\/product_tag?post=362"}],"curies":[{"name":"wp","href":"https:\/\/api.w.org\/{rel}","templated":true}]}}