{"id":377,"date":"2020-04-19T15:15:25","date_gmt":"2020-04-19T13:15:25","guid":{"rendered":"https:\/\/reiki53.fr\/mineraux\/?post_type=product&#038;p=377"},"modified":"2024-04-10T20:53:45","modified_gmt":"2024-04-10T18:53:45","slug":"obsidienne-doree","status":"publish","type":"product","link":"https:\/\/reiki53.fr\/mineraux\/produit\/obsidienne-doree\/","title":{"rendered":"Obsidienne dor\u00e9e"},"content":{"rendered":"<p>Pierre roul\u00e9e d&rsquo;environ 3 \u00e0 4cm<\/p>\n<p><span id=\"texte_description_fiche_produit\"><strong>L&rsquo;obsidienne dor\u00e9e <\/strong>comme toutes les obsidiennes est profond\u00e9ment ancr\u00e9e dans le concret.<\/span><\/p>\n<p><span id=\"texte_description_fiche_produit\">Elle nous aide \u00e0 travailler sur notre \u00a0\u00bb c\u00f4t\u00e9 obscur \u00ab\u00a0, car elle nous met en face de tout ce que nous voulons nous cacher \u00e0 nous-m\u00eames. On lui attribue une qualit\u00e9 protectrice : l&rsquo;obsidienne noire est un bouclier efficace contre les \u00e9nergies n\u00e9gatives, la magie noire notamment. les obsidiennes\u00a0 d\u2019une mani\u00e8re g\u00e9n\u00e9rale facilite la connexion \u00e0 notre inconscient .\u00a0\u00a0<\/span><\/p>\n<p>&nbsp;<\/p>\n<p>&nbsp;<\/p>\n","protected":false},"excerpt":{"rendered":"<p>Les vertus sommaires de l&rsquo;obsidienne dor\u00e9e :<\/p>\n<ul>\n<li>Excellente pierre de spiritualit\u00e9<\/li>\n<li>\u00c9loigne des influences n\u00e9gatives de soi<\/li>\n<li>Apporte courage atteindre la v\u00e9rit\u00e9<\/li>\n<li>Pierre protectrice et puissante<\/li>\n<li>Utile aux personnes sensibles<\/li>\n<\/ul>\n<p>Signe astrologique de pr\u00e9dilection : Sagittaire, Capricorne, Verseau, Cancer<\/p>\n<p>Rechargement : amas de quartz (druse) au soleil ou \u00e0 la lune<\/p>\n","protected":false},"featured_media":372,"comment_status":"open","ping_status":"closed","template":"","meta":[],"product_brand":[],"product_cat":[23,24],"product_tag":[531,43,44,527,530,41,42,528,40,525,524,46,157,159,523,45,529],"class_list":{"0":"post-377","1":"product","2":"type-product","3":"status-publish","4":"has-post-thumbnail","6":"product_cat-mineraux","7":"product_cat-pierres-roulees","8":"product_tag-achat-de-mineraux","9":"product_tag-agapanthe-53","10":"product_tag-agapanthe-mineraux","11":"product_tag-boutique-de-mineraux","12":"product_tag-boutique-de-pierres-semi-precieuses","13":"product_tag-lithotherapie","14":"product_tag-lithotherapie-53","15":"product_tag-magasin-de-mineraux","16":"product_tag-mineraux","17":"product_tag-mineraux-53","18":"product_tag-mineraux-en-mayenne","19":"product_tag-mineraux-laval","20":"product_tag-obsidienne","21":"product_tag-obsidienne-doree","22":"product_tag-pierre-semi-precieuse","23":"product_tag-pierres-naturelles","24":"product_tag-pierres-precieuses","26":"first","27":"instock","28":"taxable","29":"shipping-taxable","30":"purchasable","31":"product-type-simple"},"yoast_head":"<!-- This site is optimized with the Yoast SEO plugin v26.5 - https:\/\/yoast.com\/wordpress\/plugins\/seo\/ -->\n<title>Obsidienne dor\u00e9e - AGAPANTHE MIN\u00c9RAUX<\/title>\n<meta name=\"description\" content=\"Nous aide \u00e0 travailler sur notre &quot; c\u00f4t\u00e9 obscur &quot;, car elle nous met en face de tout ce que nous voulons nous cacher \u00e0 nous-m\u00eames. .\" \/>\n<meta name=\"robots\" content=\"index, follow, max-snippet:-1, max-image-preview:large, max-video-preview:-1\" \/>\n<link rel=\"canonical\" href=\"https:\/\/reiki53.fr\/mineraux\/produit\/obsidienne-doree\/\" \/>\n<meta property=\"og:locale\" content=\"fr_FR\" \/>\n<meta property=\"og:type\" content=\"article\" \/>\n<meta property=\"og:title\" content=\"Obsidienne dor\u00e9e - AGAPANTHE MIN\u00c9RAUX\" \/>\n<meta property=\"og:description\" content=\"Nous aide \u00e0 travailler sur notre &quot; c\u00f4t\u00e9 obscur &quot;, car elle nous met en face de tout ce que nous voulons nous cacher \u00e0 nous-m\u00eames. .\" \/>\n<meta property=\"og:url\" content=\"https:\/\/reiki53.fr\/mineraux\/produit\/obsidienne-doree\/\" \/>\n<meta property=\"og:site_name\" content=\"AGAPANTHE MIN\u00c9RAUX\" \/>\n<meta property=\"article:modified_time\" content=\"2024-04-10T18:53:45+00:00\" \/>\n<meta property=\"og:image\" content=\"https:\/\/reiki53.fr\/mineraux\/wp-content\/uploads\/2020\/04\/obsidienne-doree-pierre-roulee.jpg\" \/>\n\t<meta property=\"og:image:width\" content=\"838\" \/>\n\t<meta property=\"og:image:height\" content=\"838\" \/>\n\t<meta property=\"og:image:type\" content=\"image\/jpeg\" \/>\n<meta name=\"twitter:card\" content=\"summary_large_image\" \/>\n<script type=\"application\/ld+json\" class=\"yoast-schema-graph\">{\"@context\":\"https:\/\/schema.org\",\"@graph\":[{\"@type\":\"WebPage\",\"@id\":\"https:\/\/reiki53.fr\/mineraux\/produit\/obsidienne-doree\/\",\"url\":\"https:\/\/reiki53.fr\/mineraux\/produit\/obsidienne-doree\/\",\"name\":\"Obsidienne dor\u00e9e - AGAPANTHE MIN\u00c9RAUX\",\"isPartOf\":{\"@id\":\"https:\/\/reiki53.fr\/mineraux\/#website\"},\"primaryImageOfPage\":{\"@id\":\"https:\/\/reiki53.fr\/mineraux\/produit\/obsidienne-doree\/#primaryimage\"},\"image\":{\"@id\":\"https:\/\/reiki53.fr\/mineraux\/produit\/obsidienne-doree\/#primaryimage\"},\"thumbnailUrl\":\"https:\/\/reiki53.fr\/mineraux\/wp-content\/uploads\/2020\/04\/obsidienne-doree-pierre-roulee.jpg\",\"datePublished\":\"2020-04-19T13:15:25+00:00\",\"dateModified\":\"2024-04-10T18:53:45+00:00\",\"description\":\"Nous aide \u00e0 travailler sur notre \\\" c\u00f4t\u00e9 obscur \\\", car elle nous met en face de tout ce que nous voulons nous cacher \u00e0 nous-m\u00eames. .\",\"breadcrumb\":{\"@id\":\"https:\/\/reiki53.fr\/mineraux\/produit\/obsidienne-doree\/#breadcrumb\"},\"inLanguage\":\"fr-FR\",\"potentialAction\":[{\"@type\":\"ReadAction\",\"target\":[\"https:\/\/reiki53.fr\/mineraux\/produit\/obsidienne-doree\/\"]}]},{\"@type\":\"ImageObject\",\"inLanguage\":\"fr-FR\",\"@id\":\"https:\/\/reiki53.fr\/mineraux\/produit\/obsidienne-doree\/#primaryimage\",\"url\":\"https:\/\/reiki53.fr\/mineraux\/wp-content\/uploads\/2020\/04\/obsidienne-doree-pierre-roulee.jpg\",\"contentUrl\":\"https:\/\/reiki53.fr\/mineraux\/wp-content\/uploads\/2020\/04\/obsidienne-doree-pierre-roulee.jpg\",\"width\":838,\"height\":838,\"caption\":\"obsidienne doree\"},{\"@type\":\"BreadcrumbList\",\"@id\":\"https:\/\/reiki53.fr\/mineraux\/produit\/obsidienne-doree\/#breadcrumb\",\"itemListElement\":[{\"@type\":\"ListItem\",\"position\":1,\"name\":\"Accueil\",\"item\":\"https:\/\/reiki53.fr\/mineraux\/\"},{\"@type\":\"ListItem\",\"position\":2,\"name\":\"Boutique\",\"item\":\"https:\/\/reiki53.fr\/mineraux\/boutique\/\"},{\"@type\":\"ListItem\",\"position\":3,\"name\":\"Obsidienne dor\u00e9e\"}]},{\"@type\":\"WebSite\",\"@id\":\"https:\/\/reiki53.fr\/mineraux\/#website\",\"url\":\"https:\/\/reiki53.fr\/mineraux\/\",\"name\":\"AGAPANTHE MIN\u00c9RAUX\",\"description\":\"Magasin physique \u00e0 Laval (53)\",\"publisher\":{\"@id\":\"https:\/\/reiki53.fr\/mineraux\/#organization\"},\"potentialAction\":[{\"@type\":\"SearchAction\",\"target\":{\"@type\":\"EntryPoint\",\"urlTemplate\":\"https:\/\/reiki53.fr\/mineraux\/?s={search_term_string}\"},\"query-input\":{\"@type\":\"PropertyValueSpecification\",\"valueRequired\":true,\"valueName\":\"search_term_string\"}}],\"inLanguage\":\"fr-FR\"},{\"@type\":\"Organization\",\"@id\":\"https:\/\/reiki53.fr\/mineraux\/#organization\",\"name\":\"OLVB SAS\",\"url\":\"https:\/\/reiki53.fr\/mineraux\/\",\"logo\":{\"@type\":\"ImageObject\",\"inLanguage\":\"fr-FR\",\"@id\":\"https:\/\/reiki53.fr\/mineraux\/#\/schema\/logo\/image\/\",\"url\":\"https:\/\/reiki53.fr\/mineraux\/wp-content\/uploads\/2020\/04\/AGAPANTHE-MINERAUX-Logo-petit.png\",\"contentUrl\":\"https:\/\/reiki53.fr\/mineraux\/wp-content\/uploads\/2020\/04\/AGAPANTHE-MINERAUX-Logo-petit.png\",\"width\":160,\"height\":160,\"caption\":\"OLVB SAS\"},\"image\":{\"@id\":\"https:\/\/reiki53.fr\/mineraux\/#\/schema\/logo\/image\/\"}}]}<\/script>\n<!-- \/ Yoast SEO plugin. -->","yoast_head_json":{"title":"Obsidienne dor\u00e9e - AGAPANTHE MIN\u00c9RAUX","description":"Nous aide \u00e0 travailler sur notre \" c\u00f4t\u00e9 obscur \", car elle nous met en face de tout ce que nous voulons nous cacher \u00e0 nous-m\u00eames. .","robots":{"index":"index","follow":"follow","max-snippet":"max-snippet:-1","max-image-preview":"max-image-preview:large","max-video-preview":"max-video-preview:-1"},"canonical":"https:\/\/reiki53.fr\/mineraux\/produit\/obsidienne-doree\/","og_locale":"fr_FR","og_type":"article","og_title":"Obsidienne dor\u00e9e - AGAPANTHE MIN\u00c9RAUX","og_description":"Nous aide \u00e0 travailler sur notre \" c\u00f4t\u00e9 obscur \", car elle nous met en face de tout ce que nous voulons nous cacher \u00e0 nous-m\u00eames. .","og_url":"https:\/\/reiki53.fr\/mineraux\/produit\/obsidienne-doree\/","og_site_name":"AGAPANTHE MIN\u00c9RAUX","article_modified_time":"2024-04-10T18:53:45+00:00","og_image":[{"width":838,"height":838,"url":"https:\/\/reiki53.fr\/mineraux\/wp-content\/uploads\/2020\/04\/obsidienne-doree-pierre-roulee.jpg","type":"image\/jpeg"}],"twitter_card":"summary_large_image","schema":{"@context":"https:\/\/schema.org","@graph":[{"@type":"WebPage","@id":"https:\/\/reiki53.fr\/mineraux\/produit\/obsidienne-doree\/","url":"https:\/\/reiki53.fr\/mineraux\/produit\/obsidienne-doree\/","name":"Obsidienne dor\u00e9e - AGAPANTHE MIN\u00c9RAUX","isPartOf":{"@id":"https:\/\/reiki53.fr\/mineraux\/#website"},"primaryImageOfPage":{"@id":"https:\/\/reiki53.fr\/mineraux\/produit\/obsidienne-doree\/#primaryimage"},"image":{"@id":"https:\/\/reiki53.fr\/mineraux\/produit\/obsidienne-doree\/#primaryimage"},"thumbnailUrl":"https:\/\/reiki53.fr\/mineraux\/wp-content\/uploads\/2020\/04\/obsidienne-doree-pierre-roulee.jpg","datePublished":"2020-04-19T13:15:25+00:00","dateModified":"2024-04-10T18:53:45+00:00","description":"Nous aide \u00e0 travailler sur notre \" c\u00f4t\u00e9 obscur \", car elle nous met en face de tout ce que nous voulons nous cacher \u00e0 nous-m\u00eames. .","breadcrumb":{"@id":"https:\/\/reiki53.fr\/mineraux\/produit\/obsidienne-doree\/#breadcrumb"},"inLanguage":"fr-FR","potentialAction":[{"@type":"ReadAction","target":["https:\/\/reiki53.fr\/mineraux\/produit\/obsidienne-doree\/"]}]},{"@type":"ImageObject","inLanguage":"fr-FR","@id":"https:\/\/reiki53.fr\/mineraux\/produit\/obsidienne-doree\/#primaryimage","url":"https:\/\/reiki53.fr\/mineraux\/wp-content\/uploads\/2020\/04\/obsidienne-doree-pierre-roulee.jpg","contentUrl":"https:\/\/reiki53.fr\/mineraux\/wp-content\/uploads\/2020\/04\/obsidienne-doree-pierre-roulee.jpg","width":838,"height":838,"caption":"obsidienne doree"},{"@type":"BreadcrumbList","@id":"https:\/\/reiki53.fr\/mineraux\/produit\/obsidienne-doree\/#breadcrumb","itemListElement":[{"@type":"ListItem","position":1,"name":"Accueil","item":"https:\/\/reiki53.fr\/mineraux\/"},{"@type":"ListItem","position":2,"name":"Boutique","item":"https:\/\/reiki53.fr\/mineraux\/boutique\/"},{"@type":"ListItem","position":3,"name":"Obsidienne dor\u00e9e"}]},{"@type":"WebSite","@id":"https:\/\/reiki53.fr\/mineraux\/#website","url":"https:\/\/reiki53.fr\/mineraux\/","name":"AGAPANTHE MIN\u00c9RAUX","description":"Magasin physique \u00e0 Laval (53)","publisher":{"@id":"https:\/\/reiki53.fr\/mineraux\/#organization"},"potentialAction":[{"@type":"SearchAction","target":{"@type":"EntryPoint","urlTemplate":"https:\/\/reiki53.fr\/mineraux\/?s={search_term_string}"},"query-input":{"@type":"PropertyValueSpecification","valueRequired":true,"valueName":"search_term_string"}}],"inLanguage":"fr-FR"},{"@type":"Organization","@id":"https:\/\/reiki53.fr\/mineraux\/#organization","name":"OLVB SAS","url":"https:\/\/reiki53.fr\/mineraux\/","logo":{"@type":"ImageObject","inLanguage":"fr-FR","@id":"https:\/\/reiki53.fr\/mineraux\/#\/schema\/logo\/image\/","url":"https:\/\/reiki53.fr\/mineraux\/wp-content\/uploads\/2020\/04\/AGAPANTHE-MINERAUX-Logo-petit.png","contentUrl":"https:\/\/reiki53.fr\/mineraux\/wp-content\/uploads\/2020\/04\/AGAPANTHE-MINERAUX-Logo-petit.png","width":160,"height":160,"caption":"OLVB SAS"},"image":{"@id":"https:\/\/reiki53.fr\/mineraux\/#\/schema\/logo\/image\/"}}]}},"jetpack_sharing_enabled":true,"_links":{"self":[{"href":"https:\/\/reiki53.fr\/mineraux\/wp-json\/wp\/v2\/product\/377","targetHints":{"allow":["GET"]}}],"collection":[{"href":"https:\/\/reiki53.fr\/mineraux\/wp-json\/wp\/v2\/product"}],"about":[{"href":"https:\/\/reiki53.fr\/mineraux\/wp-json\/wp\/v2\/types\/product"}],"replies":[{"embeddable":true,"href":"https:\/\/reiki53.fr\/mineraux\/wp-json\/wp\/v2\/comments?post=377"}],"wp:featuredmedia":[{"embeddable":true,"href":"https:\/\/reiki53.fr\/mineraux\/wp-json\/wp\/v2\/media\/372"}],"wp:attachment":[{"href":"https:\/\/reiki53.fr\/mineraux\/wp-json\/wp\/v2\/media?parent=377"}],"wp:term":[{"taxonomy":"product_brand","embeddable":true,"href":"https:\/\/reiki53.fr\/mineraux\/wp-json\/wp\/v2\/product_brand?post=377"},{"taxonomy":"product_cat","embeddable":true,"href":"https:\/\/reiki53.fr\/mineraux\/wp-json\/wp\/v2\/product_cat?post=377"},{"taxonomy":"product_tag","embeddable":true,"href":"https:\/\/reiki53.fr\/mineraux\/wp-json\/wp\/v2\/product_tag?post=377"}],"curies":[{"name":"wp","href":"https:\/\/api.w.org\/{rel}","templated":true}]}}