{"id":385,"date":"2020-04-19T20:30:23","date_gmt":"2020-04-19T18:30:23","guid":{"rendered":"https:\/\/reiki53.fr\/mineraux\/?post_type=product&#038;p=385"},"modified":"2024-04-08T12:29:30","modified_gmt":"2024-04-08T10:29:30","slug":"onyx","status":"publish","type":"product","link":"https:\/\/reiki53.fr\/mineraux\/produit\/onyx\/","title":{"rendered":"Onyx"},"content":{"rendered":"<p>Galet roul\u00e9 plat d&rsquo;environ 3 \u00e0 4 cm<\/p>\n<p><span id=\"texte_description_fiche_produit\"><strong>L&rsquo;onyx noir, <\/strong>dans la tradition en Inde, elle signifie : Bouclier de protection contre les forces mal\u00e9fiques.<strong><br \/>\n<\/strong><\/span><\/p>\n<p>Sur le plan physique, l&rsquo;onyx agit sur le chakra de la gorge et\u00a0 principalement sur les probl\u00e8mes li\u00e9s \u00e0 l&rsquo;oreille : troubles auditifs, bourdonnements d&rsquo;oreille, att\u00e9nue les acouph\u00e8nes.<\/p>\n<p>Il donne le sens des responsabilit\u00e9s, du self contr\u00f4le.<\/p>\n<p>C&rsquo;est une pierre d&rsquo;enracinement \u00e0 la terre.<\/p>\n<p>&nbsp;<\/p>\n","protected":false},"excerpt":{"rendered":"<p>Les vertus sommaires de l&rsquo;onyx :<\/p>\n<p>R\u00e9\u00e9quilibre l&rsquo;oreille interne\/acouph\u00e8nes<\/p>\n<p>Ancrage\/ self-contr\u00f4le<\/p>\n<p>Sens responsabilit\u00e9<\/p>\n<p>D\u00e9pression mais pas porter en permanence<\/p>\n<p><em>\u2666 D\u00e9conseill\u00e9 aux femmes enceintes<\/em><\/p>\n<p>Signe astrologique de pr\u00e9dilection : Sagittaire, Capricorne, Lion<\/p>\n<p>Rechargement : amas de quartz (druse) au soleil ou \u00e0 la lune<\/p>\n","protected":false},"featured_media":386,"comment_status":"open","ping_status":"closed","template":"","meta":[],"product_brand":[],"product_cat":[23,24],"product_tag":[531,43,44,527,530,41,42,528,40,525,524,46,170,171,523,45,529],"class_list":{"0":"post-385","1":"product","2":"type-product","3":"status-publish","4":"has-post-thumbnail","6":"product_cat-mineraux","7":"product_cat-pierres-roulees","8":"product_tag-achat-de-mineraux","9":"product_tag-agapanthe-53","10":"product_tag-agapanthe-mineraux","11":"product_tag-boutique-de-mineraux","12":"product_tag-boutique-de-pierres-semi-precieuses","13":"product_tag-lithotherapie","14":"product_tag-lithotherapie-53","15":"product_tag-magasin-de-mineraux","16":"product_tag-mineraux","17":"product_tag-mineraux-53","18":"product_tag-mineraux-en-mayenne","19":"product_tag-mineraux-laval","20":"product_tag-onyx","21":"product_tag-onyx-mineraux","22":"product_tag-pierre-semi-precieuse","23":"product_tag-pierres-naturelles","24":"product_tag-pierres-precieuses","26":"first","27":"instock","28":"taxable","29":"shipping-taxable","30":"purchasable","31":"product-type-simple"},"yoast_head":"<!-- This site is optimized with the Yoast SEO plugin v26.5 - https:\/\/yoast.com\/wordpress\/plugins\/seo\/ -->\n<title>Onyx - AGAPANTHE MIN\u00c9RAUX<\/title>\n<meta name=\"description\" content=\"L&#039;onyx noir, dans la tradition en Inde, elle signifie : Bouclier de protection contre les forces mal\u00e9fiques ; l&#039;onyx agit sur le chakra de la gorge.\" \/>\n<meta name=\"robots\" content=\"index, follow, max-snippet:-1, max-image-preview:large, max-video-preview:-1\" \/>\n<link rel=\"canonical\" href=\"https:\/\/reiki53.fr\/mineraux\/produit\/onyx\/\" \/>\n<meta property=\"og:locale\" content=\"fr_FR\" \/>\n<meta property=\"og:type\" content=\"article\" \/>\n<meta property=\"og:title\" content=\"Onyx - AGAPANTHE MIN\u00c9RAUX\" \/>\n<meta property=\"og:description\" content=\"L&#039;onyx noir, dans la tradition en Inde, elle signifie : Bouclier de protection contre les forces mal\u00e9fiques ; l&#039;onyx agit sur le chakra de la gorge.\" \/>\n<meta property=\"og:url\" content=\"https:\/\/reiki53.fr\/mineraux\/produit\/onyx\/\" \/>\n<meta property=\"og:site_name\" content=\"AGAPANTHE MIN\u00c9RAUX\" \/>\n<meta property=\"article:modified_time\" content=\"2024-04-08T10:29:30+00:00\" \/>\n<meta property=\"og:image\" content=\"https:\/\/reiki53.fr\/mineraux\/wp-content\/uploads\/2020\/04\/onyx-agapanthe-1.jpg\" \/>\n\t<meta property=\"og:image:width\" content=\"808\" \/>\n\t<meta property=\"og:image:height\" content=\"808\" \/>\n\t<meta property=\"og:image:type\" content=\"image\/jpeg\" \/>\n<meta name=\"twitter:card\" content=\"summary_large_image\" \/>\n<script type=\"application\/ld+json\" class=\"yoast-schema-graph\">{\"@context\":\"https:\/\/schema.org\",\"@graph\":[{\"@type\":\"WebPage\",\"@id\":\"https:\/\/reiki53.fr\/mineraux\/produit\/onyx\/\",\"url\":\"https:\/\/reiki53.fr\/mineraux\/produit\/onyx\/\",\"name\":\"Onyx - AGAPANTHE MIN\u00c9RAUX\",\"isPartOf\":{\"@id\":\"https:\/\/reiki53.fr\/mineraux\/#website\"},\"primaryImageOfPage\":{\"@id\":\"https:\/\/reiki53.fr\/mineraux\/produit\/onyx\/#primaryimage\"},\"image\":{\"@id\":\"https:\/\/reiki53.fr\/mineraux\/produit\/onyx\/#primaryimage\"},\"thumbnailUrl\":\"https:\/\/reiki53.fr\/mineraux\/wp-content\/uploads\/2020\/04\/onyx-agapanthe-1.jpg\",\"datePublished\":\"2020-04-19T18:30:23+00:00\",\"dateModified\":\"2024-04-08T10:29:30+00:00\",\"description\":\"L'onyx noir, dans la tradition en Inde, elle signifie : Bouclier de protection contre les forces mal\u00e9fiques ; l'onyx agit sur le chakra de la gorge.\",\"breadcrumb\":{\"@id\":\"https:\/\/reiki53.fr\/mineraux\/produit\/onyx\/#breadcrumb\"},\"inLanguage\":\"fr-FR\",\"potentialAction\":[{\"@type\":\"ReadAction\",\"target\":[\"https:\/\/reiki53.fr\/mineraux\/produit\/onyx\/\"]}]},{\"@type\":\"ImageObject\",\"inLanguage\":\"fr-FR\",\"@id\":\"https:\/\/reiki53.fr\/mineraux\/produit\/onyx\/#primaryimage\",\"url\":\"https:\/\/reiki53.fr\/mineraux\/wp-content\/uploads\/2020\/04\/onyx-agapanthe-1.jpg\",\"contentUrl\":\"https:\/\/reiki53.fr\/mineraux\/wp-content\/uploads\/2020\/04\/onyx-agapanthe-1.jpg\",\"width\":808,\"height\":808,\"caption\":\"onyx agapanthe\"},{\"@type\":\"BreadcrumbList\",\"@id\":\"https:\/\/reiki53.fr\/mineraux\/produit\/onyx\/#breadcrumb\",\"itemListElement\":[{\"@type\":\"ListItem\",\"position\":1,\"name\":\"Accueil\",\"item\":\"https:\/\/reiki53.fr\/mineraux\/\"},{\"@type\":\"ListItem\",\"position\":2,\"name\":\"Boutique\",\"item\":\"https:\/\/reiki53.fr\/mineraux\/boutique\/\"},{\"@type\":\"ListItem\",\"position\":3,\"name\":\"Onyx\"}]},{\"@type\":\"WebSite\",\"@id\":\"https:\/\/reiki53.fr\/mineraux\/#website\",\"url\":\"https:\/\/reiki53.fr\/mineraux\/\",\"name\":\"AGAPANTHE MIN\u00c9RAUX\",\"description\":\"Magasin physique \u00e0 Laval (53)\",\"publisher\":{\"@id\":\"https:\/\/reiki53.fr\/mineraux\/#organization\"},\"potentialAction\":[{\"@type\":\"SearchAction\",\"target\":{\"@type\":\"EntryPoint\",\"urlTemplate\":\"https:\/\/reiki53.fr\/mineraux\/?s={search_term_string}\"},\"query-input\":{\"@type\":\"PropertyValueSpecification\",\"valueRequired\":true,\"valueName\":\"search_term_string\"}}],\"inLanguage\":\"fr-FR\"},{\"@type\":\"Organization\",\"@id\":\"https:\/\/reiki53.fr\/mineraux\/#organization\",\"name\":\"OLVB SAS\",\"url\":\"https:\/\/reiki53.fr\/mineraux\/\",\"logo\":{\"@type\":\"ImageObject\",\"inLanguage\":\"fr-FR\",\"@id\":\"https:\/\/reiki53.fr\/mineraux\/#\/schema\/logo\/image\/\",\"url\":\"https:\/\/reiki53.fr\/mineraux\/wp-content\/uploads\/2020\/04\/AGAPANTHE-MINERAUX-Logo-petit.png\",\"contentUrl\":\"https:\/\/reiki53.fr\/mineraux\/wp-content\/uploads\/2020\/04\/AGAPANTHE-MINERAUX-Logo-petit.png\",\"width\":160,\"height\":160,\"caption\":\"OLVB SAS\"},\"image\":{\"@id\":\"https:\/\/reiki53.fr\/mineraux\/#\/schema\/logo\/image\/\"}}]}<\/script>\n<!-- \/ Yoast SEO plugin. -->","yoast_head_json":{"title":"Onyx - AGAPANTHE MIN\u00c9RAUX","description":"L'onyx noir, dans la tradition en Inde, elle signifie : Bouclier de protection contre les forces mal\u00e9fiques ; l'onyx agit sur le chakra de la gorge.","robots":{"index":"index","follow":"follow","max-snippet":"max-snippet:-1","max-image-preview":"max-image-preview:large","max-video-preview":"max-video-preview:-1"},"canonical":"https:\/\/reiki53.fr\/mineraux\/produit\/onyx\/","og_locale":"fr_FR","og_type":"article","og_title":"Onyx - AGAPANTHE MIN\u00c9RAUX","og_description":"L'onyx noir, dans la tradition en Inde, elle signifie : Bouclier de protection contre les forces mal\u00e9fiques ; l'onyx agit sur le chakra de la gorge.","og_url":"https:\/\/reiki53.fr\/mineraux\/produit\/onyx\/","og_site_name":"AGAPANTHE MIN\u00c9RAUX","article_modified_time":"2024-04-08T10:29:30+00:00","og_image":[{"width":808,"height":808,"url":"https:\/\/reiki53.fr\/mineraux\/wp-content\/uploads\/2020\/04\/onyx-agapanthe-1.jpg","type":"image\/jpeg"}],"twitter_card":"summary_large_image","schema":{"@context":"https:\/\/schema.org","@graph":[{"@type":"WebPage","@id":"https:\/\/reiki53.fr\/mineraux\/produit\/onyx\/","url":"https:\/\/reiki53.fr\/mineraux\/produit\/onyx\/","name":"Onyx - AGAPANTHE MIN\u00c9RAUX","isPartOf":{"@id":"https:\/\/reiki53.fr\/mineraux\/#website"},"primaryImageOfPage":{"@id":"https:\/\/reiki53.fr\/mineraux\/produit\/onyx\/#primaryimage"},"image":{"@id":"https:\/\/reiki53.fr\/mineraux\/produit\/onyx\/#primaryimage"},"thumbnailUrl":"https:\/\/reiki53.fr\/mineraux\/wp-content\/uploads\/2020\/04\/onyx-agapanthe-1.jpg","datePublished":"2020-04-19T18:30:23+00:00","dateModified":"2024-04-08T10:29:30+00:00","description":"L'onyx noir, dans la tradition en Inde, elle signifie : Bouclier de protection contre les forces mal\u00e9fiques ; l'onyx agit sur le chakra de la gorge.","breadcrumb":{"@id":"https:\/\/reiki53.fr\/mineraux\/produit\/onyx\/#breadcrumb"},"inLanguage":"fr-FR","potentialAction":[{"@type":"ReadAction","target":["https:\/\/reiki53.fr\/mineraux\/produit\/onyx\/"]}]},{"@type":"ImageObject","inLanguage":"fr-FR","@id":"https:\/\/reiki53.fr\/mineraux\/produit\/onyx\/#primaryimage","url":"https:\/\/reiki53.fr\/mineraux\/wp-content\/uploads\/2020\/04\/onyx-agapanthe-1.jpg","contentUrl":"https:\/\/reiki53.fr\/mineraux\/wp-content\/uploads\/2020\/04\/onyx-agapanthe-1.jpg","width":808,"height":808,"caption":"onyx agapanthe"},{"@type":"BreadcrumbList","@id":"https:\/\/reiki53.fr\/mineraux\/produit\/onyx\/#breadcrumb","itemListElement":[{"@type":"ListItem","position":1,"name":"Accueil","item":"https:\/\/reiki53.fr\/mineraux\/"},{"@type":"ListItem","position":2,"name":"Boutique","item":"https:\/\/reiki53.fr\/mineraux\/boutique\/"},{"@type":"ListItem","position":3,"name":"Onyx"}]},{"@type":"WebSite","@id":"https:\/\/reiki53.fr\/mineraux\/#website","url":"https:\/\/reiki53.fr\/mineraux\/","name":"AGAPANTHE MIN\u00c9RAUX","description":"Magasin physique \u00e0 Laval (53)","publisher":{"@id":"https:\/\/reiki53.fr\/mineraux\/#organization"},"potentialAction":[{"@type":"SearchAction","target":{"@type":"EntryPoint","urlTemplate":"https:\/\/reiki53.fr\/mineraux\/?s={search_term_string}"},"query-input":{"@type":"PropertyValueSpecification","valueRequired":true,"valueName":"search_term_string"}}],"inLanguage":"fr-FR"},{"@type":"Organization","@id":"https:\/\/reiki53.fr\/mineraux\/#organization","name":"OLVB SAS","url":"https:\/\/reiki53.fr\/mineraux\/","logo":{"@type":"ImageObject","inLanguage":"fr-FR","@id":"https:\/\/reiki53.fr\/mineraux\/#\/schema\/logo\/image\/","url":"https:\/\/reiki53.fr\/mineraux\/wp-content\/uploads\/2020\/04\/AGAPANTHE-MINERAUX-Logo-petit.png","contentUrl":"https:\/\/reiki53.fr\/mineraux\/wp-content\/uploads\/2020\/04\/AGAPANTHE-MINERAUX-Logo-petit.png","width":160,"height":160,"caption":"OLVB SAS"},"image":{"@id":"https:\/\/reiki53.fr\/mineraux\/#\/schema\/logo\/image\/"}}]}},"jetpack_sharing_enabled":true,"_links":{"self":[{"href":"https:\/\/reiki53.fr\/mineraux\/wp-json\/wp\/v2\/product\/385","targetHints":{"allow":["GET"]}}],"collection":[{"href":"https:\/\/reiki53.fr\/mineraux\/wp-json\/wp\/v2\/product"}],"about":[{"href":"https:\/\/reiki53.fr\/mineraux\/wp-json\/wp\/v2\/types\/product"}],"replies":[{"embeddable":true,"href":"https:\/\/reiki53.fr\/mineraux\/wp-json\/wp\/v2\/comments?post=385"}],"wp:featuredmedia":[{"embeddable":true,"href":"https:\/\/reiki53.fr\/mineraux\/wp-json\/wp\/v2\/media\/386"}],"wp:attachment":[{"href":"https:\/\/reiki53.fr\/mineraux\/wp-json\/wp\/v2\/media?parent=385"}],"wp:term":[{"taxonomy":"product_brand","embeddable":true,"href":"https:\/\/reiki53.fr\/mineraux\/wp-json\/wp\/v2\/product_brand?post=385"},{"taxonomy":"product_cat","embeddable":true,"href":"https:\/\/reiki53.fr\/mineraux\/wp-json\/wp\/v2\/product_cat?post=385"},{"taxonomy":"product_tag","embeddable":true,"href":"https:\/\/reiki53.fr\/mineraux\/wp-json\/wp\/v2\/product_tag?post=385"}],"curies":[{"name":"wp","href":"https:\/\/api.w.org\/{rel}","templated":true}]}}