{"id":395,"date":"2020-04-19T21:40:24","date_gmt":"2020-04-19T19:40:24","guid":{"rendered":"https:\/\/reiki53.fr\/mineraux\/?post_type=product&#038;p=395"},"modified":"2025-01-02T15:57:36","modified_gmt":"2025-01-02T14:57:36","slug":"quartz-fume","status":"publish","type":"product","link":"https:\/\/reiki53.fr\/mineraux\/produit\/quartz-fume\/","title":{"rendered":"Quartz fum\u00e9"},"content":{"rendered":"<p>Pierre roul\u00e9e d&rsquo;environ 3 \u00e0 4 cm<\/p>\n<p><span id=\"texte_description_fiche_produit\"><strong>Le quartz fum\u00e9,<\/strong> repr\u00e9sente symboliquement : l&rsquo;animalit\u00e9 qui est en chacun de nous, l&rsquo;\u00e9l\u00e9vation de l&rsquo;\u00e2me<strong><br \/>\n<\/strong><\/span><\/p>\n<p>C&rsquo;est une pierre concr\u00e8te qui permet de relever des d\u00e9fis. Pierre utile lors des cures de d\u00e9sintoxication tabagiques.<\/p>\n<p>Le quartz fum\u00e9 chasse les id\u00e9es noires<\/p>\n<p>C&rsquo;est une pierre d&rsquo;enracinement au sol, du 1er chakra.<\/p>\n<p>&nbsp;<\/p>\n","protected":false},"excerpt":{"rendered":"<p>Les vertus sommaires du quartz fum\u00e9 :<\/p>\n<ul>\n<li>Protection poumons bronches<\/li>\n<li>Utile d\u00e9sintoxication tabac<\/li>\n<li>Utile pour relever des defis<\/li>\n<li>Id\u00e9e noire \/\u00a0 morosit\u00e9\u00a0 \/ d\u00e9pression<\/li>\n<li>Id\u00e9ale pour les gens presses<\/li>\n<\/ul>\n<p>Signe astrologique de pr\u00e9dilection : Balance, Capricorne, Scorpion<\/p>\n<p>Rechargement : amas de quartz (druse) au soleil.<\/p>\n","protected":false},"featured_media":238,"comment_status":"open","ping_status":"closed","template":"","meta":[],"product_brand":[],"product_cat":[23,24],"product_tag":[43,44,41,42,40,46,45,182,183],"class_list":{"0":"post-395","1":"product","2":"type-product","3":"status-publish","4":"has-post-thumbnail","6":"product_cat-mineraux","7":"product_cat-pierres-roulees","8":"product_tag-agapanthe-53","9":"product_tag-agapanthe-mineraux","10":"product_tag-lithotherapie","11":"product_tag-lithotherapie-53","12":"product_tag-mineraux","13":"product_tag-mineraux-laval","14":"product_tag-pierres-naturelles","15":"product_tag-quartz-fume","16":"product_tag-quartz-fume-mineraux","18":"first","19":"instock","20":"taxable","21":"shipping-taxable","22":"purchasable","23":"product-type-simple"},"yoast_head":"<!-- This site is optimized with the Yoast SEO plugin v26.5 - https:\/\/yoast.com\/wordpress\/plugins\/seo\/ -->\n<title>Quartz fum\u00e9 - AGAPANTHE MIN\u00c9RAUX<\/title>\n<meta name=\"description\" content=\"Le quartz fum\u00e9 chasse les id\u00e9es noires. C&#039;est une pierre d&#039;enracinement au sol, du 1er chakra. Pierre concr\u00e8te pour relever des d\u00e9fis.\" \/>\n<meta name=\"robots\" content=\"index, follow, max-snippet:-1, max-image-preview:large, max-video-preview:-1\" \/>\n<link rel=\"canonical\" href=\"https:\/\/reiki53.fr\/mineraux\/produit\/quartz-fume\/\" \/>\n<meta property=\"og:locale\" content=\"fr_FR\" \/>\n<meta property=\"og:type\" content=\"article\" \/>\n<meta property=\"og:title\" content=\"Quartz fum\u00e9 - AGAPANTHE MIN\u00c9RAUX\" \/>\n<meta property=\"og:description\" content=\"Le quartz fum\u00e9 chasse les id\u00e9es noires. C&#039;est une pierre d&#039;enracinement au sol, du 1er chakra. Pierre concr\u00e8te pour relever des d\u00e9fis.\" \/>\n<meta property=\"og:url\" content=\"https:\/\/reiki53.fr\/mineraux\/produit\/quartz-fume\/\" \/>\n<meta property=\"og:site_name\" content=\"AGAPANTHE MIN\u00c9RAUX\" \/>\n<meta property=\"article:modified_time\" content=\"2025-01-02T14:57:36+00:00\" \/>\n<meta property=\"og:image\" content=\"https:\/\/reiki53.fr\/mineraux\/wp-content\/uploads\/2020\/04\/quartz-fum\u00e9-agapanthe.jpg\" \/>\n\t<meta property=\"og:image:width\" content=\"1488\" \/>\n\t<meta property=\"og:image:height\" content=\"1487\" \/>\n\t<meta property=\"og:image:type\" content=\"image\/jpeg\" \/>\n<meta name=\"twitter:card\" content=\"summary_large_image\" \/>\n<script type=\"application\/ld+json\" class=\"yoast-schema-graph\">{\"@context\":\"https:\/\/schema.org\",\"@graph\":[{\"@type\":\"WebPage\",\"@id\":\"https:\/\/reiki53.fr\/mineraux\/produit\/quartz-fume\/\",\"url\":\"https:\/\/reiki53.fr\/mineraux\/produit\/quartz-fume\/\",\"name\":\"Quartz fum\u00e9 - AGAPANTHE MIN\u00c9RAUX\",\"isPartOf\":{\"@id\":\"https:\/\/reiki53.fr\/mineraux\/#website\"},\"primaryImageOfPage\":{\"@id\":\"https:\/\/reiki53.fr\/mineraux\/produit\/quartz-fume\/#primaryimage\"},\"image\":{\"@id\":\"https:\/\/reiki53.fr\/mineraux\/produit\/quartz-fume\/#primaryimage\"},\"thumbnailUrl\":\"https:\/\/reiki53.fr\/mineraux\/wp-content\/uploads\/2020\/04\/quartz-fum\u00e9-agapanthe.jpg\",\"datePublished\":\"2020-04-19T19:40:24+00:00\",\"dateModified\":\"2025-01-02T14:57:36+00:00\",\"description\":\"Le quartz fum\u00e9 chasse les id\u00e9es noires. C'est une pierre d'enracinement au sol, du 1er chakra. Pierre concr\u00e8te pour relever des d\u00e9fis.\",\"breadcrumb\":{\"@id\":\"https:\/\/reiki53.fr\/mineraux\/produit\/quartz-fume\/#breadcrumb\"},\"inLanguage\":\"fr-FR\",\"potentialAction\":[{\"@type\":\"ReadAction\",\"target\":[\"https:\/\/reiki53.fr\/mineraux\/produit\/quartz-fume\/\"]}]},{\"@type\":\"ImageObject\",\"inLanguage\":\"fr-FR\",\"@id\":\"https:\/\/reiki53.fr\/mineraux\/produit\/quartz-fume\/#primaryimage\",\"url\":\"https:\/\/reiki53.fr\/mineraux\/wp-content\/uploads\/2020\/04\/quartz-fum\u00e9-agapanthe.jpg\",\"contentUrl\":\"https:\/\/reiki53.fr\/mineraux\/wp-content\/uploads\/2020\/04\/quartz-fum\u00e9-agapanthe.jpg\",\"width\":1488,\"height\":1487,\"caption\":\"quartz fum\u00e9\"},{\"@type\":\"BreadcrumbList\",\"@id\":\"https:\/\/reiki53.fr\/mineraux\/produit\/quartz-fume\/#breadcrumb\",\"itemListElement\":[{\"@type\":\"ListItem\",\"position\":1,\"name\":\"Accueil\",\"item\":\"https:\/\/reiki53.fr\/mineraux\/\"},{\"@type\":\"ListItem\",\"position\":2,\"name\":\"Boutique\",\"item\":\"https:\/\/reiki53.fr\/mineraux\/boutique\/\"},{\"@type\":\"ListItem\",\"position\":3,\"name\":\"Quartz fum\u00e9\"}]},{\"@type\":\"WebSite\",\"@id\":\"https:\/\/reiki53.fr\/mineraux\/#website\",\"url\":\"https:\/\/reiki53.fr\/mineraux\/\",\"name\":\"AGAPANTHE MIN\u00c9RAUX\",\"description\":\"Magasin physique \u00e0 Laval (53)\",\"publisher\":{\"@id\":\"https:\/\/reiki53.fr\/mineraux\/#organization\"},\"potentialAction\":[{\"@type\":\"SearchAction\",\"target\":{\"@type\":\"EntryPoint\",\"urlTemplate\":\"https:\/\/reiki53.fr\/mineraux\/?s={search_term_string}\"},\"query-input\":{\"@type\":\"PropertyValueSpecification\",\"valueRequired\":true,\"valueName\":\"search_term_string\"}}],\"inLanguage\":\"fr-FR\"},{\"@type\":\"Organization\",\"@id\":\"https:\/\/reiki53.fr\/mineraux\/#organization\",\"name\":\"OLVB SAS\",\"url\":\"https:\/\/reiki53.fr\/mineraux\/\",\"logo\":{\"@type\":\"ImageObject\",\"inLanguage\":\"fr-FR\",\"@id\":\"https:\/\/reiki53.fr\/mineraux\/#\/schema\/logo\/image\/\",\"url\":\"https:\/\/reiki53.fr\/mineraux\/wp-content\/uploads\/2020\/04\/AGAPANTHE-MINERAUX-Logo-petit.png\",\"contentUrl\":\"https:\/\/reiki53.fr\/mineraux\/wp-content\/uploads\/2020\/04\/AGAPANTHE-MINERAUX-Logo-petit.png\",\"width\":160,\"height\":160,\"caption\":\"OLVB SAS\"},\"image\":{\"@id\":\"https:\/\/reiki53.fr\/mineraux\/#\/schema\/logo\/image\/\"}}]}<\/script>\n<!-- \/ Yoast SEO plugin. -->","yoast_head_json":{"title":"Quartz fum\u00e9 - AGAPANTHE MIN\u00c9RAUX","description":"Le quartz fum\u00e9 chasse les id\u00e9es noires. C'est une pierre d'enracinement au sol, du 1er chakra. Pierre concr\u00e8te pour relever des d\u00e9fis.","robots":{"index":"index","follow":"follow","max-snippet":"max-snippet:-1","max-image-preview":"max-image-preview:large","max-video-preview":"max-video-preview:-1"},"canonical":"https:\/\/reiki53.fr\/mineraux\/produit\/quartz-fume\/","og_locale":"fr_FR","og_type":"article","og_title":"Quartz fum\u00e9 - AGAPANTHE MIN\u00c9RAUX","og_description":"Le quartz fum\u00e9 chasse les id\u00e9es noires. C'est une pierre d'enracinement au sol, du 1er chakra. Pierre concr\u00e8te pour relever des d\u00e9fis.","og_url":"https:\/\/reiki53.fr\/mineraux\/produit\/quartz-fume\/","og_site_name":"AGAPANTHE MIN\u00c9RAUX","article_modified_time":"2025-01-02T14:57:36+00:00","og_image":[{"width":1488,"height":1487,"url":"https:\/\/reiki53.fr\/mineraux\/wp-content\/uploads\/2020\/04\/quartz-fum\u00e9-agapanthe.jpg","type":"image\/jpeg"}],"twitter_card":"summary_large_image","schema":{"@context":"https:\/\/schema.org","@graph":[{"@type":"WebPage","@id":"https:\/\/reiki53.fr\/mineraux\/produit\/quartz-fume\/","url":"https:\/\/reiki53.fr\/mineraux\/produit\/quartz-fume\/","name":"Quartz fum\u00e9 - AGAPANTHE MIN\u00c9RAUX","isPartOf":{"@id":"https:\/\/reiki53.fr\/mineraux\/#website"},"primaryImageOfPage":{"@id":"https:\/\/reiki53.fr\/mineraux\/produit\/quartz-fume\/#primaryimage"},"image":{"@id":"https:\/\/reiki53.fr\/mineraux\/produit\/quartz-fume\/#primaryimage"},"thumbnailUrl":"https:\/\/reiki53.fr\/mineraux\/wp-content\/uploads\/2020\/04\/quartz-fum\u00e9-agapanthe.jpg","datePublished":"2020-04-19T19:40:24+00:00","dateModified":"2025-01-02T14:57:36+00:00","description":"Le quartz fum\u00e9 chasse les id\u00e9es noires. C'est une pierre d'enracinement au sol, du 1er chakra. Pierre concr\u00e8te pour relever des d\u00e9fis.","breadcrumb":{"@id":"https:\/\/reiki53.fr\/mineraux\/produit\/quartz-fume\/#breadcrumb"},"inLanguage":"fr-FR","potentialAction":[{"@type":"ReadAction","target":["https:\/\/reiki53.fr\/mineraux\/produit\/quartz-fume\/"]}]},{"@type":"ImageObject","inLanguage":"fr-FR","@id":"https:\/\/reiki53.fr\/mineraux\/produit\/quartz-fume\/#primaryimage","url":"https:\/\/reiki53.fr\/mineraux\/wp-content\/uploads\/2020\/04\/quartz-fum\u00e9-agapanthe.jpg","contentUrl":"https:\/\/reiki53.fr\/mineraux\/wp-content\/uploads\/2020\/04\/quartz-fum\u00e9-agapanthe.jpg","width":1488,"height":1487,"caption":"quartz fum\u00e9"},{"@type":"BreadcrumbList","@id":"https:\/\/reiki53.fr\/mineraux\/produit\/quartz-fume\/#breadcrumb","itemListElement":[{"@type":"ListItem","position":1,"name":"Accueil","item":"https:\/\/reiki53.fr\/mineraux\/"},{"@type":"ListItem","position":2,"name":"Boutique","item":"https:\/\/reiki53.fr\/mineraux\/boutique\/"},{"@type":"ListItem","position":3,"name":"Quartz fum\u00e9"}]},{"@type":"WebSite","@id":"https:\/\/reiki53.fr\/mineraux\/#website","url":"https:\/\/reiki53.fr\/mineraux\/","name":"AGAPANTHE MIN\u00c9RAUX","description":"Magasin physique \u00e0 Laval (53)","publisher":{"@id":"https:\/\/reiki53.fr\/mineraux\/#organization"},"potentialAction":[{"@type":"SearchAction","target":{"@type":"EntryPoint","urlTemplate":"https:\/\/reiki53.fr\/mineraux\/?s={search_term_string}"},"query-input":{"@type":"PropertyValueSpecification","valueRequired":true,"valueName":"search_term_string"}}],"inLanguage":"fr-FR"},{"@type":"Organization","@id":"https:\/\/reiki53.fr\/mineraux\/#organization","name":"OLVB SAS","url":"https:\/\/reiki53.fr\/mineraux\/","logo":{"@type":"ImageObject","inLanguage":"fr-FR","@id":"https:\/\/reiki53.fr\/mineraux\/#\/schema\/logo\/image\/","url":"https:\/\/reiki53.fr\/mineraux\/wp-content\/uploads\/2020\/04\/AGAPANTHE-MINERAUX-Logo-petit.png","contentUrl":"https:\/\/reiki53.fr\/mineraux\/wp-content\/uploads\/2020\/04\/AGAPANTHE-MINERAUX-Logo-petit.png","width":160,"height":160,"caption":"OLVB SAS"},"image":{"@id":"https:\/\/reiki53.fr\/mineraux\/#\/schema\/logo\/image\/"}}]}},"jetpack_sharing_enabled":true,"_links":{"self":[{"href":"https:\/\/reiki53.fr\/mineraux\/wp-json\/wp\/v2\/product\/395","targetHints":{"allow":["GET"]}}],"collection":[{"href":"https:\/\/reiki53.fr\/mineraux\/wp-json\/wp\/v2\/product"}],"about":[{"href":"https:\/\/reiki53.fr\/mineraux\/wp-json\/wp\/v2\/types\/product"}],"replies":[{"embeddable":true,"href":"https:\/\/reiki53.fr\/mineraux\/wp-json\/wp\/v2\/comments?post=395"}],"wp:featuredmedia":[{"embeddable":true,"href":"https:\/\/reiki53.fr\/mineraux\/wp-json\/wp\/v2\/media\/238"}],"wp:attachment":[{"href":"https:\/\/reiki53.fr\/mineraux\/wp-json\/wp\/v2\/media?parent=395"}],"wp:term":[{"taxonomy":"product_brand","embeddable":true,"href":"https:\/\/reiki53.fr\/mineraux\/wp-json\/wp\/v2\/product_brand?post=395"},{"taxonomy":"product_cat","embeddable":true,"href":"https:\/\/reiki53.fr\/mineraux\/wp-json\/wp\/v2\/product_cat?post=395"},{"taxonomy":"product_tag","embeddable":true,"href":"https:\/\/reiki53.fr\/mineraux\/wp-json\/wp\/v2\/product_tag?post=395"}],"curies":[{"name":"wp","href":"https:\/\/api.w.org\/{rel}","templated":true}]}}