{"id":548,"date":"2020-04-20T22:32:10","date_gmt":"2020-04-20T20:32:10","guid":{"rendered":"https:\/\/reiki53.fr\/mineraux\/?post_type=product&#038;p=548"},"modified":"2025-01-02T15:57:36","modified_gmt":"2025-01-02T14:57:36","slug":"bracelet-lapis-lazuli","status":"publish","type":"product","link":"https:\/\/reiki53.fr\/mineraux\/produit\/bracelet-lapis-lazuli\/","title":{"rendered":"Bracelet Lapis-lazuli &#8211; 6mm"},"content":{"rendered":"<p><span id=\"texte_description_fiche_produit\"><strong>Le lapis-lazuli <\/strong>est une combinaison de min\u00e9raux o\u00f9 la LAZURITE est majoritaire. <\/span><\/p>\n<p><span id=\"texte_description_fiche_produit\">Pierre sacr\u00e9e des Sum\u00e9riens et des \u00c9gyptiens, son nom signifie Pierre Bleue. <\/span><\/p>\n<p><span id=\"texte_description_fiche_produit\">Pulv\u00e9ris\u00e9e jadis pour obtenir le pr\u00e9cieux \u00ab\u00a0bleu outremer\u00a0\u00bb, elle a servi \u00e0 peindre les portraits de la Vierge Marie, \u00e0 qui le Lapis-lazuli est symboliquement associ\u00e9. <\/span><\/p>\n<p><span id=\"texte_description_fiche_produit\">C\u2019est la pierre du Sacr\u00e9 par excellence, v\u00e9n\u00e9r\u00e9e par toutes les civilisations anciennes comme \u00e9tant la \u00ab messag\u00e8re \u00ab des dieux (elle serait une cl\u00e9 pour acc\u00e9der aux connaissances du Royaume C\u00e9leste)<br \/>\n<\/span><\/p>\n<p>\u2665 <a href=\"https:\/\/fr.wikipedia.org\/wiki\/Lapis-lazuli\" target=\"_blank\" rel=\"noopener noreferrer\">Toute l&rsquo;histoire du Lapis-Lazuli<\/a><\/p>\n<p>&nbsp;<\/p>\n<p>&nbsp;<\/p>\n<p>&nbsp;<\/p>\n","protected":false},"excerpt":{"rendered":"<p><strong>Bracelet boules Lapis-lazuli \u00d8 6mm<\/strong><\/p>\n<p>Les vertus sommaires du Lapis-lazuli :<\/p>\n<ul>\n<li>Arthrite\u00a0 \/ rhumatisme<\/li>\n<li>Crampes\u00a0\u00a0 \/ goutte<\/li>\n<li>\u00c9nergie\u00a0 \/ d\u00e9pression<\/li>\n<li>Intuition<\/li>\n<li>Vue<\/li>\n<\/ul>\n<p>Signe astrologique de pr\u00e9dilection : Sagittaire, Poissons, Verseau<\/p>\n<p>Rechargement : amas de quartz (druse), \u00e0 la pleine lune<\/p>\n","protected":false},"featured_media":536,"comment_status":"open","ping_status":"closed","template":"","meta":[],"product_brand":[],"product_cat":[212,211],"product_tag":[531,43,44,527,530,218,144,145,146,41,42,528,40,525,524,46,523,45,529],"class_list":{"0":"post-548","1":"product","2":"type-product","3":"status-publish","4":"has-post-thumbnail","6":"product_cat-bijoux","7":"product_cat-bracelets-boules","8":"product_tag-achat-de-mineraux","9":"product_tag-agapanthe-53","10":"product_tag-agapanthe-mineraux","11":"product_tag-boutique-de-mineraux","12":"product_tag-boutique-de-pierres-semi-precieuses","13":"product_tag-bracelet-lapis-lazuli","14":"product_tag-labradorite","15":"product_tag-labradorite-mineraux","16":"product_tag-labradorite-protection","17":"product_tag-lithotherapie","18":"product_tag-lithotherapie-53","19":"product_tag-magasin-de-mineraux","20":"product_tag-mineraux","21":"product_tag-mineraux-53","22":"product_tag-mineraux-en-mayenne","23":"product_tag-mineraux-laval","24":"product_tag-pierre-semi-precieuse","25":"product_tag-pierres-naturelles","26":"product_tag-pierres-precieuses","28":"first","29":"instock","30":"taxable","31":"shipping-taxable","32":"purchasable","33":"product-type-simple"},"yoast_head":"<!-- This site is optimized with the Yoast SEO plugin v26.5 - https:\/\/yoast.com\/wordpress\/plugins\/seo\/ -->\n<title>Bracelet Lapis-lazuli - 6mm - AGAPANTHE MIN\u00c9RAUX<\/title>\n<meta name=\"description\" content=\"Le lapis-lazuli est une combinaison de min\u00e9raux o\u00f9 la LAZURITE est majoritaire. Pierre sacr\u00e9e des Sum\u00e9riens et des \u00c9gyptiens, son nom signifie Pierre Bleue.\" \/>\n<meta name=\"robots\" content=\"index, follow, max-snippet:-1, max-image-preview:large, max-video-preview:-1\" \/>\n<link rel=\"canonical\" href=\"https:\/\/reiki53.fr\/mineraux\/produit\/bracelet-lapis-lazuli\/\" \/>\n<meta property=\"og:locale\" content=\"fr_FR\" \/>\n<meta property=\"og:type\" content=\"article\" \/>\n<meta property=\"og:title\" content=\"Bracelet Lapis-lazuli - 6mm - AGAPANTHE MIN\u00c9RAUX\" \/>\n<meta property=\"og:description\" content=\"Le lapis-lazuli est une combinaison de min\u00e9raux o\u00f9 la LAZURITE est majoritaire. Pierre sacr\u00e9e des Sum\u00e9riens et des \u00c9gyptiens, son nom signifie Pierre Bleue.\" \/>\n<meta property=\"og:url\" content=\"https:\/\/reiki53.fr\/mineraux\/produit\/bracelet-lapis-lazuli\/\" \/>\n<meta property=\"og:site_name\" content=\"AGAPANTHE MIN\u00c9RAUX\" \/>\n<meta property=\"article:modified_time\" content=\"2025-01-02T14:57:36+00:00\" \/>\n<meta property=\"og:image\" content=\"https:\/\/reiki53.fr\/mineraux\/wp-content\/uploads\/2020\/04\/lapis-lazuli-bracelet-agapanthe-6mm.jpg\" \/>\n\t<meta property=\"og:image:width\" content=\"800\" \/>\n\t<meta property=\"og:image:height\" content=\"800\" \/>\n\t<meta property=\"og:image:type\" content=\"image\/jpeg\" \/>\n<meta name=\"twitter:card\" content=\"summary_large_image\" \/>\n<script type=\"application\/ld+json\" class=\"yoast-schema-graph\">{\"@context\":\"https:\/\/schema.org\",\"@graph\":[{\"@type\":\"WebPage\",\"@id\":\"https:\/\/reiki53.fr\/mineraux\/produit\/bracelet-lapis-lazuli\/\",\"url\":\"https:\/\/reiki53.fr\/mineraux\/produit\/bracelet-lapis-lazuli\/\",\"name\":\"Bracelet Lapis-lazuli - 6mm - AGAPANTHE MIN\u00c9RAUX\",\"isPartOf\":{\"@id\":\"https:\/\/reiki53.fr\/mineraux\/#website\"},\"primaryImageOfPage\":{\"@id\":\"https:\/\/reiki53.fr\/mineraux\/produit\/bracelet-lapis-lazuli\/#primaryimage\"},\"image\":{\"@id\":\"https:\/\/reiki53.fr\/mineraux\/produit\/bracelet-lapis-lazuli\/#primaryimage\"},\"thumbnailUrl\":\"https:\/\/reiki53.fr\/mineraux\/wp-content\/uploads\/2020\/04\/lapis-lazuli-bracelet-agapanthe-6mm.jpg\",\"datePublished\":\"2020-04-20T20:32:10+00:00\",\"dateModified\":\"2025-01-02T14:57:36+00:00\",\"description\":\"Le lapis-lazuli est une combinaison de min\u00e9raux o\u00f9 la LAZURITE est majoritaire. Pierre sacr\u00e9e des Sum\u00e9riens et des \u00c9gyptiens, son nom signifie Pierre Bleue.\",\"breadcrumb\":{\"@id\":\"https:\/\/reiki53.fr\/mineraux\/produit\/bracelet-lapis-lazuli\/#breadcrumb\"},\"inLanguage\":\"fr-FR\",\"potentialAction\":[{\"@type\":\"ReadAction\",\"target\":[\"https:\/\/reiki53.fr\/mineraux\/produit\/bracelet-lapis-lazuli\/\"]}]},{\"@type\":\"ImageObject\",\"inLanguage\":\"fr-FR\",\"@id\":\"https:\/\/reiki53.fr\/mineraux\/produit\/bracelet-lapis-lazuli\/#primaryimage\",\"url\":\"https:\/\/reiki53.fr\/mineraux\/wp-content\/uploads\/2020\/04\/lapis-lazuli-bracelet-agapanthe-6mm.jpg\",\"contentUrl\":\"https:\/\/reiki53.fr\/mineraux\/wp-content\/uploads\/2020\/04\/lapis-lazuli-bracelet-agapanthe-6mm.jpg\",\"width\":800,\"height\":800,\"caption\":\"lapis lazuli bracelet -agapanthe 6mm\"},{\"@type\":\"BreadcrumbList\",\"@id\":\"https:\/\/reiki53.fr\/mineraux\/produit\/bracelet-lapis-lazuli\/#breadcrumb\",\"itemListElement\":[{\"@type\":\"ListItem\",\"position\":1,\"name\":\"Accueil\",\"item\":\"https:\/\/reiki53.fr\/mineraux\/\"},{\"@type\":\"ListItem\",\"position\":2,\"name\":\"Boutique\",\"item\":\"https:\/\/reiki53.fr\/mineraux\/boutique\/\"},{\"@type\":\"ListItem\",\"position\":3,\"name\":\"Bracelet Lapis-lazuli &#8211; 6mm\"}]},{\"@type\":\"WebSite\",\"@id\":\"https:\/\/reiki53.fr\/mineraux\/#website\",\"url\":\"https:\/\/reiki53.fr\/mineraux\/\",\"name\":\"AGAPANTHE MIN\u00c9RAUX\",\"description\":\"Magasin physique \u00e0 Laval (53)\",\"publisher\":{\"@id\":\"https:\/\/reiki53.fr\/mineraux\/#organization\"},\"potentialAction\":[{\"@type\":\"SearchAction\",\"target\":{\"@type\":\"EntryPoint\",\"urlTemplate\":\"https:\/\/reiki53.fr\/mineraux\/?s={search_term_string}\"},\"query-input\":{\"@type\":\"PropertyValueSpecification\",\"valueRequired\":true,\"valueName\":\"search_term_string\"}}],\"inLanguage\":\"fr-FR\"},{\"@type\":\"Organization\",\"@id\":\"https:\/\/reiki53.fr\/mineraux\/#organization\",\"name\":\"OLVB SAS\",\"url\":\"https:\/\/reiki53.fr\/mineraux\/\",\"logo\":{\"@type\":\"ImageObject\",\"inLanguage\":\"fr-FR\",\"@id\":\"https:\/\/reiki53.fr\/mineraux\/#\/schema\/logo\/image\/\",\"url\":\"https:\/\/reiki53.fr\/mineraux\/wp-content\/uploads\/2020\/04\/AGAPANTHE-MINERAUX-Logo-petit.png\",\"contentUrl\":\"https:\/\/reiki53.fr\/mineraux\/wp-content\/uploads\/2020\/04\/AGAPANTHE-MINERAUX-Logo-petit.png\",\"width\":160,\"height\":160,\"caption\":\"OLVB SAS\"},\"image\":{\"@id\":\"https:\/\/reiki53.fr\/mineraux\/#\/schema\/logo\/image\/\"}}]}<\/script>\n<!-- \/ Yoast SEO plugin. -->","yoast_head_json":{"title":"Bracelet Lapis-lazuli - 6mm - AGAPANTHE MIN\u00c9RAUX","description":"Le lapis-lazuli est une combinaison de min\u00e9raux o\u00f9 la LAZURITE est majoritaire. Pierre sacr\u00e9e des Sum\u00e9riens et des \u00c9gyptiens, son nom signifie Pierre Bleue.","robots":{"index":"index","follow":"follow","max-snippet":"max-snippet:-1","max-image-preview":"max-image-preview:large","max-video-preview":"max-video-preview:-1"},"canonical":"https:\/\/reiki53.fr\/mineraux\/produit\/bracelet-lapis-lazuli\/","og_locale":"fr_FR","og_type":"article","og_title":"Bracelet Lapis-lazuli - 6mm - AGAPANTHE MIN\u00c9RAUX","og_description":"Le lapis-lazuli est une combinaison de min\u00e9raux o\u00f9 la LAZURITE est majoritaire. Pierre sacr\u00e9e des Sum\u00e9riens et des \u00c9gyptiens, son nom signifie Pierre Bleue.","og_url":"https:\/\/reiki53.fr\/mineraux\/produit\/bracelet-lapis-lazuli\/","og_site_name":"AGAPANTHE MIN\u00c9RAUX","article_modified_time":"2025-01-02T14:57:36+00:00","og_image":[{"width":800,"height":800,"url":"https:\/\/reiki53.fr\/mineraux\/wp-content\/uploads\/2020\/04\/lapis-lazuli-bracelet-agapanthe-6mm.jpg","type":"image\/jpeg"}],"twitter_card":"summary_large_image","schema":{"@context":"https:\/\/schema.org","@graph":[{"@type":"WebPage","@id":"https:\/\/reiki53.fr\/mineraux\/produit\/bracelet-lapis-lazuli\/","url":"https:\/\/reiki53.fr\/mineraux\/produit\/bracelet-lapis-lazuli\/","name":"Bracelet Lapis-lazuli - 6mm - AGAPANTHE MIN\u00c9RAUX","isPartOf":{"@id":"https:\/\/reiki53.fr\/mineraux\/#website"},"primaryImageOfPage":{"@id":"https:\/\/reiki53.fr\/mineraux\/produit\/bracelet-lapis-lazuli\/#primaryimage"},"image":{"@id":"https:\/\/reiki53.fr\/mineraux\/produit\/bracelet-lapis-lazuli\/#primaryimage"},"thumbnailUrl":"https:\/\/reiki53.fr\/mineraux\/wp-content\/uploads\/2020\/04\/lapis-lazuli-bracelet-agapanthe-6mm.jpg","datePublished":"2020-04-20T20:32:10+00:00","dateModified":"2025-01-02T14:57:36+00:00","description":"Le lapis-lazuli est une combinaison de min\u00e9raux o\u00f9 la LAZURITE est majoritaire. Pierre sacr\u00e9e des Sum\u00e9riens et des \u00c9gyptiens, son nom signifie Pierre Bleue.","breadcrumb":{"@id":"https:\/\/reiki53.fr\/mineraux\/produit\/bracelet-lapis-lazuli\/#breadcrumb"},"inLanguage":"fr-FR","potentialAction":[{"@type":"ReadAction","target":["https:\/\/reiki53.fr\/mineraux\/produit\/bracelet-lapis-lazuli\/"]}]},{"@type":"ImageObject","inLanguage":"fr-FR","@id":"https:\/\/reiki53.fr\/mineraux\/produit\/bracelet-lapis-lazuli\/#primaryimage","url":"https:\/\/reiki53.fr\/mineraux\/wp-content\/uploads\/2020\/04\/lapis-lazuli-bracelet-agapanthe-6mm.jpg","contentUrl":"https:\/\/reiki53.fr\/mineraux\/wp-content\/uploads\/2020\/04\/lapis-lazuli-bracelet-agapanthe-6mm.jpg","width":800,"height":800,"caption":"lapis lazuli bracelet -agapanthe 6mm"},{"@type":"BreadcrumbList","@id":"https:\/\/reiki53.fr\/mineraux\/produit\/bracelet-lapis-lazuli\/#breadcrumb","itemListElement":[{"@type":"ListItem","position":1,"name":"Accueil","item":"https:\/\/reiki53.fr\/mineraux\/"},{"@type":"ListItem","position":2,"name":"Boutique","item":"https:\/\/reiki53.fr\/mineraux\/boutique\/"},{"@type":"ListItem","position":3,"name":"Bracelet Lapis-lazuli &#8211; 6mm"}]},{"@type":"WebSite","@id":"https:\/\/reiki53.fr\/mineraux\/#website","url":"https:\/\/reiki53.fr\/mineraux\/","name":"AGAPANTHE MIN\u00c9RAUX","description":"Magasin physique \u00e0 Laval (53)","publisher":{"@id":"https:\/\/reiki53.fr\/mineraux\/#organization"},"potentialAction":[{"@type":"SearchAction","target":{"@type":"EntryPoint","urlTemplate":"https:\/\/reiki53.fr\/mineraux\/?s={search_term_string}"},"query-input":{"@type":"PropertyValueSpecification","valueRequired":true,"valueName":"search_term_string"}}],"inLanguage":"fr-FR"},{"@type":"Organization","@id":"https:\/\/reiki53.fr\/mineraux\/#organization","name":"OLVB SAS","url":"https:\/\/reiki53.fr\/mineraux\/","logo":{"@type":"ImageObject","inLanguage":"fr-FR","@id":"https:\/\/reiki53.fr\/mineraux\/#\/schema\/logo\/image\/","url":"https:\/\/reiki53.fr\/mineraux\/wp-content\/uploads\/2020\/04\/AGAPANTHE-MINERAUX-Logo-petit.png","contentUrl":"https:\/\/reiki53.fr\/mineraux\/wp-content\/uploads\/2020\/04\/AGAPANTHE-MINERAUX-Logo-petit.png","width":160,"height":160,"caption":"OLVB SAS"},"image":{"@id":"https:\/\/reiki53.fr\/mineraux\/#\/schema\/logo\/image\/"}}]}},"jetpack_sharing_enabled":true,"_links":{"self":[{"href":"https:\/\/reiki53.fr\/mineraux\/wp-json\/wp\/v2\/product\/548","targetHints":{"allow":["GET"]}}],"collection":[{"href":"https:\/\/reiki53.fr\/mineraux\/wp-json\/wp\/v2\/product"}],"about":[{"href":"https:\/\/reiki53.fr\/mineraux\/wp-json\/wp\/v2\/types\/product"}],"replies":[{"embeddable":true,"href":"https:\/\/reiki53.fr\/mineraux\/wp-json\/wp\/v2\/comments?post=548"}],"wp:featuredmedia":[{"embeddable":true,"href":"https:\/\/reiki53.fr\/mineraux\/wp-json\/wp\/v2\/media\/536"}],"wp:attachment":[{"href":"https:\/\/reiki53.fr\/mineraux\/wp-json\/wp\/v2\/media?parent=548"}],"wp:term":[{"taxonomy":"product_brand","embeddable":true,"href":"https:\/\/reiki53.fr\/mineraux\/wp-json\/wp\/v2\/product_brand?post=548"},{"taxonomy":"product_cat","embeddable":true,"href":"https:\/\/reiki53.fr\/mineraux\/wp-json\/wp\/v2\/product_cat?post=548"},{"taxonomy":"product_tag","embeddable":true,"href":"https:\/\/reiki53.fr\/mineraux\/wp-json\/wp\/v2\/product_tag?post=548"}],"curies":[{"name":"wp","href":"https:\/\/api.w.org\/{rel}","templated":true}]}}