{"id":566,"date":"2020-04-21T11:29:26","date_gmt":"2020-04-21T09:29:26","guid":{"rendered":"https:\/\/reiki53.fr\/mineraux\/?post_type=product&#038;p=566"},"modified":"2023-09-06T22:16:58","modified_gmt":"2023-09-06T20:16:58","slug":"bracelet-7-chakras-8mm","status":"publish","type":"product","link":"https:\/\/reiki53.fr\/mineraux\/produit\/bracelet-7-chakras-8mm\/","title":{"rendered":"Bracelet 7 Chakras &#8211; 8mm"},"content":{"rendered":"<p><span id=\"texte_description_fiche_produit\"><strong>Le bracelet 7 chakras <\/strong>soigne la puret\u00e9 de nos chakras. <\/span><\/p>\n<p><span id=\"texte_description_fiche_produit\">Tr\u00e8s puissantes, pour la purification, l\u2019ouverture \u00e0 la lumi\u00e8re cosmique. <\/span><\/p>\n<p>&nbsp;<\/p>\n<p><span id=\"texte_description_fiche_produit\">\u2665 Tr\u00e8s indiqu\u00e9es pour les th\u00e9rapeutes qui peuvent les porter sur eux en vue d\u2019augmenter leurs propres \u00e9nergies.<strong><br \/>\n<\/strong><\/span><\/p>\n<p>&nbsp;<\/p>\n","protected":false},"excerpt":{"rendered":"<p><strong>Bracelet boules 7 Chakras \u00d8 8mm<\/strong><\/p>\n<p>Il est compos\u00e9 des min\u00e9raux suivants :<\/p>\n<p><span id=\"texte_description_fiche_produit\">Cornaline, Calcite orange, Oeil de tigre, Aventurine, Calc\u00e9doine bleue (ou ang\u00e9lite), Lapis-Lazuli, Am\u00e9thyste<br \/>\n<\/span><\/p>\n<p>&nbsp;<\/p>\n<p><strong>Les 7 chakras :<\/strong><\/p>\n<p>1er : Chakra Racine\u00a0 (Argent, foyer, travail)<\/p>\n<p>2\u00e8me : Chakra sacr\u00e9 &#8211;&gt; Plaisir, \u00e9motion, sexualit\u00e9, Cr\u00e9ativit\u00e9<\/p>\n<p>3\u00e8me : Chakra solaire &#8211;&gt; Estime de soi, identit\u00e9, volont\u00e9<\/p>\n<p>4\u00e8me : Chakra du c\u0153ur &#8211;&gt; Amour, sant\u00e9, sagesse, gu\u00e9rison<\/p>\n<p>5\u00e8me : Chakra de la gorge &#8211;&gt; Expression de soi, communication Intuitivit\u00e9<\/p>\n<p>6\u00e8me : Chakra du 3\u00e8me \u0152il &#8211;&gt; Sagesse cosmique, dons extrasensoriels, Perception r\u00e9alit\u00e9<\/p>\n<p>7\u00e8me : Chakra couronne &#8211;&gt; Nirvana, spiritualit\u00e9, conscience<\/p>\n","protected":false},"featured_media":513,"comment_status":"open","ping_status":"closed","template":"","meta":[],"product_brand":[],"product_cat":[212,211],"product_tag":[235,531,43,44,527,530,234,139,41,42,528,40,525,524,46,523,45,529,236],"class_list":{"0":"post-566","1":"product","2":"type-product","3":"status-publish","4":"has-post-thumbnail","6":"product_cat-bijoux","7":"product_cat-bracelets-boules","8":"product_tag-7-chakras","9":"product_tag-achat-de-mineraux","10":"product_tag-agapanthe-53","11":"product_tag-agapanthe-mineraux","12":"product_tag-boutique-de-mineraux","13":"product_tag-boutique-de-pierres-semi-precieuses","14":"product_tag-bracelet-7-chakras","15":"product_tag-jade-mineraux","16":"product_tag-lithotherapie","17":"product_tag-lithotherapie-53","18":"product_tag-magasin-de-mineraux","19":"product_tag-mineraux","20":"product_tag-mineraux-53","21":"product_tag-mineraux-en-mayenne","22":"product_tag-mineraux-laval","23":"product_tag-pierre-semi-precieuse","24":"product_tag-pierres-naturelles","25":"product_tag-pierres-precieuses","26":"product_tag-sept-chakras","28":"first","29":"instock","30":"taxable","31":"shipping-taxable","32":"purchasable","33":"product-type-simple"},"yoast_head":"<!-- This site is optimized with the Yoast SEO plugin v26.5 - https:\/\/yoast.com\/wordpress\/plugins\/seo\/ -->\n<title>Bracelet 7 Chakras - 8mm - AGAPANTHE MIN\u00c9RAUX<\/title>\n<meta name=\"description\" content=\"Le jade est un symbole de s\u00e9r\u00e9nit\u00e9 au milieu des temp\u00eates, cette pierre est associ\u00e9e \u00e0 la long\u00e9vit\u00e9, elle inspire l&#039;honn\u00eatet\u00e9.\" \/>\n<meta name=\"robots\" content=\"index, follow, max-snippet:-1, max-image-preview:large, max-video-preview:-1\" \/>\n<link rel=\"canonical\" href=\"https:\/\/reiki53.fr\/mineraux\/produit\/bracelet-7-chakras-8mm\/\" \/>\n<meta property=\"og:locale\" content=\"fr_FR\" \/>\n<meta property=\"og:type\" content=\"article\" \/>\n<meta property=\"og:title\" content=\"Bracelet 7 Chakras - 8mm - AGAPANTHE MIN\u00c9RAUX\" \/>\n<meta property=\"og:description\" content=\"Le jade est un symbole de s\u00e9r\u00e9nit\u00e9 au milieu des temp\u00eates, cette pierre est associ\u00e9e \u00e0 la long\u00e9vit\u00e9, elle inspire l&#039;honn\u00eatet\u00e9.\" \/>\n<meta property=\"og:url\" content=\"https:\/\/reiki53.fr\/mineraux\/produit\/bracelet-7-chakras-8mm\/\" \/>\n<meta property=\"og:site_name\" content=\"AGAPANTHE MIN\u00c9RAUX\" \/>\n<meta property=\"article:modified_time\" content=\"2023-09-06T20:16:58+00:00\" \/>\n<meta property=\"og:image\" content=\"https:\/\/reiki53.fr\/mineraux\/wp-content\/uploads\/2020\/04\/bracelet-chakras-agapanthe-6mm.jpg\" \/>\n\t<meta property=\"og:image:width\" content=\"800\" \/>\n\t<meta property=\"og:image:height\" content=\"800\" \/>\n\t<meta property=\"og:image:type\" content=\"image\/jpeg\" \/>\n<meta name=\"twitter:card\" content=\"summary_large_image\" \/>\n<script type=\"application\/ld+json\" class=\"yoast-schema-graph\">{\"@context\":\"https:\/\/schema.org\",\"@graph\":[{\"@type\":\"WebPage\",\"@id\":\"https:\/\/reiki53.fr\/mineraux\/produit\/bracelet-7-chakras-8mm\/\",\"url\":\"https:\/\/reiki53.fr\/mineraux\/produit\/bracelet-7-chakras-8mm\/\",\"name\":\"Bracelet 7 Chakras - 8mm - AGAPANTHE MIN\u00c9RAUX\",\"isPartOf\":{\"@id\":\"https:\/\/reiki53.fr\/mineraux\/#website\"},\"primaryImageOfPage\":{\"@id\":\"https:\/\/reiki53.fr\/mineraux\/produit\/bracelet-7-chakras-8mm\/#primaryimage\"},\"image\":{\"@id\":\"https:\/\/reiki53.fr\/mineraux\/produit\/bracelet-7-chakras-8mm\/#primaryimage\"},\"thumbnailUrl\":\"https:\/\/reiki53.fr\/mineraux\/wp-content\/uploads\/2020\/04\/bracelet-chakras-agapanthe-6mm.jpg\",\"datePublished\":\"2020-04-21T09:29:26+00:00\",\"dateModified\":\"2023-09-06T20:16:58+00:00\",\"description\":\"Le jade est un symbole de s\u00e9r\u00e9nit\u00e9 au milieu des temp\u00eates, cette pierre est associ\u00e9e \u00e0 la long\u00e9vit\u00e9, elle inspire l'honn\u00eatet\u00e9.\",\"breadcrumb\":{\"@id\":\"https:\/\/reiki53.fr\/mineraux\/produit\/bracelet-7-chakras-8mm\/#breadcrumb\"},\"inLanguage\":\"fr-FR\",\"potentialAction\":[{\"@type\":\"ReadAction\",\"target\":[\"https:\/\/reiki53.fr\/mineraux\/produit\/bracelet-7-chakras-8mm\/\"]}]},{\"@type\":\"ImageObject\",\"inLanguage\":\"fr-FR\",\"@id\":\"https:\/\/reiki53.fr\/mineraux\/produit\/bracelet-7-chakras-8mm\/#primaryimage\",\"url\":\"https:\/\/reiki53.fr\/mineraux\/wp-content\/uploads\/2020\/04\/bracelet-chakras-agapanthe-6mm.jpg\",\"contentUrl\":\"https:\/\/reiki53.fr\/mineraux\/wp-content\/uploads\/2020\/04\/bracelet-chakras-agapanthe-6mm.jpg\",\"width\":800,\"height\":800,\"caption\":\"bracelet chakras-agapanthe 6mm\"},{\"@type\":\"BreadcrumbList\",\"@id\":\"https:\/\/reiki53.fr\/mineraux\/produit\/bracelet-7-chakras-8mm\/#breadcrumb\",\"itemListElement\":[{\"@type\":\"ListItem\",\"position\":1,\"name\":\"Accueil\",\"item\":\"https:\/\/reiki53.fr\/mineraux\/\"},{\"@type\":\"ListItem\",\"position\":2,\"name\":\"Boutique\",\"item\":\"https:\/\/reiki53.fr\/mineraux\/boutique\/\"},{\"@type\":\"ListItem\",\"position\":3,\"name\":\"Bracelet 7 Chakras &#8211; 8mm\"}]},{\"@type\":\"WebSite\",\"@id\":\"https:\/\/reiki53.fr\/mineraux\/#website\",\"url\":\"https:\/\/reiki53.fr\/mineraux\/\",\"name\":\"AGAPANTHE MIN\u00c9RAUX\",\"description\":\"Magasin physique \u00e0 Laval (53)\",\"publisher\":{\"@id\":\"https:\/\/reiki53.fr\/mineraux\/#organization\"},\"potentialAction\":[{\"@type\":\"SearchAction\",\"target\":{\"@type\":\"EntryPoint\",\"urlTemplate\":\"https:\/\/reiki53.fr\/mineraux\/?s={search_term_string}\"},\"query-input\":{\"@type\":\"PropertyValueSpecification\",\"valueRequired\":true,\"valueName\":\"search_term_string\"}}],\"inLanguage\":\"fr-FR\"},{\"@type\":\"Organization\",\"@id\":\"https:\/\/reiki53.fr\/mineraux\/#organization\",\"name\":\"OLVB SAS\",\"url\":\"https:\/\/reiki53.fr\/mineraux\/\",\"logo\":{\"@type\":\"ImageObject\",\"inLanguage\":\"fr-FR\",\"@id\":\"https:\/\/reiki53.fr\/mineraux\/#\/schema\/logo\/image\/\",\"url\":\"https:\/\/reiki53.fr\/mineraux\/wp-content\/uploads\/2020\/04\/AGAPANTHE-MINERAUX-Logo-petit.png\",\"contentUrl\":\"https:\/\/reiki53.fr\/mineraux\/wp-content\/uploads\/2020\/04\/AGAPANTHE-MINERAUX-Logo-petit.png\",\"width\":160,\"height\":160,\"caption\":\"OLVB SAS\"},\"image\":{\"@id\":\"https:\/\/reiki53.fr\/mineraux\/#\/schema\/logo\/image\/\"}}]}<\/script>\n<!-- \/ Yoast SEO plugin. -->","yoast_head_json":{"title":"Bracelet 7 Chakras - 8mm - AGAPANTHE MIN\u00c9RAUX","description":"Le jade est un symbole de s\u00e9r\u00e9nit\u00e9 au milieu des temp\u00eates, cette pierre est associ\u00e9e \u00e0 la long\u00e9vit\u00e9, elle inspire l'honn\u00eatet\u00e9.","robots":{"index":"index","follow":"follow","max-snippet":"max-snippet:-1","max-image-preview":"max-image-preview:large","max-video-preview":"max-video-preview:-1"},"canonical":"https:\/\/reiki53.fr\/mineraux\/produit\/bracelet-7-chakras-8mm\/","og_locale":"fr_FR","og_type":"article","og_title":"Bracelet 7 Chakras - 8mm - AGAPANTHE MIN\u00c9RAUX","og_description":"Le jade est un symbole de s\u00e9r\u00e9nit\u00e9 au milieu des temp\u00eates, cette pierre est associ\u00e9e \u00e0 la long\u00e9vit\u00e9, elle inspire l'honn\u00eatet\u00e9.","og_url":"https:\/\/reiki53.fr\/mineraux\/produit\/bracelet-7-chakras-8mm\/","og_site_name":"AGAPANTHE MIN\u00c9RAUX","article_modified_time":"2023-09-06T20:16:58+00:00","og_image":[{"width":800,"height":800,"url":"https:\/\/reiki53.fr\/mineraux\/wp-content\/uploads\/2020\/04\/bracelet-chakras-agapanthe-6mm.jpg","type":"image\/jpeg"}],"twitter_card":"summary_large_image","schema":{"@context":"https:\/\/schema.org","@graph":[{"@type":"WebPage","@id":"https:\/\/reiki53.fr\/mineraux\/produit\/bracelet-7-chakras-8mm\/","url":"https:\/\/reiki53.fr\/mineraux\/produit\/bracelet-7-chakras-8mm\/","name":"Bracelet 7 Chakras - 8mm - AGAPANTHE MIN\u00c9RAUX","isPartOf":{"@id":"https:\/\/reiki53.fr\/mineraux\/#website"},"primaryImageOfPage":{"@id":"https:\/\/reiki53.fr\/mineraux\/produit\/bracelet-7-chakras-8mm\/#primaryimage"},"image":{"@id":"https:\/\/reiki53.fr\/mineraux\/produit\/bracelet-7-chakras-8mm\/#primaryimage"},"thumbnailUrl":"https:\/\/reiki53.fr\/mineraux\/wp-content\/uploads\/2020\/04\/bracelet-chakras-agapanthe-6mm.jpg","datePublished":"2020-04-21T09:29:26+00:00","dateModified":"2023-09-06T20:16:58+00:00","description":"Le jade est un symbole de s\u00e9r\u00e9nit\u00e9 au milieu des temp\u00eates, cette pierre est associ\u00e9e \u00e0 la long\u00e9vit\u00e9, elle inspire l'honn\u00eatet\u00e9.","breadcrumb":{"@id":"https:\/\/reiki53.fr\/mineraux\/produit\/bracelet-7-chakras-8mm\/#breadcrumb"},"inLanguage":"fr-FR","potentialAction":[{"@type":"ReadAction","target":["https:\/\/reiki53.fr\/mineraux\/produit\/bracelet-7-chakras-8mm\/"]}]},{"@type":"ImageObject","inLanguage":"fr-FR","@id":"https:\/\/reiki53.fr\/mineraux\/produit\/bracelet-7-chakras-8mm\/#primaryimage","url":"https:\/\/reiki53.fr\/mineraux\/wp-content\/uploads\/2020\/04\/bracelet-chakras-agapanthe-6mm.jpg","contentUrl":"https:\/\/reiki53.fr\/mineraux\/wp-content\/uploads\/2020\/04\/bracelet-chakras-agapanthe-6mm.jpg","width":800,"height":800,"caption":"bracelet chakras-agapanthe 6mm"},{"@type":"BreadcrumbList","@id":"https:\/\/reiki53.fr\/mineraux\/produit\/bracelet-7-chakras-8mm\/#breadcrumb","itemListElement":[{"@type":"ListItem","position":1,"name":"Accueil","item":"https:\/\/reiki53.fr\/mineraux\/"},{"@type":"ListItem","position":2,"name":"Boutique","item":"https:\/\/reiki53.fr\/mineraux\/boutique\/"},{"@type":"ListItem","position":3,"name":"Bracelet 7 Chakras &#8211; 8mm"}]},{"@type":"WebSite","@id":"https:\/\/reiki53.fr\/mineraux\/#website","url":"https:\/\/reiki53.fr\/mineraux\/","name":"AGAPANTHE MIN\u00c9RAUX","description":"Magasin physique \u00e0 Laval (53)","publisher":{"@id":"https:\/\/reiki53.fr\/mineraux\/#organization"},"potentialAction":[{"@type":"SearchAction","target":{"@type":"EntryPoint","urlTemplate":"https:\/\/reiki53.fr\/mineraux\/?s={search_term_string}"},"query-input":{"@type":"PropertyValueSpecification","valueRequired":true,"valueName":"search_term_string"}}],"inLanguage":"fr-FR"},{"@type":"Organization","@id":"https:\/\/reiki53.fr\/mineraux\/#organization","name":"OLVB SAS","url":"https:\/\/reiki53.fr\/mineraux\/","logo":{"@type":"ImageObject","inLanguage":"fr-FR","@id":"https:\/\/reiki53.fr\/mineraux\/#\/schema\/logo\/image\/","url":"https:\/\/reiki53.fr\/mineraux\/wp-content\/uploads\/2020\/04\/AGAPANTHE-MINERAUX-Logo-petit.png","contentUrl":"https:\/\/reiki53.fr\/mineraux\/wp-content\/uploads\/2020\/04\/AGAPANTHE-MINERAUX-Logo-petit.png","width":160,"height":160,"caption":"OLVB SAS"},"image":{"@id":"https:\/\/reiki53.fr\/mineraux\/#\/schema\/logo\/image\/"}}]}},"jetpack_sharing_enabled":true,"_links":{"self":[{"href":"https:\/\/reiki53.fr\/mineraux\/wp-json\/wp\/v2\/product\/566","targetHints":{"allow":["GET"]}}],"collection":[{"href":"https:\/\/reiki53.fr\/mineraux\/wp-json\/wp\/v2\/product"}],"about":[{"href":"https:\/\/reiki53.fr\/mineraux\/wp-json\/wp\/v2\/types\/product"}],"replies":[{"embeddable":true,"href":"https:\/\/reiki53.fr\/mineraux\/wp-json\/wp\/v2\/comments?post=566"}],"wp:featuredmedia":[{"embeddable":true,"href":"https:\/\/reiki53.fr\/mineraux\/wp-json\/wp\/v2\/media\/513"}],"wp:attachment":[{"href":"https:\/\/reiki53.fr\/mineraux\/wp-json\/wp\/v2\/media?parent=566"}],"wp:term":[{"taxonomy":"product_brand","embeddable":true,"href":"https:\/\/reiki53.fr\/mineraux\/wp-json\/wp\/v2\/product_brand?post=566"},{"taxonomy":"product_cat","embeddable":true,"href":"https:\/\/reiki53.fr\/mineraux\/wp-json\/wp\/v2\/product_cat?post=566"},{"taxonomy":"product_tag","embeddable":true,"href":"https:\/\/reiki53.fr\/mineraux\/wp-json\/wp\/v2\/product_tag?post=566"}],"curies":[{"name":"wp","href":"https:\/\/api.w.org\/{rel}","templated":true}]}}