{"id":590,"date":"2020-04-21T15:27:42","date_gmt":"2020-04-21T13:27:42","guid":{"rendered":"https:\/\/reiki53.fr\/mineraux\/?post_type=product&#038;p=590"},"modified":"2024-06-22T18:43:58","modified_gmt":"2024-06-22T16:43:58","slug":"bracelet-quartz-rose-6mm","status":"publish","type":"product","link":"https:\/\/reiki53.fr\/mineraux\/produit\/bracelet-quartz-rose-6mm\/","title":{"rendered":"Bracelet Quartz Rose &#8211; 6mm"},"content":{"rendered":"<p><span id=\"texte_description_fiche_produit\"><strong>Le Quartz Rose,<\/strong> a \u00e9t\u00e9 de tout temps un min\u00e9ral important pour de nombreuses civilisations.<br \/>\n<\/span><\/p>\n<p>Sa symbolique est l&rsquo;apaisement. C&rsquo;est la pierre du chakra du c\u0153ur.<\/p>\n<p>Pierre incontournable\u00a0 pour l&rsquo;amour en g\u00e9n\u00e9ral.<\/p>\n<p>Il est douceur, tendresse infinie, paix int\u00e9rieure, calme absolu et spiritualit\u00e9.<\/p>\n<p>&nbsp;<\/p>\n","protected":false},"excerpt":{"rendered":"<p><strong>Bracelet boules Quartz-rose \u00d8 6mm<\/strong><\/p>\n<p>Les vertus sommaires du quartz rose :<\/p>\n<ul>\n<li>Agressivit\u00e9 \/ gestion du stress<\/li>\n<li>Amour\u00a0 \/ joie de vivre \/ vie de couple<\/li>\n<li>Enfants (calme)<\/li>\n<li>Estime de soi<\/li>\n<li>Scl\u00e9rose en plaques<\/li>\n<\/ul>\n<p>Signe astrologique de pr\u00e9dilection : Taureau, cancer, Vierge, Capricorne, Balance<\/p>\n<p>Rechargement : amas de quartz (druse) au soleil du matin ou \u00e0 la lune<\/p>\n<p>&nbsp;<\/p>\n","protected":false},"featured_media":540,"comment_status":"open","ping_status":"closed","template":"","meta":[],"product_brand":[],"product_cat":[212,211],"product_tag":[531,43,44,527,530,215,41,42,528,40,525,524,46,523,45,529,186],"class_list":{"0":"post-590","1":"product","2":"type-product","3":"status-publish","4":"has-post-thumbnail","6":"product_cat-bijoux","7":"product_cat-bracelets-boules","8":"product_tag-achat-de-mineraux","9":"product_tag-agapanthe-53","10":"product_tag-agapanthe-mineraux","11":"product_tag-boutique-de-mineraux","12":"product_tag-boutique-de-pierres-semi-precieuses","13":"product_tag-bracelet-quartz-rose","14":"product_tag-lithotherapie","15":"product_tag-lithotherapie-53","16":"product_tag-magasin-de-mineraux","17":"product_tag-mineraux","18":"product_tag-mineraux-53","19":"product_tag-mineraux-en-mayenne","20":"product_tag-mineraux-laval","21":"product_tag-pierre-semi-precieuse","22":"product_tag-pierres-naturelles","23":"product_tag-pierres-precieuses","24":"product_tag-quartz-rose","26":"first","27":"instock","28":"taxable","29":"shipping-taxable","30":"purchasable","31":"product-type-simple"},"yoast_head":"<!-- This site is optimized with the Yoast SEO plugin v26.5 - https:\/\/yoast.com\/wordpress\/plugins\/seo\/ -->\n<title>Bracelet Quartz Rose - 6mm - AGAPANTHE MIN\u00c9RAUX<\/title>\n<meta name=\"description\" content=\"Le Quartz Rose, est la pierre du chakra du c\u0153ur, pour l&#039;amour en g\u00e9n\u00e9ral. Il est douceur, tendresse infinie, paix int\u00e9rieure, calme absolu et spiritualit\u00e9.\" \/>\n<meta name=\"robots\" content=\"index, follow, max-snippet:-1, max-image-preview:large, max-video-preview:-1\" \/>\n<link rel=\"canonical\" href=\"https:\/\/reiki53.fr\/mineraux\/produit\/bracelet-quartz-rose-6mm\/\" \/>\n<meta property=\"og:locale\" content=\"fr_FR\" \/>\n<meta property=\"og:type\" content=\"article\" \/>\n<meta property=\"og:title\" content=\"Bracelet Quartz Rose - 6mm - AGAPANTHE MIN\u00c9RAUX\" \/>\n<meta property=\"og:description\" content=\"Le Quartz Rose, est la pierre du chakra du c\u0153ur, pour l&#039;amour en g\u00e9n\u00e9ral. Il est douceur, tendresse infinie, paix int\u00e9rieure, calme absolu et spiritualit\u00e9.\" \/>\n<meta property=\"og:url\" content=\"https:\/\/reiki53.fr\/mineraux\/produit\/bracelet-quartz-rose-6mm\/\" \/>\n<meta property=\"og:site_name\" content=\"AGAPANTHE MIN\u00c9RAUX\" \/>\n<meta property=\"article:modified_time\" content=\"2024-06-22T16:43:58+00:00\" \/>\n<meta property=\"og:image\" content=\"https:\/\/reiki53.fr\/mineraux\/wp-content\/uploads\/2020\/04\/quartz-rose-agapanthe-1.jpg\" \/>\n\t<meta property=\"og:image:width\" content=\"800\" \/>\n\t<meta property=\"og:image:height\" content=\"800\" \/>\n\t<meta property=\"og:image:type\" content=\"image\/jpeg\" \/>\n<meta name=\"twitter:card\" content=\"summary_large_image\" \/>\n<script type=\"application\/ld+json\" class=\"yoast-schema-graph\">{\"@context\":\"https:\/\/schema.org\",\"@graph\":[{\"@type\":\"WebPage\",\"@id\":\"https:\/\/reiki53.fr\/mineraux\/produit\/bracelet-quartz-rose-6mm\/\",\"url\":\"https:\/\/reiki53.fr\/mineraux\/produit\/bracelet-quartz-rose-6mm\/\",\"name\":\"Bracelet Quartz Rose - 6mm - AGAPANTHE MIN\u00c9RAUX\",\"isPartOf\":{\"@id\":\"https:\/\/reiki53.fr\/mineraux\/#website\"},\"primaryImageOfPage\":{\"@id\":\"https:\/\/reiki53.fr\/mineraux\/produit\/bracelet-quartz-rose-6mm\/#primaryimage\"},\"image\":{\"@id\":\"https:\/\/reiki53.fr\/mineraux\/produit\/bracelet-quartz-rose-6mm\/#primaryimage\"},\"thumbnailUrl\":\"https:\/\/reiki53.fr\/mineraux\/wp-content\/uploads\/2020\/04\/quartz-rose-agapanthe-1.jpg\",\"datePublished\":\"2020-04-21T13:27:42+00:00\",\"dateModified\":\"2024-06-22T16:43:58+00:00\",\"description\":\"Le Quartz Rose, est la pierre du chakra du c\u0153ur, pour l'amour en g\u00e9n\u00e9ral. Il est douceur, tendresse infinie, paix int\u00e9rieure, calme absolu et spiritualit\u00e9.\",\"breadcrumb\":{\"@id\":\"https:\/\/reiki53.fr\/mineraux\/produit\/bracelet-quartz-rose-6mm\/#breadcrumb\"},\"inLanguage\":\"fr-FR\",\"potentialAction\":[{\"@type\":\"ReadAction\",\"target\":[\"https:\/\/reiki53.fr\/mineraux\/produit\/bracelet-quartz-rose-6mm\/\"]}]},{\"@type\":\"ImageObject\",\"inLanguage\":\"fr-FR\",\"@id\":\"https:\/\/reiki53.fr\/mineraux\/produit\/bracelet-quartz-rose-6mm\/#primaryimage\",\"url\":\"https:\/\/reiki53.fr\/mineraux\/wp-content\/uploads\/2020\/04\/quartz-rose-agapanthe-1.jpg\",\"contentUrl\":\"https:\/\/reiki53.fr\/mineraux\/wp-content\/uploads\/2020\/04\/quartz-rose-agapanthe-1.jpg\",\"width\":800,\"height\":800,\"caption\":\"quartz rose-agapanthe\"},{\"@type\":\"BreadcrumbList\",\"@id\":\"https:\/\/reiki53.fr\/mineraux\/produit\/bracelet-quartz-rose-6mm\/#breadcrumb\",\"itemListElement\":[{\"@type\":\"ListItem\",\"position\":1,\"name\":\"Accueil\",\"item\":\"https:\/\/reiki53.fr\/mineraux\/\"},{\"@type\":\"ListItem\",\"position\":2,\"name\":\"Boutique\",\"item\":\"https:\/\/reiki53.fr\/mineraux\/boutique\/\"},{\"@type\":\"ListItem\",\"position\":3,\"name\":\"Bracelet Quartz Rose &#8211; 6mm\"}]},{\"@type\":\"WebSite\",\"@id\":\"https:\/\/reiki53.fr\/mineraux\/#website\",\"url\":\"https:\/\/reiki53.fr\/mineraux\/\",\"name\":\"AGAPANTHE MIN\u00c9RAUX\",\"description\":\"Magasin physique \u00e0 Laval (53)\",\"publisher\":{\"@id\":\"https:\/\/reiki53.fr\/mineraux\/#organization\"},\"potentialAction\":[{\"@type\":\"SearchAction\",\"target\":{\"@type\":\"EntryPoint\",\"urlTemplate\":\"https:\/\/reiki53.fr\/mineraux\/?s={search_term_string}\"},\"query-input\":{\"@type\":\"PropertyValueSpecification\",\"valueRequired\":true,\"valueName\":\"search_term_string\"}}],\"inLanguage\":\"fr-FR\"},{\"@type\":\"Organization\",\"@id\":\"https:\/\/reiki53.fr\/mineraux\/#organization\",\"name\":\"OLVB SAS\",\"url\":\"https:\/\/reiki53.fr\/mineraux\/\",\"logo\":{\"@type\":\"ImageObject\",\"inLanguage\":\"fr-FR\",\"@id\":\"https:\/\/reiki53.fr\/mineraux\/#\/schema\/logo\/image\/\",\"url\":\"https:\/\/reiki53.fr\/mineraux\/wp-content\/uploads\/2020\/04\/AGAPANTHE-MINERAUX-Logo-petit.png\",\"contentUrl\":\"https:\/\/reiki53.fr\/mineraux\/wp-content\/uploads\/2020\/04\/AGAPANTHE-MINERAUX-Logo-petit.png\",\"width\":160,\"height\":160,\"caption\":\"OLVB SAS\"},\"image\":{\"@id\":\"https:\/\/reiki53.fr\/mineraux\/#\/schema\/logo\/image\/\"}}]}<\/script>\n<!-- \/ Yoast SEO plugin. -->","yoast_head_json":{"title":"Bracelet Quartz Rose - 6mm - AGAPANTHE MIN\u00c9RAUX","description":"Le Quartz Rose, est la pierre du chakra du c\u0153ur, pour l'amour en g\u00e9n\u00e9ral. Il est douceur, tendresse infinie, paix int\u00e9rieure, calme absolu et spiritualit\u00e9.","robots":{"index":"index","follow":"follow","max-snippet":"max-snippet:-1","max-image-preview":"max-image-preview:large","max-video-preview":"max-video-preview:-1"},"canonical":"https:\/\/reiki53.fr\/mineraux\/produit\/bracelet-quartz-rose-6mm\/","og_locale":"fr_FR","og_type":"article","og_title":"Bracelet Quartz Rose - 6mm - AGAPANTHE MIN\u00c9RAUX","og_description":"Le Quartz Rose, est la pierre du chakra du c\u0153ur, pour l'amour en g\u00e9n\u00e9ral. Il est douceur, tendresse infinie, paix int\u00e9rieure, calme absolu et spiritualit\u00e9.","og_url":"https:\/\/reiki53.fr\/mineraux\/produit\/bracelet-quartz-rose-6mm\/","og_site_name":"AGAPANTHE MIN\u00c9RAUX","article_modified_time":"2024-06-22T16:43:58+00:00","og_image":[{"width":800,"height":800,"url":"https:\/\/reiki53.fr\/mineraux\/wp-content\/uploads\/2020\/04\/quartz-rose-agapanthe-1.jpg","type":"image\/jpeg"}],"twitter_card":"summary_large_image","schema":{"@context":"https:\/\/schema.org","@graph":[{"@type":"WebPage","@id":"https:\/\/reiki53.fr\/mineraux\/produit\/bracelet-quartz-rose-6mm\/","url":"https:\/\/reiki53.fr\/mineraux\/produit\/bracelet-quartz-rose-6mm\/","name":"Bracelet Quartz Rose - 6mm - AGAPANTHE MIN\u00c9RAUX","isPartOf":{"@id":"https:\/\/reiki53.fr\/mineraux\/#website"},"primaryImageOfPage":{"@id":"https:\/\/reiki53.fr\/mineraux\/produit\/bracelet-quartz-rose-6mm\/#primaryimage"},"image":{"@id":"https:\/\/reiki53.fr\/mineraux\/produit\/bracelet-quartz-rose-6mm\/#primaryimage"},"thumbnailUrl":"https:\/\/reiki53.fr\/mineraux\/wp-content\/uploads\/2020\/04\/quartz-rose-agapanthe-1.jpg","datePublished":"2020-04-21T13:27:42+00:00","dateModified":"2024-06-22T16:43:58+00:00","description":"Le Quartz Rose, est la pierre du chakra du c\u0153ur, pour l'amour en g\u00e9n\u00e9ral. Il est douceur, tendresse infinie, paix int\u00e9rieure, calme absolu et spiritualit\u00e9.","breadcrumb":{"@id":"https:\/\/reiki53.fr\/mineraux\/produit\/bracelet-quartz-rose-6mm\/#breadcrumb"},"inLanguage":"fr-FR","potentialAction":[{"@type":"ReadAction","target":["https:\/\/reiki53.fr\/mineraux\/produit\/bracelet-quartz-rose-6mm\/"]}]},{"@type":"ImageObject","inLanguage":"fr-FR","@id":"https:\/\/reiki53.fr\/mineraux\/produit\/bracelet-quartz-rose-6mm\/#primaryimage","url":"https:\/\/reiki53.fr\/mineraux\/wp-content\/uploads\/2020\/04\/quartz-rose-agapanthe-1.jpg","contentUrl":"https:\/\/reiki53.fr\/mineraux\/wp-content\/uploads\/2020\/04\/quartz-rose-agapanthe-1.jpg","width":800,"height":800,"caption":"quartz rose-agapanthe"},{"@type":"BreadcrumbList","@id":"https:\/\/reiki53.fr\/mineraux\/produit\/bracelet-quartz-rose-6mm\/#breadcrumb","itemListElement":[{"@type":"ListItem","position":1,"name":"Accueil","item":"https:\/\/reiki53.fr\/mineraux\/"},{"@type":"ListItem","position":2,"name":"Boutique","item":"https:\/\/reiki53.fr\/mineraux\/boutique\/"},{"@type":"ListItem","position":3,"name":"Bracelet Quartz Rose &#8211; 6mm"}]},{"@type":"WebSite","@id":"https:\/\/reiki53.fr\/mineraux\/#website","url":"https:\/\/reiki53.fr\/mineraux\/","name":"AGAPANTHE MIN\u00c9RAUX","description":"Magasin physique \u00e0 Laval (53)","publisher":{"@id":"https:\/\/reiki53.fr\/mineraux\/#organization"},"potentialAction":[{"@type":"SearchAction","target":{"@type":"EntryPoint","urlTemplate":"https:\/\/reiki53.fr\/mineraux\/?s={search_term_string}"},"query-input":{"@type":"PropertyValueSpecification","valueRequired":true,"valueName":"search_term_string"}}],"inLanguage":"fr-FR"},{"@type":"Organization","@id":"https:\/\/reiki53.fr\/mineraux\/#organization","name":"OLVB SAS","url":"https:\/\/reiki53.fr\/mineraux\/","logo":{"@type":"ImageObject","inLanguage":"fr-FR","@id":"https:\/\/reiki53.fr\/mineraux\/#\/schema\/logo\/image\/","url":"https:\/\/reiki53.fr\/mineraux\/wp-content\/uploads\/2020\/04\/AGAPANTHE-MINERAUX-Logo-petit.png","contentUrl":"https:\/\/reiki53.fr\/mineraux\/wp-content\/uploads\/2020\/04\/AGAPANTHE-MINERAUX-Logo-petit.png","width":160,"height":160,"caption":"OLVB SAS"},"image":{"@id":"https:\/\/reiki53.fr\/mineraux\/#\/schema\/logo\/image\/"}}]}},"jetpack_sharing_enabled":true,"_links":{"self":[{"href":"https:\/\/reiki53.fr\/mineraux\/wp-json\/wp\/v2\/product\/590","targetHints":{"allow":["GET"]}}],"collection":[{"href":"https:\/\/reiki53.fr\/mineraux\/wp-json\/wp\/v2\/product"}],"about":[{"href":"https:\/\/reiki53.fr\/mineraux\/wp-json\/wp\/v2\/types\/product"}],"replies":[{"embeddable":true,"href":"https:\/\/reiki53.fr\/mineraux\/wp-json\/wp\/v2\/comments?post=590"}],"wp:featuredmedia":[{"embeddable":true,"href":"https:\/\/reiki53.fr\/mineraux\/wp-json\/wp\/v2\/media\/540"}],"wp:attachment":[{"href":"https:\/\/reiki53.fr\/mineraux\/wp-json\/wp\/v2\/media?parent=590"}],"wp:term":[{"taxonomy":"product_brand","embeddable":true,"href":"https:\/\/reiki53.fr\/mineraux\/wp-json\/wp\/v2\/product_brand?post=590"},{"taxonomy":"product_cat","embeddable":true,"href":"https:\/\/reiki53.fr\/mineraux\/wp-json\/wp\/v2\/product_cat?post=590"},{"taxonomy":"product_tag","embeddable":true,"href":"https:\/\/reiki53.fr\/mineraux\/wp-json\/wp\/v2\/product_tag?post=590"}],"curies":[{"name":"wp","href":"https:\/\/api.w.org\/{rel}","templated":true}]}}